{"id":10998,"date":"2020-04-02T14:03:07","date_gmt":"2020-04-02T12:03:07","guid":{"rendered":"https:\/\/www.sauletekio.vilniausr.lm.lt\/?page_id=10998"},"modified":"2022-02-23T13:29:10","modified_gmt":"2022-02-23T11:29:10","slug":"isigytos-mokymo-priemones","status":"publish","type":"page","link":"https:\/\/www.sauletekio.vilniausr.lm.lt\/?page_id=10998","title":{"rendered":"\u012esigytos mokymo priemon\u0117s ir inventorius"},"content":{"rendered":"<div class=\"fcbkbttn_buttons_block\" id=\"fcbkbttn_left\"><div class=\"fcbkbttn_like \"><fb:like href=\"https:\/\/www.sauletekio.vilniausr.lm.lt\/?page_id=10998\" action=\"like\" colorscheme=\"light\" layout=\"button_count\"  size=\"small\"><\/fb:like><\/div><div class=\"fb-share-button  \" data-href=\"https:\/\/www.sauletekio.vilniausr.lm.lt\/?page_id=10998\" data-type=\"button_count\" data-size=\"small\"><\/div><\/div>\n<p><\/p>\n\n\n\n<p><a href=\"https:\/\/www.sauletekio.vilniausr.lm.lt\/wp-content\/uploads\/2022\/02\/Literaturos-isigijimas-2021-m..pdf\" target=\"_blank\" rel=\"noreferrer noopener\">2021m. ugdymo procesui reikalingos literat\u016bros \u012fsigijimas<\/a><br><a rel=\"noreferrer noopener\" href=\"https:\/\/www.sauletekio.vilniausr.lm.lt\/wp-content\/uploads\/2022\/02\/Mokymo-priemoniu-isigijimas-2021-m..pdf\" target=\"_blank\">2021 m. mokymo priemoni\u0173 ir inventoriaus \u012fsigijimas<\/a><br><a rel=\"noreferrer noopener\" href=\"https:\/\/www.sauletekio.vilniausr.lm.lt\/wp-content\/uploads\/2022\/02\/Vadoveliu-isigijimas-2021-m..pdf\" target=\"_blank\">2021 m. vadov\u0117li\u0173 \u012fsigijimas<\/a><br><a rel=\"noreferrer noopener\" href=\"https:\/\/www.sauletekio.vilniausr.lm.lt\/wp-content\/uploads\/2021\/10\/Nauju-knygu-sarasas-21-m..pdf\" target=\"_blank\">2021 m. gautos knygos<\/a><br><a rel=\"noreferrer noopener\" href=\"https:\/\/www.sauletekio.vilniausr.lm.lt\/wp-content\/uploads\/2021\/04\/2020-m.-mokymo-priemoniu-isigijimas-1.pdf\" data-type=\"URL\" data-id=\"https:\/\/www.sauletekio.vilniausr.lm.lt\/wp-content\/uploads\/2021\/04\/2020-m.-mokymo-priemoniu-isigijimas-1.pdf\" target=\"_blank\">2020 m. mokymo priemoni\u0173 ir inventoriaus \u012fsigijimas<\/a><br><a rel=\"noreferrer noopener\" href=\"https:\/\/www.sauletekio.vilniausr.lm.lt\/wp-content\/uploads\/2021\/06\/Vadoveliu-isigyjimas-2020-m2..pdf\" data-type=\"URL\" target=\"_blank\">2020 m. vadov\u0117li\u0173 \u012fsigijimas<\/a><br><a rel=\"noreferrer noopener\" href=\"https:\/\/www.sauletekio.vilniausr.lm.lt\/wp-content\/uploads\/2021\/04\/Mokymo-priemones2019.pdf\" data-type=\"URL\" data-id=\"https:\/\/www.sauletekio.vilniausr.lm.lt\/wp-content\/uploads\/2021\/04\/Mokymo-priemones2019.pdf\" target=\"_blank\">2019 m. mokymo priemoni\u0173 ir inventoriaus \u012fsigijimas <\/a><br><a rel=\"noreferrer noopener\" href=\"https:\/\/www.sauletekio.vilniausr.lm.lt\/wp-content\/uploads\/2021\/06\/Vadoveliai-ir-kita-literatura2.pdf\" target=\"_blank\">2019 m. vadov\u0117li\u0173 ir kitos literat\u016bros \u012fsigijimas<\/a><\/p>\n\n\n\n<p><\/p>\n","protected":false},"excerpt":{"rendered":"<p>2021m. ugdymo procesui reikalingos literat\u016bros \u012fsigijimas2021 m. mokymo priemoni\u0173 ir inventoriaus \u012fsigijimas2021 m. vadov\u0117li\u0173 \u012fsigijimas2021 m. gautos knygos2020 m. mokymo priemoni\u0173 ir inventoriaus \u012fsigijimas2020 m. vadov\u0117li\u0173 \u012fsigijimas2019 m. mokymo priemoni\u0173 ir inventoriaus \u012fsigijimas 2019 m. vadov\u0117li\u0173 ir kitos literat\u016bros \u012fsigijimas<\/p>\n<p> <a class=\"continue-reading-link\" href=\"https:\/\/www.sauletekio.vilniausr.lm.lt\/?page_id=10998\"><span>T\u0119sti skaitym\u0105<\/span><i class=\"crycon-right-dir\"><\/i><\/a> <\/p>\n","protected":false},"author":1,"featured_media":0,"parent":1337,"menu_order":4,"comment_status":"closed","ping_status":"closed","template":"","meta":{"_uag_custom_page_level_css":"","advgb_blocks_editor_width":"","advgb_blocks_columns_visual_guide":"","ngg_post_thumbnail":0,"footnotes":""},"class_list":["post-10998","page","type-page","status-publish","hentry"],"uagb_featured_image_src":{"full":false,"thumbnail":false,"medium":false,"medium_large":false,"large":false,"1536x1536":false,"2048x2048":false,"post-thumbnail":false,"header":false,"slider":false,"columns":false,"custom":false},"uagb_author_info":{"display_name":"admin","author_link":"https:\/\/www.sauletekio.vilniausr.lm.lt\/?author=1"},"uagb_comment_info":0,"uagb_excerpt":"2021m. ugdymo procesui reikalingos literat\u016bros \u012fsigijimas2021 m. mokymo priemoni\u0173 ir inventoriaus \u012fsigijimas2021 m. vadov\u0117li\u0173 \u012fsigijimas2021 m. gautos knygos2020 m. mokymo priemoni\u0173 ir inventoriaus \u012fsigijimas2020 m. vadov\u0117li\u0173 \u012fsigijimas2019 m. mokymo priemoni\u0173 ir inventoriaus \u012fsigijimas 2019 m. vadov\u0117li\u0173 ir kitos literat\u016bros \u012fsigijimas T\u0119sti skaitym\u0105","coauthors":[],"author_meta":{"author_link":"https:\/\/www.sauletekio.vilniausr.lm.lt\/?author=1","display_name":"admin"},"relative_dates":{"created":"Posted 6 metai ago","modified":"Updated 4 metai ago"},"absolute_dates":{"created":"Posted on 2020-04-02","modified":"Updated on 2022-02-23"},"absolute_dates_time":{"created":"Posted on 2020-04-02 14:03","modified":"Updated on 2022-02-23 13:29"},"featured_img_caption":"","featured_img":false,"series_order":"","_links":{"self":[{"href":"https:\/\/www.sauletekio.vilniausr.lm.lt\/index.php?rest_route=\/wp\/v2\/pages\/10998","targetHints":{"allow":["GET"]}}],"collection":[{"href":"https:\/\/www.sauletekio.vilniausr.lm.lt\/index.php?rest_route=\/wp\/v2\/pages"}],"about":[{"href":"https:\/\/www.sauletekio.vilniausr.lm.lt\/index.php?rest_route=\/wp\/v2\/types\/page"}],"author":[{"embeddable":true,"href":"https:\/\/www.sauletekio.vilniausr.lm.lt\/index.php?rest_route=\/wp\/v2\/users\/1"}],"replies":[{"embeddable":true,"href":"https:\/\/www.sauletekio.vilniausr.lm.lt\/index.php?rest_route=%2Fwp%2Fv2%2Fcomments&post=10998"}],"version-history":[{"count":28,"href":"https:\/\/www.sauletekio.vilniausr.lm.lt\/index.php?rest_route=\/wp\/v2\/pages\/10998\/revisions"}],"predecessor-version":[{"id":13339,"href":"https:\/\/www.sauletekio.vilniausr.lm.lt\/index.php?rest_route=\/wp\/v2\/pages\/10998\/revisions\/13339"}],"up":[{"embeddable":true,"href":"https:\/\/www.sauletekio.vilniausr.lm.lt\/index.php?rest_route=\/wp\/v2\/pages\/1337"}],"wp:attachment":[{"href":"https:\/\/www.sauletekio.vilniausr.lm.lt\/index.php?rest_route=%2Fwp%2Fv2%2Fmedia&parent=10998"}],"curies":[{"name":"wp","href":"https:\/\/api.w.org\/{rel}","templated":true}]}}