{"id":11016,"date":"2020-04-06T13:14:27","date_gmt":"2020-04-06T11:14:27","guid":{"rendered":"https:\/\/www.sauletekio.vilniausr.lm.lt\/?page_id=11016"},"modified":"2023-05-23T20:25:43","modified_gmt":"2023-05-23T18:25:43","slug":"nuotolinis-ugdymas","status":"publish","type":"page","link":"https:\/\/www.sauletekio.vilniausr.lm.lt\/?page_id=11016","title":{"rendered":"Nuotolinis ugdymas"},"content":{"rendered":"<div class=\"fcbkbttn_buttons_block\" id=\"fcbkbttn_left\"><div class=\"fcbkbttn_like \"><fb:like href=\"https:\/\/www.sauletekio.vilniausr.lm.lt\/?page_id=11016\" action=\"like\" colorscheme=\"light\" layout=\"button_count\"  size=\"small\"><\/fb:like><\/div><div class=\"fb-share-button  \" data-href=\"https:\/\/www.sauletekio.vilniausr.lm.lt\/?page_id=11016\" data-type=\"button_count\" data-size=\"small\"><\/div><\/div>\n<p><a href=\"https:\/\/www.sauletekio.vilniausr.lm.lt\/wp-content\/uploads\/2022\/12\/Mokyklos-ugdymo-proceso-organizavimo-nuotoliniu-budu-tvarkos-aprasas-2021-m..pdf\" target=\"_blank\" rel=\"noreferrer noopener\">Vilniaus r. Bezdoni\u0173 \u201eSaul\u0117tekio\u201c pagrindin\u0117s mokyklos ugdymo proceso organizavimo nuotoliniu b\u016bdu tvarkos apra\u0161as&nbsp;<\/a><\/p>\n\n\n\n<p><a href=\"https:\/\/www.sauletekio.vilniausr.lm.lt\/wp-content\/uploads\/2022\/12\/Pagalbos-suteikimo-algoritmas.pdf\" target=\"_blank\" rel=\"noreferrer noopener\">Vilniaus r. Bezdoni\u0173 \u201eSaul\u0117tekio\u201c pagrindin\u0117s mokyklos problem\u0173, kylan\u010di\u0173 mokiniams d\u0117l nuotolinio mokymo, identifikavimo ir pagalbos suteikimo algoritmas<\/a><\/p>\n\n\n\n<p>Mokymo nuotoliniu ugdymo proceso organizavimo b\u016bdu kriterij\u0173 apra\u0161as<br><a href=\"https:\/\/www.e-tar.lt\/portal\/lt\/legalAct\/aaab5c60bc3f11eab9d9cd0c85e0b745\">https:\/\/www.e-tar.lt\/portal\/lt\/legalAct\/aaab5c60bc3f11eab9d9cd0c85e0b745<\/a><\/p>\n\n\n\n<p><a href=\"https:\/\/www.sauletekio.vilniausr.lm.lt\/wp-content\/uploads\/2020\/04\/Saugaus-elgesio-internete-taisykl\u0117s.pdf\" target=\"_blank\" rel=\"noreferrer noopener\">Vilniaus r. Bezdoni\u0173 \u201eSaul\u0117tekio\u201c pagrindin\u0117s mokyklos saugaus elgesio internete taisykl\u0117s<\/a><\/p>\n","protected":false},"excerpt":{"rendered":"<p>Vilniaus r. Bezdoni\u0173 \u201eSaul\u0117tekio\u201c pagrindin\u0117s mokyklos ugdymo proceso organizavimo nuotoliniu b\u016bdu tvarkos apra\u0161as&nbsp; Vilniaus r. Bezdoni\u0173 \u201eSaul\u0117tekio\u201c pagrindin\u0117s mokyklos problem\u0173, kylan\u010di\u0173 mokiniams d\u0117l nuotolinio mokymo, identifikavimo ir pagalbos suteikimo algoritmas Mokymo nuotoliniu ugdymo proceso organizavimo b\u016bdu kriterij\u0173 apra\u0161ashttps:\/\/www.e-tar.lt\/portal\/lt\/legalAct\/aaab5c60bc3f11eab9d9cd0c85e0b745 Vilniaus r. Bezdoni\u0173 \u201eSaul\u0117tekio\u201c pagrindin\u0117s mokyklos saugaus elgesio internete taisykl\u0117s<\/p>\n<p> <a class=\"continue-reading-link\" href=\"https:\/\/www.sauletekio.vilniausr.lm.lt\/?page_id=11016\"><span>T\u0119sti skaitym\u0105<\/span><i class=\"crycon-right-dir\"><\/i><\/a> <\/p>\n","protected":false},"author":1,"featured_media":0,"parent":319,"menu_order":5,"comment_status":"closed","ping_status":"closed","template":"","meta":{"_uag_custom_page_level_css":"","advgb_blocks_editor_width":"","advgb_blocks_columns_visual_guide":"","ngg_post_thumbnail":0,"footnotes":""},"class_list":["post-11016","page","type-page","status-publish","hentry"],"uagb_featured_image_src":{"full":false,"thumbnail":false,"medium":false,"medium_large":false,"large":false,"1536x1536":false,"2048x2048":false,"post-thumbnail":false,"header":false,"slider":false,"columns":false,"custom":false},"uagb_author_info":{"display_name":"admin","author_link":"https:\/\/www.sauletekio.vilniausr.lm.lt\/?author=1"},"uagb_comment_info":0,"uagb_excerpt":"Vilniaus r. Bezdoni\u0173 \u201eSaul\u0117tekio\u201c pagrindin\u0117s mokyklos ugdymo proceso organizavimo nuotoliniu b\u016bdu tvarkos apra\u0161as&nbsp; Vilniaus r. Bezdoni\u0173 \u201eSaul\u0117tekio\u201c pagrindin\u0117s mokyklos problem\u0173, kylan\u010di\u0173 mokiniams d\u0117l nuotolinio mokymo, identifikavimo ir pagalbos suteikimo algoritmas Mokymo nuotoliniu ugdymo proceso organizavimo b\u016bdu kriterij\u0173 apra\u0161ashttps:\/\/www.e-tar.lt\/portal\/lt\/legalAct\/aaab5c60bc3f11eab9d9cd0c85e0b745 Vilniaus r. Bezdoni\u0173 \u201eSaul\u0117tekio\u201c pagrindin\u0117s mokyklos saugaus elgesio internete taisykl\u0117s T\u0119sti skaitym\u0105","coauthors":[],"author_meta":{"author_link":"https:\/\/www.sauletekio.vilniausr.lm.lt\/?author=1","display_name":"admin"},"relative_dates":{"created":"Posted 6 metai ago","modified":"Updated 3 metai ago"},"absolute_dates":{"created":"Posted on 2020-04-06","modified":"Updated on 2023-05-23"},"absolute_dates_time":{"created":"Posted on 2020-04-06 13:14","modified":"Updated on 2023-05-23 20:25"},"featured_img_caption":"","featured_img":false,"series_order":"","_links":{"self":[{"href":"https:\/\/www.sauletekio.vilniausr.lm.lt\/index.php?rest_route=\/wp\/v2\/pages\/11016","targetHints":{"allow":["GET"]}}],"collection":[{"href":"https:\/\/www.sauletekio.vilniausr.lm.lt\/index.php?rest_route=\/wp\/v2\/pages"}],"about":[{"href":"https:\/\/www.sauletekio.vilniausr.lm.lt\/index.php?rest_route=\/wp\/v2\/types\/page"}],"author":[{"embeddable":true,"href":"https:\/\/www.sauletekio.vilniausr.lm.lt\/index.php?rest_route=\/wp\/v2\/users\/1"}],"replies":[{"embeddable":true,"href":"https:\/\/www.sauletekio.vilniausr.lm.lt\/index.php?rest_route=%2Fwp%2Fv2%2Fcomments&post=11016"}],"version-history":[{"count":14,"href":"https:\/\/www.sauletekio.vilniausr.lm.lt\/index.php?rest_route=\/wp\/v2\/pages\/11016\/revisions"}],"predecessor-version":[{"id":16494,"href":"https:\/\/www.sauletekio.vilniausr.lm.lt\/index.php?rest_route=\/wp\/v2\/pages\/11016\/revisions\/16494"}],"up":[{"embeddable":true,"href":"https:\/\/www.sauletekio.vilniausr.lm.lt\/index.php?rest_route=\/wp\/v2\/pages\/319"}],"wp:attachment":[{"href":"https:\/\/www.sauletekio.vilniausr.lm.lt\/index.php?rest_route=%2Fwp%2Fv2%2Fmedia&parent=11016"}],"curies":[{"name":"wp","href":"https:\/\/api.w.org\/{rel}","templated":true}]}}