{"id":11335,"date":"2020-09-10T07:23:35","date_gmt":"2020-09-10T05:23:35","guid":{"rendered":"https:\/\/www.sauletekio.vilniausr.lm.lt\/?page_id=11335"},"modified":"2020-09-10T07:59:18","modified_gmt":"2020-09-10T05:59:18","slug":"mokyklu-aprupinimas-gamtos-ir-technologiniu-mokslu-priemonemis","status":"publish","type":"page","link":"https:\/\/www.sauletekio.vilniausr.lm.lt\/?page_id=11335","title":{"rendered":"\u201eMokykl\u0173 apr\u016bpinimas gamtos ir technologini\u0173 moksl\u0173 priemon\u0117mis\u201c"},"content":{"rendered":"<div class=\"fcbkbttn_buttons_block\" id=\"fcbkbttn_left\"><div class=\"fcbkbttn_like \"><fb:like href=\"https:\/\/www.sauletekio.vilniausr.lm.lt\/?page_id=11335\" action=\"like\" colorscheme=\"light\" layout=\"button_count\"  size=\"small\"><\/fb:like><\/div><div class=\"fb-share-button  \" data-href=\"https:\/\/www.sauletekio.vilniausr.lm.lt\/?page_id=11335\" data-type=\"button_count\" data-size=\"small\"><\/div><\/div>\n<hr class=\"wp-block-separator is-style-wide\"\/>\n\n\n\n<div class=\"wp-block-media-text alignwide is-stacked-on-mobile\" style=\"grid-template-columns:28% auto\"><figure class=\"wp-block-media-text__media\"><img loading=\"lazy\" decoding=\"async\" width=\"156\" height=\"62\" src=\"https:\/\/www.sauletekio.vilniausr.lm.lt\/wp-content\/uploads\/2020\/09\/ESFIVP-I-1_001-1.png\" alt=\"\" class=\"wp-image-11339\" srcset=\"https:\/\/www.sauletekio.vilniausr.lm.lt\/wp-content\/uploads\/2020\/09\/ESFIVP-I-1_001-1.png 156w, https:\/\/www.sauletekio.vilniausr.lm.lt\/wp-content\/uploads\/2020\/09\/ESFIVP-I-1_001-1-150x60.png 150w\" sizes=\"auto, (max-width: 156px) 100vw, 156px\" \/><\/figure><div class=\"wp-block-media-text__content\">\n<p>(Projekto kodas Nr. 09.1.3 \u2013 CPVA_V_704-02-0001).<\/p>\n\n\n\n<p>Projekto vykdymo trukm\u0117 \u2013&nbsp; 2017\u20132020 m.<\/p>\n<\/div><\/div>\n\n\n\n<p>Projekto tikslas \u2013 didinti bendrojo ugdymo \u012fstaig\u0173 tinklo veiklos efektyvum\u0105, modernizuojant mokymosi aplink\u0105.<\/p>\n\n\n\n<p>Projekto vykdymo metu mokykla apr\u016bpinta gamtos ir technologini\u0173 moksl\u0173 mokymo priemoni\u0173 bei \u012frangos komplektais pagal mokini\u0173 skai\u010di\u0173 bei kompiuterine \u012franga, reikalinga ugdymo procesui organizuoti nuotoliniu b\u016bdu.<\/p>\n\n\n\n<p>Projekt\u0105 remia Europos regionin\u0117s pl\u0117tros fondas.<\/p>\n","protected":false},"excerpt":{"rendered":"<p>(Projekto kodas Nr. 09.1.3 \u2013 CPVA_V_704-02-0001). Projekto vykdymo trukm\u0117 \u2013&nbsp; 2017\u20132020 m. Projekto tikslas \u2013 didinti bendrojo ugdymo \u012fstaig\u0173 tinklo veiklos efektyvum\u0105, modernizuojant mokymosi aplink\u0105. Projekto vykdymo metu mokykla apr\u016bpinta gamtos ir technologini\u0173 moksl\u0173 mokymo priemoni\u0173 bei \u012frangos komplektais pagal mokini\u0173 skai\u010di\u0173 bei kompiuterine \u012franga, reikalinga ugdymo procesui organizuoti nuotoliniu&#8230;<\/p>\n<p> <a class=\"continue-reading-link\" href=\"https:\/\/www.sauletekio.vilniausr.lm.lt\/?page_id=11335\"><span>T\u0119sti skaitym\u0105<\/span><i class=\"crycon-right-dir\"><\/i><\/a> <\/p>\n","protected":false},"author":1,"featured_media":0,"parent":268,"menu_order":0,"comment_status":"closed","ping_status":"closed","template":"","meta":{"_uag_custom_page_level_css":"","advgb_blocks_editor_width":"","advgb_blocks_columns_visual_guide":"","ngg_post_thumbnail":0,"footnotes":""},"class_list":["post-11335","page","type-page","status-publish","hentry"],"uagb_featured_image_src":{"full":false,"thumbnail":false,"medium":false,"medium_large":false,"large":false,"1536x1536":false,"2048x2048":false,"post-thumbnail":false,"header":false,"slider":false,"columns":false,"custom":false},"uagb_author_info":{"display_name":"admin","author_link":"https:\/\/www.sauletekio.vilniausr.lm.lt\/?author=1"},"uagb_comment_info":0,"uagb_excerpt":"(Projekto kodas Nr. 09.1.3 \u2013 CPVA_V_704-02-0001). Projekto vykdymo trukm\u0117 \u2013&nbsp; 2017\u20132020 m. Projekto tikslas \u2013 didinti bendrojo ugdymo \u012fstaig\u0173 tinklo veiklos efektyvum\u0105, modernizuojant mokymosi aplink\u0105. Projekto vykdymo metu mokykla apr\u016bpinta gamtos ir technologini\u0173 moksl\u0173 mokymo priemoni\u0173 bei \u012frangos komplektais pagal mokini\u0173 skai\u010di\u0173 bei kompiuterine \u012franga, reikalinga ugdymo procesui organizuoti nuotoliniu... T\u0119sti skaitym\u0105","coauthors":[],"author_meta":{"author_link":"https:\/\/www.sauletekio.vilniausr.lm.lt\/?author=1","display_name":"admin"},"relative_dates":{"created":"Posted 6 metai ago","modified":"Updated 6 metai ago"},"absolute_dates":{"created":"Posted on 2020-09-10","modified":"Updated on 2020-09-10"},"absolute_dates_time":{"created":"Posted on 2020-09-10 7:23","modified":"Updated on 2020-09-10 7:59"},"featured_img_caption":"","featured_img":false,"series_order":"","_links":{"self":[{"href":"https:\/\/www.sauletekio.vilniausr.lm.lt\/index.php?rest_route=\/wp\/v2\/pages\/11335","targetHints":{"allow":["GET"]}}],"collection":[{"href":"https:\/\/www.sauletekio.vilniausr.lm.lt\/index.php?rest_route=\/wp\/v2\/pages"}],"about":[{"href":"https:\/\/www.sauletekio.vilniausr.lm.lt\/index.php?rest_route=\/wp\/v2\/types\/page"}],"author":[{"embeddable":true,"href":"https:\/\/www.sauletekio.vilniausr.lm.lt\/index.php?rest_route=\/wp\/v2\/users\/1"}],"replies":[{"embeddable":true,"href":"https:\/\/www.sauletekio.vilniausr.lm.lt\/index.php?rest_route=%2Fwp%2Fv2%2Fcomments&post=11335"}],"version-history":[{"count":4,"href":"https:\/\/www.sauletekio.vilniausr.lm.lt\/index.php?rest_route=\/wp\/v2\/pages\/11335\/revisions"}],"predecessor-version":[{"id":11341,"href":"https:\/\/www.sauletekio.vilniausr.lm.lt\/index.php?rest_route=\/wp\/v2\/pages\/11335\/revisions\/11341"}],"up":[{"embeddable":true,"href":"https:\/\/www.sauletekio.vilniausr.lm.lt\/index.php?rest_route=\/wp\/v2\/pages\/268"}],"wp:attachment":[{"href":"https:\/\/www.sauletekio.vilniausr.lm.lt\/index.php?rest_route=%2Fwp%2Fv2%2Fmedia&parent=11335"}],"curies":[{"name":"wp","href":"https:\/\/api.w.org\/{rel}","templated":true}]}}