{"id":12716,"date":"2021-10-19T21:44:19","date_gmt":"2021-10-19T19:44:19","guid":{"rendered":"https:\/\/www.sauletekio.vilniausr.lm.lt\/?page_id=12716"},"modified":"2021-10-21T12:34:07","modified_gmt":"2021-10-21T10:34:07","slug":"dokumentai","status":"publish","type":"page","link":"https:\/\/www.sauletekio.vilniausr.lm.lt\/?page_id=12716","title":{"rendered":"Dokument\u0173 formos"},"content":{"rendered":"<div class=\"fcbkbttn_buttons_block\" id=\"fcbkbttn_left\"><div class=\"fcbkbttn_like \"><fb:like href=\"https:\/\/www.sauletekio.vilniausr.lm.lt\/?page_id=12716\" action=\"like\" colorscheme=\"light\" layout=\"button_count\"  size=\"small\"><\/fb:like><\/div><div class=\"fb-share-button  \" data-href=\"https:\/\/www.sauletekio.vilniausr.lm.lt\/?page_id=12716\" data-type=\"button_count\" data-size=\"small\"><\/div><\/div>\n<div class=\"wp-block-file\"><a href=\"https:\/\/www.sauletekio.vilniausr.lm.lt\/wp-content\/uploads\/2021\/10\/Prasymas-del-priemimo-i-priesmokyklinio-ugdymo-grupe.docx\">Pra\u0161ymas d\u0117l pri\u0117mimo \u012f prie\u0161mokyklinio ugdymo grup\u0119<\/a><a href=\"https:\/\/www.sauletekio.vilniausr.lm.lt\/wp-content\/uploads\/2021\/10\/Prasymas-del-priemimo-i-priesmokyklinio-ugdymo-grupe.docx\" class=\"wp-block-file__button\" download>Parsisi\u0173sti<\/a><\/div>\n\n\n\n<div class=\"wp-block-file\"><a href=\"https:\/\/www.sauletekio.vilniausr.lm.lt\/wp-content\/uploads\/2021\/10\/Prasymas-del-prieimo-i-mokykla.doc\">Pra\u0161ymas d\u0117l pri\u0117mimo \u012f mokykla<\/a><a href=\"https:\/\/www.sauletekio.vilniausr.lm.lt\/wp-content\/uploads\/2021\/10\/Prasymas-del-prieimo-i-mokykla.doc\" class=\"wp-block-file__button\" download>Parsisi\u0173sti<\/a><\/div>\n\n\n\n<div class=\"wp-block-file\"><a href=\"https:\/\/www.sauletekio.vilniausr.lm.lt\/wp-content\/uploads\/2021\/10\/Sutikimas-del-dalyvavimo-mokyklos-vykdomame-testavime-COVID-19.docx\">Sutikimas d\u0117l dalyvavimo mokyklos vykdomame testavime COVID-19<\/a><a href=\"https:\/\/www.sauletekio.vilniausr.lm.lt\/wp-content\/uploads\/2021\/10\/Sutikimas-del-dalyvavimo-mokyklos-vykdomame-testavime-COVID-19.docx\" class=\"wp-block-file__button\" download>Parsisi\u0173sti<\/a><\/div>\n\n\n\n<div class=\"wp-block-file\"><a href=\"https:\/\/www.sauletekio.vilniausr.lm.lt\/wp-content\/uploads\/2021\/10\/Sutikimas-del-sutarties-pasirasymo.docx\">Sutikimas d\u0117l sutarties pasira\u0161ymo<\/a><a href=\"https:\/\/www.sauletekio.vilniausr.lm.lt\/wp-content\/uploads\/2021\/10\/Sutikimas-del-sutarties-pasirasymo.docx\" class=\"wp-block-file__button\" download>Parsisi\u0173sti<\/a><\/div>\n\n\n\n<div class=\"wp-block-file\"><a href=\"https:\/\/www.sauletekio.vilniausr.lm.lt\/wp-content\/uploads\/2021\/10\/Prasymas-del-pailgintos-dienos-grupes-lankymo.docx\">Pra\u0161ymas d\u0117l pailgintos dienos grup\u0117s lankymo<\/a><a href=\"https:\/\/www.sauletekio.vilniausr.lm.lt\/wp-content\/uploads\/2021\/10\/Prasymas-del-pailgintos-dienos-grupes-lankymo.docx\" class=\"wp-block-file__button\" download>Parsisi\u0173sti<\/a><\/div>\n\n\n\n<div class=\"wp-block-file\"><a href=\"https:\/\/www.sauletekio.vilniausr.lm.lt\/wp-content\/uploads\/2021\/10\/Prasymas-del-isleidimo-is-pamoku.doc\">Pra\u0161ymas d\u0117l i\u0161leidimo i\u0161 pamok\u0173<\/a><a href=\"https:\/\/www.sauletekio.vilniausr.lm.lt\/wp-content\/uploads\/2021\/10\/Prasymas-del-isleidimo-is-pamoku.doc\" class=\"wp-block-file__button\" download>Parsisi\u0173sti<\/a><\/div>\n\n\n\n<div class=\"wp-block-file\"><a href=\"https:\/\/www.sauletekio.vilniausr.lm.lt\/wp-content\/uploads\/2021\/10\/Praleistu-pamoku-pateisinimas.docx\">Praleist\u0173 pamok\u0173 pateisinimas<\/a><a href=\"https:\/\/www.sauletekio.vilniausr.lm.lt\/wp-content\/uploads\/2021\/10\/Praleistu-pamoku-pateisinimas.docx\" class=\"wp-block-file__button\" download>Parsisi\u0173sti<\/a><\/div>\n\n\n\n<div class=\"wp-block-file\"><a href=\"https:\/\/www.sauletekio.vilniausr.lm.lt\/wp-content\/uploads\/2021\/10\/Prasymas-del-atleidimo-nuo-mokomojo-dalyko-pamoku.docx\">Pra\u0161ymas d\u0117l atleidimo nuo mokomojo dalyko pamok\u0173<\/a><a href=\"https:\/\/www.sauletekio.vilniausr.lm.lt\/wp-content\/uploads\/2021\/10\/Prasymas-del-atleidimo-nuo-mokomojo-dalyko-pamoku.docx\" class=\"wp-block-file__button\" download>Parsisi\u0173sti<\/a><\/div>\n\n\n\n<div class=\"wp-block-file\"><a href=\"https:\/\/www.sauletekio.vilniausr.lm.lt\/wp-content\/uploads\/2021\/10\/Sutikimas-nesutikimas-del-psichologo-konsultaciju.docx\">Sutikimas,nesutikimas d\u0117l psichologo konsultacij\u0173<\/a><a href=\"https:\/\/www.sauletekio.vilniausr.lm.lt\/wp-content\/uploads\/2021\/10\/Sutikimas-nesutikimas-del-psichologo-konsultaciju.docx\" class=\"wp-block-file__button\" download>Parsisi\u0173sti<\/a><\/div>\n\n\n\n<div class=\"wp-block-file\"><a href=\"https:\/\/www.sauletekio.vilniausr.lm.lt\/wp-content\/uploads\/2021\/10\/Prasymas-del-pagrindinio-issilavinimo-pazymejimo-dublikato-isdavimo.docx\">Pra\u0161ymas d\u0117l pagrindinio i\u0161silavinimo pa\u017eym\u0117jimo dublikato i\u0161davimo<\/a><a href=\"https:\/\/www.sauletekio.vilniausr.lm.lt\/wp-content\/uploads\/2021\/10\/Prasymas-del-pagrindinio-issilavinimo-pazymejimo-dublikato-isdavimo.docx\" class=\"wp-block-file__button\" download>Parsisi\u0173sti<\/a><\/div>\n\n\n\n<div class=\"wp-block-file\"><a href=\"https:\/\/www.sauletekio.vilniausr.lm.lt\/wp-content\/uploads\/2021\/10\/Vaiko-tevu-sutikimas-del-asmens-duomenu-tvarkymo.docx\">Vaiko t\u0117vu sutikimas d\u0117l asmens duomen\u0173 tvarkymo<\/a><a href=\"https:\/\/www.sauletekio.vilniausr.lm.lt\/wp-content\/uploads\/2021\/10\/Vaiko-tevu-sutikimas-del-asmens-duomenu-tvarkymo.docx\" class=\"wp-block-file__button\" download>Parsisi\u0173sti<\/a><\/div>\n","protected":false},"excerpt":{"rendered":"<p> <a class=\"continue-reading-link\" href=\"https:\/\/www.sauletekio.vilniausr.lm.lt\/?page_id=12716\"><span>T\u0119sti skaitym\u0105<\/span><i class=\"crycon-right-dir\"><\/i><\/a> <\/p>\n","protected":false},"author":1,"featured_media":0,"parent":0,"menu_order":0,"comment_status":"closed","ping_status":"closed","template":"","meta":{"_uag_custom_page_level_css":"","advgb_blocks_editor_width":"","advgb_blocks_columns_visual_guide":"","ngg_post_thumbnail":0,"footnotes":""},"class_list":["post-12716","page","type-page","status-publish","hentry"],"uagb_featured_image_src":{"full":false,"thumbnail":false,"medium":false,"medium_large":false,"large":false,"1536x1536":false,"2048x2048":false,"post-thumbnail":false,"header":false,"slider":false,"columns":false,"custom":false},"uagb_author_info":{"display_name":"admin","author_link":"https:\/\/www.sauletekio.vilniausr.lm.lt\/?author=1"},"uagb_comment_info":0,"uagb_excerpt":"T\u0119sti skaitym\u0105","coauthors":[],"author_meta":{"author_link":"https:\/\/www.sauletekio.vilniausr.lm.lt\/?author=1","display_name":"admin"},"relative_dates":{"created":"Posted 4 metai ago","modified":"Updated 4 metai ago"},"absolute_dates":{"created":"Posted on 2021-10-19","modified":"Updated on 2021-10-21"},"absolute_dates_time":{"created":"Posted on 2021-10-19 21:44","modified":"Updated on 2021-10-21 12:34"},"featured_img_caption":"","featured_img":false,"series_order":"","_links":{"self":[{"href":"https:\/\/www.sauletekio.vilniausr.lm.lt\/index.php?rest_route=\/wp\/v2\/pages\/12716","targetHints":{"allow":["GET"]}}],"collection":[{"href":"https:\/\/www.sauletekio.vilniausr.lm.lt\/index.php?rest_route=\/wp\/v2\/pages"}],"about":[{"href":"https:\/\/www.sauletekio.vilniausr.lm.lt\/index.php?rest_route=\/wp\/v2\/types\/page"}],"author":[{"embeddable":true,"href":"https:\/\/www.sauletekio.vilniausr.lm.lt\/index.php?rest_route=\/wp\/v2\/users\/1"}],"replies":[{"embeddable":true,"href":"https:\/\/www.sauletekio.vilniausr.lm.lt\/index.php?rest_route=%2Fwp%2Fv2%2Fcomments&post=12716"}],"version-history":[{"count":8,"href":"https:\/\/www.sauletekio.vilniausr.lm.lt\/index.php?rest_route=\/wp\/v2\/pages\/12716\/revisions"}],"predecessor-version":[{"id":12778,"href":"https:\/\/www.sauletekio.vilniausr.lm.lt\/index.php?rest_route=\/wp\/v2\/pages\/12716\/revisions\/12778"}],"wp:attachment":[{"href":"https:\/\/www.sauletekio.vilniausr.lm.lt\/index.php?rest_route=%2Fwp%2Fv2%2Fmedia&parent=12716"}],"curies":[{"name":"wp","href":"https:\/\/api.w.org\/{rel}","templated":true}]}}