{"id":13006,"date":"2021-12-10T15:08:10","date_gmt":"2021-12-10T13:08:10","guid":{"rendered":"https:\/\/www.sauletekio.vilniausr.lm.lt\/?page_id=13006"},"modified":"2023-05-23T20:26:54","modified_gmt":"2023-05-23T18:26:54","slug":"uta","status":"publish","type":"page","link":"https:\/\/www.sauletekio.vilniausr.lm.lt\/?page_id=13006","title":{"rendered":"UTA"},"content":{"rendered":"<div class=\"fcbkbttn_buttons_block\" id=\"fcbkbttn_left\"><div class=\"fcbkbttn_like \"><fb:like href=\"https:\/\/www.sauletekio.vilniausr.lm.lt\/?page_id=13006\" action=\"like\" colorscheme=\"light\" layout=\"button_count\"  size=\"small\"><\/fb:like><\/div><div class=\"fb-share-button  \" data-href=\"https:\/\/www.sauletekio.vilniausr.lm.lt\/?page_id=13006\" data-type=\"button_count\" data-size=\"small\"><\/div><\/div>\n<div data-wp-interactive=\"core\/file\" class=\"wp-block-file\"><object data-wp-bind--hidden=\"!state.hasPdfPreview\" hidden class=\"wp-block-file__embed\" data=\"https:\/\/www.sauletekio.vilniausr.lm.lt\/wp-content\/uploads\/2021\/12\/UTA-pranesimas-12-07.pdf\" type=\"application\/pdf\" style=\"width:100%;height:400px\" aria-label=\"&lt;strong&gt;UTA Kas? KADA? Kod\u0117l? Kaip? Kur link?&lt;\/strong&gt; \u012fterpimas.\"><\/object><a id=\"wp-block-file--media-88781919-56b0-4fec-9722-13ffd67762fb\" href=\"https:\/\/www.sauletekio.vilniausr.lm.lt\/wp-content\/uploads\/2021\/12\/UTA-pranesimas-12-07.pdf\"><strong>UTA Kas? KADA? Kod\u0117l? Kaip? Kur link?<\/strong><\/a><a href=\"https:\/\/www.sauletekio.vilniausr.lm.lt\/wp-content\/uploads\/2021\/12\/UTA-pranesimas-12-07.pdf\" class=\"wp-block-file__button wp-element-button\" download aria-describedby=\"wp-block-file--media-88781919-56b0-4fec-9722-13ffd67762fb\">Parsisi\u0173sti<\/a><\/div>\n\n\n\n<ul class=\"wp-block-list\">\n<li><strong><a rel=\"noreferrer noopener\" href=\"https:\/\/www.svietimonaujienos.lt\/kaip-mokyklai-sekmingai-pasiruosti-ugdymo-turinio-atnaujinimui\/\" target=\"_blank\">Kaip mokyklai s\u0117kmingai pasiruo\u0161ti ugdymo turinio atnaujinimui&nbsp;<\/a><\/strong><\/li>\n\n\n\n<li><strong><a rel=\"noreferrer noopener\" href=\"https:\/\/www.sauletekio.vilniausr.lm.lt\/wp-content\/uploads\/2023\/02\/Tvams-apie-kompetencijas.pdf\" target=\"_blank\">Informacija t\u0117vams apie ugdymo turinio atnaujinim\u0105 (UTA)<\/a><\/strong><\/li>\n\n\n\n<li><a rel=\"noreferrer noopener\" href=\"https:\/\/www.e-tar.lt\/portal\/lt\/legalAct\/06c1f24040b711edbc04912defe897d1\" target=\"_blank\"><strong>\u012eSAKYMAS D\u0116L&nbsp;\u0160VIETIMO, MOKSLO IR SPORTO MINISTRO 2022 M. RUGPJ\u016a\u010cIO 24 D. \u012eSAKYMO NR. V-1269 \u201eD\u0116L&nbsp;PRIE\u0160MOKYKLINIO, PRADINIO, PAGRINDINIO IR VIDURINIO UGDYMO BENDR\u0172J\u0172 PROGRAM\u0172 PATVIRTINIMO\u201c PAKEITIMO<\/strong><\/a><\/li>\n\n\n\n<li><strong><a href=\"https:\/\/www.sauletekio.vilniausr.lm.lt\/wp-content\/uploads\/2023\/02\/Ugdymo-turinio-atnaujinimo-diegimo-planas.pdf\" target=\"_blank\" rel=\"noreferrer noopener\">Ugdymo turinio atnaujinimo diegimo planas<\/a><\/strong><\/li>\n\n\n\n<li><strong><a href=\"https:\/\/www.youtube.com\/playlist?list=PLb3M6Z90Z4rRf8MMXfrKj_2hWlkqxN9N7\" target=\"_blank\" rel=\"noreferrer noopener\">BENDR\u0172J\u0172 PROGRAM\u0172 \u012eGYVENDINIMO REKOMENDACIJ\u0172 PANAUDOJIMO GALIMYB\u0116S 2022-2023 M. M.&nbsp;<\/a><\/strong><\/li>\n\n\n\n<li><a href=\"https:\/\/www.youtube.com\/playlist?list=PLb3M6Z90Z4rRf8MMXfrKj_2hWlkqxN9N7\"><\/a><strong>NAUDINGOS NUORODOS<\/strong> <strong>UTA TEMA<\/strong>\n<ul class=\"wp-block-list\">\n<li><a href=\"https:\/\/www.e-tar.lt\/portal\/lt\/legalAct\/06c1f24040b711edbc04912defe897d1\" target=\"_blank\" rel=\"noreferrer noopener\">Bendrosios programos (patvirtintos (2022-09-30)<\/a>.<\/li>\n\n\n\n<li><a href=\"https:\/\/www.nsa.smm.lt\/wp-content\/uploads\/2021\/10\/Ugdymo-turinio-kaita_spaudai.pdf\" target=\"_blank\" rel=\"noreferrer noopener\">Bakonis, E. (2017). Ugdymo turinio kaita: kas lemia s\u0117km\u0119? \u0160vietimo problemos analiz\u0117,4(160).<\/a><\/li>\n\n\n\n<li><a href=\"https:\/\/smsm.lrv.lt\/uploads\/smsm\/documents\/files\/teisine_informacija\/ugdymo-turinio-kurimas-mokykliniu-lygmeniu-ramute-bruzgeleviciene.pdf\" target=\"_blank\" rel=\"noreferrer noopener\">Bruzgelevi\u010dien\u0117, R. (2020). Ugdymo turinio k\u016brimas mokyklos lygmeniu: galimyb\u0117s ir i\u0161\u0161\u016bkiai. Vilnius: Nacionalin\u0117 \u0161vietimo agent\u016bra.&nbsp;<\/a><\/li>\n\n\n\n<li><a href=\"https:\/\/www.mokykla2030.lt\/infografikai\/\" target=\"_blank\" rel=\"noreferrer noopener\">Lambert, L. (2011). Lyderyst\u0117s geb\u0117jimai ir tvari mokykl\u0173 pa\u017eanga. Vilnius: \u0160vietimo apr\u016bpinimo centras. Nacionalin\u0117 \u0161vietimo agent\u016bra (2021). Teminiai infografikai.<\/a><\/li>\n\n\n\n<li><a href=\"https:\/\/www.mokykla2030.lt\/wp-content\/uploads\/2021\/10\/PASIRENGIMO-DIEGTI-ATNAUJINTAS-BENDRASIAS-PROGRAMAS-ISIVERTINIMO-KRITERIJAI_v13-su-priedais.pdf\" target=\"_blank\" rel=\"noreferrer noopener\">Nacionalin\u0117 \u0161vietimo agent\u016bra (2021). Pasirengimo diegti atnaujintas bendr\u0105sias programas \u012fsivertinimo kriterijai.&nbsp;<\/a><\/li>\n\n\n\n<li><a href=\"https:\/\/www.emokykla.lt\/bendrasis\/bendrosios-programos\/atnaujintos-bendrosios-programos\" target=\"_blank\" rel=\"noreferrer noopener\">Nacionalin\u0117 \u0161vietimo agent\u016bra (2022). Rekomendacijos d\u0117l atnaujint\u0173 bendr\u0173j\u0173 program\u0173 pritaikymo speciali\u0173j\u0173 ugdymosi poreiki\u0173 turintiems mokiniams.&nbsp;<\/a><\/li>\n\n\n\n<li><a href=\"https:\/\/www.nsa.smm.lt\/wp-content\/uploads\/2022\/06\/Tyrimo-ataskaita-2022-06-10.pdf\" target=\"_blank\" rel=\"noreferrer noopener\">Nacionalin\u0117 \u0161vietimo agent\u016bra (2022). Mokykl\u0173 pasirengimo diegti atnaujintas pradinio, pagrindinio ir vidurinio ugdymo bendr\u0105sias programas veiklos tyrimo ataskaita.<\/a><\/li>\n\n\n\n<li><a href=\"http:\/\/www.svietimonaujienos.lt\/kaip-mokyklai-sekmingai-pasiruosti-ugdymo-turinio-atnaujinimui\/\" target=\"_blank\" rel=\"noreferrer noopener\">Paulik\u0117, K. (2022). Kaip mokyklai s\u0117kmingai pasiruo\u0161ti ugdymo turinio atnaujinimui.&nbsp;<\/a><\/li>\n<\/ul>\n<\/li>\n\n\n\n<li><a href=\"http:\/\/www.jungenumokykla.lt\/images\/Dokumentai\/uta\/Mokytojams_apie_kompetencijas.pdf\" target=\"_blank\" rel=\"noreferrer noopener\"><strong>Mokytojams apie kompetencijas<\/strong><\/a><\/li>\n\n\n\n<li><a href=\"https:\/\/www.nsa.smm.lt\/svietimo-pagalbos-departamentas\/itraukties-pletros-skyrius\/itraukusis-ugdymas\/\" target=\"_blank\" rel=\"noreferrer noopener\"><strong>\u012etraukusis ugdymas<\/strong><\/a><\/li>\n\n\n\n<li><a href=\"https:\/\/www.emokykla.lt\/titulinis\/pradzia\/leidiniai-mokytoju-dalykinems-kompetencijoms-tobulinti\/47301?home=true\" target=\"_blank\" rel=\"noreferrer noopener\"><strong>Leidiniai mokytoj\u0173 dalykin\u0117ms kompetencijoms tobulinti<\/strong><\/a><\/li>\n\n\n\n<li><strong><a href=\"https:\/\/www.nsa.smm.lt\/2022\/12\/27\/mokykloms-parengta-atmintine-itraukties-principo-taikymui\/?fbclid=IwAR319jmWXtltC5a4DgDzetPnpVdIGu6nRd4fbcDnQN3tXVPcaAIjdQqDD60\" target=\"_blank\" rel=\"noreferrer noopener\">Atmintin\u0117 mokykloms \u201e\u012etraukties link. K\u0105 turi \u017einoti mokykla?\u201c<\/a><\/strong><\/li>\n<\/ul>\n\n\n\n<ul class=\"wp-block-list\">\n<li><\/li>\n<\/ul>\n\n\n\n<ul class=\"wp-block-list\">\n<li><\/li>\n<\/ul>\n\n\n\n<ul class=\"wp-block-list\">\n<li><\/li>\n<\/ul>\n\n\n\n<ul class=\"wp-block-list\">\n<li><\/li>\n<\/ul>\n\n\n\n<p><\/p>\n","protected":false},"excerpt":{"rendered":"<p> <a class=\"continue-reading-link\" href=\"https:\/\/www.sauletekio.vilniausr.lm.lt\/?page_id=13006\"><span>T\u0119sti skaitym\u0105<\/span><i class=\"crycon-right-dir\"><\/i><\/a> <\/p>\n","protected":false},"author":1,"featured_media":0,"parent":319,"menu_order":7,"comment_status":"closed","ping_status":"closed","template":"","meta":{"_uag_custom_page_level_css":"","advgb_blocks_editor_width":"","advgb_blocks_columns_visual_guide":"","ngg_post_thumbnail":0,"footnotes":""},"class_list":["post-13006","page","type-page","status-publish","hentry"],"uagb_featured_image_src":{"full":false,"thumbnail":false,"medium":false,"medium_large":false,"large":false,"1536x1536":false,"2048x2048":false,"post-thumbnail":false,"header":false,"slider":false,"columns":false,"custom":false},"uagb_author_info":{"display_name":"admin","author_link":"https:\/\/www.sauletekio.vilniausr.lm.lt\/?author=1"},"uagb_comment_info":0,"uagb_excerpt":"T\u0119sti skaitym\u0105","coauthors":[],"author_meta":{"author_link":"https:\/\/www.sauletekio.vilniausr.lm.lt\/?author=1","display_name":"admin"},"relative_dates":{"created":"Posted 4 metai ago","modified":"Updated 3 metai ago"},"absolute_dates":{"created":"Posted on 2021-12-10","modified":"Updated on 2023-05-23"},"absolute_dates_time":{"created":"Posted on 2021-12-10 15:08","modified":"Updated on 2023-05-23 20:26"},"featured_img_caption":"","featured_img":false,"series_order":"","_links":{"self":[{"href":"https:\/\/www.sauletekio.vilniausr.lm.lt\/index.php?rest_route=\/wp\/v2\/pages\/13006","targetHints":{"allow":["GET"]}}],"collection":[{"href":"https:\/\/www.sauletekio.vilniausr.lm.lt\/index.php?rest_route=\/wp\/v2\/pages"}],"about":[{"href":"https:\/\/www.sauletekio.vilniausr.lm.lt\/index.php?rest_route=\/wp\/v2\/types\/page"}],"author":[{"embeddable":true,"href":"https:\/\/www.sauletekio.vilniausr.lm.lt\/index.php?rest_route=\/wp\/v2\/users\/1"}],"replies":[{"embeddable":true,"href":"https:\/\/www.sauletekio.vilniausr.lm.lt\/index.php?rest_route=%2Fwp%2Fv2%2Fcomments&post=13006"}],"version-history":[{"count":14,"href":"https:\/\/www.sauletekio.vilniausr.lm.lt\/index.php?rest_route=\/wp\/v2\/pages\/13006\/revisions"}],"predecessor-version":[{"id":16496,"href":"https:\/\/www.sauletekio.vilniausr.lm.lt\/index.php?rest_route=\/wp\/v2\/pages\/13006\/revisions\/16496"}],"up":[{"embeddable":true,"href":"https:\/\/www.sauletekio.vilniausr.lm.lt\/index.php?rest_route=\/wp\/v2\/pages\/319"}],"wp:attachment":[{"href":"https:\/\/www.sauletekio.vilniausr.lm.lt\/index.php?rest_route=%2Fwp%2Fv2%2Fmedia&parent=13006"}],"curies":[{"name":"wp","href":"https:\/\/api.w.org\/{rel}","templated":true}]}}