{"id":1307,"date":"2014-09-16T08:06:31","date_gmt":"2014-09-16T06:06:31","guid":{"rendered":"https:\/\/www.sauletekio.vilniausr.lm.lt\/?page_id=1307"},"modified":"2024-12-09T16:17:26","modified_gmt":"2024-12-09T13:17:26","slug":"darbo-uzmokestis","status":"publish","type":"page","link":"https:\/\/www.sauletekio.vilniausr.lm.lt\/?page_id=1307","title":{"rendered":"Darbo u\u017emokestis"},"content":{"rendered":"<div class=\"fcbkbttn_buttons_block\" id=\"fcbkbttn_left\"><div class=\"fcbkbttn_like \"><fb:like href=\"https:\/\/www.sauletekio.vilniausr.lm.lt\/?page_id=1307\" action=\"like\" colorscheme=\"light\" layout=\"button_count\"  size=\"small\"><\/fb:like><\/div><div class=\"fb-share-button  \" data-href=\"https:\/\/www.sauletekio.vilniausr.lm.lt\/?page_id=1307\" data-type=\"button_count\" data-size=\"small\"><\/div><\/div>\n<p><a href=\"https:\/\/www.sauletekio.vilniausr.lm.lt\/wp-content\/uploads\/2020\/12\/DARBO-APMOKEJIMO-SISTEMA-2020-12-10.pdf\" target=\"_blank\" rel=\"noreferrer noopener\">Darbo apmok\u0117jimo sistema<\/a><\/p>\n\n\n<div>Informacija apie darbuotoj\u0173 atlyginimus pateikiama vadovaujantis <a href=\"http:\/\/www3.lrs.lt\/pls\/inter3\/dokpaieska.showdoc_l?p_id=347023\" target=\"_blank\" rel=\"noopener noreferrer\">LR Teis\u0117s gauti informacij\u0105 i\u0161 valstyb\u0117s ir savivaldyb\u0117s institucij\u0173 ir \u012fstaig\u0173 \u012fstatymu<\/a> ir Vyriausyb\u0117s nutarimu patvirtintu <a href=\"http:\/\/www3.lrs.lt\/pls\/inter3\/dokpaieska.rezult_l?p_nr=&amp;p_nuo=&amp;p_iki=&amp;p_org=2&amp;p_drus=31&amp;p_kalb_id=1&amp;p_title=bendr%F8j%F8%20reikalavim%F8%20&amp;p_text=&amp;p_pub=&amp;p_met=&amp;p_lnr=&amp;p_denr=&amp;p_es=0&amp;p_rus=1&amp;p_tid=&amp;p_tkid=&amp;p_t=0&amp;p_tr1=2&amp;p_tr2=2&amp;p_gal=\" target=\"_blank\" rel=\"noopener noreferrer\">Bendr\u0173j\u0173 reikalavim\u0173 valstyb\u0117s ir savivaldybi\u0173 institucij\u0173 ir \u012fstaig\u0173 interneto svetain\u0117ms apra\u0161u<\/a>.<\/div>\n<div><span style=\"font-size: medium;\">Vilniaus r. Bezdoni\u0173 \u201eSaul\u0117tekio\u201c pagrindin\u0117s mokyklos vidutinis darbo u\u017emokestis (pareigin\u0117 alga, priedai) eurais neatskai\u010dius mokes\u010di\u0173:<\/span><\/div>\n\n\n<p class=\"has-text-align-center\"><strong>DARBUOTOJ\u0172 VIDUTINIS M\u0116NESINIS NUSTATYTASIS<\/strong> <strong>(PASKIRTASIS) DARBO U\u017dMOKESTIS<\/strong><\/p>\n\n\n\n<figure class=\"wp-block-table is-style-stripes\"><table><tbody><tr><td>Pareigyb\u0117s pavadinimas<\/td><td>Darbuotoj\u0173, einan\u010di\u0173 \u0161ias pareigas, skai\u010dius<\/td><td><span style=\"font-size:12.0pt;mso-bidi-font-size:10.0pt;\nfont-family:&quot;Times New Roman&quot;,serif;mso-fareast-font-family:Calibri;mso-fareast-theme-font:\nminor-latin;mso-bidi-theme-font:minor-bidi;mso-ansi-language:LT;mso-fareast-language:\nEN-US;mso-bidi-language:AR-SA\">2023 met\u0173 I ketvirtis<\/span><\/td><td>2024 met\u0173 II ketvirtis<\/td><td>2024 met\u0173 IV ketvirtis<\/td><\/tr><tr><td>Mokyklos administracija (direktorius, direktoriaus pavaduotojas ugdymui)<\/td><td>2<\/td><td>2\u00a0134<\/td><td>2 529 \u00a0<\/td><td>2\u00a0781<\/td><\/tr><tr><td>Mokytojas &nbsp;<\/td><td>21<\/td><td>1\u00a0590<\/td><td>1 841<\/td><td>1920<\/td><\/tr><tr><td>Logopedas, specialusis pedagogas, socialinis pedagogas, psichologas<\/td><td>3<\/td><td>1 362<\/td><td>1\u00a0487<\/td><td>1 150<\/td><\/tr><tr><td>\u016akvedys, sekretorius, bibliotekininkas &nbsp;<\/td><td>3<\/td><td>951<\/td><td>1 193<\/td><td>1 193<\/td><\/tr><tr><td>Mokytojo pad\u0117j\u0117jas, pagalbos mokiniui specialistas<\/td><td>6<\/td><td>572<\/td><td>634<\/td><td>739<\/td><\/tr><tr><td>Informatikas-in\u017einierius, elektrikas-in\u017einierius, vir\u0117jas, vairuotojas<\/td><td>4<\/td><td>665<\/td><td>850<\/td><td>957<\/td><\/tr><tr><td>Techninis personalas (valytojas, sargas, einamo remonto darbininkas, kiemsargis)<\/td><td>6<\/td><td>840<\/td><td>1 049<\/td><td>924<\/td><\/tr><\/tbody><\/table><\/figure>\n\n\n\n<p><\/p>\n","protected":false},"excerpt":{"rendered":"<p>Darbo apmok\u0117jimo sistema Informacija apie darbuotoj\u0173 atlyginimus pateikiama vadovaujantis LR Teis\u0117s gauti informacij\u0105 i\u0161 valstyb\u0117s ir savivaldyb\u0117s institucij\u0173 ir \u012fstaig\u0173 \u012fstatymu ir Vyriausyb\u0117s nutarimu patvirtintu Bendr\u0173j\u0173 reikalavim\u0173 valstyb\u0117s ir savivaldybi\u0173 institucij\u0173 ir \u012fstaig\u0173 interneto svetain\u0117ms apra\u0161u. Vilniaus r. Bezdoni\u0173 \u201eSaul\u0117tekio\u201c pagrindin\u0117s mokyklos vidutinis darbo u\u017emokestis (pareigin\u0117 alga, priedai) eurais neatskai\u010dius&#8230;<\/p>\n<p> <a class=\"continue-reading-link\" href=\"https:\/\/www.sauletekio.vilniausr.lm.lt\/?page_id=1307\"><span>T\u0119sti skaitym\u0105<\/span><i class=\"crycon-right-dir\"><\/i><\/a> <\/p>\n","protected":false},"author":1,"featured_media":0,"parent":9878,"menu_order":2,"comment_status":"closed","ping_status":"closed","template":"","meta":{"_uag_custom_page_level_css":"","advgb_blocks_editor_width":"","advgb_blocks_columns_visual_guide":"","ngg_post_thumbnail":0,"footnotes":""},"class_list":["post-1307","page","type-page","status-publish","hentry"],"uagb_featured_image_src":{"full":false,"thumbnail":false,"medium":false,"medium_large":false,"large":false,"1536x1536":false,"2048x2048":false,"post-thumbnail":false,"header":false,"slider":false,"columns":false,"custom":false},"uagb_author_info":{"display_name":"admin","author_link":"https:\/\/www.sauletekio.vilniausr.lm.lt\/?author=1"},"uagb_comment_info":0,"uagb_excerpt":"Darbo apmok\u0117jimo sistema Informacija apie darbuotoj\u0173 atlyginimus pateikiama vadovaujantis LR Teis\u0117s gauti informacij\u0105 i\u0161 valstyb\u0117s ir savivaldyb\u0117s institucij\u0173 ir \u012fstaig\u0173 \u012fstatymu ir Vyriausyb\u0117s nutarimu patvirtintu Bendr\u0173j\u0173 reikalavim\u0173 valstyb\u0117s ir savivaldybi\u0173 institucij\u0173 ir \u012fstaig\u0173 interneto svetain\u0117ms apra\u0161u. Vilniaus r. Bezdoni\u0173 \u201eSaul\u0117tekio\u201c pagrindin\u0117s mokyklos vidutinis darbo u\u017emokestis (pareigin\u0117 alga, priedai) eurais neatskai\u010dius... T\u0119sti skaitym\u0105","coauthors":[],"author_meta":{"author_link":"https:\/\/www.sauletekio.vilniausr.lm.lt\/?author=1","display_name":"admin"},"relative_dates":{"created":"Posted 12 met\u0173 ago","modified":"Updated 1 metai ago"},"absolute_dates":{"created":"Posted on 2014-09-16","modified":"Updated on 2024-12-09"},"absolute_dates_time":{"created":"Posted on 2014-09-16 8:06","modified":"Updated on 2024-12-09 16:17"},"featured_img_caption":"","featured_img":false,"series_order":"","_links":{"self":[{"href":"https:\/\/www.sauletekio.vilniausr.lm.lt\/index.php?rest_route=\/wp\/v2\/pages\/1307","targetHints":{"allow":["GET"]}}],"collection":[{"href":"https:\/\/www.sauletekio.vilniausr.lm.lt\/index.php?rest_route=\/wp\/v2\/pages"}],"about":[{"href":"https:\/\/www.sauletekio.vilniausr.lm.lt\/index.php?rest_route=\/wp\/v2\/types\/page"}],"author":[{"embeddable":true,"href":"https:\/\/www.sauletekio.vilniausr.lm.lt\/index.php?rest_route=\/wp\/v2\/users\/1"}],"replies":[{"embeddable":true,"href":"https:\/\/www.sauletekio.vilniausr.lm.lt\/index.php?rest_route=%2Fwp%2Fv2%2Fcomments&post=1307"}],"version-history":[{"count":16,"href":"https:\/\/www.sauletekio.vilniausr.lm.lt\/index.php?rest_route=\/wp\/v2\/pages\/1307\/revisions"}],"predecessor-version":[{"id":19895,"href":"https:\/\/www.sauletekio.vilniausr.lm.lt\/index.php?rest_route=\/wp\/v2\/pages\/1307\/revisions\/19895"}],"up":[{"embeddable":true,"href":"https:\/\/www.sauletekio.vilniausr.lm.lt\/index.php?rest_route=\/wp\/v2\/pages\/9878"}],"wp:attachment":[{"href":"https:\/\/www.sauletekio.vilniausr.lm.lt\/index.php?rest_route=%2Fwp%2Fv2%2Fmedia&parent=1307"}],"curies":[{"name":"wp","href":"https:\/\/api.w.org\/{rel}","templated":true}]}}