{"id":1319,"date":"2014-09-16T09:18:05","date_gmt":"2014-09-16T07:18:05","guid":{"rendered":"https:\/\/www.sauletekio.vilniausr.lm.lt\/?page_id=1319"},"modified":"2023-05-23T20:42:16","modified_gmt":"2023-05-23T18:42:16","slug":"paslaugos","status":"publish","type":"page","link":"https:\/\/www.sauletekio.vilniausr.lm.lt\/?page_id=1319","title":{"rendered":"Paslaugos"},"content":{"rendered":"<div class=\"fcbkbttn_buttons_block\" id=\"fcbkbttn_left\"><div class=\"fcbkbttn_like \"><fb:like href=\"https:\/\/www.sauletekio.vilniausr.lm.lt\/?page_id=1319\" action=\"like\" colorscheme=\"light\" layout=\"button_count\"  size=\"small\"><\/fb:like><\/div><div class=\"fb-share-button  \" data-href=\"https:\/\/www.sauletekio.vilniausr.lm.lt\/?page_id=1319\" data-type=\"button_count\" data-size=\"small\"><\/div><\/div><p><strong>\n<!-- Page-list plugin v.5.9 wordpress.org\/plugins\/page-list\/ -->\n<ul class=\"page-list subpages-page-list \">\n<li class=\"page_item page-item-14886\"><a href=\"https:\/\/www.sauletekio.vilniausr.lm.lt\/?page_id=14886\">Vaik\u0173 pri\u0117mimas \u012f mokykl\u0105<\/a><\/li>\n<li class=\"page_item page-item-14893\"><a href=\"https:\/\/www.sauletekio.vilniausr.lm.lt\/?page_id=14893\">I\u0161silavinimo pa\u017eym\u0117jim\u0173 ir j\u0173 dublikat\u0173 i\u0161davimas<\/a><\/li>\n<li class=\"page_item page-item-14896\"><a href=\"https:\/\/www.sauletekio.vilniausr.lm.lt\/?page_id=14896\">Mokinio pa\u017eym\u0117jimo i\u0161davimas<\/a><\/li>\n<li class=\"page_item page-item-14901\"><a href=\"https:\/\/www.sauletekio.vilniausr.lm.lt\/?page_id=14901\">\u0160vietimo pagalba mokiniui<\/a><\/li>\n<li class=\"page_item page-item-14906\"><a href=\"https:\/\/www.sauletekio.vilniausr.lm.lt\/?page_id=14906\">Mokymosi pagalba (konsultacijos)<\/a><\/li>\n<li class=\"page_item page-item-14910\"><a href=\"https:\/\/www.sauletekio.vilniausr.lm.lt\/?page_id=14910\">Sveikatos prie\u017ei\u016bra<\/a><\/li>\n<li class=\"page_item page-item-1337 page_item_has_children\"><a href=\"https:\/\/www.sauletekio.vilniausr.lm.lt\/?page_id=1337\">Biblioteka<\/a>\n<ul class='children'>\n\t<li class=\"page_item page-item-1715\"><a href=\"https:\/\/www.sauletekio.vilniausr.lm.lt\/?page_id=1715\">Darbo laikas<\/a><\/li>\n\t<li class=\"page_item page-item-1717\"><a href=\"https:\/\/www.sauletekio.vilniausr.lm.lt\/?page_id=1717\">Naudojimosi taisykl\u0117s<\/a><\/li>\n\t<li class=\"page_item page-item-4955\"><a href=\"https:\/\/www.sauletekio.vilniausr.lm.lt\/?page_id=4955\">Skelbimai<\/a><\/li>\n\t<li class=\"page_item page-item-2437 page_item_has_children\"><a href=\"https:\/\/www.sauletekio.vilniausr.lm.lt\/?page_id=2437\">Skaitymo skatinimas<\/a>\n\t<ul class='children'>\n\t\t<li class=\"page_item page-item-2447\"><a href=\"https:\/\/www.sauletekio.vilniausr.lm.lt\/?page_id=2447\">M\u0117nesio citata<\/a><\/li>\n\t\t<li class=\"page_item page-item-2439\"><a href=\"https:\/\/www.sauletekio.vilniausr.lm.lt\/?page_id=2439\">SKAITAU, VADINASI, ESU<\/a><\/li>\n\t\t<li class=\"page_item page-item-2845\"><a href=\"https:\/\/www.sauletekio.vilniausr.lm.lt\/?page_id=2845\">Knygos vaikams<\/a><\/li>\n\t\t<li class=\"page_item page-item-2433\"><a href=\"https:\/\/www.sauletekio.vilniausr.lm.lt\/?page_id=2433\">Knyg\u0173 anotacijos<\/a><\/li>\n\t\t<li class=\"page_item page-item-2441\"><a href=\"https:\/\/www.sauletekio.vilniausr.lm.lt\/?page_id=2441\">Aktualijos<\/a><\/li>\n\t\t<li class=\"page_item page-item-6853\"><a href=\"https:\/\/www.sauletekio.vilniausr.lm.lt\/?page_id=6853\">Naujos knygos m\u016bs\u0173 bibliotekoje<\/a><\/li>\n\t<\/ul>\n<\/li>\n\t<li class=\"page_item page-item-10998\"><a href=\"https:\/\/www.sauletekio.vilniausr.lm.lt\/?page_id=10998\">\u012esigytos mokymo priemon\u0117s ir inventorius<\/a><\/li>\n<\/ul>\n<\/li>\n<li class=\"page_item page-item-15049\"><a href=\"https:\/\/www.sauletekio.vilniausr.lm.lt\/?page_id=15049\">Maitinimas<\/a><\/li>\n<li class=\"page_item page-item-15045\"><a href=\"https:\/\/www.sauletekio.vilniausr.lm.lt\/?page_id=15045\">Pave\u017e\u0117jimas<\/a><\/li>\n\n<\/ul><\/strong><\/p>\n","protected":false},"excerpt":{"rendered":"<p> <a class=\"continue-reading-link\" href=\"https:\/\/www.sauletekio.vilniausr.lm.lt\/?page_id=1319\"><span>T\u0119sti skaitym\u0105<\/span><i class=\"crycon-right-dir\"><\/i><\/a> <\/p>\n","protected":false},"author":1,"featured_media":0,"parent":0,"menu_order":6,"comment_status":"closed","ping_status":"closed","template":"","meta":{"_uag_custom_page_level_css":"","advgb_blocks_editor_width":"","advgb_blocks_columns_visual_guide":"","ngg_post_thumbnail":0,"footnotes":""},"class_list":["post-1319","page","type-page","status-publish","hentry"],"uagb_featured_image_src":{"full":false,"thumbnail":false,"medium":false,"medium_large":false,"large":false,"1536x1536":false,"2048x2048":false,"post-thumbnail":false,"header":false,"slider":false,"columns":false,"custom":false},"uagb_author_info":{"display_name":"admin","author_link":"https:\/\/www.sauletekio.vilniausr.lm.lt\/?author=1"},"uagb_comment_info":0,"uagb_excerpt":"T\u0119sti skaitym\u0105","coauthors":[],"author_meta":{"author_link":"https:\/\/www.sauletekio.vilniausr.lm.lt\/?author=1","display_name":"admin"},"relative_dates":{"created":"Posted 12 met\u0173 ago","modified":"Updated 3 metai ago"},"absolute_dates":{"created":"Posted on 2014-09-16","modified":"Updated on 2023-05-23"},"absolute_dates_time":{"created":"Posted on 2014-09-16 9:18","modified":"Updated on 2023-05-23 20:42"},"featured_img_caption":"","featured_img":false,"series_order":"","_links":{"self":[{"href":"https:\/\/www.sauletekio.vilniausr.lm.lt\/index.php?rest_route=\/wp\/v2\/pages\/1319","targetHints":{"allow":["GET"]}}],"collection":[{"href":"https:\/\/www.sauletekio.vilniausr.lm.lt\/index.php?rest_route=\/wp\/v2\/pages"}],"about":[{"href":"https:\/\/www.sauletekio.vilniausr.lm.lt\/index.php?rest_route=\/wp\/v2\/types\/page"}],"author":[{"embeddable":true,"href":"https:\/\/www.sauletekio.vilniausr.lm.lt\/index.php?rest_route=\/wp\/v2\/users\/1"}],"replies":[{"embeddable":true,"href":"https:\/\/www.sauletekio.vilniausr.lm.lt\/index.php?rest_route=%2Fwp%2Fv2%2Fcomments&post=1319"}],"version-history":[{"count":2,"href":"https:\/\/www.sauletekio.vilniausr.lm.lt\/index.php?rest_route=\/wp\/v2\/pages\/1319\/revisions"}],"predecessor-version":[{"id":5629,"href":"https:\/\/www.sauletekio.vilniausr.lm.lt\/index.php?rest_route=\/wp\/v2\/pages\/1319\/revisions\/5629"}],"wp:attachment":[{"href":"https:\/\/www.sauletekio.vilniausr.lm.lt\/index.php?rest_route=%2Fwp%2Fv2%2Fmedia&parent=1319"}],"curies":[{"name":"wp","href":"https:\/\/api.w.org\/{rel}","templated":true}]}}