{"id":1345,"date":"2014-09-16T12:42:02","date_gmt":"2014-09-16T10:42:02","guid":{"rendered":"https:\/\/www.sauletekio.vilniausr.lm.lt\/?page_id=1345"},"modified":"2024-12-09T16:10:44","modified_gmt":"2024-12-09T13:10:44","slug":"nuostatai","status":"publish","type":"page","link":"https:\/\/www.sauletekio.vilniausr.lm.lt\/?page_id=1345","title":{"rendered":"Nuostatai"},"content":{"rendered":"<div class=\"fcbkbttn_buttons_block\" id=\"fcbkbttn_left\"><div class=\"fcbkbttn_like \"><fb:like href=\"https:\/\/www.sauletekio.vilniausr.lm.lt\/?page_id=1345\" action=\"like\" colorscheme=\"light\" layout=\"button_count\"  size=\"small\"><\/fb:like><\/div><div class=\"fb-share-button  \" data-href=\"https:\/\/www.sauletekio.vilniausr.lm.lt\/?page_id=1345\" data-type=\"button_count\" data-size=\"small\"><\/div><\/div>\n<p><strong><a href=\"https:\/\/www.sauletekio.vilniausr.lm.lt\/wp-content\/uploads\/2024\/12\/Vilniaus-r.-Bezdoniu-Sauletekio-pagrindines-mokyklos-nuostatai.pdf\" data-type=\"link\" data-id=\"https:\/\/www.sauletekio.vilniausr.lm.lt\/wp-content\/uploads\/2024\/12\/Vilniaus-r.-Bezdoniu-Sauletekio-pagrindines-mokyklos-nuostatai.pdf\" target=\"_blank\" rel=\"noreferrer noopener\">VILNIAUS R. BEZDONI\u0172 \u201eSAUL\u0116TEKIO\u201c PAGRINDIN\u0116S MOKYKLOS NUOSTATAI.<\/a><\/strong><\/p>\n\n\n\n<p><\/p>\n","protected":false},"excerpt":{"rendered":"<p>VILNIAUS R. BEZDONI\u0172 \u201eSAUL\u0116TEKIO\u201c PAGRINDIN\u0116S MOKYKLOS NUOSTATAI.<\/p>\n<p> <a class=\"continue-reading-link\" href=\"https:\/\/www.sauletekio.vilniausr.lm.lt\/?page_id=1345\"><span>T\u0119sti skaitym\u0105<\/span><i class=\"crycon-right-dir\"><\/i><\/a> <\/p>\n","protected":false},"author":1,"featured_media":0,"parent":9878,"menu_order":0,"comment_status":"closed","ping_status":"closed","template":"","meta":{"_uag_custom_page_level_css":"","advgb_blocks_editor_width":"","advgb_blocks_columns_visual_guide":"","ngg_post_thumbnail":0,"footnotes":""},"class_list":["post-1345","page","type-page","status-publish","hentry"],"uagb_featured_image_src":{"full":false,"thumbnail":false,"medium":false,"medium_large":false,"large":false,"1536x1536":false,"2048x2048":false,"post-thumbnail":false,"header":false,"slider":false,"columns":false,"custom":false},"uagb_author_info":{"display_name":"admin","author_link":"https:\/\/www.sauletekio.vilniausr.lm.lt\/?author=1"},"uagb_comment_info":0,"uagb_excerpt":"VILNIAUS R. BEZDONI\u0172 \u201eSAUL\u0116TEKIO\u201c PAGRINDIN\u0116S MOKYKLOS NUOSTATAI. T\u0119sti skaitym\u0105","coauthors":[],"author_meta":{"author_link":"https:\/\/www.sauletekio.vilniausr.lm.lt\/?author=1","display_name":"admin"},"relative_dates":{"created":"Posted 12 met\u0173 ago","modified":"Updated 1 metai ago"},"absolute_dates":{"created":"Posted on 2014-09-16","modified":"Updated on 2024-12-09"},"absolute_dates_time":{"created":"Posted on 2014-09-16 12:42","modified":"Updated on 2024-12-09 16:10"},"featured_img_caption":"","featured_img":false,"series_order":"","_links":{"self":[{"href":"https:\/\/www.sauletekio.vilniausr.lm.lt\/index.php?rest_route=\/wp\/v2\/pages\/1345","targetHints":{"allow":["GET"]}}],"collection":[{"href":"https:\/\/www.sauletekio.vilniausr.lm.lt\/index.php?rest_route=\/wp\/v2\/pages"}],"about":[{"href":"https:\/\/www.sauletekio.vilniausr.lm.lt\/index.php?rest_route=\/wp\/v2\/types\/page"}],"author":[{"embeddable":true,"href":"https:\/\/www.sauletekio.vilniausr.lm.lt\/index.php?rest_route=\/wp\/v2\/users\/1"}],"replies":[{"embeddable":true,"href":"https:\/\/www.sauletekio.vilniausr.lm.lt\/index.php?rest_route=%2Fwp%2Fv2%2Fcomments&post=1345"}],"version-history":[{"count":5,"href":"https:\/\/www.sauletekio.vilniausr.lm.lt\/index.php?rest_route=\/wp\/v2\/pages\/1345\/revisions"}],"predecessor-version":[{"id":19891,"href":"https:\/\/www.sauletekio.vilniausr.lm.lt\/index.php?rest_route=\/wp\/v2\/pages\/1345\/revisions\/19891"}],"up":[{"embeddable":true,"href":"https:\/\/www.sauletekio.vilniausr.lm.lt\/index.php?rest_route=\/wp\/v2\/pages\/9878"}],"wp:attachment":[{"href":"https:\/\/www.sauletekio.vilniausr.lm.lt\/index.php?rest_route=%2Fwp%2Fv2%2Fmedia&parent=1345"}],"curies":[{"name":"wp","href":"https:\/\/api.w.org\/{rel}","templated":true}]}}