{"id":14386,"date":"2022-10-10T13:54:57","date_gmt":"2022-10-10T11:54:57","guid":{"rendered":"https:\/\/www.sauletekio.vilniausr.lm.lt\/?page_id=14386"},"modified":"2026-01-20T15:10:30","modified_gmt":"2026-01-20T12:10:30","slug":"klasiu-vadovai","status":"publish","type":"page","link":"https:\/\/www.sauletekio.vilniausr.lm.lt\/?page_id=14386","title":{"rendered":"Klasi\u0173 vadovai"},"content":{"rendered":"<div class=\"fcbkbttn_buttons_block\" id=\"fcbkbttn_left\"><div class=\"fcbkbttn_like \"><fb:like href=\"https:\/\/www.sauletekio.vilniausr.lm.lt\/?page_id=14386\" action=\"like\" colorscheme=\"light\" layout=\"button_count\"  size=\"small\"><\/fb:like><\/div><div class=\"fb-share-button  \" data-href=\"https:\/\/www.sauletekio.vilniausr.lm.lt\/?page_id=14386\" data-type=\"button_count\" data-size=\"small\"><\/div><\/div>\n<figure class=\"wp-block-table is-style-stripes\"><table><tbody><tr><td><strong>Vardas, pavard\u0117<\/strong><\/td><td><strong>Mokomas dalykas<\/strong><\/td><td><strong>Klas\u0117s vadovas<\/strong><\/td><td><strong>Tel. numeris<\/strong><\/td><td><strong>el. pa\u0161tas<\/strong><\/td><\/tr><tr><td>Diana <\/td><td>Prie\u0161mokyklinis ugdymas<\/td><td>Prie\u0161mokyklinis ugdymas<\/td><td>(0 5) 2696422<\/td><td>pagrindine@sauletekio.vilniausr.lm.lt<\/td><\/tr><tr><td>Inga Vilien\u0117<\/td><td>Pradinis ugdymas<\/td><td>1 klas\u0117s<\/td><td>(0 5) 2696422<\/td><td>pagrindine@sauletekio.vilniausr.lm.lt<\/td><\/tr><tr><td>Inesa Hulbinavichene<\/td><td>Pradinis ugdymas<\/td><td>2 klas\u0117s<\/td><td>(0 5) 2696422<\/td><td>pagrindine@sauletekio.vilniausr.lm.lt<\/td><\/tr><tr><td>Gintar\u0117 Masalskien\u0117<\/td><td>Pradinis ugdymas<\/td><td>3 klas\u0117s<\/td><td>(0 5) 2696422<\/td><td>pagrindine@sauletekio.vilniausr.lm.lt<\/td><\/tr><tr><td>Liudmila \u0160varcien\u0117<\/td><td>Pradinis ugdymas<\/td><td>4 klas\u0117s<\/td><td>(0 5) 2696422<\/td><td>pagrindine@sauletekio.vilniausr.lm.lt<\/td><\/tr><tr><td>Sigita \u010ciurlien\u0117<\/td><td>Biologija, gyvenimo \u012fg\u016bd\u017eiai<\/td><td>5 klas\u0117s<\/td><td>(0 5) 2696422<\/td><td>pagrindine@sauletekio.vilniausr.lm.lt<\/td><\/tr><tr><td>\u017dana \u010cuividien\u0117<\/td><td>Lietuvi\u0173 kalba ir literat\u016bra<\/td><td>6 klas\u0117<\/td><td>(0 5) 2696422<\/td><td>pagrindine@sauletekio.vilniausr.lm.lt<\/td><\/tr><tr><td>Milda Da\u0161kevi\u010dien\u0117<\/td><td>Istorija<\/td><td>7 klas\u0117s<\/td><td>(0 5) 2696422<\/td><td>pagrindine@sauletekio.vilniausr.lm.lt<\/td><\/tr><tr><td>Ilona Rainyt\u0117 Stankevi\u010dien\u0117<\/td><td>Dail\u0117s ir technologijos<\/td><td>8 klas\u0117s<\/td><td>(0 5) 2696422<\/td><td>pagrindine@sauletekio.vilniausr.lm.lt<\/td><\/tr><tr><td>Gra\u017eina Gricevi\u010dien\u0117<\/td><td>Tikyba, etika<\/td><td>9 klas\u0117<\/td><td>(0 5) 2696422<\/td><td>pagrindine@sauletekio.vilniausr.lm.lt<\/td><\/tr><tr><td>Eurika Chodosevi\u010dien\u0117<\/td><td>Biologija, gamta ir \u017emogus, gyvenimo \u012fg\u016bd\u017eiai<\/td><td>10 klas\u0117<\/td><td>(0 5) 2696422<\/td><td>pagrindine@sauletekio.vilniausr.lm.lt<\/td><\/tr><\/tbody><\/table><\/figure>\n","protected":false},"excerpt":{"rendered":"<p>Vardas, pavard\u0117 Mokomas dalykas Klas\u0117s vadovas Tel. numeris el. pa\u0161tas Diana Prie\u0161mokyklinis ugdymas Prie\u0161mokyklinis ugdymas (0 5) 2696422 pagrindine@sauletekio.vilniausr.lm.lt Inga Vilien\u0117 Pradinis ugdymas 1 klas\u0117s (0 5) 2696422 pagrindine@sauletekio.vilniausr.lm.lt Inesa Hulbinavichene Pradinis ugdymas 2 klas\u0117s (0 5) 2696422 pagrindine@sauletekio.vilniausr.lm.lt Gintar\u0117 Masalskien\u0117 Pradinis ugdymas 3 klas\u0117s (0 5) 2696422 pagrindine@sauletekio.vilniausr.lm.lt Liudmila&#8230;<\/p>\n<p> <a class=\"continue-reading-link\" href=\"https:\/\/www.sauletekio.vilniausr.lm.lt\/?page_id=14386\"><span>T\u0119sti skaitym\u0105<\/span><i class=\"crycon-right-dir\"><\/i><\/a> <\/p>\n","protected":false},"author":1,"featured_media":0,"parent":14403,"menu_order":1,"comment_status":"closed","ping_status":"closed","template":"templates\/template-onecolumn.php","meta":{"_uag_custom_page_level_css":"","advgb_blocks_editor_width":"","advgb_blocks_columns_visual_guide":"","ngg_post_thumbnail":0,"footnotes":""},"class_list":["post-14386","page","type-page","status-publish","hentry"],"uagb_featured_image_src":{"full":false,"thumbnail":false,"medium":false,"medium_large":false,"large":false,"1536x1536":false,"2048x2048":false,"post-thumbnail":false,"header":false,"slider":false,"columns":false,"custom":false},"uagb_author_info":{"display_name":"admin","author_link":"https:\/\/www.sauletekio.vilniausr.lm.lt\/?author=1"},"uagb_comment_info":0,"uagb_excerpt":"Vardas, pavard\u0117 Mokomas dalykas Klas\u0117s vadovas Tel. numeris el. pa\u0161tas Diana Prie\u0161mokyklinis ugdymas Prie\u0161mokyklinis ugdymas (0 5) 2696422 pagrindine@sauletekio.vilniausr.lm.lt Inga Vilien\u0117 Pradinis ugdymas 1 klas\u0117s (0 5) 2696422 pagrindine@sauletekio.vilniausr.lm.lt Inesa Hulbinavichene Pradinis ugdymas 2 klas\u0117s (0 5) 2696422 pagrindine@sauletekio.vilniausr.lm.lt Gintar\u0117 Masalskien\u0117 Pradinis ugdymas 3 klas\u0117s (0 5) 2696422 pagrindine@sauletekio.vilniausr.lm.lt Liudmila... T\u0119sti skaitym\u0105","coauthors":[],"author_meta":{"author_link":"https:\/\/www.sauletekio.vilniausr.lm.lt\/?author=1","display_name":"admin"},"relative_dates":{"created":"Posted 4 metai ago","modified":"Updated 3 m\u0117nesiai ago"},"absolute_dates":{"created":"Posted on 2022-10-10","modified":"Updated on 2026-01-20"},"absolute_dates_time":{"created":"Posted on 2022-10-10 13:54","modified":"Updated on 2026-01-20 15:10"},"featured_img_caption":"","featured_img":false,"series_order":"","_links":{"self":[{"href":"https:\/\/www.sauletekio.vilniausr.lm.lt\/index.php?rest_route=\/wp\/v2\/pages\/14386","targetHints":{"allow":["GET"]}}],"collection":[{"href":"https:\/\/www.sauletekio.vilniausr.lm.lt\/index.php?rest_route=\/wp\/v2\/pages"}],"about":[{"href":"https:\/\/www.sauletekio.vilniausr.lm.lt\/index.php?rest_route=\/wp\/v2\/types\/page"}],"author":[{"embeddable":true,"href":"https:\/\/www.sauletekio.vilniausr.lm.lt\/index.php?rest_route=\/wp\/v2\/users\/1"}],"replies":[{"embeddable":true,"href":"https:\/\/www.sauletekio.vilniausr.lm.lt\/index.php?rest_route=%2Fwp%2Fv2%2Fcomments&post=14386"}],"version-history":[{"count":15,"href":"https:\/\/www.sauletekio.vilniausr.lm.lt\/index.php?rest_route=\/wp\/v2\/pages\/14386\/revisions"}],"predecessor-version":[{"id":22238,"href":"https:\/\/www.sauletekio.vilniausr.lm.lt\/index.php?rest_route=\/wp\/v2\/pages\/14386\/revisions\/22238"}],"up":[{"embeddable":true,"href":"https:\/\/www.sauletekio.vilniausr.lm.lt\/index.php?rest_route=\/wp\/v2\/pages\/14403"}],"wp:attachment":[{"href":"https:\/\/www.sauletekio.vilniausr.lm.lt\/index.php?rest_route=%2Fwp%2Fv2%2Fmedia&parent=14386"}],"curies":[{"name":"wp","href":"https:\/\/api.w.org\/{rel}","templated":true}]}}