{"id":14403,"date":"2022-10-10T14:13:20","date_gmt":"2022-10-10T12:13:20","guid":{"rendered":"https:\/\/www.sauletekio.vilniausr.lm.lt\/?page_id=14403"},"modified":"2025-10-14T13:39:50","modified_gmt":"2025-10-14T10:39:50","slug":"kiti-darbuotojai","status":"publish","type":"page","link":"https:\/\/www.sauletekio.vilniausr.lm.lt\/?page_id=14403","title":{"rendered":"Mokyklos darbuotojai"},"content":{"rendered":"<div class=\"fcbkbttn_buttons_block\" id=\"fcbkbttn_left\"><div class=\"fcbkbttn_like \"><fb:like href=\"https:\/\/www.sauletekio.vilniausr.lm.lt\/?page_id=14403\" action=\"like\" colorscheme=\"light\" layout=\"button_count\"  size=\"small\"><\/fb:like><\/div><div class=\"fb-share-button  \" data-href=\"https:\/\/www.sauletekio.vilniausr.lm.lt\/?page_id=14403\" data-type=\"button_count\" data-size=\"small\"><\/div><\/div>\n<p class=\"has-text-align-center has-large-font-size\"><strong>Mokytojai ir pagalbos mokiniui specialistai<\/strong><\/p>\n\n\n\n<p class=\"has-text-align-center\">&nbsp;<strong>2022-2023 M. M.<\/strong><\/p>\n\n\n\n<p class=\"has-text-align-center\"><strong>BEZDONI\u0172 \u201eSAUL\u0116TEKIO\u201c PAGRINDIN\u0116S MOKYKLOS MOKYTOJAI IR PAGALBOS MOKINIUI SPECIALISTAI<\/strong><\/p>\n\n\n\n<div class=\"wp-block-uagb-image aligncenter uagb-block-2906693b wp-block-uagb-image--layout-default wp-block-uagb-image--effect-static wp-block-uagb-image--align-center\"><figure class=\"wp-block-uagb-image__figure\"><img decoding=\"async\" srcset=\"https:\/\/www.sauletekio.vilniausr.lm.lt\/wp-content\/uploads\/2025\/10\/s-1024x555.jpg ,https:\/\/www.sauletekio.vilniausr.lm.lt\/wp-content\/uploads\/2025\/10\/s.jpg 780w, https:\/\/www.sauletekio.vilniausr.lm.lt\/wp-content\/uploads\/2025\/10\/s.jpg 360w\" sizes=\"auto, (max-width: 480px) 150px\" src=\"https:\/\/www.sauletekio.vilniausr.lm.lt\/wp-content\/uploads\/2025\/10\/s-1024x555.jpg\" alt=\"\" class=\"uag-image-21685\" width=\"800\" height=\"434\" title=\"s\" loading=\"lazy\" role=\"img\"\/><\/figure><\/div>\n\n\n\n<figure class=\"wp-block-table is-style-stripes\"><table><tbody><tr><td><strong>Mokytojo vardas, pavard\u0117<\/strong><\/td><td><strong>Mokomasis dalykas<\/strong><\/td><td><strong>I\u0161silavinimas \/ kvalifikacin\u0117 kategorija<\/strong><\/td><td><strong>Pareigyb\u0117s apra\u0161ymas<\/strong><\/td><td><strong>Tel. numeris<\/strong><\/td><td><strong>el. pa\u0161to adresas<\/strong><\/td><\/tr><tr><td>Algimantas Baranauskas<\/td><td>\u017dmogaus sauga, vokie\u010di\u0173 kalba<\/td><td>Auk\u0161tasis \/ rus\u0173 kalbos ir vokie\u010di\u0173 kalbos vyresn. mokytojas<\/td><td><a href=\"https:\/\/www.sauletekio.vilniausr.lm.lt\/wp-content\/uploads\/2022\/10\/Nr.-16-Zmogaus-saugos-mokytojas.pdf\" target=\"_blank\" rel=\"noreferrer noopener\">Pareigyb\u0117s apra\u0161ymas<\/a><\/td><td>(05)2696422<\/td><td><a href=\"mailto:algimantas.baranauskas@bezdoniusauletekio.lt\">algimantas.baranauskas@bezdoniusauletekio.lt<\/a><\/td><\/tr><tr><td>Vilma Petrokien\u0117<\/td><td>Lietuvi\u0173 kalba ir literat\u016bra<\/td><td>Auk\u0161tasis \/ Lietuvi\u0173 kalbos vyresn. mokytoja<\/td><td><a href=\"https:\/\/www.sauletekio.vilniausr.lm.lt\/wp-content\/uploads\/2022\/10\/Nr.-7-Lietuviu-kalbos-ir-literaturos-mokytojas-V.-P..pdf\" target=\"_blank\" rel=\"noreferrer noopener\">Pareigyb\u0117s apra\u0161ymas<\/a><\/td><td>(05)2696422<\/td><td><a href=\"mailto:vilma.petrokiene@bezdoniusauletekio.lt\">vilma.petrokiene@bezdoniusauletekio.lt<\/a><\/td><\/tr><tr><td>\u017dana \u010cuividien\u0117<\/td><td>Lietuvi\u0173 kalba ir literat\u016bra<\/td><td>Auk\u0161tasis \/ Lietuvi\u0173 kalbos vyresn. mokytoja<\/td><td><a href=\"https:\/\/www.sauletekio.vilniausr.lm.lt\/wp-content\/uploads\/2022\/10\/Nr.-7-Lietuviu-kalbos-ir-literaturos-mokytojas-Z.-C..pdf\" target=\"_blank\" rel=\"noreferrer noopener\">Pareigyb\u0117s apra\u0161ymas<\/a><\/td><td>(05)2696422<\/td><td><a href=\"mailto:pagrindine@sauletekio.vilniausr.lm.lt\">zana.cuividiene@bezdoniusauletekio.lt<\/a><\/td><\/tr><tr><td>Au\u0161ra Vilimien\u0117<\/td><td>Angl\u0173 kalba<\/td><td>Auk\u0161tasis \/ Angl\u0173 kalbos mokytoja<\/td><td><a href=\"https:\/\/www.sauletekio.vilniausr.lm.lt\/wp-content\/uploads\/2022\/10\/Nr.-1-Anglu-kalbos-mokytojas.pdf\" target=\"_blank\" rel=\"noreferrer noopener\">Pareigyb\u0117s apra\u0161ymas<\/a><\/td><td>(05)2696422<\/td><td><a href=\"mailto:migle.urbanaviciene@bezdoniusauletekio.lt\">ausra.vilimiene@bezdoniusauletekio.lt<\/a><\/td><\/tr><tr><td>Jelena Mincevi\u010d<\/td><td>Rus\u0173 kalba\/spec. pedagog\u0117<\/td><td>Auk\u0161tasis \/ Rus\u0173 kalbos vyresn. mokytoja, spec. pedagog\u0117<\/td><td><a href=\"https:\/\/www.sauletekio.vilniausr.lm.lt\/wp-content\/uploads\/2022\/10\/Nr.-11-Rusu-k.-mokytoja.pdf\" target=\"_blank\" rel=\"noreferrer noopener\">Pareigyb\u0117s apra\u0161ymas<\/a> <a href=\"https:\/\/www.sauletekio.vilniausr.lm.lt\/wp-content\/uploads\/2022\/10\/8-Spec.-pedagogas.pdf\" target=\"_blank\" rel=\"noreferrer noopener\">Spec. pedagogo pareigyb\u0117s apra\u0161ymas<\/a><\/td><td>(05)2696422<\/td><td><a href=\"mailto:jelena.mincevic@bezdoniusauletekio.lt\">jelena.mincevic@bezdoniusauletekio.lt<\/a><\/td><\/tr><tr><td>Stas\u0117 Glebien\u0117<\/td><td>Matematika<\/td><td>Auk\u0161tasis \/ Matematikos vyresn. mokytoja<\/td><td><a href=\"https:\/\/www.sauletekio.vilniausr.lm.lt\/wp-content\/uploads\/2022\/10\/Nr.-9-Matematikos-mokytojas-S.-G..pdf\" target=\"_blank\" rel=\"noreferrer noopener\">Pareigyb\u0117s apra\u0161ymas<\/a><\/td><td>(05)2696422<\/td><td><a href=\"mailto:stase.glebiene@bezdoniusauletekio.lt\">stase.glebiene@bezdoniusauletekio.lt<\/a><\/td><\/tr><tr><td>Raimonda Liukaitien\u0117<\/td><td>Matematika<\/td><td>Matematikos mokytoja<\/td><td><a href=\"https:\/\/www.sauletekio.vilniausr.lm.lt\/wp-content\/uploads\/2022\/10\/Nr.-9-Matematikos-mokytojas-S.-G..pdf\" target=\"_blank\" rel=\"noreferrer noopener\">Pareigyb\u0117s apra\u0161ymas<\/a><\/td><td>(05)2696422<\/td><td><a href=\"mailto:raimonda.liukaitiene@bezdoniusauletekio.lt\">raimonda.liukaitiene@bezdoniusauletekio.lt<\/a><\/td><\/tr><tr><td>Miroslav Vitkovski<\/td><td>Informacin\u0117s<br>technologijos<\/td><td>Auk\u0161tasis \/ informacini\u0173<br>technologij\u0173 mokytojas<br>metodininkas<\/td><td><a href=\"https:\/\/www.sauletekio.vilniausr.lm.lt\/wp-content\/uploads\/2022\/10\/Nr.-8-Informaciniu-technologiju-mokytojas.pdf\" target=\"_blank\" rel=\"noreferrer noopener\">Pareigyb\u0117s apra\u0161ymas<\/a><\/td><td>(05)2696422<\/td><td><a href=\"mailto:pagrindine@sauletekio.vilniausr.lm.lt\">miroslav.vitkovski@bezdoniusauletekio.lt<\/a><\/td><\/tr><tr><td>Sigita \u010ciurlien\u0117<\/td><td>Geografija, biologija, gamta ir \u017emogus, ekonomika<\/td><td>Auk\u0161tasis \/ Geografijos ir biologijos vyresn. mokytoja<\/td><td><a href=\"https:\/\/www.sauletekio.vilniausr.lm.lt\/wp-content\/uploads\/2022\/10\/Nr.-13-Biologijos-geografijos-gamta-ir-zmogusekonomikos-ir-verslumo-mokytojos.pdf\" target=\"_blank\" rel=\"noreferrer noopener\">Pareigyb\u0117s apra\u0161ymas<\/a><\/td><td>(05)2696422<\/td><td><a href=\"mailto:pagrindine@sauletekio.vilniausr.lm.lt\">sigita.ciurliene@bezdoniusauletekio.lt<\/a><\/td><\/tr><tr><td>Milda Da\u0161kevi\u010dien\u0117<\/td><td>Istorija, pilieti\u0161kumo pagrindai, soc. pedagog\u0117<\/td><td>Auk\u0161tasis \/ Istorijos vyresn. mokytoja<\/td><td><a rel=\"noreferrer noopener\" href=\"https:\/\/www.sauletekio.vilniausr.lm.lt\/wp-content\/uploads\/2022\/10\/Nr.-5-Istorijos-mokytojas.pdf\" target=\"_blank\">Pareigyb\u0117s apra\u0161ymas<\/a><br><a rel=\"noreferrer noopener\" href=\"https:\/\/www.sauletekio.vilniausr.lm.lt\/wp-content\/uploads\/2022\/10\/9-Socialinis-pedagogas.pdf\" target=\"_blank\">Soc. pedagogo pareigyb\u0117s apra\u0161ymas<\/a><\/td><td>(05)2696422<\/td><td><a href=\"mailto:pagrindine@sauletekio.vilniausr.lm.lt\">milda.daskeviciene@bezdoniusauletekio.lt<\/a><\/td><\/tr><tr><td>Raimonda Mar\u010diulaitien\u0117<\/td><td>Fizika<\/td><td>Auk\u0161tasis \/ Fizikos vyresn. mokytoja<\/td><td><a href=\"https:\/\/www.sauletekio.vilniausr.lm.lt\/wp-content\/uploads\/2022\/10\/Nr.-4-Fizikos-mokytojas.pdf\" target=\"_blank\" rel=\"noreferrer noopener\">Pareigyb\u0117s apra\u0161ymas<\/a><\/td><td>(05)2696422<\/td><td><a href=\"mailto:pagrindine@sauletekio.vilniausr.lm.lt\">raimonda.marciulaitiene@bezdoniusauletekio.lt<\/a><\/td><\/tr><tr><td>Loreta Vasiliauskien\u0117<\/td><td>Chemija<\/td><td>Auk\u0161tasis \/ Chemijos vyresn. mokytoja<\/td><td><a href=\"https:\/\/www.sauletekio.vilniausr.lm.lt\/wp-content\/uploads\/2022\/10\/Nr.-2-Chemijos-mokytojas.pdf\" target=\"_blank\" rel=\"noreferrer noopener\">Pareigyb\u0117s apra\u0161ymas<\/a><\/td><td>(05)2696422<\/td><td><a href=\"mailto:pagrindine@sauletekio.vilniausr.lm.lt\">loreta.vasiliauskiene@bezdoniusauletekio.lt<\/a><\/td><\/tr><tr><td>Ilona Rainyt\u0117 Stankevi\u010dien\u0117<\/td><td>Dail\u0117 ir technologijos<\/td><td>Auk\u0161tasis \/ Dail\u0117s vyresn. mokytoja<\/td><td><a href=\"https:\/\/www.sauletekio.vilniausr.lm.lt\/wp-content\/uploads\/2022\/10\/Nr.-3-Dailes-ir-technologiju-mokytojas.pdf\" target=\"_blank\" rel=\"noreferrer noopener\">Pareigyb\u0117s apra\u0161ymas<\/a><\/td><td>(05)2696422<\/td><td><a href=\"mailto:pagrindine@sauletekio.vilniausr.lm.lt\">ilona.stankeviciene@bezdoniusauletekio.lt<\/a><\/td><\/tr><tr><td>Justyn Alicki<\/td><td>Fizinis ugdymas<\/td><td>Auk\u0161tasis \/ K\u016bno kult\u016bros vyresn. mokytojas<\/td><td><a href=\"https:\/\/www.sauletekio.vilniausr.lm.lt\/wp-content\/uploads\/2022\/10\/Nr.-6-Fizinio-ugdymo-mokytojas.pdf\" target=\"_blank\" rel=\"noreferrer noopener\">Pareigyb\u0117s apra\u0161ymas<\/a><\/td><td>(05)2696422<\/td><td><a href=\"mailto:pagrindine@sauletekio.vilniausr.lm.lt\">justyn.alicki@bezdoniusauletekio.lt<\/a><\/td><\/tr><tr><td>Gra\u017eina Gricevi\u010dien\u0117<\/td><td>Tikyba, etika<\/td><td>Auk\u0161tasis \/ Tikybos vyresn. mokytoja<\/td><td><a href=\"https:\/\/www.sauletekio.vilniausr.lm.lt\/wp-content\/uploads\/2022\/10\/Nr.-12-Tikybos-mokytoja.pdf\" target=\"_blank\" rel=\"noreferrer noopener\">Pareigyb\u0117s apra\u0161ymas<\/a><\/td><td>(05)2696422<\/td><td><a href=\"mailto:pagrindine@sauletekio.vilniausr.lm.lt\">pagrindine@sauletekio.vilniausr.lm.lt<\/a><\/td><\/tr><tr><td>Diana Tara\u0161kevi\u010d<\/td><td>Prie\u0161mokyklinis ugdymas<\/td><td>Auk\u0161tasis \/ Prie\u0161mokyklinio ugdymo vyresn. mokytoja<\/td><td><a href=\"https:\/\/www.sauletekio.vilniausr.lm.lt\/wp-content\/uploads\/2022\/10\/Nr.-14-Priesmokyklinio-ugdymo-mokytoja-Diana.pdf\">Pareigyb\u0117s apra\u0161ymas<\/a><\/td><td>(05)2696422<\/td><td><a href=\"mailto:pagrindine@sauletekio.vilniausr.lm.lt\">pagrindine@sauletekio.vilniausr.lm.lt<\/a><\/td><\/tr><tr><td>Danguol\u0117 Voini\u010d<\/td><td>Prie\u0161mokyklinis ugdymas<\/td><td>Prie\u0161mokyklinio ugdymo  mokytoja<\/td><td><a href=\"https:\/\/www.sauletekio.vilniausr.lm.lt\/wp-content\/uploads\/2022\/10\/Nr.-14-Priesmokyklinio-ugdymo-mokytoja-Diana.pdf\">Pareigyb\u0117s apra\u0161ymas<\/a><\/td><td>(05)2696422<\/td><td><a href=\"mailto:danguole.voinc@bezdoniusauletekio.lt\">danguole.voinc@bezdoniusauletekio.lt<\/a><\/td><\/tr><tr><td>Liudmila \u0160varcien\u0117<\/td><td>Pradinis ugdymas<\/td><td>Auk\u0161tasis \/ Pradinio ugdymo mokytoja metodinink\u0117<\/td><td><a href=\"https:\/\/www.sauletekio.vilniausr.lm.lt\/wp-content\/uploads\/2022\/10\/Nr.-10-Pradinio-ugdymo-mokytoja-Liuda.pdf\" target=\"_blank\" rel=\"noreferrer noopener\">Pareigyb\u0117s apra\u0161ymas<\/a><\/td><td>(05)2696422<\/td><td><a href=\"mailto:pagrindine@sauletekio.vilniausr.lm.lt\">pagrindine@sauletekio.vilniausr.lm.lt<\/a><\/td><\/tr><tr><td>Inga Vilien\u0117<\/td><td>Pradinis ugdymas<\/td><td>Auk\u0161tasis \/ Pradinio ugdymo vyresn. mokytoja<\/td><td><a href=\"https:\/\/www.sauletekio.vilniausr.lm.lt\/wp-content\/uploads\/2022\/10\/Nr.-10-Pradinio-ugdymo-mokytoja-Inga.pdf\" target=\"_blank\" rel=\"noreferrer noopener\">Pareigyb\u0117s apra\u0161ymas<\/a><\/td><td>(05)2696422<\/td><td><a href=\"mailto:pagrindine@sauletekio.vilniausr.lm.lt\">pagrindine@sauletekio.vilniausr.lm.lt<\/a><\/td><\/tr><tr><td>Gintar\u0117 Masalskien\u0117<\/td><td>Pradinis ugdymas ir muzika<\/td><td>Auk\u0161tasis \/ Pradinio ugdymo ir muzikos mokytoja metodinink\u0117<\/td><td><a href=\"https:\/\/www.sauletekio.vilniausr.lm.lt\/wp-content\/uploads\/2022\/10\/Nr.-10-Pradinio-ugdymo-mokytoja-Gintare.pdf\" target=\"_blank\" rel=\"noreferrer noopener\">Pareigyb\u0117s apra\u0161ymas<\/a><\/td><td>(05)2696422<\/td><td><a href=\"mailto:pagrindine@sauletekio.vilniausr.lm.lt\">pagrindine@sauletekio.vilniausr.lm.lt<\/a><\/td><\/tr><tr><td>Rasita Paplauskien\u0117<\/td><td>Muzika<\/td><td>Auk\u0161tasis \/ vyresn. muzikos mokytoja<\/td><td><a href=\"https:\/\/www.sauletekio.vilniausr.lm.lt\/wp-content\/uploads\/2022\/10\/Nr.-15-Muzikos-mokytojos.pdf\" target=\"_blank\" rel=\"noreferrer noopener\">Pareigyb\u0117s apra\u0161ymas<\/a><\/td><td>(05)2696422<\/td><td><a href=\"mailto:pagrindine@sauletekio.vilniausr.lm.lt\">pagrindine@sauletekio.vilniausr.lm.lt<\/a><\/td><\/tr><tr><td>Eurika Chodosevi\u010dien\u0117<\/td><td>Biologija, gamta ir \u017emogus, gyvenimo \u012fg\u016bd\u017eiai<\/td><td>Auk\u0161tasis \/Biologijos mokytoja<\/td><td>Pareigyb\u0117s apra\u0161ymas<\/td><td>(05)2696422<\/td><td><a href=\"mailto:pagrindine@sauletekio.vilniausr.lm.lt\">pagrindine@sauletekio.vilniausr.lm.lt<\/a><\/td><\/tr><tr><td>Justyna Dacevi\u010d-Aschabova<\/td><td>Angl\u0173 kalba<\/td><td>Auk\u0161tasis \/ angl\u0173 kalbos vyresn. mokytoja<\/td><td>Pareigyb\u0117s apra\u0161ymas<\/td><td>(05)2696422<\/td><td><a href=\"mailto:pagrindine@sauletekio.vilniausr.lm.lt\">pagrindine@sauletekio.vilniausr.lm.lt<\/a><\/td><\/tr><tr><td>Inesa Hulbinavichene<\/td><td>Pradinis ugdymas<\/td><td>Auk\u0161tasis \/ pradinio ugdymo mokytoja<\/td><td>Pareigyb\u0117s apra\u0161ymas<\/td><td>(05)2696422<\/td><td><a href=\"mailto:inesa.hulbinaviciene@bezdoniusauletekio.lt\">inesa.hulbinaviciene@bezdoniusauletekio.lt<\/a><\/td><\/tr><\/tbody><\/table><\/figure>\n\n\n\n<div style=\"height:100px\" aria-hidden=\"true\" class=\"wp-block-spacer\"><\/div>\n\n\n\n<p class=\"has-text-align-center has-large-font-size\"><strong>Klasi\u0173 vadovai<\/strong><\/p>\n\n\n\n<figure class=\"wp-block-table is-style-stripes\"><table><tbody><tr><td><strong>Vardas, pavard\u0117<\/strong><\/td><td><strong>Mokomas dalykas<\/strong><\/td><td><strong>Klas\u0117s vadovas<\/strong><\/td><td><strong>Tel. numeris<\/strong><\/td><td><strong>el. pa\u0161tas<\/strong><\/td><\/tr><tr><td>Diana Tara\u0161kevi\u010d<\/td><td>Prie\u0161mokyklinis ugdymas<\/td><td>Prie\u0161mokyklinis ugdymas<\/td><td>(05)2696422<\/td><td><a href=\"mailto:pagrindine@sauletekio.vilniausr.lm.lt\">pagrindine@sauletekio.vilniausr.lm.lt<\/a><\/td><\/tr><tr><td>Liudmila \u0160varcien\u0117<\/td><td>Pradinis ugdymas<\/td><td>3 klas\u0117s<\/td><td>(05)2696422 &nbsp;<\/td><td><a href=\"mailto:pagrindine@sauletekio.vilniausr.lm.lt\">pagrindine@sauletekio.vilniausr.lm.lt<\/a><\/td><\/tr><tr><td>Inga Vilien\u0117<\/td><td>Pradinis ugdymas<\/td><td>4 klas\u0117s<\/td><td>(05)2696422 &nbsp;<\/td><td><a href=\"mailto:pagrindine@sauletekio.vilniausr.lm.lt\">pagrindine@sauletekio.vilniausr.lm.lt<\/a><\/td><\/tr><tr><td>Gintar\u0117 Masalskien\u0117<\/td><td>Pradinis ugdymas ir muzika<\/td><td>2 klas\u0117s<\/td><td>(05)2696422 &nbsp;<\/td><td><a href=\"mailto:pagrindine@sauletekio.vilniausr.lm.lt\">pagrindine@sauletekio.vilniausr.lm.lt<\/a><\/td><\/tr><tr><td>Inesa Hulbinavichene<\/td><td>Pradinis ugdymas<\/td><td>1 klas\u0117s<\/td><td>(05)2696422<\/td><td><a href=\"mailto:pagrindine@sauletekio.vilniausr.lm.lt\">pagrindine@sauletekio.vilniausr.lm.lt<\/a><\/td><\/tr><tr><td>Ilona Rainyt\u0117 Stankevi\u010dien\u0117<\/td><td>Dail\u0117s ir technologijos<\/td><td>7 klas\u0117s<\/td><td>(05)2696422 &nbsp;<\/td><td><a href=\"mailto:pagrindine@sauletekio.vilniausr.lm.lt\">pagrindine@sauletekio.vilniausr.lm.lt<\/a><\/td><\/tr><tr><td>Eurika Chodosevi\u010dien\u0117<\/td><td>Biologija, gamta ir \u017emogus, gyvenimo \u012fg\u016bd\u017eiai<\/td><td>9 klas\u0117s<\/td><td>(05)2696422 &nbsp;<\/td><td><a href=\"mailto:pagrindine@sauletekio.vilniausr.lm.lt\">pagrindine@sauletekio.vilniausr.lm.lt<\/a><\/td><\/tr><tr><td>Gra\u017eina Gricevi\u010dien\u0117<\/td><td>Tikyba, etika<\/td><td>8 klas\u0117s<\/td><td>(05)2696422 &nbsp;<\/td><td><a href=\"mailto:pagrindine@sauletekio.vilniausr.lm.lt\">pagrindine@sauletekio.vilniausr.lm.lt<\/a><\/td><\/tr><tr><td>\u017dana \u010cuividien\u0117<\/td><td>Lietuvi\u0173 kalba ir literat\u016bra<\/td><td>5, 10 klasi\u0173<\/td><td>(05)2696422 &nbsp;<\/td><td><a href=\"mailto:pagrindine@sauletekio.vilniausr.lm.lt\">pagrindine@sauletekio.vilniausr.lm.lt<\/a><\/td><\/tr><tr><td>Milda Da\u0161kevi\u010dien\u0117<\/td><td>Istorija, pilieti\u0161kumo pagrindai<\/td><td>6 klas\u0117s<\/td><td>(05)2696422 &nbsp;<\/td><td><a href=\"mailto:pagrindine@sauletekio.vilniausr.lm.lt\">pagrindine@sauletekio.vilniausr.lm.lt<\/a><\/td><\/tr><tr><td><\/td><td><\/td><td><\/td><td><\/td><td><\/td><\/tr><\/tbody><\/table><\/figure>\n\n\n\n<div style=\"height:100px\" aria-hidden=\"true\" class=\"wp-block-spacer\"><\/div>\n\n\n\n<p class=\"has-text-align-center has-large-font-size\"><strong>Kiti darbuotojai<\/strong><\/p>\n\n\n\n<figure class=\"wp-block-table is-style-stripes\"><table><tbody><tr><td>Darbuotojo vardas, pavard\u0117<\/td><td>Pareigos<\/td><td>Tel. numeris<\/td><td>el. pa\u0161to adresas<\/td><\/tr><tr><td>Sonata Osipovi\u010d<\/td><td>Sekretor\u0117<\/td><td>(05)2696422 &nbsp;<\/td><td><a href=\"mailto:pagrindine@sauletekio.vilniausr.lm.lt\">pagrindine@sauletekio.vilniausr.lm.lt<\/a><\/td><\/tr><tr><td>Lina Novicka<\/td><td>Bibliotekinink\u0117 \/ Mokinio pad\u0117j\u0117ja<\/td><td>(05)2696422 &nbsp;<\/td><td><a href=\"mailto:pagrindine@sauletekio.vilniausr.lm.lt\">pagrindine@sauletekio.vilniausr.lm.lt<\/a><\/td><\/tr><tr><td>Gra\u017eina Gricevi\u010dien\u0117<\/td><td>Pagalbos mokiniui specialist\u0117<\/td><td>(05)2696422 &nbsp;<\/td><td><a href=\"mailto:pagrindine@sauletekio.vilniausr.lm.lt\">pagrindine@sauletekio.vilniausr.lm.lt<\/a><\/td><\/tr><tr><td>Teresa Jermaliuk<\/td><td>Mokinio pad\u0117j\u0117ja<\/td><td>(05)2696422 &nbsp;<\/td><td><a href=\"mailto:pagrindine@sauletekio.vilniausr.lm.lt\">pagrindine@sauletekio.vilniausr.lm.lt<\/a><\/td><\/tr><tr><td>Marija Latvien\u0117<\/td><td>PUG mokytojo pad\u0117j\u0117ja<\/td><td>(05)2696422 &nbsp;<\/td><td><a href=\"mailto:pagrindine@sauletekio.vilniausr.lm.lt\">pagrindine@sauletekio.vilniausr.lm.lt<\/a><\/td><\/tr><tr><td>Diana Protosevi\u010d<\/td><td>Mokinio pad\u0117j\u0117ja<\/td><td>(05)2696422 &nbsp;<\/td><td><a href=\"mailto:pagrindine@sauletekio.vilniausr.lm.lt\">pagrindine@sauletekio.vilniausr.lm.lt<\/a><\/td><\/tr><tr><td>Romut\u0117 Kvietinskien\u0117<\/td><td>Mokinio pad\u0117j\u0117ja<\/td><td>(05)2696422 <\/td><td><a href=\"mailto:pagrindine@sauletekio.vilniausr.lm.lt\">pagrindine@sauletekio.vilniausr.lm.lt<\/a><\/td><\/tr><tr><td>Eurika Chodosevi\u010dien\u0117<\/td><td>Mokinio pad\u0117j\u0117ja<\/td><td>(05)2696422<\/td><td><a href=\"mailto:pagrindine@sauletekio.vilniausr.lm.lt\">pagrindine@sauletekio.vilniausr.lm.lt<\/a><\/td><\/tr><tr><td>Darius Rinkevi\u010dius<\/td><td>Informatikas-in\u017einierius<\/td><td>(05)2696422 &nbsp;<\/td><td><a href=\"mailto:pagrindine@sauletekio.vilniausr.lm.lt\">pagrindine@sauletekio.vilniausr.lm.lt<\/a><\/td><\/tr><tr><td>Valia \u0160areiko<\/td><td>Vir\u0117ja<\/td><td>(05)2696422 &nbsp;<\/td><td><a href=\"mailto:pagrindine@sauletekio.vilniausr.lm.lt\">pagrindine@sauletekio.vilniausr.lm.lt<\/a><\/td><\/tr><tr><td>Jan Novicki<\/td><td>Vairuotojas<\/td><td>(05)2696422 &nbsp;<\/td><td><a href=\"mailto:pagrindine@sauletekio.vilniausr.lm.lt\">pagrindine@sauletekio.vilniausr.lm.lt<\/a><\/td><\/tr><tr><td>Alina Zadirenkien\u0117<\/td><td>Valytoja \/ Mokinio pad\u0117j\u0117ja<\/td><td>(05)2696422 &nbsp;<\/td><td><a href=\"mailto:pagrindine@sauletekio.vilniausr.lm.lt\">pagrindine@sauletekio.vilniausr.lm.lt<\/a><\/td><\/tr><tr><td>\u010ceslav Nanevi\u010d<\/td><td>Einamo remonto darbininkas<\/td><td>(05)2696422 &nbsp;<\/td><td><a href=\"mailto:pagrindine@sauletekio.vilniausr.lm.lt\">pagrindine@sauletekio.vilniausr.lm.lt<\/a><\/td><\/tr><tr><td>Margarita Tiunaitien\u0117<\/td><td>Kiemsarg\u0117 \/ Einamo remonto darbinink\u0117<\/td><td>(05)2696422 &nbsp;<\/td><td><a href=\"mailto:pagrindine@sauletekio.vilniausr.lm.lt\">pagrindine@sauletekio.vilniausr.lm.lt<\/a><\/td><\/tr><tr><td>Danuta Ravoitien\u0117<\/td><td>Sargas<\/td><td>(05)2696422 &nbsp;<\/td><td><a href=\"mailto:pagrindine@sauletekio.vilniausr.lm.lt\">pagrindine@sauletekio.vilniausr.lm.lt<\/a><\/td><\/tr><tr><td>Miroslavas Lukoitis<\/td><td>Sargas<\/td><td>(05)2696422 &nbsp;<\/td><td><a href=\"mailto:pagrindine@sauletekio.vilniausr.lm.lt\">pagrindine@sauletekio.vilniausr.lm.lt<\/a><\/td><\/tr><\/tbody><\/table><\/figure>\n","protected":false},"excerpt":{"rendered":"<p>Mokytojai ir pagalbos mokiniui specialistai &nbsp;2022-2023 M. M. BEZDONI\u0172 \u201eSAUL\u0116TEKIO\u201c PAGRINDIN\u0116S MOKYKLOS MOKYTOJAI IR PAGALBOS MOKINIUI SPECIALISTAI Mokytojo vardas, pavard\u0117 Mokomasis dalykas I\u0161silavinimas \/ kvalifikacin\u0117 kategorija Pareigyb\u0117s apra\u0161ymas Tel. numeris el. pa\u0161to adresas Algimantas Baranauskas \u017dmogaus sauga, vokie\u010di\u0173 kalba Auk\u0161tasis \/ rus\u0173 kalbos ir vokie\u010di\u0173 kalbos vyresn. mokytojas Pareigyb\u0117s apra\u0161ymas&#8230;<\/p>\n<p> <a class=\"continue-reading-link\" href=\"https:\/\/www.sauletekio.vilniausr.lm.lt\/?page_id=14403\"><span>T\u0119sti skaitym\u0105<\/span><i class=\"crycon-right-dir\"><\/i><\/a> <\/p>\n","protected":false},"author":1,"featured_media":0,"parent":632,"menu_order":3,"comment_status":"closed","ping_status":"closed","template":"templates\/template-onecolumn.php","meta":{"_uag_custom_page_level_css":"","advgb_blocks_editor_width":"","advgb_blocks_columns_visual_guide":"","ngg_post_thumbnail":0,"footnotes":""},"class_list":["post-14403","page","type-page","status-publish","hentry"],"uagb_featured_image_src":{"full":false,"thumbnail":false,"medium":false,"medium_large":false,"large":false,"1536x1536":false,"2048x2048":false,"post-thumbnail":false,"header":false,"slider":false,"columns":false,"custom":false},"uagb_author_info":{"display_name":"admin","author_link":"https:\/\/www.sauletekio.vilniausr.lm.lt\/?author=1"},"uagb_comment_info":0,"uagb_excerpt":"Mokytojai ir pagalbos mokiniui specialistai &nbsp;2022-2023 M. M. BEZDONI\u0172 \u201eSAUL\u0116TEKIO\u201c PAGRINDIN\u0116S MOKYKLOS MOKYTOJAI IR PAGALBOS MOKINIUI SPECIALISTAI Mokytojo vardas, pavard\u0117 Mokomasis dalykas I\u0161silavinimas \/ kvalifikacin\u0117 kategorija Pareigyb\u0117s apra\u0161ymas Tel. numeris el. pa\u0161to adresas Algimantas Baranauskas \u017dmogaus sauga, vokie\u010di\u0173 kalba Auk\u0161tasis \/ rus\u0173 kalbos ir vokie\u010di\u0173 kalbos vyresn. mokytojas Pareigyb\u0117s apra\u0161ymas... T\u0119sti skaitym\u0105","coauthors":[],"author_meta":{"author_link":"https:\/\/www.sauletekio.vilniausr.lm.lt\/?author=1","display_name":"admin"},"relative_dates":{"created":"Posted 3 metai ago","modified":"Updated 6 m\u0117nesiai ago"},"absolute_dates":{"created":"Posted on 2022-10-10","modified":"Updated on 2025-10-14"},"absolute_dates_time":{"created":"Posted on 2022-10-10 14:13","modified":"Updated on 2025-10-14 13:39"},"featured_img_caption":"","featured_img":false,"series_order":"","_links":{"self":[{"href":"https:\/\/www.sauletekio.vilniausr.lm.lt\/index.php?rest_route=\/wp\/v2\/pages\/14403","targetHints":{"allow":["GET"]}}],"collection":[{"href":"https:\/\/www.sauletekio.vilniausr.lm.lt\/index.php?rest_route=\/wp\/v2\/pages"}],"about":[{"href":"https:\/\/www.sauletekio.vilniausr.lm.lt\/index.php?rest_route=\/wp\/v2\/types\/page"}],"author":[{"embeddable":true,"href":"https:\/\/www.sauletekio.vilniausr.lm.lt\/index.php?rest_route=\/wp\/v2\/users\/1"}],"replies":[{"embeddable":true,"href":"https:\/\/www.sauletekio.vilniausr.lm.lt\/index.php?rest_route=%2Fwp%2Fv2%2Fcomments&post=14403"}],"version-history":[{"count":13,"href":"https:\/\/www.sauletekio.vilniausr.lm.lt\/index.php?rest_route=\/wp\/v2\/pages\/14403\/revisions"}],"predecessor-version":[{"id":21688,"href":"https:\/\/www.sauletekio.vilniausr.lm.lt\/index.php?rest_route=\/wp\/v2\/pages\/14403\/revisions\/21688"}],"up":[{"embeddable":true,"href":"https:\/\/www.sauletekio.vilniausr.lm.lt\/index.php?rest_route=\/wp\/v2\/pages\/632"}],"wp:attachment":[{"href":"https:\/\/www.sauletekio.vilniausr.lm.lt\/index.php?rest_route=%2Fwp%2Fv2%2Fmedia&parent=14403"}],"curies":[{"name":"wp","href":"https:\/\/api.w.org\/{rel}","templated":true}]}}