{"id":14406,"date":"2022-10-10T14:16:30","date_gmt":"2022-10-10T12:16:30","guid":{"rendered":"https:\/\/www.sauletekio.vilniausr.lm.lt\/?page_id=14406"},"modified":"2026-01-20T15:26:15","modified_gmt":"2026-01-20T12:26:15","slug":"komisijos-ir-darbo-grupes","status":"publish","type":"page","link":"https:\/\/www.sauletekio.vilniausr.lm.lt\/?page_id=14406","title":{"rendered":"Komisijos ir darbo grup\u0117s"},"content":{"rendered":"<div class=\"fcbkbttn_buttons_block\" id=\"fcbkbttn_left\"><div class=\"fcbkbttn_like \"><fb:like href=\"https:\/\/www.sauletekio.vilniausr.lm.lt\/?page_id=14406\" action=\"like\" colorscheme=\"light\" layout=\"button_count\"  size=\"small\"><\/fb:like><\/div><div class=\"fb-share-button  \" data-href=\"https:\/\/www.sauletekio.vilniausr.lm.lt\/?page_id=14406\" data-type=\"button_count\" data-size=\"small\"><\/div><\/div>\n<p><strong>Vaiko gerov\u0117s<\/strong><strong> <\/strong><strong>komisija:<\/strong><\/p>\n\n\n\n<p><strong>Komisijos pirminink\u0117<\/strong>&nbsp;\u2013 Vilma Petrokien\u0117, direktoriaus pavaduotoja ugdymui ir lietuvi\u0173 kalbos ir literat\u016bros vyresnioji mokytoja.<\/p>\n\n\n\n<p><strong>Komisijos pirminink\u0117s pavaduotoja ir sekretor\u0117<\/strong>&nbsp;\u2013 Milda Da\u0161kevi\u010dien\u0117, socialin\u0117 pedagog\u0117 ir istorijos vyresnioji mokytoja.<\/p>\n\n\n\n<p><strong>Nariai:<\/strong><br>Jelena Mincevi\u010d, specialioji pedagog\u0117;<\/p>\n\n\n\n<p>Gra\u017eina Simelien\u0117, logoped\u0117;<\/p>\n\n\n\n<p>Sigita \u010ciurlien\u0117, geografijos vyresnioji mokytoja, specialioji pedagog\u0117.<\/p>\n\n\n\n<p><a href=\"https:\/\/www.sauletekio.vilniausr.lm.lt\/wp-content\/uploads\/2024\/09\/Vaiko-geroves-komisijos-darbo-organizavimo-tvarkos-aprasas.pdf\" target=\"_blank\" rel=\"noreferrer noopener\">VAIKO GEROV\u0116S KOMISIJOS DARBO ORGANIZAVIMO TVARKOS APRA\u0160AS<\/a><br><a href=\"https:\/\/www.sauletekio.vilniausr.lm.lt\/wp-content\/uploads\/2022\/10\/Komisijos-darbo-reglamentas.pdf\" target=\"_blank\" rel=\"noreferrer noopener\">VAIKO GEROV\u0116S KOMISIJOS DARBO REGLAMENTAS<\/a><\/p>\n\n\n\n<p><strong>Mokini\u0173 pri\u0117mimo komisija:<\/strong><\/p>\n\n\n\n<p><strong>Pirmininkas<\/strong> \u2013 Algimantas Baranauskas, direktorius;<\/p>\n\n\n\n<p><strong>Nariai:<\/strong><br>Vilma Petrokien\u0117, direktoriaus pavaduotoja ugdymui, lietuvi\u0173 kalbos ir literat\u016bros vyresnioji mokytoja;<br>Milda Da\u0161kevi\u010dien\u0117, socialin\u0117 pedagog\u0117, istorijos vyresnioji mokytoja.<\/p>\n\n\n\n<p><a href=\"https:\/\/www.sauletekio.vilniausr.lm.lt\/wp-content\/uploads\/2022\/10\/Mokiniu-vaiku-priemimo-i-Vilniaus-r.-Bezdoniu-Sauletekio-pagrindine-mokykla-komisijos-darbo-tvarkos-aprasas.pdf\" target=\"_blank\" rel=\"noreferrer noopener\">MOKINI\u0172 (VAIK\u0172) PRI\u0116MIMO \u012e MOKYKL\u0104 KOMISIJOS DARBO&nbsp; TVARKOS APRA\u0160AS<\/a><br><a href=\"https:\/\/www.sauletekio.vilniausr.lm.lt\/wp-content\/uploads\/2022\/10\/Mokiniu-vaiku-riemimo-i-Vilniaus-r.-Bezdoniu-Sauletekio-pagrindine-mokykla-tvarkos-aprasas.pdf\" target=\"_blank\" rel=\"noreferrer noopener\">MOKINI\u0172 (VAIK\u0172) PRI\u0116MIMO \u012e MOKYKL\u0104 TVARKOS APRA\u0160AS<\/a><\/p>\n\n\n\n<p><\/p>\n\n\n\n<p><a rel=\"noreferrer noopener\" href=\"https:\/\/www.sauletekio.vilniausr.lm.lt\/wp-content\/uploads\/2022\/10\/Vilniaus-r.-Bezdoniu-Sauletekio-pagrindines-mokyklos-apgaules-ir-korupcijos-prevencijos-politika.pdf\" target=\"_blank\">VILNIAUS R. BEZDONI\u0172 \u201eSAUL\u0116TEKIO\u201c PAGRINDIN\u0116S MOKYKLOS<\/a><a href=\"https:\/\/www.sauletekio.vilniausr.lm.lt\/wp-content\/uploads\/2022\/10\/Vilniaus-r.-Bezdoniu-Sauletekio-pagrindines-mokyklos-apgaules-ir-korupcijos-prevencijos-politika.pdf\" target=\"_blank\" rel=\"noreferrer noopener\"> <\/a><a rel=\"noreferrer noopener\" href=\"https:\/\/www.sauletekio.vilniausr.lm.lt\/wp-content\/uploads\/2022\/10\/Vilniaus-r.-Bezdoniu-Sauletekio-pagrindines-mokyklos-apgaules-ir-korupcijos-prevencijos-politika.pdf\" target=\"_blank\">APGAUL\u0116S IR KORUPCIJOS PREVENCIJOS POLITIKA<\/a><\/p>\n\n\n\n<p><strong>Vie\u0161\u0173j\u0173 pirkim\u0173 komisija:<\/strong><br><strong>Pirkim\u0173 organizator\u0117<\/strong> \u2013 Rimut\u0117 Lukoitien\u0117, \u016bkved\u0117;<\/p>\n\n\n\n<p><strong>Nariai:<\/strong><br>Darius Rinkevi\u010dius, informatikas-in\u017einierius;<br>Sonata Osipovi\u010d, sekretor\u0117.<\/p>\n\n\n\n<p><a href=\"https:\/\/www.sauletekio.vilniausr.lm.lt\/wp-content\/uploads\/2023\/04\/Viesuju-pirkimu-organizavimo-tvarka.pdf\" target=\"_blank\" rel=\"noreferrer noopener\">VIE\u0160\u0172J\u0172 PIRKIM\u0172 ORGANIZAVIMO TVARKA<\/a><\/p>\n","protected":false},"excerpt":{"rendered":"<p>Vaiko gerov\u0117s komisija: Komisijos pirminink\u0117&nbsp;\u2013 Vilma Petrokien\u0117, direktoriaus pavaduotoja ugdymui ir lietuvi\u0173 kalbos ir literat\u016bros vyresnioji mokytoja. Komisijos pirminink\u0117s pavaduotoja ir sekretor\u0117&nbsp;\u2013 Milda Da\u0161kevi\u010dien\u0117, socialin\u0117 pedagog\u0117 ir istorijos vyresnioji mokytoja. Nariai:Jelena Mincevi\u010d, specialioji pedagog\u0117; Gra\u017eina Simelien\u0117, logoped\u0117; Sigita \u010ciurlien\u0117, geografijos vyresnioji mokytoja, specialioji pedagog\u0117. VAIKO GEROV\u0116S KOMISIJOS DARBO ORGANIZAVIMO TVARKOS&#8230;<\/p>\n<p> <a class=\"continue-reading-link\" href=\"https:\/\/www.sauletekio.vilniausr.lm.lt\/?page_id=14406\"><span>T\u0119sti skaitym\u0105<\/span><i class=\"crycon-right-dir\"><\/i><\/a> <\/p>\n","protected":false},"author":1,"featured_media":0,"parent":632,"menu_order":4,"comment_status":"closed","ping_status":"closed","template":"","meta":{"_uag_custom_page_level_css":"","advgb_blocks_editor_width":"","advgb_blocks_columns_visual_guide":"","ngg_post_thumbnail":0,"footnotes":""},"class_list":["post-14406","page","type-page","status-publish","hentry"],"uagb_featured_image_src":{"full":false,"thumbnail":false,"medium":false,"medium_large":false,"large":false,"1536x1536":false,"2048x2048":false,"post-thumbnail":false,"header":false,"slider":false,"columns":false,"custom":false},"uagb_author_info":{"display_name":"admin","author_link":"https:\/\/www.sauletekio.vilniausr.lm.lt\/?author=1"},"uagb_comment_info":0,"uagb_excerpt":"Vaiko gerov\u0117s komisija: Komisijos pirminink\u0117&nbsp;\u2013 Vilma Petrokien\u0117, direktoriaus pavaduotoja ugdymui ir lietuvi\u0173 kalbos ir literat\u016bros vyresnioji mokytoja. Komisijos pirminink\u0117s pavaduotoja ir sekretor\u0117&nbsp;\u2013 Milda Da\u0161kevi\u010dien\u0117, socialin\u0117 pedagog\u0117 ir istorijos vyresnioji mokytoja. Nariai:Jelena Mincevi\u010d, specialioji pedagog\u0117; Gra\u017eina Simelien\u0117, logoped\u0117; Sigita \u010ciurlien\u0117, geografijos vyresnioji mokytoja, specialioji pedagog\u0117. VAIKO GEROV\u0116S KOMISIJOS DARBO ORGANIZAVIMO TVARKOS... T\u0119sti skaitym\u0105","coauthors":[],"author_meta":{"author_link":"https:\/\/www.sauletekio.vilniausr.lm.lt\/?author=1","display_name":"admin"},"relative_dates":{"created":"Posted 4 metai ago","modified":"Updated 4 m\u0117nesiai ago"},"absolute_dates":{"created":"Posted on 2022-10-10","modified":"Updated on 2026-01-20"},"absolute_dates_time":{"created":"Posted on 2022-10-10 14:16","modified":"Updated on 2026-01-20 15:26"},"featured_img_caption":"","featured_img":false,"series_order":"","_links":{"self":[{"href":"https:\/\/www.sauletekio.vilniausr.lm.lt\/index.php?rest_route=\/wp\/v2\/pages\/14406","targetHints":{"allow":["GET"]}}],"collection":[{"href":"https:\/\/www.sauletekio.vilniausr.lm.lt\/index.php?rest_route=\/wp\/v2\/pages"}],"about":[{"href":"https:\/\/www.sauletekio.vilniausr.lm.lt\/index.php?rest_route=\/wp\/v2\/types\/page"}],"author":[{"embeddable":true,"href":"https:\/\/www.sauletekio.vilniausr.lm.lt\/index.php?rest_route=\/wp\/v2\/users\/1"}],"replies":[{"embeddable":true,"href":"https:\/\/www.sauletekio.vilniausr.lm.lt\/index.php?rest_route=%2Fwp%2Fv2%2Fcomments&post=14406"}],"version-history":[{"count":11,"href":"https:\/\/www.sauletekio.vilniausr.lm.lt\/index.php?rest_route=\/wp\/v2\/pages\/14406\/revisions"}],"predecessor-version":[{"id":22242,"href":"https:\/\/www.sauletekio.vilniausr.lm.lt\/index.php?rest_route=\/wp\/v2\/pages\/14406\/revisions\/22242"}],"up":[{"embeddable":true,"href":"https:\/\/www.sauletekio.vilniausr.lm.lt\/index.php?rest_route=\/wp\/v2\/pages\/632"}],"wp:attachment":[{"href":"https:\/\/www.sauletekio.vilniausr.lm.lt\/index.php?rest_route=%2Fwp%2Fv2%2Fmedia&parent=14406"}],"curies":[{"name":"wp","href":"https:\/\/api.w.org\/{rel}","templated":true}]}}