{"id":14412,"date":"2022-10-10T14:26:01","date_gmt":"2022-10-10T12:26:01","guid":{"rendered":"https:\/\/www.sauletekio.vilniausr.lm.lt\/?page_id=14412"},"modified":"2026-01-20T15:29:01","modified_gmt":"2026-01-20T12:29:01","slug":"savivalda","status":"publish","type":"page","link":"https:\/\/www.sauletekio.vilniausr.lm.lt\/?page_id=14412","title":{"rendered":"Savivalda"},"content":{"rendered":"<div class=\"fcbkbttn_buttons_block\" id=\"fcbkbttn_left\"><div class=\"fcbkbttn_like \"><fb:like href=\"https:\/\/www.sauletekio.vilniausr.lm.lt\/?page_id=14412\" action=\"like\" colorscheme=\"light\" layout=\"button_count\"  size=\"small\"><\/fb:like><\/div><div class=\"fb-share-button  \" data-href=\"https:\/\/www.sauletekio.vilniausr.lm.lt\/?page_id=14412\" data-type=\"button_count\" data-size=\"small\"><\/div><\/div>\n<p>Mokyklos taryba \u2013 auk\u0161\u010diausioji mokyklos savivaldos institucija, sudaryta i\u0161 mokini\u0173, mokytoj\u0173, t\u0117v\u0173 (glob\u0117j\u0173, r\u016bpintoj\u0173) ir vietos bendruomen\u0117s atstov\u0173. U\u017e savo veikl\u0105 mokyklos taryba atsiskaito j\u0105 rinkusiems mokyklos bendruomen\u0117s nariams. Taip pat mokykloje veikia ir kitos mokyklos savivaldos institucijos:<\/p>\n\n\n\n<div class=\"wp-block-uagb-tabs uagb-block-6d10ca2b uagb-tabs__wrap uagb-tabs__hstyle1-desktop uagb-tabs__vstyle6-tablet uagb-tabs__stack1-mobile\" data-tab-active=\"0\"><ul class=\"uagb-tabs__panel uagb-tabs__align-left\" role=\"tablist\"><li class=\"uagb-tab uagb-tabs__active\" role=\"none\"><a href=\"#uagb-tabs__tab0\" class=\"uagb-tabs-list uagb-tabs__icon-position-left\" data-tab=\"0\" role=\"tab\"><div>MOKYKLOS TARYBA<\/div><\/a><\/li><li class=\"uagb-tab \" role=\"none\"><a href=\"#uagb-tabs__tab1\" class=\"uagb-tabs-list uagb-tabs__icon-position-left\" data-tab=\"1\" role=\"tab\"><div>DARBO TARYBA<\/div><\/a><\/li><li class=\"uagb-tab \" role=\"none\"><a href=\"#uagb-tabs__tab2\" class=\"uagb-tabs-list uagb-tabs__icon-position-left\" data-tab=\"2\" role=\"tab\"><div>MOKINI\u0172 TARYBA<\/div><\/a><\/li><li class=\"uagb-tab \" role=\"none\"><a href=\"#uagb-tabs__tab3\" class=\"uagb-tabs-list uagb-tabs__icon-position-left\" data-tab=\"3\" role=\"tab\"><div>MOKYTOJ\u0172 METODINIS CENTAS<\/div><\/a><\/li><\/ul><div class=\"uagb-tabs__body-wrap\">\n<div class=\"wp-block-uagb-tabs-child uagb-tabs__body-container uagb-inner-tab-0\" aria-labelledby=\"uagb-tabs__tab0\">\n<ol class=\"wp-block-list\">\n<li><strong>\u017dana \u010cuividien\u0117 \u2013 pirminink\u0117;<\/strong><\/li>\n\n\n\n<li>Milda Da\u0161kevi\u010dien\u0117;<\/li>\n\n\n\n<li>Gintar\u0117 Masalskien\u0117;<\/li>\n\n\n\n<li>Justyna Grau\u017einien\u0117;<\/li>\n\n\n\n<li>Irena Charkovien\u0117;<\/li>\n\n\n\n<li>Deimant\u0117 Kukenyt\u0117;<\/li>\n\n\n\n<li>Natas Bosijakas.<\/li>\n<\/ol>\n\n\n\n<p><\/p>\n\n\n\n<p><a href=\"https:\/\/www.sauletekio.vilniausr.lm.lt\/wp-content\/uploads\/2022\/12\/Mokyklos-tarybos-nuostatai.pdf\" target=\"_blank\" rel=\"noreferrer noopener\">MOKYKLOS TARYBOS NUOSTATAI<\/a><\/p>\n<\/div>\n\n\n\n<div class=\"wp-block-uagb-tabs-child uagb-tabs__body-container uagb-inner-tab-1\" aria-labelledby=\"uagb-tabs__tab1\">\n<p>Pirminink\u0117 \u2013 istorijos vyresnioji mokytoja, soc. pedagog\u0117 Milda Da\u0161kevi\u010dien\u0117;<br>Sekretor\u0117 \u2013 sekretor\u0117 Inga Vilien\u0117;<br>Nar\u0117 \u2013 lietuvi\u0173 kalbos ir literat\u016bros vyresnioji mokytoja \u017dana \u010cuividien\u0117.<\/p>\n\n\n\n<p><\/p>\n\n\n\n<p><a href=\"https:\/\/www.sauletekio.vilniausr.lm.lt\/wp-content\/uploads\/2022\/12\/Darbo-tarybos-veiklos-reglamentas.pdf\" target=\"_blank\" rel=\"noreferrer noopener\">DARBO TARYBOS VEIKLOS REGLAMENTAS<\/a><\/p>\n<\/div>\n\n\n\n<div class=\"wp-block-uagb-tabs-child uagb-tabs__body-container uagb-inner-tab-2\" aria-labelledby=\"uagb-tabs__tab2\">\n<p><strong>Pirmininkas \u2013 Natas Bosijakas (10 kl.).<\/strong><\/p>\n\n\n\n<p><strong>Nariai:<\/strong><\/p>\n\n\n\n<figure class=\"wp-block-table is-style-stripes\"><table><tbody><tr><td>1.<\/td><td>Surnova Mariia<\/td><td>5 kl.                                                       <\/td><\/tr><tr><td>2.<\/td><td>Va\u0161\u010di\u016bnas Markas<\/td><td>5 kl.<\/td><\/tr><tr><td>3.<\/td><td>Grau\u017einis Augustas<\/td><td>6 kl.<\/td><\/tr><tr><td>4.<\/td><td>Kapo\u010di\u016bt\u0117 Medeina<\/td><td>6 kl.<\/td><\/tr><tr><td>5.<\/td><td>Bedalyt\u0117 Laura<\/td><td>7 kl.<\/td><\/tr><tr><td>6.<\/td><td>Lukoityt\u0117 Karolina<\/td><td>7 kl.<\/td><\/tr><tr><td>7.<\/td><td>Lauci\u016bt\u0117 Emilija<\/td><td>8 kl.<\/td><\/tr><tr><td>8.<\/td><td>Lazauskait\u0117 Milda<\/td><td>8 kl.<\/td><\/tr><tr><td>9.<\/td><td>Gasperovi\u010d Kamil\u0117<\/td><td>9 kl.<\/td><\/tr><tr><td>10.<\/td><td>Lavrinovi\u010d Damian<\/td><td>9 kl.<\/td><\/tr><tr><td>11.<\/td><td>Kaveckas Izidorius<\/td><td>10 kl.<\/td><\/tr><\/tbody><\/table><\/figure>\n\n\n\n<p><a href=\"https:\/\/www.sauletekio.vilniausr.lm.lt\/wp-content\/uploads\/2024\/09\/8-priedas-Mokiniu-tarybos-veiklos-planas.pdf\" target=\"_blank\" rel=\"noreferrer noopener\">MOKINI\u0172 TARYBOS 2024\u20132025 MOKSLO MET\u0172 VEIKLOS PLANAS<\/a><\/p>\n<\/div>\n\n\n\n<div class=\"wp-block-uagb-tabs-child uagb-tabs__body-container uagb-inner-tab-3\" aria-labelledby=\"uagb-tabs__tab3\">\n<p>Pirminink\u0117 \u2013 Vilma Petrokien\u0117 \u2013 direktoriaus pavaduotoja ugdymui, lietuvi\u0173 kalbos ir literat\u016bros vyresnioji mokytoja;<\/p>\n\n\n\n<p>Pirmininko pavaduotoja, sekretor\u0117 \u2013 Liudmila \u0160varcien\u0117 \u2013 pradinio ugdymo mokytoja metodinink\u0117;<\/p>\n\n\n\n<p>Nariai:<\/p>\n\n\n\n<p>Gintar\u0117 Masalskien\u0117 \u2013 pradinio ugdymo mokytoja metodinink\u0117;<\/p>\n\n\n\n<p>Inga Vilien\u0117 \u2013 pradinio ugdymo vyresnioji mokytoja;<\/p>\n\n\n\n<p>\u017dana \u010cuividien\u0117 \u2013 lietuvi\u0173 kalbos ir literat\u016bros vyresnioji mokytoja;<\/p>\n\n\n\n<p>Ilona Rainyt\u0117 Stankevi\u010dien\u0117 \u2013 dail\u0117s vyresnioji, technologij\u0173 mokytoja;<\/p>\n\n\n\n<p>Milda Da\u0161kevi\u010dien\u0117 \u2013 istorijos vyresnioji mokytoja, soc. pedagog\u0117;<\/p>\n\n\n\n<p>Inesa Hulbinavichene \u2013 pradinio ugdymo mokytoja.<\/p>\n\n\n\n<p><a href=\"https:\/\/www.sauletekio.vilniausr.lm.lt\/wp-content\/uploads\/2026\/01\/4-priedas-Metodinio-centro-planas.pdf\" target=\"_blank\" rel=\"noreferrer noopener\">Metodinio centro planas 2025-2026<\/a><\/p>\n<\/div>\n<\/div><\/div>\n\n\n\n<p><\/p>\n","protected":false},"excerpt":{"rendered":"<p>Mokyklos taryba \u2013 auk\u0161\u010diausioji mokyklos savivaldos institucija, sudaryta i\u0161 mokini\u0173, mokytoj\u0173, t\u0117v\u0173 (glob\u0117j\u0173, r\u016bpintoj\u0173) ir vietos bendruomen\u0117s atstov\u0173. U\u017e savo veikl\u0105 mokyklos taryba atsiskaito j\u0105 rinkusiems mokyklos bendruomen\u0117s nariams. Taip pat mokykloje veikia ir kitos mokyklos savivaldos institucijos:<\/p>\n<p> <a class=\"continue-reading-link\" href=\"https:\/\/www.sauletekio.vilniausr.lm.lt\/?page_id=14412\"><span>T\u0119sti skaitym\u0105<\/span><i class=\"crycon-right-dir\"><\/i><\/a> <\/p>\n","protected":false},"author":1,"featured_media":0,"parent":632,"menu_order":5,"comment_status":"closed","ping_status":"closed","template":"","meta":{"_uag_custom_page_level_css":"","advgb_blocks_editor_width":"","advgb_blocks_columns_visual_guide":"","ngg_post_thumbnail":0,"footnotes":"[]"},"class_list":["post-14412","page","type-page","status-publish","hentry"],"uagb_featured_image_src":{"full":false,"thumbnail":false,"medium":false,"medium_large":false,"large":false,"1536x1536":false,"2048x2048":false,"post-thumbnail":false,"header":false,"slider":false,"columns":false,"custom":false},"uagb_author_info":{"display_name":"admin","author_link":"https:\/\/www.sauletekio.vilniausr.lm.lt\/?author=1"},"uagb_comment_info":0,"uagb_excerpt":"Mokyklos taryba \u2013 auk\u0161\u010diausioji mokyklos savivaldos institucija, sudaryta i\u0161 mokini\u0173, mokytoj\u0173, t\u0117v\u0173 (glob\u0117j\u0173, r\u016bpintoj\u0173) ir vietos bendruomen\u0117s atstov\u0173. U\u017e savo veikl\u0105 mokyklos taryba atsiskaito j\u0105 rinkusiems mokyklos bendruomen\u0117s nariams. Taip pat mokykloje veikia ir kitos mokyklos savivaldos institucijos: T\u0119sti skaitym\u0105","coauthors":[],"author_meta":{"author_link":"https:\/\/www.sauletekio.vilniausr.lm.lt\/?author=1","display_name":"admin"},"relative_dates":{"created":"Posted 4 metai ago","modified":"Updated 3 m\u0117nesiai ago"},"absolute_dates":{"created":"Posted on 2022-10-10","modified":"Updated on 2026-01-20"},"absolute_dates_time":{"created":"Posted on 2022-10-10 14:26","modified":"Updated on 2026-01-20 15:29"},"featured_img_caption":"","featured_img":false,"series_order":"","_links":{"self":[{"href":"https:\/\/www.sauletekio.vilniausr.lm.lt\/index.php?rest_route=\/wp\/v2\/pages\/14412","targetHints":{"allow":["GET"]}}],"collection":[{"href":"https:\/\/www.sauletekio.vilniausr.lm.lt\/index.php?rest_route=\/wp\/v2\/pages"}],"about":[{"href":"https:\/\/www.sauletekio.vilniausr.lm.lt\/index.php?rest_route=\/wp\/v2\/types\/page"}],"author":[{"embeddable":true,"href":"https:\/\/www.sauletekio.vilniausr.lm.lt\/index.php?rest_route=\/wp\/v2\/users\/1"}],"replies":[{"embeddable":true,"href":"https:\/\/www.sauletekio.vilniausr.lm.lt\/index.php?rest_route=%2Fwp%2Fv2%2Fcomments&post=14412"}],"version-history":[{"count":25,"href":"https:\/\/www.sauletekio.vilniausr.lm.lt\/index.php?rest_route=\/wp\/v2\/pages\/14412\/revisions"}],"predecessor-version":[{"id":22244,"href":"https:\/\/www.sauletekio.vilniausr.lm.lt\/index.php?rest_route=\/wp\/v2\/pages\/14412\/revisions\/22244"}],"up":[{"embeddable":true,"href":"https:\/\/www.sauletekio.vilniausr.lm.lt\/index.php?rest_route=\/wp\/v2\/pages\/632"}],"wp:attachment":[{"href":"https:\/\/www.sauletekio.vilniausr.lm.lt\/index.php?rest_route=%2Fwp%2Fv2%2Fmedia&parent=14412"}],"curies":[{"name":"wp","href":"https:\/\/api.w.org\/{rel}","templated":true}]}}