{"id":14445,"date":"2022-10-11T11:42:02","date_gmt":"2022-10-11T09:42:02","guid":{"rendered":"https:\/\/www.sauletekio.vilniausr.lm.lt\/?page_id=14445"},"modified":"2026-01-20T15:17:40","modified_gmt":"2026-01-20T12:17:40","slug":"kiti-darbuotojai-2","status":"publish","type":"page","link":"https:\/\/www.sauletekio.vilniausr.lm.lt\/?page_id=14445","title":{"rendered":"Kiti darbuotojai"},"content":{"rendered":"<div class=\"fcbkbttn_buttons_block\" id=\"fcbkbttn_left\"><div class=\"fcbkbttn_like \"><fb:like href=\"https:\/\/www.sauletekio.vilniausr.lm.lt\/?page_id=14445\" action=\"like\" colorscheme=\"light\" layout=\"button_count\"  size=\"small\"><\/fb:like><\/div><div class=\"fb-share-button  \" data-href=\"https:\/\/www.sauletekio.vilniausr.lm.lt\/?page_id=14445\" data-type=\"button_count\" data-size=\"small\"><\/div><\/div>\n<figure class=\"wp-block-table is-style-stripes has-small-font-size advgb-dyn-18b7ca3d\"><table><tbody><tr><td>Vardas, pavard\u0117<\/td><td>Pareigos<\/td><td>Tel. numeris<\/td><td>el. pa\u0161to adresas<\/td><\/tr><tr><td>Sonata Osipovi\u010d<\/td><td>Sekretor\u0117<\/td><td>(0 5) 2696422<\/td><td><a href=\"mailto:pagrindine@sauletekio.vilniausr.lm.lt\">sonata.osipovic@bezdoniusauletekio.lt<\/a><\/td><\/tr><tr><td>Lina Novicka<\/td><td>Bibliotekinink\u0117 \/ Mokinio pad\u0117j\u0117ja<\/td><td>(0 5) 2696422<\/td><td><a href=\"mailto:pagrindine@sauletekio.vilniausr.lm.lt\">lina.novicka@bezdoniusauletekio.lt<\/a><\/td><\/tr><tr><td>Gra\u017eina Gricevi\u010dien\u0117<\/td><td>Pagalbos mokiniui specialist\u0117<\/td><td>(0 5) 2696422<\/td><td><a href=\"mailto:pagrindine@sauletekio.vilniausr.lm.lt\">grazina.griceviciene@bezdoniusauletekio.lt<\/a><\/td><\/tr><tr><td>Marija Latvien\u0117<\/td><td>PUG mokytojo pad\u0117j\u0117ja<\/td><td>(0 5) 2696422<\/td><td><a href=\"mailto:pagrindine@sauletekio.vilniausr.lm.lt\">marija.latviene@bezdoniusauletekio.lt<\/a><\/td><\/tr><tr><td>Simona \u010cuividait\u0117<\/td><td>Mokinio pad\u0117j\u0117ja<\/td><td>(0 5) 2696422<\/td><td><a href=\"mailto:pagrindine@sauletekio.vilniausr.lm.lt\">pagrindine@sauletekio.vilniausr.lm.lt<\/a><\/td><\/tr><tr><td>Romut\u0117 Kvietinskien\u0117<\/td><td>Mokinio pad\u0117j\u0117ja<\/td><td>(0 5) 2696422<\/td><td><a href=\"mailto:pagrindine@sauletekio.vilniausr.lm.lt\">pagrindine@sauletekio.vilniausr.lm.lt<\/a><\/td><\/tr><tr><td>Diana Protosevi\u010d<\/td><td>Mokinio pad\u0117j\u0117ja<\/td><td>(0 5) 2696422<\/td><td><a href=\"mailto:pagrindine@sauletekio.vilniausr.lm.lt\">pagrindine@sauletekio.vilniausr.lm.lt<\/a><\/td><\/tr><tr><td>Virginija Radzevi\u010d<\/td><td>Mokinio pad\u0117j\u0117ja<\/td><td>(0 5) 2696422<\/td><td><a href=\"mailto:pagrindine@sauletekio.vilniausr.lm.lt\">pagrindine@sauletekio.vilniausr.lm.lt<\/a><\/td><\/tr><tr><td>Teresa Jermaliuk<\/td><td>Mokinio pad\u0117j\u0117ja<\/td><td>(0 5) 2696422<\/td><td><a href=\"mailto:pagrindine@sauletekio.vilniausr.lm.lt\">pagrindine@sauletekio.vilniausr.lm.lt<\/a><\/td><\/tr><tr><td>Eurika Chodosevi\u010dien\u0117<\/td><td>Mokinio pad\u0117j\u0117ja<\/td><td>(0 5) 2696422<\/td><td><a href=\"mailto:pagrindine@sauletekio.vilniausr.lm.lt\">pagrindine@sauletekio.vilniausr.lm.lt<\/a><\/td><\/tr><tr><td>Darius Rinkevi\u010dius<\/td><td>Informatikas-in\u017einierius<\/td><td>(0 5) 2696422<\/td><td><a href=\"mailto:pagrindine@sauletekio.vilniausr.lm.lt\">pagrindine@sauletekio.vilniausr.lm.lt<\/a><\/td><\/tr><tr><td>Valia \u0160areiko<\/td><td>Vir\u0117ja<\/td><td>(0 5) 2696422<\/td><td><a href=\"mailto:pagrindine@sauletekio.vilniausr.lm.lt\">pagrindine@sauletekio.vilniausr.lm.lt<\/a><\/td><\/tr><tr><td>Jan Novicki<\/td><td>Vairuotojas<\/td><td>(0 5) 2696422<\/td><td><a href=\"mailto:pagrindine@sauletekio.vilniausr.lm.lt\">pagrindine@sauletekio.vilniausr.lm.lt<\/a><\/td><\/tr><tr><td>Jelena Veromej<\/td><td>Valytoja<\/td><td>(0 5) 2696422<\/td><td><a href=\"mailto:pagrindine@sauletekio.vilniausr.lm.lt\">pagrindine@sauletekio.vilniausr.lm.lt<\/a><\/td><\/tr><tr><td>Alina Zadirenkien\u0117<\/td><td>Mokinio pad\u0117j\u0117ja<\/td><td>(0 5) 2696422<\/td><td><a href=\"mailto:pagrindine@sauletekio.vilniausr.lm.lt\">pagrindine@sauletekio.vilniausr.lm.lt<\/a><\/td><\/tr><tr><td>Juzef Vansovi\u010d<\/td><td>Kiemsargis \/ Einamo remonto darbininkas<\/td><td>(0 5) 2696422<\/td><td><a href=\"mailto:pagrindine@sauletekio.vilniausr.lm.lt\">pagrindine@sauletekio.vilniausr.lm.lt<\/a><\/td><\/tr><tr><td>\u010ceslav Nanevi\u010d<\/td><td>Einamo remonto darbininkas<\/td><td>(0 5) 2696422<\/td><td><a href=\"mailto:pagrindine@sauletekio.vilniausr.lm.lt\">pagrindine@sauletekio.vilniausr.lm.lt<\/a><\/td><\/tr><tr><td>Danuta Ravoitien\u0117<\/td><td>Sargas<\/td><td>(0 5) 2696422<\/td><td><a href=\"mailto:pagrindine@sauletekio.vilniausr.lm.lt\">pagrindine@sauletekio.vilniausr.lm.lt<\/a><\/td><\/tr><tr><td>Miroslavas Lukoitis<\/td><td>Sargas<\/td><td>(0 5) 2696422<\/td><td><a href=\"mailto:pagrindine@sauletekio.vilniausr.lm.lt\">pagrindine@sauletekio.vilniausr.lm.lt<\/a><\/td><\/tr><\/tbody><\/table><\/figure>\n","protected":false},"excerpt":{"rendered":"<p>Vardas, pavard\u0117 Pareigos Tel. numeris el. pa\u0161to adresas Sonata Osipovi\u010d Sekretor\u0117 (0 5) 2696422 sonata.osipovic@bezdoniusauletekio.lt Lina Novicka Bibliotekinink\u0117 \/ Mokinio pad\u0117j\u0117ja (0 5) 2696422 lina.novicka@bezdoniusauletekio.lt Gra\u017eina Gricevi\u010dien\u0117 Pagalbos mokiniui specialist\u0117 (0 5) 2696422 grazina.griceviciene@bezdoniusauletekio.lt Marija Latvien\u0117 PUG mokytojo pad\u0117j\u0117ja (0 5) 2696422 marija.latviene@bezdoniusauletekio.lt Simona \u010cuividait\u0117 Mokinio pad\u0117j\u0117ja (0 5) 2696422&#8230;<\/p>\n<p> <a class=\"continue-reading-link\" href=\"https:\/\/www.sauletekio.vilniausr.lm.lt\/?page_id=14445\"><span>T\u0119sti skaitym\u0105<\/span><i class=\"crycon-right-dir\"><\/i><\/a> <\/p>\n","protected":false},"author":1,"featured_media":0,"parent":14403,"menu_order":2,"comment_status":"closed","ping_status":"closed","template":"","meta":{"_uag_custom_page_level_css":"","advgb_blocks_editor_width":"","advgb_blocks_columns_visual_guide":"","ngg_post_thumbnail":0,"footnotes":""},"class_list":["post-14445","page","type-page","status-publish","hentry"],"uagb_featured_image_src":{"full":false,"thumbnail":false,"medium":false,"medium_large":false,"large":false,"1536x1536":false,"2048x2048":false,"post-thumbnail":false,"header":false,"slider":false,"columns":false,"custom":false},"uagb_author_info":{"display_name":"admin","author_link":"https:\/\/www.sauletekio.vilniausr.lm.lt\/?author=1"},"uagb_comment_info":0,"uagb_excerpt":"Vardas, pavard\u0117 Pareigos Tel. numeris el. pa\u0161to adresas Sonata Osipovi\u010d Sekretor\u0117 (0 5) 2696422 sonata.osipovic@bezdoniusauletekio.lt Lina Novicka Bibliotekinink\u0117 \/ Mokinio pad\u0117j\u0117ja (0 5) 2696422 lina.novicka@bezdoniusauletekio.lt Gra\u017eina Gricevi\u010dien\u0117 Pagalbos mokiniui specialist\u0117 (0 5) 2696422 grazina.griceviciene@bezdoniusauletekio.lt Marija Latvien\u0117 PUG mokytojo pad\u0117j\u0117ja (0 5) 2696422 marija.latviene@bezdoniusauletekio.lt Simona \u010cuividait\u0117 Mokinio pad\u0117j\u0117ja (0 5) 2696422... T\u0119sti skaitym\u0105","coauthors":[],"author_meta":{"author_link":"https:\/\/www.sauletekio.vilniausr.lm.lt\/?author=1","display_name":"admin"},"relative_dates":{"created":"Posted 3 metai ago","modified":"Updated 3 m\u0117nesiai ago"},"absolute_dates":{"created":"Posted on 2022-10-11","modified":"Updated on 2026-01-20"},"absolute_dates_time":{"created":"Posted on 2022-10-11 11:42","modified":"Updated on 2026-01-20 15:17"},"featured_img_caption":"","featured_img":false,"series_order":"","_links":{"self":[{"href":"https:\/\/www.sauletekio.vilniausr.lm.lt\/index.php?rest_route=\/wp\/v2\/pages\/14445","targetHints":{"allow":["GET"]}}],"collection":[{"href":"https:\/\/www.sauletekio.vilniausr.lm.lt\/index.php?rest_route=\/wp\/v2\/pages"}],"about":[{"href":"https:\/\/www.sauletekio.vilniausr.lm.lt\/index.php?rest_route=\/wp\/v2\/types\/page"}],"author":[{"embeddable":true,"href":"https:\/\/www.sauletekio.vilniausr.lm.lt\/index.php?rest_route=\/wp\/v2\/users\/1"}],"replies":[{"embeddable":true,"href":"https:\/\/www.sauletekio.vilniausr.lm.lt\/index.php?rest_route=%2Fwp%2Fv2%2Fcomments&post=14445"}],"version-history":[{"count":18,"href":"https:\/\/www.sauletekio.vilniausr.lm.lt\/index.php?rest_route=\/wp\/v2\/pages\/14445\/revisions"}],"predecessor-version":[{"id":22240,"href":"https:\/\/www.sauletekio.vilniausr.lm.lt\/index.php?rest_route=\/wp\/v2\/pages\/14445\/revisions\/22240"}],"up":[{"embeddable":true,"href":"https:\/\/www.sauletekio.vilniausr.lm.lt\/index.php?rest_route=\/wp\/v2\/pages\/14403"}],"wp:attachment":[{"href":"https:\/\/www.sauletekio.vilniausr.lm.lt\/index.php?rest_route=%2Fwp%2Fv2%2Fmedia&parent=14445"}],"curies":[{"name":"wp","href":"https:\/\/api.w.org\/{rel}","templated":true}]}}