{"id":14482,"date":"2022-10-13T08:37:19","date_gmt":"2022-10-13T06:37:19","guid":{"rendered":"https:\/\/www.sauletekio.vilniausr.lm.lt\/?page_id=14482"},"modified":"2023-06-06T10:01:45","modified_gmt":"2023-06-06T08:01:45","slug":"mokykla-siandien-2","status":"publish","type":"page","link":"https:\/\/www.sauletekio.vilniausr.lm.lt\/?page_id=14482","title":{"rendered":"Mokykla \u0161iandien"},"content":{"rendered":"<div class=\"fcbkbttn_buttons_block\" id=\"fcbkbttn_left\"><div class=\"fcbkbttn_like \"><fb:like href=\"https:\/\/www.sauletekio.vilniausr.lm.lt\/?page_id=14482\" action=\"like\" colorscheme=\"light\" layout=\"button_count\"  size=\"small\"><\/fb:like><\/div><div class=\"fb-share-button  \" data-href=\"https:\/\/www.sauletekio.vilniausr.lm.lt\/?page_id=14482\" data-type=\"button_count\" data-size=\"small\"><\/div><\/div>\n<p>Virtualus turas parengtas Vilniaus verslo kolegijos (arba kitaip VVK) Interaktyvi\u0173 medij\u0173 ir technologij\u0173 3 kurso studento Dariaus Pe\u010diul.<\/p>\n\n\n\n<p><a href=\"https:\/\/kuula.co\/share\/collection\/7F2Rf?logo=1&amp;info=1&amp;fs=1&amp;vr=0&amp;zoom=1&amp;sd=1&amp;thumbs=3\">https:\/\/kuula.co\/share\/collection\/7F2Rf?logo=1&amp;info=1&amp;fs=1&amp;vr=0&amp;zoom=1&amp;sd=1&amp;thumbs=3<\/a><\/p>\n","protected":false},"excerpt":{"rendered":"<p>Virtualus turas parengtas Vilniaus verslo kolegijos (arba kitaip VVK) Interaktyvi\u0173 medij\u0173 ir technologij\u0173 3 kurso studento Dariaus Pe\u010diul. https:\/\/kuula.co\/share\/collection\/7F2Rf?logo=1&amp;info=1&amp;fs=1&amp;vr=0&amp;zoom=1&amp;sd=1&amp;thumbs=3<\/p>\n<p> <a class=\"continue-reading-link\" href=\"https:\/\/www.sauletekio.vilniausr.lm.lt\/?page_id=14482\"><span>T\u0119sti skaitym\u0105<\/span><i class=\"crycon-right-dir\"><\/i><\/a> <\/p>\n","protected":false},"author":1,"featured_media":0,"parent":2,"menu_order":1,"comment_status":"closed","ping_status":"closed","template":"","meta":{"_uag_custom_page_level_css":"","advgb_blocks_editor_width":"","advgb_blocks_columns_visual_guide":"","ngg_post_thumbnail":0,"footnotes":""},"class_list":["post-14482","page","type-page","status-publish","hentry"],"uagb_featured_image_src":{"full":false,"thumbnail":false,"medium":false,"medium_large":false,"large":false,"1536x1536":false,"2048x2048":false,"post-thumbnail":false,"header":false,"slider":false,"columns":false,"custom":false},"uagb_author_info":{"display_name":"admin","author_link":"https:\/\/www.sauletekio.vilniausr.lm.lt\/?author=1"},"uagb_comment_info":0,"uagb_excerpt":"Virtualus turas parengtas Vilniaus verslo kolegijos (arba kitaip VVK) Interaktyvi\u0173 medij\u0173 ir technologij\u0173 3 kurso studento Dariaus Pe\u010diul. https:\/\/kuula.co\/share\/collection\/7F2Rf?logo=1&amp;info=1&amp;fs=1&amp;vr=0&amp;zoom=1&amp;sd=1&amp;thumbs=3 T\u0119sti skaitym\u0105","coauthors":[],"author_meta":{"author_link":"https:\/\/www.sauletekio.vilniausr.lm.lt\/?author=1","display_name":"admin"},"relative_dates":{"created":"Posted 4 metai ago","modified":"Updated 3 metai ago"},"absolute_dates":{"created":"Posted on 2022-10-13","modified":"Updated on 2023-06-06"},"absolute_dates_time":{"created":"Posted on 2022-10-13 8:37","modified":"Updated on 2023-06-06 10:01"},"featured_img_caption":"","featured_img":false,"series_order":"","_links":{"self":[{"href":"https:\/\/www.sauletekio.vilniausr.lm.lt\/index.php?rest_route=\/wp\/v2\/pages\/14482","targetHints":{"allow":["GET"]}}],"collection":[{"href":"https:\/\/www.sauletekio.vilniausr.lm.lt\/index.php?rest_route=\/wp\/v2\/pages"}],"about":[{"href":"https:\/\/www.sauletekio.vilniausr.lm.lt\/index.php?rest_route=\/wp\/v2\/types\/page"}],"author":[{"embeddable":true,"href":"https:\/\/www.sauletekio.vilniausr.lm.lt\/index.php?rest_route=\/wp\/v2\/users\/1"}],"replies":[{"embeddable":true,"href":"https:\/\/www.sauletekio.vilniausr.lm.lt\/index.php?rest_route=%2Fwp%2Fv2%2Fcomments&post=14482"}],"version-history":[{"count":3,"href":"https:\/\/www.sauletekio.vilniausr.lm.lt\/index.php?rest_route=\/wp\/v2\/pages\/14482\/revisions"}],"predecessor-version":[{"id":16652,"href":"https:\/\/www.sauletekio.vilniausr.lm.lt\/index.php?rest_route=\/wp\/v2\/pages\/14482\/revisions\/16652"}],"up":[{"embeddable":true,"href":"https:\/\/www.sauletekio.vilniausr.lm.lt\/index.php?rest_route=\/wp\/v2\/pages\/2"}],"wp:attachment":[{"href":"https:\/\/www.sauletekio.vilniausr.lm.lt\/index.php?rest_route=%2Fwp%2Fv2%2Fmedia&parent=14482"}],"curies":[{"name":"wp","href":"https:\/\/api.w.org\/{rel}","templated":true}]}}