{"id":14485,"date":"2022-10-13T08:47:32","date_gmt":"2022-10-13T06:47:32","guid":{"rendered":"https:\/\/www.sauletekio.vilniausr.lm.lt\/?page_id=14485"},"modified":"2026-01-20T15:31:24","modified_gmt":"2026-01-20T12:31:24","slug":"es-projektai","status":"publish","type":"page","link":"https:\/\/www.sauletekio.vilniausr.lm.lt\/?page_id=14485","title":{"rendered":"ES projektai"},"content":{"rendered":"<div class=\"fcbkbttn_buttons_block\" id=\"fcbkbttn_left\"><div class=\"fcbkbttn_like \"><fb:like href=\"https:\/\/www.sauletekio.vilniausr.lm.lt\/?page_id=14485\" action=\"like\" colorscheme=\"light\" layout=\"button_count\"  size=\"small\"><\/fb:like><\/div><div class=\"fb-share-button  \" data-href=\"https:\/\/www.sauletekio.vilniausr.lm.lt\/?page_id=14485\" data-type=\"button_count\" data-size=\"small\"><\/div><\/div>\n<p>ESF projektas \u201eSaugios elektronin\u0117s erdv\u0117s vaikams k\u016brimas\u201c (Pr. Nr. 09.2.1-ESFA-V-726-05-0001)<\/p>\n\n\n\n<p>Vilniaus rajono savivaldyb\u0117s \u0161vietimo \u012fstaigose vykdoma veikla<\/p>\n\n\n\n<figure class=\"wp-block-table is-style-stripes\"><table><tbody><tr><td><strong>Eil. nr.<\/strong><\/td><td><strong>\u0160vietimo \u012fstaigos pavadinimas<\/strong><\/td><td><strong>Tarptautiniai projektai<\/strong><\/td><td><strong>Respublikiniai projektai<\/strong><\/td><\/tr><tr><td>1.<\/td><td rowspan=\"3\">Vilniaus r. Bezdoni\u0173 \u201eSaul\u0117tekio\u201c pagrindin\u0117 mokykla<\/td><td>&nbsp;<\/td><td>Projektas ,,Emocinio ra\u0161tingumo gerinimas per meno intervencij\u0105\u201c<\/td><\/tr><tr><td>2.<\/td><td>&nbsp;<\/td><td>Projekto ,,Skaitmenin\u0117s \u0161vietimo transformacijos\u201c programa ,,Karjeros keliai\u201c (SPOTISELF)<\/td><\/tr><tr><td>3.<\/td><td>&nbsp;<\/td><td>Projektas ,,Dideli ma\u017ei ekranai\u201c &nbsp;<\/td><\/tr><\/tbody><\/table><\/figure>\n","protected":false},"excerpt":{"rendered":"<p>ESF projektas \u201eSaugios elektronin\u0117s erdv\u0117s vaikams k\u016brimas\u201c (Pr. Nr. 09.2.1-ESFA-V-726-05-0001) Vilniaus rajono savivaldyb\u0117s \u0161vietimo \u012fstaigose vykdoma veikla Eil. nr. \u0160vietimo \u012fstaigos pavadinimas Tarptautiniai projektai Respublikiniai projektai 1. Vilniaus r. Bezdoni\u0173 \u201eSaul\u0117tekio\u201c pagrindin\u0117 mokykla &nbsp; Projektas ,,Emocinio ra\u0161tingumo gerinimas per meno intervencij\u0105\u201c 2. &nbsp; Projekto ,,Skaitmenin\u0117s \u0161vietimo transformacijos\u201c programa ,,Karjeros keliai\u201c&#8230;<\/p>\n<p> <a class=\"continue-reading-link\" href=\"https:\/\/www.sauletekio.vilniausr.lm.lt\/?page_id=14485\"><span>T\u0119sti skaitym\u0105<\/span><i class=\"crycon-right-dir\"><\/i><\/a> <\/p>\n","protected":false},"author":1,"featured_media":0,"parent":2,"menu_order":2,"comment_status":"closed","ping_status":"closed","template":"","meta":{"_uag_custom_page_level_css":"","advgb_blocks_editor_width":"","advgb_blocks_columns_visual_guide":"","ngg_post_thumbnail":0,"footnotes":""},"class_list":["post-14485","page","type-page","status-publish","hentry"],"uagb_featured_image_src":{"full":false,"thumbnail":false,"medium":false,"medium_large":false,"large":false,"1536x1536":false,"2048x2048":false,"post-thumbnail":false,"header":false,"slider":false,"columns":false,"custom":false},"uagb_author_info":{"display_name":"admin","author_link":"https:\/\/www.sauletekio.vilniausr.lm.lt\/?author=1"},"uagb_comment_info":0,"uagb_excerpt":"ESF projektas \u201eSaugios elektronin\u0117s erdv\u0117s vaikams k\u016brimas\u201c (Pr. Nr. 09.2.1-ESFA-V-726-05-0001) Vilniaus rajono savivaldyb\u0117s \u0161vietimo \u012fstaigose vykdoma veikla Eil. nr. \u0160vietimo \u012fstaigos pavadinimas Tarptautiniai projektai Respublikiniai projektai 1. Vilniaus r. Bezdoni\u0173 \u201eSaul\u0117tekio\u201c pagrindin\u0117 mokykla &nbsp; Projektas ,,Emocinio ra\u0161tingumo gerinimas per meno intervencij\u0105\u201c 2. &nbsp; Projekto ,,Skaitmenin\u0117s \u0161vietimo transformacijos\u201c programa ,,Karjeros keliai\u201c... T\u0119sti skaitym\u0105","coauthors":[],"author_meta":{"author_link":"https:\/\/www.sauletekio.vilniausr.lm.lt\/?author=1","display_name":"admin"},"relative_dates":{"created":"Posted 4 metai ago","modified":"Updated 3 m\u0117nesiai ago"},"absolute_dates":{"created":"Posted on 2022-10-13","modified":"Updated on 2026-01-20"},"absolute_dates_time":{"created":"Posted on 2022-10-13 8:47","modified":"Updated on 2026-01-20 15:31"},"featured_img_caption":"","featured_img":false,"series_order":"","_links":{"self":[{"href":"https:\/\/www.sauletekio.vilniausr.lm.lt\/index.php?rest_route=\/wp\/v2\/pages\/14485","targetHints":{"allow":["GET"]}}],"collection":[{"href":"https:\/\/www.sauletekio.vilniausr.lm.lt\/index.php?rest_route=\/wp\/v2\/pages"}],"about":[{"href":"https:\/\/www.sauletekio.vilniausr.lm.lt\/index.php?rest_route=\/wp\/v2\/types\/page"}],"author":[{"embeddable":true,"href":"https:\/\/www.sauletekio.vilniausr.lm.lt\/index.php?rest_route=\/wp\/v2\/users\/1"}],"replies":[{"embeddable":true,"href":"https:\/\/www.sauletekio.vilniausr.lm.lt\/index.php?rest_route=%2Fwp%2Fv2%2Fcomments&post=14485"}],"version-history":[{"count":4,"href":"https:\/\/www.sauletekio.vilniausr.lm.lt\/index.php?rest_route=\/wp\/v2\/pages\/14485\/revisions"}],"predecessor-version":[{"id":22245,"href":"https:\/\/www.sauletekio.vilniausr.lm.lt\/index.php?rest_route=\/wp\/v2\/pages\/14485\/revisions\/22245"}],"up":[{"embeddable":true,"href":"https:\/\/www.sauletekio.vilniausr.lm.lt\/index.php?rest_route=\/wp\/v2\/pages\/2"}],"wp:attachment":[{"href":"https:\/\/www.sauletekio.vilniausr.lm.lt\/index.php?rest_route=%2Fwp%2Fv2%2Fmedia&parent=14485"}],"curies":[{"name":"wp","href":"https:\/\/api.w.org\/{rel}","templated":true}]}}