{"id":14502,"date":"2022-10-13T09:07:18","date_gmt":"2022-10-13T07:07:18","guid":{"rendered":"https:\/\/www.sauletekio.vilniausr.lm.lt\/?page_id=14502"},"modified":"2023-05-23T20:05:36","modified_gmt":"2023-05-23T18:05:36","slug":"savivaldybes-teises-aktai-reglamentuojantys-svietima","status":"publish","type":"page","link":"https:\/\/www.sauletekio.vilniausr.lm.lt\/?page_id=14502","title":{"rendered":"Savivaldyb\u0117s teis\u0117s aktai, reglamentuojantys \u0161vietim\u0105"},"content":{"rendered":"<div class=\"fcbkbttn_buttons_block\" id=\"fcbkbttn_left\"><div class=\"fcbkbttn_like \"><fb:like href=\"https:\/\/www.sauletekio.vilniausr.lm.lt\/?page_id=14502\" action=\"like\" colorscheme=\"light\" layout=\"button_count\"  size=\"small\"><\/fb:like><\/div><div class=\"fb-share-button  \" data-href=\"https:\/\/www.sauletekio.vilniausr.lm.lt\/?page_id=14502\" data-type=\"button_count\" data-size=\"small\"><\/div><\/div>\n<p>Centralizuoto vaik\u0173 pri\u0117mimo \u012f \u0160vietimo, mokslo ir sporto ministerijos ir Vilniaus rajono savivaldyb\u0117s \u0161vietimo \u012fstaig\u0173 ikimokyklinio ir prie\u0161mokyklinio ugdymo grupes organizavimo tvarkos apra\u0161as<\/p>\n\n\n\n<p><a href=\"https:\/\/www.e-tar.lt\/portal\/lt\/legalAct\/be50cce07cc511eb9601893677bfd7d8\">https:\/\/www.e-tar.lt\/portal\/lt\/legalAct\/be50cce07cc511eb9601893677bfd7d8<\/a><\/p>\n\n\n\n<p>Vilniaus rajono savivaldyb\u0117s ikimokyklinio ir bendrojo ugdymo mokykl\u0173 prie\u0161mokyklinio ugdymo organizavimo modeli\u0173 apra\u0161as<\/p>\n\n\n\n<p><a href=\"https:\/\/www.e-tar.lt\/portal\/lt\/legalAct\/64b306c0ba0111eb8c24980b2b0e0fef\">https:\/\/www.e-tar.lt\/portal\/lt\/legalAct\/64b306c0ba0111eb8c24980b2b0e0fef<\/a><\/p>\n\n\n\n<p>Mokes\u010dio u\u017e vaiko maitinim\u0105 ir ugdymo reikmi\u0173 tenkinim\u0105 Vilniaus rajono savivaldyb\u0117s \u0161vietimo \u012fstaigose, \u012fgyvendinan\u010diose ikimokyklinio ir prie\u0161mokyklinio ugdymo programas, nustatymo tvarkos apra\u0161as<\/p>\n\n\n\n<p><a href=\"https:\/\/www.e-tar.lt\/portal\/lt\/legalAct\/7bf8d610608d11e79198ffdb108a3753\/asr\">https:\/\/www.e-tar.lt\/portal\/lt\/legalAct\/7bf8d610608d11e79198ffdb108a3753\/asr<\/a><\/p>\n\n\n\n<p>Pri\u0117mimo \u012f Vilniaus rajono savivaldyb\u0117s bendrojo ugdymo mokyklas tvarkos apra\u0161as <a href=\"https:\/\/www.e-tar.lt\/portal\/lt\/legalAct\/a3ed7ce04d6411ea8aceeadd0c5b168c\">https:\/\/www.e-tar.lt\/portal\/lt\/legalAct\/a3ed7ce04d6411ea8aceeadd0c5b168c<\/a><\/p>\n\n\n\n<p>Vilniaus rajono savivaldyb\u0117s teritorijoje gyvenan\u010di\u0173 vaik\u0173 apskaitos tvarkos apra\u0161as <a href=\"https:\/\/www.e-tar.lt\/portal\/lt\/legalAct\/933f8530e9ca11e99681cd81dcdca52c\">https:\/\/www.e-tar.lt\/portal\/lt\/legalAct\/933f8530e9ca11e99681cd81dcdca52c<\/a> &nbsp;<\/p>\n\n\n\n<p>Maitinimo organizavimo Vilniaus rajono savivaldyb\u0117s bendrojo ugdymo mokyklose tvarkos apra\u0161as<\/p>\n\n\n\n<p><a href=\"https:\/\/www.e-tar.lt\/portal\/lt\/legalAct\/74662f40444811eb8d9fe110e148c770\">https:\/\/www.e-tar.lt\/portal\/lt\/legalAct\/74662f40444811eb8d9fe110e148c770<\/a><\/p>\n\n\n\n<p>Mokini\u0173 nemokamo maitinimo mokyklose ir Paramos mokinio reikmenims \u012fsigyti tvarkos apra\u0161ai<\/p>\n\n\n\n<p><a href=\"https:\/\/www.e-tar.lt\/portal\/lt\/legalAct\/75765a502e9b11e9b66f85227a03f7a3\">https:\/\/www.e-tar.lt\/portal\/lt\/legalAct\/75765a502e9b11e9b66f85227a03f7a3<\/a><\/p>\n\n\n\n<p>Mokini\u0173 pav\u0117\u017e\u0117jimo t\u0117v\u0173 (glob\u0117j\u0173, r\u016bpintoj\u0173), priva\u010diu transportu organizavimo ir kelion\u0117s i\u0161laid\u0173 kompensavimo tvarkos apra\u0161as<\/p>\n\n\n\n<p><a href=\"https:\/\/www.e-tar.lt\/portal\/lt\/legalAct\/4495f8e1850611ecbd43a994b3e2e1cb\">https:\/\/www.e-tar.lt\/portal\/lt\/legalAct\/4495f8e1850611ecbd43a994b3e2e1cb<\/a><\/p>\n\n\n\n<p>Mokini\u0173 ve\u017eiojimo Vilniaus rajone specialiaisiais reisais tvarkos apra\u0161as<\/p>\n\n\n\n<p><a href=\"https:\/\/www.e-tar.lt\/portal\/lt\/legalAct\/64c466f0e0dd11ec8d9390588bf2de65\">https:\/\/www.e-tar.lt\/portal\/lt\/legalAct\/64c466f0e0dd11ec8d9390588bf2de65<\/a><\/p>\n\n\n\n<p>Vilniaus rajono savivaldyb\u0117s teritorijoje esan\u010di\u0173 mokykl\u0173 mokini\u0173 ve\u017eiojimo reguliaraus susisiekimo, mokykliniais autobusais, keleiviniais traukiniais ir j\u0173 kelion\u0117s i\u0161laid\u0173 kompensavimo tvarkos apra\u0161as<\/p>\n\n\n\n<p><a href=\"https:\/\/www.e-tar.lt\/portal\/lt\/legalAct\/SAV.518884\">https:\/\/www.e-tar.lt\/portal\/lt\/legalAct\/SAV.518884<\/a><\/p>\n\n\n\n<p>D\u0117l teis\u0117s \u012fsigyti va\u017eiavimo biliet\u0105 su nuolaida mokiniams<\/p>\n\n\n\n<p><a href=\"https:\/\/www.e-tar.lt\/portal\/lt\/legalAct\/69fde250840211ecbd43a994b3e2e1cb\">https:\/\/www.e-tar.lt\/portal\/lt\/legalAct\/69fde250840211ecbd43a994b3e2e1cb<\/a><\/p>\n\n\n\n<p>Mokini\u0173 pri\u0117mimo \u012f Vilniaus rajono neformaliojo vaik\u0173 \u0161vietimo mokyklas ir formal\u0173j\u012f \u0161vietim\u0105 papildan\u010dio ugdymo mokyklas tvarkos apra\u0161as<\/p>\n\n\n\n<p><a href=\"https:\/\/www.e-tar.lt\/portal\/lt\/legalAct\/ba2479b0469a11e7846ef01bfffb9b64\">https:\/\/www.e-tar.lt\/portal\/lt\/legalAct\/ba2479b0469a11e7846ef01bfffb9b64<\/a><\/p>\n\n\n\n<p>Mokes\u010dio u\u017e formal\u0173j\u012f \u0161vietim\u0105 papildant\u012f ugdym\u0105 ir neformal\u0173j\u012f vaik\u0173 \u0161vietim\u0105 Vilniaus rajono savivaldyb\u0117s meno ir muzikos mokyklose mok\u0117jimo tvarkos apra\u0161as <a href=\"https:\/\/www.e-tar.lt\/portal\/lt\/legalAct\/8d8370f01f6d11ebb0038a8cd8ff585f\">https:\/\/www.e-tar.lt\/portal\/lt\/legalAct\/8d8370f01f6d11ebb0038a8cd8ff585f<\/a><\/p>\n\n\n\n<p>Daugiau savivaldyb\u0117s teis\u0117s akt\u0173 galima rasti Vilniaus rajono savivaldyb\u0117s dokument\u0173 paie\u0161koje <a href=\"https:\/\/web.vrsa.lt\/vaktai\/\">https:\/\/web.vrsa.lt\/vaktai<\/a>&nbsp;&nbsp;<\/p>\n","protected":false},"excerpt":{"rendered":"<p>Centralizuoto vaik\u0173 pri\u0117mimo \u012f \u0160vietimo, mokslo ir sporto ministerijos ir Vilniaus rajono savivaldyb\u0117s \u0161vietimo \u012fstaig\u0173 ikimokyklinio ir prie\u0161mokyklinio ugdymo grupes organizavimo tvarkos apra\u0161as https:\/\/www.e-tar.lt\/portal\/lt\/legalAct\/be50cce07cc511eb9601893677bfd7d8 Vilniaus rajono savivaldyb\u0117s ikimokyklinio ir bendrojo ugdymo mokykl\u0173 prie\u0161mokyklinio ugdymo organizavimo modeli\u0173 apra\u0161as https:\/\/www.e-tar.lt\/portal\/lt\/legalAct\/64b306c0ba0111eb8c24980b2b0e0fef Mokes\u010dio u\u017e vaiko maitinim\u0105 ir ugdymo reikmi\u0173 tenkinim\u0105 Vilniaus rajono savivaldyb\u0117s \u0161vietimo&#8230;<\/p>\n<p> <a class=\"continue-reading-link\" href=\"https:\/\/www.sauletekio.vilniausr.lm.lt\/?page_id=14502\"><span>T\u0119sti skaitym\u0105<\/span><i class=\"crycon-right-dir\"><\/i><\/a> <\/p>\n","protected":false},"author":1,"featured_media":0,"parent":14493,"menu_order":1,"comment_status":"closed","ping_status":"closed","template":"","meta":{"_uag_custom_page_level_css":"","advgb_blocks_editor_width":"","advgb_blocks_columns_visual_guide":"","ngg_post_thumbnail":0,"footnotes":""},"class_list":["post-14502","page","type-page","status-publish","hentry"],"uagb_featured_image_src":{"full":false,"thumbnail":false,"medium":false,"medium_large":false,"large":false,"1536x1536":false,"2048x2048":false,"post-thumbnail":false,"header":false,"slider":false,"columns":false,"custom":false},"uagb_author_info":{"display_name":"admin","author_link":"https:\/\/www.sauletekio.vilniausr.lm.lt\/?author=1"},"uagb_comment_info":0,"uagb_excerpt":"Centralizuoto vaik\u0173 pri\u0117mimo \u012f \u0160vietimo, mokslo ir sporto ministerijos ir Vilniaus rajono savivaldyb\u0117s \u0161vietimo \u012fstaig\u0173 ikimokyklinio ir prie\u0161mokyklinio ugdymo grupes organizavimo tvarkos apra\u0161as https:\/\/www.e-tar.lt\/portal\/lt\/legalAct\/be50cce07cc511eb9601893677bfd7d8 Vilniaus rajono savivaldyb\u0117s ikimokyklinio ir bendrojo ugdymo mokykl\u0173 prie\u0161mokyklinio ugdymo organizavimo modeli\u0173 apra\u0161as https:\/\/www.e-tar.lt\/portal\/lt\/legalAct\/64b306c0ba0111eb8c24980b2b0e0fef Mokes\u010dio u\u017e vaiko maitinim\u0105 ir ugdymo reikmi\u0173 tenkinim\u0105 Vilniaus rajono savivaldyb\u0117s \u0161vietimo... T\u0119sti skaitym\u0105","coauthors":[],"author_meta":{"author_link":"https:\/\/www.sauletekio.vilniausr.lm.lt\/?author=1","display_name":"admin"},"relative_dates":{"created":"Posted 3 metai ago","modified":"Updated 3 metai ago"},"absolute_dates":{"created":"Posted on 2022-10-13","modified":"Updated on 2023-05-23"},"absolute_dates_time":{"created":"Posted on 2022-10-13 9:07","modified":"Updated on 2023-05-23 20:05"},"featured_img_caption":"","featured_img":false,"series_order":"","_links":{"self":[{"href":"https:\/\/www.sauletekio.vilniausr.lm.lt\/index.php?rest_route=\/wp\/v2\/pages\/14502","targetHints":{"allow":["GET"]}}],"collection":[{"href":"https:\/\/www.sauletekio.vilniausr.lm.lt\/index.php?rest_route=\/wp\/v2\/pages"}],"about":[{"href":"https:\/\/www.sauletekio.vilniausr.lm.lt\/index.php?rest_route=\/wp\/v2\/types\/page"}],"author":[{"embeddable":true,"href":"https:\/\/www.sauletekio.vilniausr.lm.lt\/index.php?rest_route=\/wp\/v2\/users\/1"}],"replies":[{"embeddable":true,"href":"https:\/\/www.sauletekio.vilniausr.lm.lt\/index.php?rest_route=%2Fwp%2Fv2%2Fcomments&post=14502"}],"version-history":[{"count":1,"href":"https:\/\/www.sauletekio.vilniausr.lm.lt\/index.php?rest_route=\/wp\/v2\/pages\/14502\/revisions"}],"predecessor-version":[{"id":14504,"href":"https:\/\/www.sauletekio.vilniausr.lm.lt\/index.php?rest_route=\/wp\/v2\/pages\/14502\/revisions\/14504"}],"up":[{"embeddable":true,"href":"https:\/\/www.sauletekio.vilniausr.lm.lt\/index.php?rest_route=\/wp\/v2\/pages\/14493"}],"wp:attachment":[{"href":"https:\/\/www.sauletekio.vilniausr.lm.lt\/index.php?rest_route=%2Fwp%2Fv2%2Fmedia&parent=14502"}],"curies":[{"name":"wp","href":"https:\/\/api.w.org\/{rel}","templated":true}]}}