{"id":14529,"date":"2022-10-13T09:21:39","date_gmt":"2022-10-13T07:21:39","guid":{"rendered":"https:\/\/www.sauletekio.vilniausr.lm.lt\/?page_id=14529"},"modified":"2023-05-23T20:17:45","modified_gmt":"2023-05-23T18:17:45","slug":"priesmokyklinis-ugdymas","status":"publish","type":"page","link":"https:\/\/www.sauletekio.vilniausr.lm.lt\/?page_id=14529","title":{"rendered":"Prie\u0161mokyklinis ugdymas"},"content":{"rendered":"<div class=\"fcbkbttn_buttons_block\" id=\"fcbkbttn_left\"><div class=\"fcbkbttn_like \"><fb:like href=\"https:\/\/www.sauletekio.vilniausr.lm.lt\/?page_id=14529\" action=\"like\" colorscheme=\"light\" layout=\"button_count\"  size=\"small\"><\/fb:like><\/div><div class=\"fb-share-button  \" data-href=\"https:\/\/www.sauletekio.vilniausr.lm.lt\/?page_id=14529\" data-type=\"button_count\" data-size=\"small\"><\/div><\/div>\n<p>Prie\u0161mokyklinio ugdymo paskirtis \u2013 pad\u0117ti vaikui pasirengti s\u0117kmingai mokytis pagal pradinio ugdymo program\u0105.<\/p>\n\n\n\n<p>Prie\u0161mokyklinio ugdymo grup\u0117s modelis \u2013 II (10,5 val.), lietuvi\u0173 ugdom\u0105ja kalba.<br>Prie\u0161mokyklinio ugdymo grup\u0117s vyresnioji mokytoja Diana Tara\u0161kevi\u010d, mokytojo pad\u0117j\u0117ja<br>Marija Latvien\u0117.<\/p>\n\n\n\n<p>Darbo laikas:<br>I\u2013V nuo 7.30 iki 17.30 val.<\/p>\n\n\n\n<p><a href=\"https:\/\/www.sauletekio.vilniausr.lm.lt\/wp-content\/uploads\/2022\/12\/Priesmokyklinio-ugdymo-organizavimo-tvarkos-aprasas.pdf\" target=\"_blank\" rel=\"noreferrer noopener\">Prie\u0161mokyklinis ugdymas mokykloje organizuojamas remiantis Vilniaus r. Bezdoni\u0173<br>\u201eSaul\u0117tekio\u201c pagrindin\u0117s mokyklos prie\u0161mokyklinio ugdymo organizavimo tvarkos apra\u0161u.<\/a><\/p>\n\n\n\n<p>Taip pat remiantis:<br>Lietuvos Respublikos \u0161vietimo, mokslo ir sporto ministro patvirtintais Prie\u0161mokyklinio<br>ugdymo tvarkos apra\u0161u (<a href=\"https:\/\/www.e-tar.lt\/portal\/lt\/legalAct\/TAR.3BD8DC009FDA\" target=\"_blank\" rel=\"noreferrer noopener\">https:\/\/www.e-tar.lt\/portal\/lt\/legalAct\/TAR.3BD8DC009FDA<\/a>);<\/p>\n\n\n\n<p>Prie\u0161mokyklinio ugdymo bendr\u0105ja programa (<a href=\"https:\/\/www.e- tar.lt\/portal\/lt\/legalAct\/7008f740329111e4a83cb4f588d2ac1a\" target=\"_blank\" rel=\"noreferrer noopener\">https:\/\/www.e-<br>tar.lt\/portal\/lt\/legalAct\/7008f740329111e4a83cb4f588d2ac1a<\/a>);<\/p>\n\n\n\n<p>Vilniaus rajono savivaldyb\u0117s ikimokyklinio ir bendrojo ugdymo mokykl\u0173 prie\u0161mokyklinio<br>ugdymo organizavimo modeli\u0173 apra\u0161u (<a rel=\"noreferrer noopener\" href=\"https:\/\/www.e- tar.lt\/portal\/lt\/legalAct\/64b306c0ba0111eb8c24980b2b0e0fef\" target=\"_blank\">https:\/\/www.e-<br>tar.lt\/portal\/lt\/legalAct\/64b306c0ba0111eb8c24980b2b0e0fef<\/a>);<\/p>\n\n\n\n<p>Vaiko ugdymo ir ugdymosi poreiki\u0173, pa\u017eangos \u012fvertinimo tvarkos apra\u0161u (<a rel=\"noreferrer noopener\" href=\"https:\/\/www.e- tar.lt\/portal\/lt\/legalAct\/ab192f1066de11eca9ac839120d251c4\" target=\"_blank\">https:\/\/www.e-<br>tar.lt\/portal\/lt\/legalAct\/ab192f1066de11eca9ac839120d251c4<\/a>) kuris nustato vaiko, kuriam<br>prie\u0161mokyklinis ugdymas buvo prad\u0117tas teikti anks\u010diau t\u0117v\u0173 (glob\u0117j\u0173) sprendimu, bet ne<br>anks\u010diau, negu vaikui sueina 5 metai (i\u0161skyrus vaik\u0105, kuris pagal prie\u0161mokyklinio ugdymo<br>bendr\u0105j\u0105 program\u0105 buvo prad\u0117tas ugdyti, kai jam tais kalendoriniais metais su\u0117jo 6 metai),<br>ugdymo ir ugdymosi poreiki\u0173, pa\u017eangos vertinimo eig\u0105;<\/p>\n\n\n\n<p>Mokes\u010dio u\u017e vaiko maitinim\u0105 ir ugdymo reikmi\u0173 tenkinim\u0105 Vilniaus rajono savivaldyb\u0117s<br>\u0161vietimo \u012fstaigose, \u012fgyvendinan\u010diose ikimokyklinio ir prie\u0161mokyklinio ugdymo programas,<br>nustatymo tvarkos apra\u0161u (<a rel=\"noreferrer noopener\" href=\"https:\/\/www.e- tar.lt\/portal\/lt\/legalAct\/7bf8d610608d11e79198ffdb108a3753\/asr\" target=\"_blank\">https:\/\/www.e-<br>tar.lt\/portal\/lt\/legalAct\/7bf8d610608d11e79198ffdb108a3753\/asr<\/a>);<\/p>\n\n\n\n<p>Prie\u0161mokyklinio ugdymo grup\u0117se vadovaujam\u0117s Lietuvos higienos norma HN 75:2016<br>\u201eIkimokyklinio ir prie\u0161mokyklinio ugdymo program\u0173 vykdymo bendrieji sveikatos saugos<br>reikalavimai\u201c (<a href=\"https:\/\/www.e-tar.lt\/portal\/lt\/legalAct\/TAR.AF02472A1EBF\">https:\/\/www.e-tar.lt\/portal\/lt\/legalAct\/TAR.AF02472A1EBF<\/a>).<\/p>\n\n\n\n<p>Daugiau informacijos apie prie\u0161mokyklin\u012f ugdym\u0105:<br><a href=\"https:\/\/smsm.lrv.lt\/web\/lt\/smm-svietimas\/svietimas-priesmokyklinis-ugdymas\">https:\/\/smsm.lrv.lt\/web\/lt\/smm-svietimas\/svietimas-priesmokyklinis-ugdymas<\/a><\/p>\n\n\n\n<p>Vaiko brandum\u0105 mokyklai nustato Vilniaus rajono pedagogin\u0117 psichologin\u0117 tarnyba<br>(<a href=\"https:\/\/ppt.vrsa.lt\" target=\"_blank\" rel=\"noreferrer noopener\">https:\/\/ppt.vrsa.lt<\/a>)<\/p>\n","protected":false},"excerpt":{"rendered":"<p>Prie\u0161mokyklinio ugdymo paskirtis \u2013 pad\u0117ti vaikui pasirengti s\u0117kmingai mokytis pagal pradinio ugdymo program\u0105. Prie\u0161mokyklinio ugdymo grup\u0117s modelis \u2013 II (10,5 val.), lietuvi\u0173 ugdom\u0105ja kalba.Prie\u0161mokyklinio ugdymo grup\u0117s vyresnioji mokytoja Diana Tara\u0161kevi\u010d, mokytojo pad\u0117j\u0117jaMarija Latvien\u0117. Darbo laikas:I\u2013V nuo 7.30 iki 17.30 val. Prie\u0161mokyklinis ugdymas mokykloje organizuojamas remiantis Vilniaus r. Bezdoni\u0173\u201eSaul\u0117tekio\u201c pagrindin\u0117s mokyklos&#8230;<\/p>\n<p> <a class=\"continue-reading-link\" href=\"https:\/\/www.sauletekio.vilniausr.lm.lt\/?page_id=14529\"><span>T\u0119sti skaitym\u0105<\/span><i class=\"crycon-right-dir\"><\/i><\/a> <\/p>\n","protected":false},"author":1,"featured_media":0,"parent":319,"menu_order":0,"comment_status":"closed","ping_status":"closed","template":"","meta":{"_uag_custom_page_level_css":"","advgb_blocks_editor_width":"","advgb_blocks_columns_visual_guide":"","ngg_post_thumbnail":0,"footnotes":""},"class_list":["post-14529","page","type-page","status-publish","hentry"],"uagb_featured_image_src":{"full":false,"thumbnail":false,"medium":false,"medium_large":false,"large":false,"1536x1536":false,"2048x2048":false,"post-thumbnail":false,"header":false,"slider":false,"columns":false,"custom":false},"uagb_author_info":{"display_name":"admin","author_link":"https:\/\/www.sauletekio.vilniausr.lm.lt\/?author=1"},"uagb_comment_info":0,"uagb_excerpt":"Prie\u0161mokyklinio ugdymo paskirtis \u2013 pad\u0117ti vaikui pasirengti s\u0117kmingai mokytis pagal pradinio ugdymo program\u0105. Prie\u0161mokyklinio ugdymo grup\u0117s modelis \u2013 II (10,5 val.), lietuvi\u0173 ugdom\u0105ja kalba.Prie\u0161mokyklinio ugdymo grup\u0117s vyresnioji mokytoja Diana Tara\u0161kevi\u010d, mokytojo pad\u0117j\u0117jaMarija Latvien\u0117. Darbo laikas:I\u2013V nuo 7.30 iki 17.30 val. Prie\u0161mokyklinis ugdymas mokykloje organizuojamas remiantis Vilniaus r. Bezdoni\u0173\u201eSaul\u0117tekio\u201c pagrindin\u0117s mokyklos... T\u0119sti skaitym\u0105","coauthors":[],"author_meta":{"author_link":"https:\/\/www.sauletekio.vilniausr.lm.lt\/?author=1","display_name":"admin"},"relative_dates":{"created":"Posted 3 metai ago","modified":"Updated 3 metai ago"},"absolute_dates":{"created":"Posted on 2022-10-13","modified":"Updated on 2023-05-23"},"absolute_dates_time":{"created":"Posted on 2022-10-13 9:21","modified":"Updated on 2023-05-23 20:17"},"featured_img_caption":"","featured_img":false,"series_order":"","_links":{"self":[{"href":"https:\/\/www.sauletekio.vilniausr.lm.lt\/index.php?rest_route=\/wp\/v2\/pages\/14529","targetHints":{"allow":["GET"]}}],"collection":[{"href":"https:\/\/www.sauletekio.vilniausr.lm.lt\/index.php?rest_route=\/wp\/v2\/pages"}],"about":[{"href":"https:\/\/www.sauletekio.vilniausr.lm.lt\/index.php?rest_route=\/wp\/v2\/types\/page"}],"author":[{"embeddable":true,"href":"https:\/\/www.sauletekio.vilniausr.lm.lt\/index.php?rest_route=\/wp\/v2\/users\/1"}],"replies":[{"embeddable":true,"href":"https:\/\/www.sauletekio.vilniausr.lm.lt\/index.php?rest_route=%2Fwp%2Fv2%2Fcomments&post=14529"}],"version-history":[{"count":6,"href":"https:\/\/www.sauletekio.vilniausr.lm.lt\/index.php?rest_route=\/wp\/v2\/pages\/14529\/revisions"}],"predecessor-version":[{"id":15249,"href":"https:\/\/www.sauletekio.vilniausr.lm.lt\/index.php?rest_route=\/wp\/v2\/pages\/14529\/revisions\/15249"}],"up":[{"embeddable":true,"href":"https:\/\/www.sauletekio.vilniausr.lm.lt\/index.php?rest_route=\/wp\/v2\/pages\/319"}],"wp:attachment":[{"href":"https:\/\/www.sauletekio.vilniausr.lm.lt\/index.php?rest_route=%2Fwp%2Fv2%2Fmedia&parent=14529"}],"curies":[{"name":"wp","href":"https:\/\/api.w.org\/{rel}","templated":true}]}}