{"id":14714,"date":"2022-11-04T15:43:21","date_gmt":"2022-11-04T13:43:21","guid":{"rendered":"https:\/\/www.sauletekio.vilniausr.lm.lt\/?page_id=14714"},"modified":"2023-10-17T21:55:48","modified_gmt":"2023-10-17T19:55:48","slug":"pasiekimu-patikrinimas","status":"publish","type":"page","link":"https:\/\/www.sauletekio.vilniausr.lm.lt\/?page_id=14714","title":{"rendered":"Pasiekim\u0173 patikrinimas"},"content":{"rendered":"<div class=\"fcbkbttn_buttons_block\" id=\"fcbkbttn_left\"><div class=\"fcbkbttn_like \"><fb:like href=\"https:\/\/www.sauletekio.vilniausr.lm.lt\/?page_id=14714\" action=\"like\" colorscheme=\"light\" layout=\"button_count\"  size=\"small\"><\/fb:like><\/div><div class=\"fb-share-button  \" data-href=\"https:\/\/www.sauletekio.vilniausr.lm.lt\/?page_id=14714\" data-type=\"button_count\" data-size=\"small\"><\/div><\/div>\n<div class=\"wp-block-columns is-layout-flex wp-container-core-columns-is-layout-9d6595d7 wp-block-columns-is-layout-flex\">\n<div class=\"wp-block-column is-layout-flow wp-block-column-is-layout-flow\" style=\"flex-basis:100%\">\n<figure class=\"wp-block-table\"><table><tbody><tr><td>PUPP<\/td><\/tr><\/tbody><\/table><\/figure>\n<\/div>\n<\/div>\n\n\n\n<p>Mokymosi pasiekim\u0173 vertinimo paskirtis \u2013 pad\u0117ti mokiniui pasitikrinti mokymosi pa\u017eang\u0105, nustatyti jo pasiekimus ir, palyginus su bendrosiose programose nustatytais pasiekim\u0173 lygiais, pad\u0117ti priimti sprendimus d\u0117l tolesnio mokymosi ar veiklos.<\/p>\n\n\n\n<p>Pagrindinio ugdymo pasiekim\u0173 patikrinimo tvarkara\u0161tis<\/p>\n\n\n\n<p>Informacija apie pagrindinio ugdymo pasiekim\u0173 patikrinim\u0105 (PUPP)<br><a href=\"http:\/\/www.nsa.smm.lt\/stebesenos-ir-vertinimo-departamentas\/pasiekimu-patikrinimai\/pupp\/\">www.nsa.smm.lt\/stebesenos-ir-vertinimo-departamentas\/pasiekimu-patikrinimai\/pupp\/<\/a><\/p>\n\n\n\n<p>Pagrindinio ugdymo pasiekim\u0173 patikrinimo organizavimo ir vykdymo tvarkos apra\u0161as <a href=\"https:\/\/www.e-tar.lt\/portal\/lt\/legalAct\/TAR.E64202686973\" target=\"_blank\" rel=\"noreferrer noopener\">https:\/\/www.e-tar.lt\/portal\/lt\/legalAct\/TAR.E64202686973<\/a><\/p>\n\n\n\n<p>Pagrindinio ugdymo pasiekim\u0173 patikrinimo, vykdymo ir vertinimo instrukcij\u0173 pritaikymo mokiniams, buvusiems mokiniams, turintiems speciali\u0173j\u0173 ugdymosi poreiki\u0173, tvarkos apra\u0161as <a href=\"https:\/\/www.e-tar.lt\/portal\/lt\/legalAct\/TAR.A07B1A81868E\">https:\/\/www.e-tar.lt\/portal\/lt\/legalAct\/TAR.A07B1A81868E<\/a><\/p>\n\n\n\n<figure class=\"wp-block-table\"><table><tbody><tr><td>NMPP<\/td><\/tr><\/tbody><\/table><\/figure>\n\n\n\n<p>Nacionalini\u0173 mokini\u0173 pasiekim\u0173 patikrinim\u0173 tvarkara\u0161tis<\/p>\n\n\n\n<p>Nacionalini\u0173 mokini\u0173 pasiekim\u0173 patikrinim\u0173 mokyklos ataskaitos<\/p>\n\n\n\n<p>Informacija apie nacionalinius mokini\u0173 pasiekim\u0173 patikrinimus<a> <\/a>(NMPP)<br><a href=\"http:\/\/www.nsa.smm.lt\/stebesenos-ir-vertinimo-departamentas\/pasiekimu-patikrinimai\/nmpp\/\">www.nsa.smm.lt\/stebesenos-ir-vertinimo-departamentas\/pasiekimu-patikrinimai\/nmpp\/<\/a><\/p>\n\n\n\n<p>Nacionalinio mokini\u0173 pasiekim\u0173 patikrinimo organizavimo ir vykdymo tvarkos apra\u0161as <a href=\"https:\/\/www.e-tar.lt\/portal\/lt\/legalAct\/b37afd00d31311e68d79c2033f194657\">https:\/\/www.e-tar.lt\/portal\/lt\/legalAct\/b37afd00d31311e68d79c2033f194657<\/a><\/p>\n","protected":false},"excerpt":{"rendered":"<p>PUPP Mokymosi pasiekim\u0173 vertinimo paskirtis \u2013 pad\u0117ti mokiniui pasitikrinti mokymosi pa\u017eang\u0105, nustatyti jo pasiekimus ir, palyginus su bendrosiose programose nustatytais pasiekim\u0173 lygiais, pad\u0117ti priimti sprendimus d\u0117l tolesnio mokymosi ar veiklos. Pagrindinio ugdymo pasiekim\u0173 patikrinimo tvarkara\u0161tis Informacija apie pagrindinio ugdymo pasiekim\u0173 patikrinim\u0105 (PUPP)www.nsa.smm.lt\/stebesenos-ir-vertinimo-departamentas\/pasiekimu-patikrinimai\/pupp\/ Pagrindinio ugdymo pasiekim\u0173 patikrinimo organizavimo ir vykdymo tvarkos&#8230;<\/p>\n<p> <a class=\"continue-reading-link\" href=\"https:\/\/www.sauletekio.vilniausr.lm.lt\/?page_id=14714\"><span>T\u0119sti skaitym\u0105<\/span><i class=\"crycon-right-dir\"><\/i><\/a> <\/p>\n","protected":false},"author":1,"featured_media":0,"parent":319,"menu_order":8,"comment_status":"closed","ping_status":"closed","template":"","meta":{"_uag_custom_page_level_css":"","advgb_blocks_editor_width":"","advgb_blocks_columns_visual_guide":"","ngg_post_thumbnail":0,"footnotes":""},"class_list":["post-14714","page","type-page","status-publish","hentry"],"uagb_featured_image_src":{"full":false,"thumbnail":false,"medium":false,"medium_large":false,"large":false,"1536x1536":false,"2048x2048":false,"post-thumbnail":false,"header":false,"slider":false,"columns":false,"custom":false},"uagb_author_info":{"display_name":"admin","author_link":"https:\/\/www.sauletekio.vilniausr.lm.lt\/?author=1"},"uagb_comment_info":0,"uagb_excerpt":"PUPP Mokymosi pasiekim\u0173 vertinimo paskirtis \u2013 pad\u0117ti mokiniui pasitikrinti mokymosi pa\u017eang\u0105, nustatyti jo pasiekimus ir, palyginus su bendrosiose programose nustatytais pasiekim\u0173 lygiais, pad\u0117ti priimti sprendimus d\u0117l tolesnio mokymosi ar veiklos. Pagrindinio ugdymo pasiekim\u0173 patikrinimo tvarkara\u0161tis Informacija apie pagrindinio ugdymo pasiekim\u0173 patikrinim\u0105 (PUPP)www.nsa.smm.lt\/stebesenos-ir-vertinimo-departamentas\/pasiekimu-patikrinimai\/pupp\/ Pagrindinio ugdymo pasiekim\u0173 patikrinimo organizavimo ir vykdymo tvarkos... T\u0119sti skaitym\u0105","coauthors":[],"author_meta":{"author_link":"https:\/\/www.sauletekio.vilniausr.lm.lt\/?author=1","display_name":"admin"},"relative_dates":{"created":"Posted 3 metai ago","modified":"Updated 3 metai ago"},"absolute_dates":{"created":"Posted on 2022-11-04","modified":"Updated on 2023-10-17"},"absolute_dates_time":{"created":"Posted on 2022-11-04 15:43","modified":"Updated on 2023-10-17 21:55"},"featured_img_caption":"","featured_img":false,"series_order":"","_links":{"self":[{"href":"https:\/\/www.sauletekio.vilniausr.lm.lt\/index.php?rest_route=\/wp\/v2\/pages\/14714","targetHints":{"allow":["GET"]}}],"collection":[{"href":"https:\/\/www.sauletekio.vilniausr.lm.lt\/index.php?rest_route=\/wp\/v2\/pages"}],"about":[{"href":"https:\/\/www.sauletekio.vilniausr.lm.lt\/index.php?rest_route=\/wp\/v2\/types\/page"}],"author":[{"embeddable":true,"href":"https:\/\/www.sauletekio.vilniausr.lm.lt\/index.php?rest_route=\/wp\/v2\/users\/1"}],"replies":[{"embeddable":true,"href":"https:\/\/www.sauletekio.vilniausr.lm.lt\/index.php?rest_route=%2Fwp%2Fv2%2Fcomments&post=14714"}],"version-history":[{"count":6,"href":"https:\/\/www.sauletekio.vilniausr.lm.lt\/index.php?rest_route=\/wp\/v2\/pages\/14714\/revisions"}],"predecessor-version":[{"id":17281,"href":"https:\/\/www.sauletekio.vilniausr.lm.lt\/index.php?rest_route=\/wp\/v2\/pages\/14714\/revisions\/17281"}],"up":[{"embeddable":true,"href":"https:\/\/www.sauletekio.vilniausr.lm.lt\/index.php?rest_route=\/wp\/v2\/pages\/319"}],"wp:attachment":[{"href":"https:\/\/www.sauletekio.vilniausr.lm.lt\/index.php?rest_route=%2Fwp%2Fv2%2Fmedia&parent=14714"}],"curies":[{"name":"wp","href":"https:\/\/api.w.org\/{rel}","templated":true}]}}