{"id":14781,"date":"2022-11-12T18:47:00","date_gmt":"2022-11-12T16:47:00","guid":{"rendered":"https:\/\/www.sauletekio.vilniausr.lm.lt\/?page_id=14781"},"modified":"2025-02-18T11:20:01","modified_gmt":"2025-02-18T08:20:01","slug":"prevencine-veikla","status":"publish","type":"page","link":"https:\/\/www.sauletekio.vilniausr.lm.lt\/?page_id=14781","title":{"rendered":"Prevencin\u0117 veikla"},"content":{"rendered":"<div class=\"fcbkbttn_buttons_block\" id=\"fcbkbttn_left\"><div class=\"fcbkbttn_like \"><fb:like href=\"https:\/\/www.sauletekio.vilniausr.lm.lt\/?page_id=14781\" action=\"like\" colorscheme=\"light\" layout=\"button_count\"  size=\"small\"><\/fb:like><\/div><div class=\"fb-share-button  \" data-href=\"https:\/\/www.sauletekio.vilniausr.lm.lt\/?page_id=14781\" data-type=\"button_count\" data-size=\"small\"><\/div><\/div>\n<p><a href=\"https:\/\/www.sauletekio.vilniausr.lm.lt\/wp-content\/uploads\/2022\/12\/Priekabiavimo-seksualinio-priekabiavimo-persekiojimo-ir-smurto-prevencijos-taisykles.pdf\" data-type=\"link\" data-id=\"https:\/\/www.sauletekio.vilniausr.lm.lt\/wp-content\/uploads\/2022\/12\/Priekabiavimo-seksualinio-priekabiavimo-persekiojimo-ir-smurto-prevencijos-taisykles.pdf\" target=\"_blank\" rel=\"noreferrer noopener\">Vilniaus r. Bezdoni\u0173 \u201eSaul\u0117tekio\u201c pagrindin\u0117s mokyklos priekabiavimo, seksualinio priekabiavimo, persekiojimo ir smurto prevencijos taisykl\u0117s<\/a><\/p>\n\n\n\n<p><a href=\"https:\/\/www.sauletekio.vilniausr.lm.lt\/wp-content\/uploads\/2023\/10\/Smurto-ir-patyciu-prevencijos-ir-intervencijos-vykdymo-tvarkos-aprasas-1.pdf\" data-type=\"link\" data-id=\"https:\/\/www.sauletekio.vilniausr.lm.lt\/wp-content\/uploads\/2023\/10\/Smurto-ir-patyciu-prevencijos-ir-intervencijos-vykdymo-tvarkos-aprasas-1.pdf\" target=\"_blank\" rel=\"noreferrer noopener\">Vilniaus r. Bezdoni\u0173 \u201eSaul\u0117tekio\u201c pagrindin\u0117s mokyklos smurto ir paty\u010di\u0173 prevencijos ir intervencijos vykdymo tvarkos apra\u0161as<\/a><\/p>\n\n\n\n<p><a href=\"https:\/\/www.sauletekio.vilniausr.lm.lt\/wp-content\/uploads\/2023\/03\/Psichologines-pagalbos-teikimo-tvarkos-aprasas.pdf\" data-type=\"link\" data-id=\"https:\/\/www.sauletekio.vilniausr.lm.lt\/wp-content\/uploads\/2023\/03\/Psichologines-pagalbos-teikimo-tvarkos-aprasas.pdf\" target=\"_blank\" rel=\"noreferrer noopener\">Vilniaus r. Bezdoni\u0173 \u201eSaul\u0117tekio\u201c pagrindin\u0117s mokyklos psichologin\u0117s pagalbos teikimo tvarkos apra\u0161as<\/a><\/p>\n\n\n\n<p>Mokykloje \u012fgyvendinamos socialini\u0173 ir emocini\u0173 \u012fg\u016bd\u017ei\u0173 bei kompetencij\u0173 ugdymo, paty\u010di\u0173, psichoaktyvi\u0173 med\u017eiag\u0173 vartojimo ir kitos prevencin\u0117s programos, sudarytos s\u0105lygos kiekvienam mokiniui dalyvauti bent vienoje nuoseklioje, ilgalaik\u0117je socialines ir emocines kompetencijas ugdan\u010dioje prevencin\u0117je programoje, apiman\u010dioje smurto, alkoholio, tabako ir kit\u0173 psichik\u0105 veikian\u010di\u0173 med\u017eiag\u0173 vartojimo prevencij\u0105 bei sveikos gyvensenos skatinim\u0105:<\/p>\n\n\n\n<p><strong>Alkoholio, tabako ir kit\u0173 psichik\u0105 veikian\u010di\u0173 med\u017eiag\u0173 vartojimo prevencijos programa<\/strong> <a href=\"https:\/\/www.e-tar.lt\/portal\/lt\/legalAct\/TAR.C8B5956EC3A8\">https:\/\/www.e-tar.lt\/portal\/lt\/legalAct\/TAR.C8B5956EC3A8<\/a><\/p>\n\n\n\n<p><strong>Psichoaktyvi\u0173 med\u017eiag\u0173 vartojimo prevencin\u0117 programa \u201eSavu keliu\u201c<\/strong><\/p>\n\n\n\n<p>Mokyklos informacija apie prevencini\u0173 program\u0173 \u012fgyvendinim\u0105 ir naud\u0105 mokiniams<\/p>\n\n\n\n<p>Mokykloje veikia elektronin\u0117 platforma, skirta mokiniams, j\u0173 t\u0117vams ir mokytojams anonimi\u0161kai prane\u0161ti apie paty\u010dias mokykloje ,,<strong>Paty\u010di\u0173 d\u0117\u017eut\u0117<\/strong>\u201c<a rel=\"noreferrer noopener\" href=\"https:\/\/patyciudezute.sauletekio.vilniausr.lm.lt\/\" target=\"_blank\"> https:\/\/patyciudezute.sauletekio.vilniausr.lm.lt\/<\/a><\/p>\n\n\n\n<p>Kasmet organizuojama s\u0105moningumo didinimo akcija \u201e<strong>Veiksmo savait\u0117 be paty\u010di\u0173<\/strong>\u201c<\/p>\n\n\n\n<p>Daugiau informacijos apie akcij\u0105: <a href=\"http:\/\/www.bepatyciu.lt\">www.bepatyciu.lt<\/a><\/p>\n\n\n\n<p>Daugiau informacijos apie prevencij\u0105<\/p>\n\n\n\n<p><a href=\"https:\/\/smsm.lrv.lt\/lt\/veiklos-sritys-1\/smm-svietimas\/patyciu-ir-smurto-prevencija1\">https:\/\/smsm.lrv.lt\/lt\/veiklos-sritys-1\/smm-svietimas\/patyciu-ir-smurto-prevencija1<\/a><\/p>\n\n\n\n<p><a href=\"https:\/\/www.nsa.smm.lt\/svietimo-pagalbos-departamentas\/psichologijos-skyrius\/prevencija\">https:\/\/www.nsa.smm.lt\/svietimo-pagalbos-departamentas\/psichologijos-skyrius\/prevencija<\/a><\/p>\n\n\n\n<p>Smurto prevencijos \u012fgyvendinimo mokyklose rekomendacijos<\/p>\n\n\n\n<p><a href=\"https:\/\/www.e-tar.lt\/portal\/lt\/legalAct\/1da317500f9911e79800e8266c1e5d1b\">https:\/\/www.e-tar.lt\/portal\/lt\/legalAct\/1da317500f9911e79800e8266c1e5d1b<\/a><\/p>\n\n\n\n<p>Rekomenduojamos prevencin\u0117s programos<\/p>\n\n\n\n<p><a href=\"https:\/\/smsm.lrv.lt\/lt\/veiklos-sritys-1\/smm-svietimas\/patyciu-ir-smurto-prevencija1\/prevencines-programos\">https:\/\/smsm.lrv.lt\/lt\/veiklos-sritys-1\/smm-svietimas\/patyciu-ir-smurto-prevencija1\/prevencines-programos<\/a><\/p>\n\n\n\n<p>Narkotik\u0173, tabako ir alkoholio kontrol\u0117s departamentas <a href=\"https:\/\/ntakd.lrv.lt\">https:\/\/ntakd.lrv.lt<\/a><\/p>\n\n\n\n<p>A\u0161 kriti\u0161kas <a href=\"https:\/\/askritiskas.lt\">https:\/\/askritiskas.lt<\/a><\/p>\n\n\n\n<p>Draugi\u0161kas internetas <a href=\"https:\/\/www.draugiskasinternetas.lt\">https:\/\/www.draugiskasinternetas.lt<\/a><\/p>\n\n\n\n<p>Saugumas elektronin\u0117je erdv\u0117je <a href=\"https:\/\/www.esaugumas.lt\">https:\/\/www.esaugumas.lt<\/a><\/p>\n","protected":false},"excerpt":{"rendered":"<p>Vilniaus r. Bezdoni\u0173 \u201eSaul\u0117tekio\u201c pagrindin\u0117s mokyklos priekabiavimo, seksualinio priekabiavimo, persekiojimo ir smurto prevencijos taisykl\u0117s Vilniaus r. Bezdoni\u0173 \u201eSaul\u0117tekio\u201c pagrindin\u0117s mokyklos smurto ir paty\u010di\u0173 prevencijos ir intervencijos vykdymo tvarkos apra\u0161as Vilniaus r. Bezdoni\u0173 \u201eSaul\u0117tekio\u201c pagrindin\u0117s mokyklos psichologin\u0117s pagalbos teikimo tvarkos apra\u0161as Mokykloje \u012fgyvendinamos socialini\u0173 ir emocini\u0173 \u012fg\u016bd\u017ei\u0173 bei kompetencij\u0173 ugdymo, paty\u010di\u0173,&#8230;<\/p>\n<p> <a class=\"continue-reading-link\" href=\"https:\/\/www.sauletekio.vilniausr.lm.lt\/?page_id=14781\"><span>T\u0119sti skaitym\u0105<\/span><i class=\"crycon-right-dir\"><\/i><\/a> <\/p>\n","protected":false},"author":1,"featured_media":0,"parent":319,"menu_order":10,"comment_status":"closed","ping_status":"closed","template":"","meta":{"_uag_custom_page_level_css":"","advgb_blocks_editor_width":"","advgb_blocks_columns_visual_guide":"","ngg_post_thumbnail":0,"footnotes":""},"class_list":["post-14781","page","type-page","status-publish","hentry"],"uagb_featured_image_src":{"full":false,"thumbnail":false,"medium":false,"medium_large":false,"large":false,"1536x1536":false,"2048x2048":false,"post-thumbnail":false,"header":false,"slider":false,"columns":false,"custom":false},"uagb_author_info":{"display_name":"admin","author_link":"https:\/\/www.sauletekio.vilniausr.lm.lt\/?author=1"},"uagb_comment_info":0,"uagb_excerpt":"Vilniaus r. Bezdoni\u0173 \u201eSaul\u0117tekio\u201c pagrindin\u0117s mokyklos priekabiavimo, seksualinio priekabiavimo, persekiojimo ir smurto prevencijos taisykl\u0117s Vilniaus r. Bezdoni\u0173 \u201eSaul\u0117tekio\u201c pagrindin\u0117s mokyklos smurto ir paty\u010di\u0173 prevencijos ir intervencijos vykdymo tvarkos apra\u0161as Vilniaus r. Bezdoni\u0173 \u201eSaul\u0117tekio\u201c pagrindin\u0117s mokyklos psichologin\u0117s pagalbos teikimo tvarkos apra\u0161as Mokykloje \u012fgyvendinamos socialini\u0173 ir emocini\u0173 \u012fg\u016bd\u017ei\u0173 bei kompetencij\u0173 ugdymo, paty\u010di\u0173,... T\u0119sti skaitym\u0105","coauthors":[],"author_meta":{"author_link":"https:\/\/www.sauletekio.vilniausr.lm.lt\/?author=1","display_name":"admin"},"relative_dates":{"created":"Posted 3 metai ago","modified":"Updated 1 metai ago"},"absolute_dates":{"created":"Posted on 2022-11-12","modified":"Updated on 2025-02-18"},"absolute_dates_time":{"created":"Posted on 2022-11-12 18:47","modified":"Updated on 2025-02-18 11:20"},"featured_img_caption":"","featured_img":false,"series_order":"","_links":{"self":[{"href":"https:\/\/www.sauletekio.vilniausr.lm.lt\/index.php?rest_route=\/wp\/v2\/pages\/14781","targetHints":{"allow":["GET"]}}],"collection":[{"href":"https:\/\/www.sauletekio.vilniausr.lm.lt\/index.php?rest_route=\/wp\/v2\/pages"}],"about":[{"href":"https:\/\/www.sauletekio.vilniausr.lm.lt\/index.php?rest_route=\/wp\/v2\/types\/page"}],"author":[{"embeddable":true,"href":"https:\/\/www.sauletekio.vilniausr.lm.lt\/index.php?rest_route=\/wp\/v2\/users\/1"}],"replies":[{"embeddable":true,"href":"https:\/\/www.sauletekio.vilniausr.lm.lt\/index.php?rest_route=%2Fwp%2Fv2%2Fcomments&post=14781"}],"version-history":[{"count":4,"href":"https:\/\/www.sauletekio.vilniausr.lm.lt\/index.php?rest_route=\/wp\/v2\/pages\/14781\/revisions"}],"predecessor-version":[{"id":20387,"href":"https:\/\/www.sauletekio.vilniausr.lm.lt\/index.php?rest_route=\/wp\/v2\/pages\/14781\/revisions\/20387"}],"up":[{"embeddable":true,"href":"https:\/\/www.sauletekio.vilniausr.lm.lt\/index.php?rest_route=\/wp\/v2\/pages\/319"}],"wp:attachment":[{"href":"https:\/\/www.sauletekio.vilniausr.lm.lt\/index.php?rest_route=%2Fwp%2Fv2%2Fmedia&parent=14781"}],"curies":[{"name":"wp","href":"https:\/\/api.w.org\/{rel}","templated":true}]}}