{"id":14785,"date":"2022-11-12T18:48:30","date_gmt":"2022-11-12T16:48:30","guid":{"rendered":"https:\/\/www.sauletekio.vilniausr.lm.lt\/?page_id=14785"},"modified":"2024-03-28T23:31:00","modified_gmt":"2024-03-28T21:31:00","slug":"projektine-veikla","status":"publish","type":"page","link":"https:\/\/www.sauletekio.vilniausr.lm.lt\/?page_id=14785","title":{"rendered":"Projektin\u0117 veikla"},"content":{"rendered":"<div class=\"fcbkbttn_buttons_block\" id=\"fcbkbttn_left\"><div class=\"fcbkbttn_like \"><fb:like href=\"https:\/\/www.sauletekio.vilniausr.lm.lt\/?page_id=14785\" action=\"like\" colorscheme=\"light\" layout=\"button_count\"  size=\"small\"><\/fb:like><\/div><div class=\"fb-share-button  \" data-href=\"https:\/\/www.sauletekio.vilniausr.lm.lt\/?page_id=14785\" data-type=\"button_count\" data-size=\"small\"><\/div><\/div>\n<p>Vilniaus rajono savivaldyb\u0117s \u0161vietimo \u012fstaigose 2023-2024 m. m. vykdoma veikla<\/p>\n\n\n\n<p>Dalyvaujame EdTech projekto dalyje ,,Qoost\u201c. Qoost yra platforma, skirta mokyti, mokytis, kurti ir dalintis edukaciniu turiniu.<\/p>\n\n\n\n<p>Taip pat dalyvaujam N\u0160A EdTech projekte \u201eSkaitmenin\u0117 \u0161vietimo transformacija (EdTech)\u201c.<\/p>\n\n\n\n<hr class=\"wp-block-separator has-alpha-channel-opacity\"\/>\n\n\n\n<figure class=\"wp-block-image advgb-dyn-b791e8dd\"><img loading=\"lazy\" decoding=\"async\" width=\"156\" height=\"62\" src=\"https:\/\/www.sauletekio.vilniausr.lm.lt\/wp-content\/uploads\/2020\/09\/ESFIVP-I-1_001.png\" alt=\"\" class=\"wp-image-11336\" srcset=\"https:\/\/www.sauletekio.vilniausr.lm.lt\/wp-content\/uploads\/2020\/09\/ESFIVP-I-1_001.png 156w, https:\/\/www.sauletekio.vilniausr.lm.lt\/wp-content\/uploads\/2020\/09\/ESFIVP-I-1_001-150x60.png 150w\" sizes=\"auto, (max-width: 156px) 100vw, 156px\" \/><\/figure>\n\n\n\n<h2 class=\"wp-block-heading\" id=\"projektas-skaitmeninio-ugdymo-turinio-kurimas-ir-diegimas-66d1d963-eb94-45f3-826c-5af39e2a7bfe\">Projektas ,,Skaitmeninio ugdymo turinio k\u016brimas ir diegimas\u201c<\/h2>\n\n\n\n<p>Mokykla 2023 m. kaip Nacionalin\u0117s \u0161vietimo agent\u016bros partneris pagal Jungtin\u0117s<br>veiklos sutart\u012f dalyvauja \u012fgyvendinant 2014\u20132020 met\u0173 Europos S\u0105jungos fond\u0173<br>investicij\u0173 9 prioriteto \u201eVisuomen\u0117s \u0161vietimas ir \u017emogi\u0161k\u0173j\u0173 i\u0161tekli\u0173 potencialo<br>didinimas\u201c 09.2.1-ESFA-V-726 priemon\u0117s \u201eUgdymo turinio tobulinimas ir nauj\u0173<br>mokymo organizavimo form\u0173 k\u016brimas ir diegimas\u201c projekt\u0105 ,,Skaitmeninio ugdymo<br>turinio k\u016brimas ir diegimas\u201c (Nr. 09.2.1-ESFA-V-726-03-0001), pagal kur\u012f Europos<br>socialinio fondo ir Lietuvos Respublikos valstyb\u0117s biud\u017eeto l\u0117\u0161omis finansuojamas<br>mokykl\u0173 apr\u016bpinimas vadov\u0117liais pagal atnaujintas bendrojo ugdymo programas.<br>Projekto tikslas \u2013 atnaujinti bendrojo ugdymo turin\u012f ir u\u017etikrinti veiksming\u0105 jo<br>diegim\u0105.<br>U\u017edaviniai:<\/p>\n\n\n\n<ol class=\"wp-block-list\">\n<li>Parengti priemones ugdymo turiniui atnaujinti.<\/li>\n\n\n\n<li>Teikti steig\u0117jams ir mokykloms pagalb\u0105, reikaling\u0105 s\u0117kmingai \u012fgyvendinti<br>atnaujint\u0105 ugdymo turin\u012f.<br>2023 m. mokyklai i\u0161 Projekto l\u0117\u0161\u0173 atnaujinto ugdymo turinio vadov\u0117liams \u012fsigyti<br>pagal mokyklos mokini\u0173 skai\u010di\u0173 skirta 4449,30 eur\u0173. Patirtos i\u0161laidos atnaujinto<br>ugdymo turinio vadov\u0117liams, paskelbtiems \u0160vietimo portalo Vadov\u0117li\u0173 duomen\u0173 baz\u0117je,<br>\u012fsigyti apmokamos taikant Europos socialinio fondo agent\u016bros nustatytus fiksuotuosius<br>\u012fkainius (pradiniam ugdymui \u2013 12,77 Eur, pagrindiniam ugdymui \u2013 18,52 Eur,<br>viduriniam ugdymui \u2013 21,80 Eur), o pagal Lietuvos Respublikos \u0160vietimo, mokslo ir sporto<br>ministro 2023 m. spalio 19 d. \u012fsakym\u0105 Nr. V-1379 skiriama visiems mokyklos<br>mokiniams po 15,00 eur\u0173.<br>Skirtos l\u0117\u0161os mokyklai buvo panaudotos apr\u016bpinti nelygini\u0173 klasi\u0173 mokiniams bendrojo ugdymo dalyk\u0173 vadov\u0117liais pagal atnaujintas bendrojo ugdymo programas.<br>I\u0161 viso mokykla \u012fsigijo 298 vnt. atnaujinto turinio bendrojo ugdymo dalyk\u0173 vadov\u0117li\u0173 (lietuvi\u0173 kalbos ir literat\u016bros, matematikos, biologijos, gamtos moksl\u0173, geografijos, istorijos).<br>Daugiau informacijos apie projekto \u201eSkaitmeninio ugdymo turinio k\u016brimas ir<br>diegimas\u201c \u012fgyvendinim\u0105 galima rasti interneto adresu<br><a href=\"https:\/\/www.nsa.smm.lt\/projektai\/ugdymo-projektai\/projektas-skaitmeninio-ugdymo- turinio-kurimas-ir-diegimas\/\" target=\"_blank\" rel=\"noreferrer noopener\">https:\/\/www.nsa.smm.lt\/projektai\/ugdymo-projektai\/projektas-skaitmeninio-ugdymo-<br>turinio-kurimas-ir-diegimas\/<\/a><\/li>\n<\/ol>\n","protected":false},"excerpt":{"rendered":"<p>Vilniaus rajono savivaldyb\u0117s \u0161vietimo \u012fstaigose 2023-2024 m. m. vykdoma veikla Dalyvaujame EdTech projekto dalyje ,,Qoost\u201c. Qoost yra platforma, skirta mokyti, mokytis, kurti ir dalintis edukaciniu turiniu. Taip pat dalyvaujam N\u0160A EdTech projekte \u201eSkaitmenin\u0117 \u0161vietimo transformacija (EdTech)\u201c. Projektas ,,Skaitmeninio ugdymo turinio k\u016brimas ir diegimas\u201c Mokykla 2023 m. kaip Nacionalin\u0117s \u0161vietimo agent\u016bros&#8230;<\/p>\n<p> <a class=\"continue-reading-link\" href=\"https:\/\/www.sauletekio.vilniausr.lm.lt\/?page_id=14785\"><span>T\u0119sti skaitym\u0105<\/span><i class=\"crycon-right-dir\"><\/i><\/a> <\/p>\n","protected":false},"author":1,"featured_media":11336,"parent":319,"menu_order":11,"comment_status":"closed","ping_status":"closed","template":"","meta":{"_uag_custom_page_level_css":"","advgb_blocks_editor_width":"default","advgb_blocks_columns_visual_guide":"","ngg_post_thumbnail":0,"footnotes":""},"class_list":["post-14785","page","type-page","status-publish","has-post-thumbnail","hentry"],"uagb_featured_image_src":{"full":["https:\/\/www.sauletekio.vilniausr.lm.lt\/wp-content\/uploads\/2020\/09\/ESFIVP-I-1_001.png",156,62,false],"thumbnail":["https:\/\/www.sauletekio.vilniausr.lm.lt\/wp-content\/uploads\/2020\/09\/ESFIVP-I-1_001-150x62.png",150,62,true],"medium":["https:\/\/www.sauletekio.vilniausr.lm.lt\/wp-content\/uploads\/2020\/09\/ESFIVP-I-1_001.png",156,62,false],"medium_large":["https:\/\/www.sauletekio.vilniausr.lm.lt\/wp-content\/uploads\/2020\/09\/ESFIVP-I-1_001.png",156,62,false],"large":["https:\/\/www.sauletekio.vilniausr.lm.lt\/wp-content\/uploads\/2020\/09\/ESFIVP-I-1_001.png",156,62,false],"1536x1536":["https:\/\/www.sauletekio.vilniausr.lm.lt\/wp-content\/uploads\/2020\/09\/ESFIVP-I-1_001.png",156,62,false],"2048x2048":["https:\/\/www.sauletekio.vilniausr.lm.lt\/wp-content\/uploads\/2020\/09\/ESFIVP-I-1_001.png",156,62,false],"post-thumbnail":["https:\/\/www.sauletekio.vilniausr.lm.lt\/wp-content\/uploads\/2020\/09\/ESFIVP-I-1_001-150x60.png",150,60,true],"header":["https:\/\/www.sauletekio.vilniausr.lm.lt\/wp-content\/uploads\/2020\/09\/ESFIVP-I-1_001.png",156,62,false],"slider":["https:\/\/www.sauletekio.vilniausr.lm.lt\/wp-content\/uploads\/2020\/09\/ESFIVP-I-1_001.png",156,62,false],"columns":["https:\/\/www.sauletekio.vilniausr.lm.lt\/wp-content\/uploads\/2020\/09\/ESFIVP-I-1_001.png",156,62,false],"custom":["https:\/\/www.sauletekio.vilniausr.lm.lt\/wp-content\/uploads\/2020\/09\/ESFIVP-I-1_001.png",156,62,false]},"uagb_author_info":{"display_name":"admin","author_link":"https:\/\/www.sauletekio.vilniausr.lm.lt\/?author=1"},"uagb_comment_info":0,"uagb_excerpt":"Vilniaus rajono savivaldyb\u0117s \u0161vietimo \u012fstaigose 2023-2024 m. m. vykdoma veikla Dalyvaujame EdTech projekto dalyje ,,Qoost\u201c. Qoost yra platforma, skirta mokyti, mokytis, kurti ir dalintis edukaciniu turiniu. Taip pat dalyvaujam N\u0160A EdTech projekte \u201eSkaitmenin\u0117 \u0161vietimo transformacija (EdTech)\u201c. Projektas ,,Skaitmeninio ugdymo turinio k\u016brimas ir diegimas\u201c Mokykla 2023 m. kaip Nacionalin\u0117s \u0161vietimo agent\u016bros... T\u0119sti skaitym\u0105","coauthors":[],"author_meta":{"author_link":"https:\/\/www.sauletekio.vilniausr.lm.lt\/?author=1","display_name":"admin"},"relative_dates":{"created":"Posted 3 metai ago","modified":"Updated 2 metai ago"},"absolute_dates":{"created":"Posted on 2022-11-12","modified":"Updated on 2024-03-28"},"absolute_dates_time":{"created":"Posted on 2022-11-12 18:48","modified":"Updated on 2024-03-28 23:31"},"featured_img_caption":"","featured_img":"https:\/\/www.sauletekio.vilniausr.lm.lt\/wp-content\/uploads\/2020\/09\/ESFIVP-I-1_001-150x60.png","series_order":"","_links":{"self":[{"href":"https:\/\/www.sauletekio.vilniausr.lm.lt\/index.php?rest_route=\/wp\/v2\/pages\/14785","targetHints":{"allow":["GET"]}}],"collection":[{"href":"https:\/\/www.sauletekio.vilniausr.lm.lt\/index.php?rest_route=\/wp\/v2\/pages"}],"about":[{"href":"https:\/\/www.sauletekio.vilniausr.lm.lt\/index.php?rest_route=\/wp\/v2\/types\/page"}],"author":[{"embeddable":true,"href":"https:\/\/www.sauletekio.vilniausr.lm.lt\/index.php?rest_route=\/wp\/v2\/users\/1"}],"replies":[{"embeddable":true,"href":"https:\/\/www.sauletekio.vilniausr.lm.lt\/index.php?rest_route=%2Fwp%2Fv2%2Fcomments&post=14785"}],"version-history":[{"count":11,"href":"https:\/\/www.sauletekio.vilniausr.lm.lt\/index.php?rest_route=\/wp\/v2\/pages\/14785\/revisions"}],"predecessor-version":[{"id":18065,"href":"https:\/\/www.sauletekio.vilniausr.lm.lt\/index.php?rest_route=\/wp\/v2\/pages\/14785\/revisions\/18065"}],"up":[{"embeddable":true,"href":"https:\/\/www.sauletekio.vilniausr.lm.lt\/index.php?rest_route=\/wp\/v2\/pages\/319"}],"wp:featuredmedia":[{"embeddable":true,"href":"https:\/\/www.sauletekio.vilniausr.lm.lt\/index.php?rest_route=\/wp\/v2\/media\/11336"}],"wp:attachment":[{"href":"https:\/\/www.sauletekio.vilniausr.lm.lt\/index.php?rest_route=%2Fwp%2Fv2%2Fmedia&parent=14785"}],"curies":[{"name":"wp","href":"https:\/\/api.w.org\/{rel}","templated":true}]}}