{"id":148,"date":"2011-01-26T16:28:47","date_gmt":"2011-01-26T14:28:47","guid":{"rendered":"http:\/\/127.0.0.1\/wordpress\/wordpress\/?page_id=148"},"modified":"2024-01-24T23:48:35","modified_gmt":"2024-01-24T21:48:35","slug":"148-2","status":"publish","type":"page","link":"https:\/\/www.sauletekio.vilniausr.lm.lt\/?page_id=148","title":{"rendered":"1.2 % PARAMA MOKYKLAI"},"content":{"rendered":"<div class=\"fcbkbttn_buttons_block\" id=\"fcbkbttn_left\"><div class=\"fcbkbttn_like \"><fb:like href=\"https:\/\/www.sauletekio.vilniausr.lm.lt\/?page_id=148\" action=\"like\" colorscheme=\"light\" layout=\"button_count\"  size=\"small\"><\/fb:like><\/div><div class=\"fb-share-button  \" data-href=\"https:\/\/www.sauletekio.vilniausr.lm.lt\/?page_id=148\" data-type=\"button_count\" data-size=\"small\"><\/div><\/div>\n<p>Brang\u016bs Vilniaus r. Bezdoni\u0173 \u201eSaul\u0117tekio\u201c pagrindin\u0117s mokyklos bendruomen\u0117s nariai,<br>Nuo\u0161ird\u017eiai d\u0117koju, kad pasinaudodami 1,2 proc. GPM paramos galimybe 2023 metais m\u016bs\u0173<br>mokyklai skyr\u0117te 2062.63 Eur\u0173 (2022 m. &#8211; 2022.41 Eur\u0173, 2021m. \u2013 1 439.27 Eur\u0173). 1800 Eur\u0173 gavome i\u0161 kit\u0173 r\u0117m\u0117j\u0173.\u00a0U\u017e gautas l\u0117\u0161as buvo perkamos dovan\u0117l\u0117s konkursams, apdovanojimams u\u017e pasiekimus moksle, sporte, \u00a0apmokamos edukacini\u0173 i\u0161vyk\u0173 transporto i\u0161laidos. Dalis l\u0117\u0161\u0173 panaudota Mokyklos rengini\u0173 organizavimui. (<a href=\"https:\/\/www.sauletekio.vilniausr.lm.lt\/wp-content\/uploads\/2024\/01\/Pirkimu-ataskaita-uz-2023-m.pdf\" target=\"_blank\" rel=\"noreferrer noopener\">Pirkim\u0173 ataskaita u\u017e 2023 m.<\/a>)<\/p>\n\n\n\n<p>2023-12-31 l\u0117\u0161\u0173 likutis \u2013 2320.44 Eur\u0173.<\/p>\n\n\n\n<p>Kvie\u010diu ir toliau remti Mokykl\u0105 bei paraginti tai padaryti savo draugus, kolegas, artimuosius. J\u016bs\u0173<br>d\u0117ka galime gerinti formaliojo ir neformaliojo ugdymo kokyb\u0119, atnaujinti ir modernizuoti<br>edukacines ir mokymo(si) aplinkas, stiprinti mokyklos materialin\u0119 baz\u0119.<\/p>\n\n\n\n<p>1,2 % GPM galite skirti iki&nbsp;2024 m. gegu\u017e\u0117s 2 d. Pra\u0161ymus galima&nbsp;pateikti tik elektroniniu<br>b\u016bdu&nbsp;&nbsp;per VMI Elektronin\u0119 deklaravimo sistem\u0105 &nbsp;(<a href=\"https:\/\/deklaravimas.vmi.lt\/lt\/Pradinis_Prisijungimo_puslapis\/Prisijungimasperisorinessistemas.aspx\" target=\"_blank\" rel=\"noreferrer noopener\">www.deklaravimas.vmi.lt<\/a>) EDS.<\/p>\n\n\n\n<p><strong>PARAMOS SKYRIMAS INTERNETU<\/strong><\/p>\n\n\n\n<ol class=\"wp-block-list\" start=\"1\">\n<li>Prisijunkite prie elektroninio deklaravimo sistemos&nbsp;<a href=\"https:\/\/click.mlsend.com\/link\/c\/YT0xNjMzMTQwNzUzNDIzMTQ0MjIyJmM9ZTduMyZlPTUxODgmYj01Mzg1NjkzNTUmZD1kMXI3bjh5.JOo4FXCrK2khuWWXg9XXtFrrcAEoK-ZAWrjZfIQ3Qtk\" target=\"_blank\" rel=\"noreferrer noopener\"><strong>EDS<\/strong><\/a>.<\/li>\n\n\n\n<li>Junkit\u0117s per savo bank\u0105 arba elektroninius vald\u017eios vartus.<\/li>\n\n\n\n<li>Kair\u0117je pus\u0117je spustel\u0117kite \u201ePildyti form\u0105\u201c, tuomet \u2013 \u201ePra\u0161ymas skirti param\u0105\u201c.<\/li>\n\n\n\n<li>Spustel\u0117kite \u201eForma elektroniniam pildymui\u201c (&nbsp;FR0512&nbsp;(5&nbsp;versija).<\/li>\n\n\n\n<li>Atsidar\u0119 dokument\u0105,&nbsp;<strong>E1&nbsp;<\/strong>laukelyje pa\u017eym\u0117kite gav\u0117jo tip\u0105 (paramos gav\u0117jas).<\/li>\n\n\n\n<li><strong>E2&nbsp;<\/strong>laukelyje \u012fra\u0161ykite gav\u0117jo identifikacin\u012f numer\u012f&nbsp;<strong>291317980<\/strong><\/li>\n\n\n\n<li><strong>E4&nbsp;<\/strong>laukelyje \u2012 1,2 proc.<\/li>\n\n\n\n<li><strong>E5&nbsp;<\/strong>laukelyje galite pasirinkti param\u0105 skirti iki 2027 m.<\/li>\n\n\n\n<li>U\u017epild\u0119 duomenis, spustel\u0117kite \u201ePateikti deklaracij\u0105\u201c.<\/li>\n<\/ol>\n\n\n\n<p><strong>Rekvizitai pageidaujantiems&nbsp;1,2 proc.&nbsp;pajam\u0173 mokes\u010dio dal\u012f skirti Vilniaus r. Bezdoni\u0173 \u201eSaul\u0117tekio\u201c pagrindinei mokyklai:<\/strong><\/p>\n\n\n\n<p>Vilniaus r. Bezdoni\u0173 \u201eSaul\u0117tekio\u201c pagrindin\u0117 mokykla, \u012fmon\u0117s kodas <strong>291317980<\/strong><br>Gele\u017einkelio g. 40, Bezdoni\u0173 mstl., Bezdoni\u0173 sen.,15201 Vilniaus r., tel. (8-5)2696422, el. pa\u0161tas: pagrindine@sauletekio.vilniausr.lm.lt<\/p>\n\n\n\n<p>Mokes\u010dio dalies paskirtis \u2013<strong>&nbsp;parama Vilniaus r. Bezdoni\u0173 \u201eSaul\u0117tekio\u201c pagrindinei mokyklai.<\/strong><\/p>\n\n\n\n<p>Nuo\u0161ird\u017eiai d\u0117koju u\u017e J\u016bs\u0173 supratingum\u0105 ir geranori\u0161kum\u0105.<\/p>\n\n\n\n<p>Pagarbiai<br>direktorius Algimantas Baranauskas,<br>mokyklos bendruomen\u0117s vardu<\/p>\n\n\n\n<hr class=\"wp-block-separator has-css-opacity is-style-wide\"\/>\n","protected":false},"excerpt":{"rendered":"<p>Brang\u016bs Vilniaus r. Bezdoni\u0173 \u201eSaul\u0117tekio\u201c pagrindin\u0117s mokyklos bendruomen\u0117s nariai,Nuo\u0161ird\u017eiai d\u0117koju, kad pasinaudodami 1,2 proc. GPM paramos galimybe 2023 metais m\u016bs\u0173mokyklai skyr\u0117te 2062.63 Eur\u0173 (2022 m. &#8211; 2022.41 Eur\u0173, 2021m. \u2013 1 439.27 Eur\u0173). 1800 Eur\u0173 gavome i\u0161 kit\u0173 r\u0117m\u0117j\u0173.\u00a0U\u017e gautas l\u0117\u0161as buvo perkamos dovan\u0117l\u0117s konkursams, apdovanojimams u\u017e pasiekimus moksle, sporte,&#8230;<\/p>\n<p> <a class=\"continue-reading-link\" href=\"https:\/\/www.sauletekio.vilniausr.lm.lt\/?page_id=148\"><span>T\u0119sti skaitym\u0105<\/span><i class=\"crycon-right-dir\"><\/i><\/a> <\/p>\n","protected":false},"author":1,"featured_media":0,"parent":184,"menu_order":8,"comment_status":"closed","ping_status":"closed","template":"","meta":{"_uag_custom_page_level_css":"","advgb_blocks_editor_width":"","advgb_blocks_columns_visual_guide":"","ngg_post_thumbnail":0,"footnotes":""},"class_list":["post-148","page","type-page","status-publish","hentry"],"uagb_featured_image_src":{"full":false,"thumbnail":false,"medium":false,"medium_large":false,"large":false,"1536x1536":false,"2048x2048":false,"post-thumbnail":false,"header":false,"slider":false,"columns":false,"custom":false},"uagb_author_info":{"display_name":"admin","author_link":"https:\/\/www.sauletekio.vilniausr.lm.lt\/?author=1"},"uagb_comment_info":0,"uagb_excerpt":"Brang\u016bs Vilniaus r. Bezdoni\u0173 \u201eSaul\u0117tekio\u201c pagrindin\u0117s mokyklos bendruomen\u0117s nariai,Nuo\u0161ird\u017eiai d\u0117koju, kad pasinaudodami 1,2 proc. GPM paramos galimybe 2023 metais m\u016bs\u0173mokyklai skyr\u0117te 2062.63 Eur\u0173 (2022 m. &#8211; 2022.41 Eur\u0173, 2021m. \u2013 1 439.27 Eur\u0173). 1800 Eur\u0173 gavome i\u0161 kit\u0173 r\u0117m\u0117j\u0173.\u00a0U\u017e gautas l\u0117\u0161as buvo perkamos dovan\u0117l\u0117s konkursams, apdovanojimams u\u017e pasiekimus moksle, sporte,... T\u0119sti skaitym\u0105","coauthors":[],"author_meta":{"author_link":"https:\/\/www.sauletekio.vilniausr.lm.lt\/?author=1","display_name":"admin"},"relative_dates":{"created":"Posted 15 met\u0173 ago","modified":"Updated 2 metai ago"},"absolute_dates":{"created":"Posted on 2011-01-26","modified":"Updated on 2024-01-24"},"absolute_dates_time":{"created":"Posted on 2011-01-26 16:28","modified":"Updated on 2024-01-24 23:48"},"featured_img_caption":"","featured_img":false,"series_order":"","_links":{"self":[{"href":"https:\/\/www.sauletekio.vilniausr.lm.lt\/index.php?rest_route=\/wp\/v2\/pages\/148","targetHints":{"allow":["GET"]}}],"collection":[{"href":"https:\/\/www.sauletekio.vilniausr.lm.lt\/index.php?rest_route=\/wp\/v2\/pages"}],"about":[{"href":"https:\/\/www.sauletekio.vilniausr.lm.lt\/index.php?rest_route=\/wp\/v2\/types\/page"}],"author":[{"embeddable":true,"href":"https:\/\/www.sauletekio.vilniausr.lm.lt\/index.php?rest_route=\/wp\/v2\/users\/1"}],"replies":[{"embeddable":true,"href":"https:\/\/www.sauletekio.vilniausr.lm.lt\/index.php?rest_route=%2Fwp%2Fv2%2Fcomments&post=148"}],"version-history":[{"count":60,"href":"https:\/\/www.sauletekio.vilniausr.lm.lt\/index.php?rest_route=\/wp\/v2\/pages\/148\/revisions"}],"predecessor-version":[{"id":17807,"href":"https:\/\/www.sauletekio.vilniausr.lm.lt\/index.php?rest_route=\/wp\/v2\/pages\/148\/revisions\/17807"}],"up":[{"embeddable":true,"href":"https:\/\/www.sauletekio.vilniausr.lm.lt\/index.php?rest_route=\/wp\/v2\/pages\/184"}],"wp:attachment":[{"href":"https:\/\/www.sauletekio.vilniausr.lm.lt\/index.php?rest_route=%2Fwp%2Fv2%2Fmedia&parent=148"}],"curies":[{"name":"wp","href":"https:\/\/api.w.org\/{rel}","templated":true}]}}