{"id":14857,"date":"2022-11-12T20:16:46","date_gmt":"2022-11-12T18:16:46","guid":{"rendered":"https:\/\/www.sauletekio.vilniausr.lm.lt\/?page_id=14857"},"modified":"2026-01-30T11:57:37","modified_gmt":"2026-01-30T08:57:37","slug":"biudzeto-vykdymo-ataskaitu-rinkiniai","status":"publish","type":"page","link":"https:\/\/www.sauletekio.vilniausr.lm.lt\/?page_id=14857","title":{"rendered":"Biud\u017eeto vykdymo ataskait\u0173 rinkiniai"},"content":{"rendered":"<div class=\"fcbkbttn_buttons_block\" id=\"fcbkbttn_left\"><div class=\"fcbkbttn_like \"><fb:like href=\"https:\/\/www.sauletekio.vilniausr.lm.lt\/?page_id=14857\" action=\"like\" colorscheme=\"light\" layout=\"button_count\"  size=\"small\"><\/fb:like><\/div><div class=\"fb-share-button  \" data-href=\"https:\/\/www.sauletekio.vilniausr.lm.lt\/?page_id=14857\" data-type=\"button_count\" data-size=\"small\"><\/div><\/div>\n<p><strong><a href=\"https:\/\/www.sauletekio.vilniausr.lm.lt\/wp-content\/uploads\/2026\/01\/Biudzeto-islaidu-samatos-vykdymo-ataskaita-2025-m.-metine.pdf\">Biud\u017eeto i\u0161laid\u0173 s\u0105matos vykdymo ataskaita 2025 m. (metin\u0117)<\/a><\/strong><\/p>\n\n\n\n<p><a href=\"https:\/\/www.sauletekio.vilniausr.lm.lt\/wp-content\/uploads\/2025\/11\/Biudzeto-islaidu-samatos-vykdyo-ataskaita-2025-m.-I-ketvircio-pusmecio-9-menesiu-metine.pdf\" data-type=\"link\" data-id=\"https:\/\/www.sauletekio.vilniausr.lm.lt\/wp-content\/uploads\/2025\/11\/Biudzeto-islaidu-samatos-vykdyo-ataskaita-2025-m.-I-ketvircio-pusmecio-9-menesiu-metine.pdf\" target=\"_blank\" rel=\"noreferrer noopener\"><strong>Biud\u017eeto i\u0161laid\u0173 s\u0105matos vykdymo ataskaita 2025 m. I ketvir\u010dio, pusme\u010dio, 9 m\u0117nesi\u0173, metin\u0117<\/strong><\/a><\/p>\n\n\n\n<p><strong><a href=\"https:\/\/www.sauletekio.vilniausr.lm.lt\/wp-content\/uploads\/2025\/02\/Biudzeto-islaidu-samatos-vykdymo-ataskaita-2024-m.-metine.pdf\" target=\"_blank\" rel=\"noreferrer noopener\">Biud\u017eeto i\u0161laid\u0173 s\u0105matos vykdymo ataskaita 2024 m. (metin\u0117)<\/a><\/strong><\/p>\n\n\n\n<p><strong><a href=\"https:\/\/www.sauletekio.vilniausr.lm.lt\/wp-content\/uploads\/2024\/09\/Biudzeto-islaidu-samatos-vykdymo-ataskaita-ketvirtine-menesin.pdf\" target=\"_blank\" rel=\"noreferrer noopener\">Biud\u017eeto i\u0161laid\u0173 s\u0105matos vykdymo ataskaita 2024 m. (ketvirtin\u0117, m\u0117nesin\u0117)<\/a><\/strong><\/p>\n\n\n\n<p><a href=\"https:\/\/www.sauletekio.vilniausr.lm.lt\/wp-content\/uploads\/2024\/10\/Biudzeto-islaidu-samatos-vykdymo-ataskaita-ketvirtine.pdf\" target=\"_blank\" rel=\"noreferrer noopener\"><strong>Biud\u017eeto i\u0161laid\u0173 s\u0105matos vykdymo ataskaita 2024 m. (ketvirtin\u0117 2)<\/strong><\/a><\/p>\n\n\n\n<p><a href=\"https:\/\/www.sauletekio.vilniausr.lm.lt\/wp-content\/uploads\/2024\/09\/Biudzeto-islaidu-samatos-vykdymo-ataskaita-ketvirtine.pdf\" target=\"_blank\" rel=\"noreferrer noopener\"><strong>Biud\u017eeto i\u0161laid\u0173 s\u0105matos vykdymo ataskaita 2024 m. (ketvirtin\u0117)<\/strong><\/a><\/p>\n\n\n\n<p><strong><a href=\"https:\/\/www.sauletekio.vilniausr.lm.lt\/wp-content\/uploads\/2024\/02\/Biudzeto-islaidu-samatos-vykdymo-ataskaita-2023-m.-metine.pdf\" target=\"_blank\" rel=\"noreferrer noopener\">Biud\u017eeto i\u0161laid\u0173 s\u0105matos vykdymo ataskaita 2023 m. (metin\u0117)<\/a><\/strong><\/p>\n\n\n\n<p><a href=\"https:\/\/www.sauletekio.vilniausr.lm.lt\/wp-content\/uploads\/2023\/10\/Biudzeto-islaidu-samatos-vykdymo-ataskaita-2023-m.-ketvirtine.pdf\" target=\"_blank\" rel=\"noreferrer noopener\"><strong>Biud\u017eeto i\u0161laid\u0173 s\u0105matos vykdymo ataskaita 2023 m. (ketvirtin\u0117)<\/strong><\/a><\/p>\n\n\n\n<p><strong><a rel=\"noreferrer noopener\" href=\"https:\/\/www.sauletekio.vilniausr.lm.lt\/wp-content\/uploads\/2023\/02\/Biudzeto-islaidu-samatos-vykdymo-ataskaita-2022-m.-ketvirtine-metine.pdf\" target=\"_blank\">Biud\u017eeto i\u0161laid\u0173 s\u0105matos vykdymo ataskaita 2022 m. (metin\u0117)<\/a><\/strong><\/p>\n\n\n\n<p><a rel=\"noreferrer noopener\" href=\"https:\/\/www.sauletekio.vilniausr.lm.lt\/wp-content\/uploads\/2022\/05\/Biudzeto-islaidu-samatos-vykdymo-ataskaita-2022-m.-ketvirtine.pdf\" target=\"_blank\"><strong>Biud\u017eeto i\u0161laid\u0173 s\u0105matos vykdymo ataskaita 2022 m. (ketvirtin\u0117)<\/strong><\/a><\/p>\n\n\n\n<p><a rel=\"noreferrer noopener\" href=\"https:\/\/www.sauletekio.vilniausr.lm.lt\/wp-content\/uploads\/2022\/02\/Biudzeto-islaidu-samatos-ataskita-2021-m.-metine.pdf\" target=\"_blank\"><strong>Biud\u017eeto i\u0161laid\u0173 s\u0105matos vykdymo ataskaita 2021 m.<\/strong><\/a><\/p>\n\n\n\n<p><a href=\"https:\/\/www.sauletekio.vilniausr.lm.lt\/wp-content\/uploads\/2021\/10\/Biudzeto-islaidu-samatos-vykdymo-ataskaitos-2021-m..pdf\" target=\"_blank\" rel=\"noreferrer noopener\"><strong>Biud\u017eeto i\u0161laid\u0173 s\u0105matos vykdymo ataskaita 2021 m.<\/strong> <strong>(ketvirtin\u0117)<\/strong><\/a><\/p>\n\n\n\n<p><strong><a rel=\"noreferrer noopener\" href=\"https:\/\/www.sauletekio.vilniausr.lm.lt\/wp-content\/uploads\/2021\/06\/Biudzeto-islaidu-samatos-vykdymo-ataskaitos-2020-m..pdf\" target=\"_blank\">Biud\u017eeto i\u0161laid\u0173 s\u0105matos vykdymo ataskaita 2020 m.<\/a><\/strong><\/p>\n\n\n\n<p><strong><a rel=\"noreferrer noopener\" href=\"https:\/\/www.sauletekio.vilniausr.lm.lt\/wp-content\/uploads\/2021\/06\/Biudzeto-islaidu-samatos-vykdymo-ataskaitos-2019-m..pdf\" target=\"_blank\">Biud\u017eeto i\u0161laid\u0173 s\u0105matos vykdymo ataskaita 2019 m.<\/a><\/strong><\/p>\n\n\n\n<p><strong><a rel=\"noreferrer noopener\" href=\"https:\/\/www.sauletekio.vilniausr.lm.lt\/wp-content\/uploads\/2021\/07\/Biudzeto-islaidu-samatos-vykdymo-ataskaitos-2018-m..pdf\" target=\"_blank\">Biud\u017eeto i\u0161laid\u0173 s\u0105matos vykdymo ataskaita 2018 m.<\/a><\/strong><\/p>\n","protected":false},"excerpt":{"rendered":"<p>Biud\u017eeto i\u0161laid\u0173 s\u0105matos vykdymo ataskaita 2025 m. (metin\u0117) Biud\u017eeto i\u0161laid\u0173 s\u0105matos vykdymo ataskaita 2025 m. I ketvir\u010dio, pusme\u010dio, 9 m\u0117nesi\u0173, metin\u0117 Biud\u017eeto i\u0161laid\u0173 s\u0105matos vykdymo ataskaita 2024 m. (metin\u0117) Biud\u017eeto i\u0161laid\u0173 s\u0105matos vykdymo ataskaita 2024 m. (ketvirtin\u0117, m\u0117nesin\u0117) Biud\u017eeto i\u0161laid\u0173 s\u0105matos vykdymo ataskaita 2024 m. (ketvirtin\u0117 2) Biud\u017eeto i\u0161laid\u0173 s\u0105matos&#8230;<\/p>\n<p> <a class=\"continue-reading-link\" href=\"https:\/\/www.sauletekio.vilniausr.lm.lt\/?page_id=14857\"><span>T\u0119sti skaitym\u0105<\/span><i class=\"crycon-right-dir\"><\/i><\/a> <\/p>\n","protected":false},"author":1,"featured_media":0,"parent":9878,"menu_order":7,"comment_status":"closed","ping_status":"closed","template":"","meta":{"_uag_custom_page_level_css":"","advgb_blocks_editor_width":"","advgb_blocks_columns_visual_guide":"","ngg_post_thumbnail":0,"footnotes":""},"class_list":["post-14857","page","type-page","status-publish","hentry"],"uagb_featured_image_src":{"full":false,"thumbnail":false,"medium":false,"medium_large":false,"large":false,"1536x1536":false,"2048x2048":false,"post-thumbnail":false,"header":false,"slider":false,"columns":false,"custom":false},"uagb_author_info":{"display_name":"admin","author_link":"https:\/\/www.sauletekio.vilniausr.lm.lt\/?author=1"},"uagb_comment_info":0,"uagb_excerpt":"Biud\u017eeto i\u0161laid\u0173 s\u0105matos vykdymo ataskaita 2025 m. (metin\u0117) Biud\u017eeto i\u0161laid\u0173 s\u0105matos vykdymo ataskaita 2025 m. I ketvir\u010dio, pusme\u010dio, 9 m\u0117nesi\u0173, metin\u0117 Biud\u017eeto i\u0161laid\u0173 s\u0105matos vykdymo ataskaita 2024 m. (metin\u0117) Biud\u017eeto i\u0161laid\u0173 s\u0105matos vykdymo ataskaita 2024 m. (ketvirtin\u0117, m\u0117nesin\u0117) Biud\u017eeto i\u0161laid\u0173 s\u0105matos vykdymo ataskaita 2024 m. (ketvirtin\u0117 2) Biud\u017eeto i\u0161laid\u0173 s\u0105matos... T\u0119sti skaitym\u0105","coauthors":[],"author_meta":{"author_link":"https:\/\/www.sauletekio.vilniausr.lm.lt\/?author=1","display_name":"admin"},"relative_dates":{"created":"Posted 3 metai ago","modified":"Updated 2 m\u0117nesiai ago"},"absolute_dates":{"created":"Posted on 2022-11-12","modified":"Updated on 2026-01-30"},"absolute_dates_time":{"created":"Posted on 2022-11-12 20:16","modified":"Updated on 2026-01-30 11:57"},"featured_img_caption":"","featured_img":false,"series_order":"","_links":{"self":[{"href":"https:\/\/www.sauletekio.vilniausr.lm.lt\/index.php?rest_route=\/wp\/v2\/pages\/14857","targetHints":{"allow":["GET"]}}],"collection":[{"href":"https:\/\/www.sauletekio.vilniausr.lm.lt\/index.php?rest_route=\/wp\/v2\/pages"}],"about":[{"href":"https:\/\/www.sauletekio.vilniausr.lm.lt\/index.php?rest_route=\/wp\/v2\/types\/page"}],"author":[{"embeddable":true,"href":"https:\/\/www.sauletekio.vilniausr.lm.lt\/index.php?rest_route=\/wp\/v2\/users\/1"}],"replies":[{"embeddable":true,"href":"https:\/\/www.sauletekio.vilniausr.lm.lt\/index.php?rest_route=%2Fwp%2Fv2%2Fcomments&post=14857"}],"version-history":[{"count":14,"href":"https:\/\/www.sauletekio.vilniausr.lm.lt\/index.php?rest_route=\/wp\/v2\/pages\/14857\/revisions"}],"predecessor-version":[{"id":22320,"href":"https:\/\/www.sauletekio.vilniausr.lm.lt\/index.php?rest_route=\/wp\/v2\/pages\/14857\/revisions\/22320"}],"up":[{"embeddable":true,"href":"https:\/\/www.sauletekio.vilniausr.lm.lt\/index.php?rest_route=\/wp\/v2\/pages\/9878"}],"wp:attachment":[{"href":"https:\/\/www.sauletekio.vilniausr.lm.lt\/index.php?rest_route=%2Fwp%2Fv2%2Fmedia&parent=14857"}],"curies":[{"name":"wp","href":"https:\/\/api.w.org\/{rel}","templated":true}]}}