{"id":14862,"date":"2022-11-12T20:17:55","date_gmt":"2022-11-12T18:17:55","guid":{"rendered":"https:\/\/www.sauletekio.vilniausr.lm.lt\/?page_id=14862"},"modified":"2025-03-04T22:21:25","modified_gmt":"2025-03-04T19:21:25","slug":"finansiniu-ataskaitu-rinkiniai","status":"publish","type":"page","link":"https:\/\/www.sauletekio.vilniausr.lm.lt\/?page_id=14862","title":{"rendered":"Finansini\u0173 ataskait\u0173 rinkiniai"},"content":{"rendered":"<div class=\"fcbkbttn_buttons_block\" id=\"fcbkbttn_left\"><div class=\"fcbkbttn_like \"><fb:like href=\"https:\/\/www.sauletekio.vilniausr.lm.lt\/?page_id=14862\" action=\"like\" colorscheme=\"light\" layout=\"button_count\"  size=\"small\"><\/fb:like><\/div><div class=\"fb-share-button  \" data-href=\"https:\/\/www.sauletekio.vilniausr.lm.lt\/?page_id=14862\" data-type=\"button_count\" data-size=\"small\"><\/div><\/div>\n<p><a href=\"https:\/\/www.sauletekio.vilniausr.lm.lt\/wp-content\/uploads\/2025\/03\/2024-m.-Finansiniu-ataskaitu-rinkinys-ir-aiskinamasis-rastas.pdf\" data-type=\"link\" data-id=\"https:\/\/www.sauletekio.vilniausr.lm.lt\/wp-content\/uploads\/2025\/03\/2024-m.-Finansiniu-ataskaitu-rinkinys-ir-aiskinamasis-rastas.pdf\" target=\"_blank\" rel=\"noreferrer noopener\"><strong>2024 m. Finansini\u0173 ataskait\u0173 rinkinys ir ai\u0161kinamasis ra\u0161tas<\/strong><\/a><\/p>\n\n\n\n<p><a href=\"https:\/\/www.sauletekio.vilniausr.lm.lt\/wp-content\/uploads\/2024\/09\/2024-m.-II-ketvircio-Finansines-ataskitos-ir-Aiskinamasis-rasta.pdf\" data-type=\"link\" data-id=\"https:\/\/www.sauletekio.vilniausr.lm.lt\/wp-content\/uploads\/2024\/09\/2024-m.-II-ketvircio-Finansines-ataskitos-ir-Aiskinamasis-rasta.pdf\" target=\"_blank\" rel=\"noreferrer noopener\"><strong>2024 m. II ketvir\u010dio Finansin\u0117s ataskaitos ir Ai\u0161kinamasis ra\u0161tas<\/strong><\/a><\/p>\n\n\n\n<p><strong><a href=\"https:\/\/www.sauletekio.vilniausr.lm.lt\/wp-content\/uploads\/2025\/02\/2024-m.-III-ketvircio-Finansines-bukles-ataskaita-ir-Aiskinamasis-rastas.pdf\" data-type=\"link\" data-id=\"https:\/\/www.sauletekio.vilniausr.lm.lt\/wp-content\/uploads\/2024\/12\/2024-m.-III-ketvircio-Finansines-ataskaitos-ir-Aiskinamasis-ras.pdf\" target=\"_blank\" rel=\"noreferrer noopener\">2024 m. III ketvir\u010dio Finansin\u0117s ataskaitos ir Ai\u0161kinamasis ra\u0161tas<\/a><\/strong><\/p>\n\n\n\n<p><a href=\"https:\/\/www.sauletekio.vilniausr.lm.lt\/wp-content\/uploads\/2024\/09\/2024-m.-I-ketvircio-Finansines-ataskitos-ir-Aiskinamasis-rastas.pdf\" data-type=\"link\" data-id=\"https:\/\/www.sauletekio.vilniausr.lm.lt\/wp-content\/uploads\/2024\/09\/2024-m.-I-ketvircio-Finansines-ataskitos-ir-Aiskinamasis-rastas.pdf\"><strong>2024 m. I ketvir\u010dio Finansin\u0117s ataskaitos ir Ai\u0161kinamasis ra\u0161tas<\/strong><\/a><\/p>\n\n\n\n<p><strong><a href=\"https:\/\/www.sauletekio.vilniausr.lm.lt\/wp-content\/uploads\/2024\/06\/2023-m.-finansiniu-ataskaitu-rinkinys-ir-Aiskinamasis-rastas.pdf\" target=\"_blank\" rel=\"noreferrer noopener\">2023 m. finansini\u0173 ataskait\u0173 rinkinys ir ai\u0161kinamasis ra\u0161tas<\/a><\/strong><\/p>\n\n\n\n<p><a href=\"https:\/\/www.sauletekio.vilniausr.lm.lt\/wp-content\/uploads\/2023\/09\/2023-m.-Finansines-bukles-ataskaita-II-ketv.pdf\" data-type=\"link\" data-id=\"https:\/\/www.sauletekio.vilniausr.lm.lt\/wp-content\/uploads\/2023\/09\/2023-m.-Finansines-bukles-ataskaita-II-ketv.pdf\" target=\"_blank\" rel=\"noreferrer noopener\"><strong>2023 m. Finansin\u0117s b\u016bkl\u0117s ataskaita II ketv.<\/strong><\/a><\/p>\n\n\n\n<p><a href=\"https:\/\/www.sauletekio.vilniausr.lm.lt\/wp-content\/uploads\/2023\/09\/2023-m.-Finansines-bukles-ataskaita-I-ketv.pdf\" data-type=\"link\" data-id=\"https:\/\/www.sauletekio.vilniausr.lm.lt\/wp-content\/uploads\/2023\/09\/2023-m.-Finansines-bukles-ataskaita-I-ketv.pdf\" target=\"_blank\" rel=\"noreferrer noopener\"><strong>2023 m. Finansin\u0117s b\u016bkl\u0117s ataskaita I ketv<\/strong>.<\/a><\/p>\n\n\n\n<p><a rel=\"noreferrer noopener\" href=\"https:\/\/www.sauletekio.vilniausr.lm.lt\/wp-content\/uploads\/2023\/06\/2022-m.-Finansiniu-ataskaitu-rinkinys-ir-aiskinamasis-rastas-1.pdf\" target=\"_blank\"><strong>2022 m. finansini\u0173 ataskait\u0173 rinkinys ir ai\u0161kinamasis ra\u0161tas<\/strong><\/a><\/p>\n\n\n\n<p><strong><a rel=\"noreferrer noopener\" href=\"https:\/\/www.sauletekio.vilniausr.lm.lt\/wp-content\/uploads\/2022\/06\/Finansiniu-ataskitu-rinkinys-2021-m..pdf\" target=\"_blank\">2021 m. finansini\u0173 ataskait\u0173 rinkinys<\/a><\/strong><\/p>\n\n\n\n<p><a rel=\"noreferrer noopener\" href=\"https:\/\/www.sauletekio.vilniausr.lm.lt\/wp-content\/uploads\/2022\/06\/Aiskinamasis-rastas-prie-2021-m.-finansiniu-ataskaitu-rinkinio.pdf\" target=\"_blank\"><strong>Ai\u0161kinamasis ra\u0161tas prie finansini\u0173 ataskait\u0173 rinkinio 2021<\/strong><\/a><\/p>\n\n\n\n<p><a rel=\"noreferrer noopener\" href=\"https:\/\/www.sauletekio.vilniausr.lm.lt\/wp-content\/uploads\/2021\/06\/Ataskaitos-2020.pdf\" data-type=\"URL\" target=\"_blank\"><strong>2020 m. finansini\u0173 ataskait\u0173 rinkinys<\/strong><\/a><\/p>\n\n\n\n<p><strong><a rel=\"noreferrer noopener\" href=\"https:\/\/www.sauletekio.vilniausr.lm.lt\/wp-content\/uploads\/2021\/06\/Aiskinamasis-rastas-2020.pdf\" target=\"_blank\">Ai\u0161kinamasis ra\u0161tas prie finansini\u0173 ataskait\u0173 rinkinio 2020<\/a><\/strong><\/p>\n\n\n\n<p><a rel=\"noreferrer noopener\" href=\"https:\/\/www.sauletekio.vilniausr.lm.lt\/wp-content\/uploads\/2020\/06\/Finansini\u0173-ataskait\u0173-rinkinys-2019.pdf\" target=\"_blank\"><strong>2019 m. finansini\u0173 ataskait\u0173 rinkinys<\/strong><\/a><\/p>\n\n\n\n<p><a rel=\"noreferrer noopener\" href=\"https:\/\/www.sauletekio.vilniausr.lm.lt\/wp-content\/uploads\/2020\/06\/Ai\u0161kinamasis-ra\u0161tas-prie-finansini\u0173-ataskait\u0173-rinkinio-2019.pdf\" target=\"_blank\"><strong>Ai\u0161kinamasis ra\u0161tas prie finansini\u0173 ataskait\u0173 rinkinio 2019<\/strong><\/a><\/p>\n\n\n\n<p><a rel=\"noreferrer noopener\" href=\"https:\/\/www.sauletekio.vilniausr.lm.lt\/wp-content\/uploads\/2019\/08\/Finansini\u0173-ataskait\u0173-rinkinys-2018.pdf\" target=\"_blank\"><strong>2018 m. finansini\u0173 ataskait\u0173 rinkinys<\/strong><\/a><\/p>\n\n\n\n<p><a rel=\"noreferrer noopener\" href=\"https:\/\/www.sauletekio.vilniausr.lm.lt\/wp-content\/uploads\/2018\/08\/2017-m.-Finansini\u0173-ataskait\u0173-rinkinys.pdf\" target=\"_blank\"><strong>2017 m. finansini\u0173 ataskait\u0173 rinkinys<\/strong><\/a><\/p>\n\n\n\n<p><a rel=\"noreferrer noopener\" href=\"https:\/\/www.sauletekio.vilniausr.lm.lt\/wp-content\/uploads\/2017\/06\/2016-m.-finansin\u0117-ataskaita.pdf\" target=\"_blank\"><strong>2016 m. finansini\u0173 ataskait\u0173 rinkinys<\/strong><\/a><\/p>\n","protected":false},"excerpt":{"rendered":"<p>2024 m. Finansini\u0173 ataskait\u0173 rinkinys ir ai\u0161kinamasis ra\u0161tas 2024 m. II ketvir\u010dio Finansin\u0117s ataskaitos ir Ai\u0161kinamasis ra\u0161tas 2024 m. III ketvir\u010dio Finansin\u0117s ataskaitos ir Ai\u0161kinamasis ra\u0161tas 2024 m. I ketvir\u010dio Finansin\u0117s ataskaitos ir Ai\u0161kinamasis ra\u0161tas 2023 m. finansini\u0173 ataskait\u0173 rinkinys ir ai\u0161kinamasis ra\u0161tas 2023 m. Finansin\u0117s b\u016bkl\u0117s ataskaita II ketv&#8230;.<\/p>\n<p> <a class=\"continue-reading-link\" href=\"https:\/\/www.sauletekio.vilniausr.lm.lt\/?page_id=14862\"><span>T\u0119sti skaitym\u0105<\/span><i class=\"crycon-right-dir\"><\/i><\/a> <\/p>\n","protected":false},"author":1,"featured_media":0,"parent":9878,"menu_order":8,"comment_status":"closed","ping_status":"closed","template":"","meta":{"_uag_custom_page_level_css":"","advgb_blocks_editor_width":"","advgb_blocks_columns_visual_guide":"","ngg_post_thumbnail":0,"footnotes":""},"class_list":["post-14862","page","type-page","status-publish","hentry"],"uagb_featured_image_src":{"full":false,"thumbnail":false,"medium":false,"medium_large":false,"large":false,"1536x1536":false,"2048x2048":false,"post-thumbnail":false,"header":false,"slider":false,"columns":false,"custom":false},"uagb_author_info":{"display_name":"admin","author_link":"https:\/\/www.sauletekio.vilniausr.lm.lt\/?author=1"},"uagb_comment_info":0,"uagb_excerpt":"2024 m. Finansini\u0173 ataskait\u0173 rinkinys ir ai\u0161kinamasis ra\u0161tas 2024 m. II ketvir\u010dio Finansin\u0117s ataskaitos ir Ai\u0161kinamasis ra\u0161tas 2024 m. III ketvir\u010dio Finansin\u0117s ataskaitos ir Ai\u0161kinamasis ra\u0161tas 2024 m. I ketvir\u010dio Finansin\u0117s ataskaitos ir Ai\u0161kinamasis ra\u0161tas 2023 m. finansini\u0173 ataskait\u0173 rinkinys ir ai\u0161kinamasis ra\u0161tas 2023 m. Finansin\u0117s b\u016bkl\u0117s ataskaita II ketv.... T\u0119sti skaitym\u0105","coauthors":[],"author_meta":{"author_link":"https:\/\/www.sauletekio.vilniausr.lm.lt\/?author=1","display_name":"admin"},"relative_dates":{"created":"Posted 3 metai ago","modified":"Updated 1 metai ago"},"absolute_dates":{"created":"Posted on 2022-11-12","modified":"Updated on 2025-03-04"},"absolute_dates_time":{"created":"Posted on 2022-11-12 20:17","modified":"Updated on 2025-03-04 22:21"},"featured_img_caption":"","featured_img":false,"series_order":"","_links":{"self":[{"href":"https:\/\/www.sauletekio.vilniausr.lm.lt\/index.php?rest_route=\/wp\/v2\/pages\/14862","targetHints":{"allow":["GET"]}}],"collection":[{"href":"https:\/\/www.sauletekio.vilniausr.lm.lt\/index.php?rest_route=\/wp\/v2\/pages"}],"about":[{"href":"https:\/\/www.sauletekio.vilniausr.lm.lt\/index.php?rest_route=\/wp\/v2\/types\/page"}],"author":[{"embeddable":true,"href":"https:\/\/www.sauletekio.vilniausr.lm.lt\/index.php?rest_route=\/wp\/v2\/users\/1"}],"replies":[{"embeddable":true,"href":"https:\/\/www.sauletekio.vilniausr.lm.lt\/index.php?rest_route=%2Fwp%2Fv2%2Fcomments&post=14862"}],"version-history":[{"count":12,"href":"https:\/\/www.sauletekio.vilniausr.lm.lt\/index.php?rest_route=\/wp\/v2\/pages\/14862\/revisions"}],"predecessor-version":[{"id":20506,"href":"https:\/\/www.sauletekio.vilniausr.lm.lt\/index.php?rest_route=\/wp\/v2\/pages\/14862\/revisions\/20506"}],"up":[{"embeddable":true,"href":"https:\/\/www.sauletekio.vilniausr.lm.lt\/index.php?rest_route=\/wp\/v2\/pages\/9878"}],"wp:attachment":[{"href":"https:\/\/www.sauletekio.vilniausr.lm.lt\/index.php?rest_route=%2Fwp%2Fv2%2Fmedia&parent=14862"}],"curies":[{"name":"wp","href":"https:\/\/api.w.org\/{rel}","templated":true}]}}