{"id":14896,"date":"2022-11-12T20:43:07","date_gmt":"2022-11-12T18:43:07","guid":{"rendered":"https:\/\/www.sauletekio.vilniausr.lm.lt\/?page_id=14896"},"modified":"2023-05-23T20:43:44","modified_gmt":"2023-05-23T18:43:44","slug":"mokinio-pazymejimo-isdavimas","status":"publish","type":"page","link":"https:\/\/www.sauletekio.vilniausr.lm.lt\/?page_id=14896","title":{"rendered":"Mokinio pa\u017eym\u0117jimo i\u0161davimas"},"content":{"rendered":"<div class=\"fcbkbttn_buttons_block\" id=\"fcbkbttn_left\"><div class=\"fcbkbttn_like \"><fb:like href=\"https:\/\/www.sauletekio.vilniausr.lm.lt\/?page_id=14896\" action=\"like\" colorscheme=\"light\" layout=\"button_count\"  size=\"small\"><\/fb:like><\/div><div class=\"fb-share-button  \" data-href=\"https:\/\/www.sauletekio.vilniausr.lm.lt\/?page_id=14896\" data-type=\"button_count\" data-size=\"small\"><\/div><\/div>\n<p>Mokykla i\u0161duoda 1\u201310 klasi\u0173 mokiniams Mokinio pa\u017eym\u0117jimus (popierinius \/ plastikines korteles)<\/p>\n\n\n\n<p>Mokinio pa\u017eym\u0117jimas (popierinis) i\u0161duodamas per 7 kalendorines dienas po kreipimosi ir &nbsp;mokinio am\u017ei\u0173 atitinkan\u010dios nuotraukos pristatymo.<br>Mokinio pa\u017eym\u0117jimas (kortel\u0117) i\u0161duodamas ne v\u0117liau kaip per 3 m\u0117nesius po kreipimosi. Mokinio pa\u017eym\u0117jim\u0105 (kortel\u0119) kei\u010diant nauju \u2013 i\u0161duodamas per 21 kalendorin\u0119 dien\u0105 po kreipimosi.<br>Mokinio pa\u017eym\u0117jimas (kortel\u0117) mokiniams i\u0161duodamas mokamai mokyklos nustatyta tvarka ir atvejais.<br>Mokinys, pamet\u0119s ar kitaip prarad\u0119s mokinio pa\u017eym\u0117jim\u0105 nepra\u0117jus jo galiojimo terminui, turi sumok\u0117ti su jo gamyba ir i\u0161davimu susijusias i\u0161laidas.<br>Mokinio pa\u017eym\u0117jim\u0105 perduoti ir naudoti kitiems asmenims draud\u017eiama.<br>Mokinio pa\u017eym\u0117jimas galioja iki atitinkam\u0173 mokslo met\u0173 pabaigos (rugpj\u016b\u010dio 31 d.).<\/p>\n\n\n\n<p>Mokinio pa\u017eym\u0117jimo i\u0161davimo tvarkos apra\u0161as<br><a href=\"https:\/\/www.e-tar.lt\/portal\/lt\/legalAct\/9e2da1304b6611eb8d9fe110e148c770\">https:\/\/www.e-tar.lt\/portal\/lt\/legalAct\/9e2da1304b6611eb8d9fe110e148c770<\/a><\/p>\n","protected":false},"excerpt":{"rendered":"<p>Mokykla i\u0161duoda 1\u201310 klasi\u0173 mokiniams Mokinio pa\u017eym\u0117jimus (popierinius \/ plastikines korteles) Mokinio pa\u017eym\u0117jimas (popierinis) i\u0161duodamas per 7 kalendorines dienas po kreipimosi ir &nbsp;mokinio am\u017ei\u0173 atitinkan\u010dios nuotraukos pristatymo.Mokinio pa\u017eym\u0117jimas (kortel\u0117) i\u0161duodamas ne v\u0117liau kaip per 3 m\u0117nesius po kreipimosi. Mokinio pa\u017eym\u0117jim\u0105 (kortel\u0119) kei\u010diant nauju \u2013 i\u0161duodamas per 21 kalendorin\u0119 dien\u0105 po&#8230;<\/p>\n<p> <a class=\"continue-reading-link\" href=\"https:\/\/www.sauletekio.vilniausr.lm.lt\/?page_id=14896\"><span>T\u0119sti skaitym\u0105<\/span><i class=\"crycon-right-dir\"><\/i><\/a> <\/p>\n","protected":false},"author":1,"featured_media":0,"parent":1319,"menu_order":2,"comment_status":"closed","ping_status":"closed","template":"","meta":{"_uag_custom_page_level_css":"","advgb_blocks_editor_width":"","advgb_blocks_columns_visual_guide":"","ngg_post_thumbnail":0,"footnotes":""},"class_list":["post-14896","page","type-page","status-publish","hentry"],"uagb_featured_image_src":{"full":false,"thumbnail":false,"medium":false,"medium_large":false,"large":false,"1536x1536":false,"2048x2048":false,"post-thumbnail":false,"header":false,"slider":false,"columns":false,"custom":false},"uagb_author_info":{"display_name":"admin","author_link":"https:\/\/www.sauletekio.vilniausr.lm.lt\/?author=1"},"uagb_comment_info":0,"uagb_excerpt":"Mokykla i\u0161duoda 1\u201310 klasi\u0173 mokiniams Mokinio pa\u017eym\u0117jimus (popierinius \/ plastikines korteles) Mokinio pa\u017eym\u0117jimas (popierinis) i\u0161duodamas per 7 kalendorines dienas po kreipimosi ir &nbsp;mokinio am\u017ei\u0173 atitinkan\u010dios nuotraukos pristatymo.Mokinio pa\u017eym\u0117jimas (kortel\u0117) i\u0161duodamas ne v\u0117liau kaip per 3 m\u0117nesius po kreipimosi. Mokinio pa\u017eym\u0117jim\u0105 (kortel\u0119) kei\u010diant nauju \u2013 i\u0161duodamas per 21 kalendorin\u0119 dien\u0105 po... T\u0119sti skaitym\u0105","coauthors":[],"author_meta":{"author_link":"https:\/\/www.sauletekio.vilniausr.lm.lt\/?author=1","display_name":"admin"},"relative_dates":{"created":"Posted 4 metai ago","modified":"Updated 3 metai ago"},"absolute_dates":{"created":"Posted on 2022-11-12","modified":"Updated on 2023-05-23"},"absolute_dates_time":{"created":"Posted on 2022-11-12 20:43","modified":"Updated on 2023-05-23 20:43"},"featured_img_caption":"","featured_img":false,"series_order":"","_links":{"self":[{"href":"https:\/\/www.sauletekio.vilniausr.lm.lt\/index.php?rest_route=\/wp\/v2\/pages\/14896","targetHints":{"allow":["GET"]}}],"collection":[{"href":"https:\/\/www.sauletekio.vilniausr.lm.lt\/index.php?rest_route=\/wp\/v2\/pages"}],"about":[{"href":"https:\/\/www.sauletekio.vilniausr.lm.lt\/index.php?rest_route=\/wp\/v2\/types\/page"}],"author":[{"embeddable":true,"href":"https:\/\/www.sauletekio.vilniausr.lm.lt\/index.php?rest_route=\/wp\/v2\/users\/1"}],"replies":[{"embeddable":true,"href":"https:\/\/www.sauletekio.vilniausr.lm.lt\/index.php?rest_route=%2Fwp%2Fv2%2Fcomments&post=14896"}],"version-history":[{"count":3,"href":"https:\/\/www.sauletekio.vilniausr.lm.lt\/index.php?rest_route=\/wp\/v2\/pages\/14896\/revisions"}],"predecessor-version":[{"id":16417,"href":"https:\/\/www.sauletekio.vilniausr.lm.lt\/index.php?rest_route=\/wp\/v2\/pages\/14896\/revisions\/16417"}],"up":[{"embeddable":true,"href":"https:\/\/www.sauletekio.vilniausr.lm.lt\/index.php?rest_route=\/wp\/v2\/pages\/1319"}],"wp:attachment":[{"href":"https:\/\/www.sauletekio.vilniausr.lm.lt\/index.php?rest_route=%2Fwp%2Fv2%2Fmedia&parent=14896"}],"curies":[{"name":"wp","href":"https:\/\/api.w.org\/{rel}","templated":true}]}}