{"id":14901,"date":"2022-11-12T21:06:27","date_gmt":"2022-11-12T19:06:27","guid":{"rendered":"https:\/\/www.sauletekio.vilniausr.lm.lt\/?page_id=14901"},"modified":"2025-03-19T22:56:10","modified_gmt":"2025-03-19T19:56:10","slug":"svietimo-pagalba-mokiniui","status":"publish","type":"page","link":"https:\/\/www.sauletekio.vilniausr.lm.lt\/?page_id=14901","title":{"rendered":"\u0160vietimo pagalba mokiniui"},"content":{"rendered":"<div class=\"fcbkbttn_buttons_block\" id=\"fcbkbttn_left\"><div class=\"fcbkbttn_like \"><fb:like href=\"https:\/\/www.sauletekio.vilniausr.lm.lt\/?page_id=14901\" action=\"like\" colorscheme=\"light\" layout=\"button_count\"  size=\"small\"><\/fb:like><\/div><div class=\"fb-share-button  \" data-href=\"https:\/\/www.sauletekio.vilniausr.lm.lt\/?page_id=14901\" data-type=\"button_count\" data-size=\"small\"><\/div><\/div>\n<p>Psicholog\u0117 Simona <br> El. pa\u0161tas: psichologas@bezdoniusauletekio.lt<\/p>\n\n\n\n<div style=\"height:20px\" aria-hidden=\"true\" class=\"wp-block-spacer\"><\/div>\n\n\n\n<p>Mokyklos socialinis pedagogas Milda<br>Tel.: +370 5 2696422<br>El. pa\u0161tas: pagrindine@sauletekio.vilniausr.lm.lt<\/p>\n\n\n\n<div style=\"height:20px\" aria-hidden=\"true\" class=\"wp-block-spacer\"><\/div>\n\n\n\n<p>Mokyklos specialioji pedagog\u0117 Jelena<br>Tel.: +370 5 2696422<br>El. pa\u0161tas: pagrindine@sauletekio.vilniausr.lm.lt<br><strong>Spec. pedagogo darbo laikas:<\/strong><br>Pirmadienis 8.55-12.40 val.<br>Antradienis 8.00-12.40 val.<br>Tre\u010diadienis 8.00-9.40 val.; 11.55-12.40 val.<br>Penktadienis 8.00-8.45 val.; 10.55-11.40 val.<\/p>\n\n\n\n<p>Mokyklos specialioji pedagog\u0117 Sigita <br>Tel.: +370 5 2696422<br>El. pa\u0161tas: pagrindine@sauletekio.vilniausr.lm.lt<\/p>\n\n\n\n<div style=\"height:20px\" aria-hidden=\"true\" class=\"wp-block-spacer\"><\/div>\n\n\n\n<p>Psichologin\u0117s pagalbos paskirtis \u2013 stiprinti mokini\u0173 psichologin\u012f atsparum\u0105 ir psichikos sveikat\u0105, prevencin\u0117mis priemon\u0117mis skatinti saugios ir palankios ugdymuisi aplinkos mokykloje k\u016brim\u0105, pad\u0117ti mokiniams atgauti dvasin\u0119 darn\u0105, geb\u0117jim\u0105 gyventi ir mokytis, aktyviai bendradarbiaujant su j\u0173 t\u0117vais (glob\u0117jais, r\u016bpintojais).<\/p>\n\n\n\n<p>Socialin\u0117s pedagogin\u0117s pagalbos paskirtis \u2013 pad\u0117ti t\u0117vams (glob\u0117jams, r\u016bpintojams), kad b\u016bt\u0173 \u012fgyvendinta vaiko teis\u0117 \u012f moksl\u0105, u\u017etikrinti jo saugum\u0105 mokykloje: \u0161alinti prie\u017eastis, d\u0117l kuri\u0173 vaikas negali lankyti mokyklos ar vengia tai daryti, sugr\u0105\u017einti \u012f mokykl\u0105 j\u0105 palikusius vaikus, kartu su t\u0117vais (glob\u0117jais, r\u016bpintojais) pad\u0117ti vaikui pasirinkti mokykl\u0105 pagal protines ir fizines galias ir joje adaptuotis.<\/p>\n\n\n\n<p>Specialiosios pedagogin\u0117s ir specialiosios pagalbos paskirtis \u2013 didinti asmens, turin\u010dio speciali\u0173j\u0173 ugdymosi poreiki\u0173, ugdymosi veiksmingum\u0105.<\/p>\n\n\n\n<p><strong>\u0160vietimo pagalba mokiniui teikiama remiantis \u0161iais teis\u0117s aktais:<\/strong><strong><\/strong><\/p>\n\n\n\n<p>Psichologin\u0117s pagalbos teikimo tvarkos apra\u0161as<br><a href=\"https:\/\/www.e-tar.lt\/portal\/lt\/legalAct\/f66068a08e0a11e7a3c4a5eb10f04386\/asr\">https:\/\/www.e-tar.lt\/portal\/lt\/legalAct\/f66068a08e0a11e7a3c4a5eb10f04386\/asr<\/a><\/p>\n\n\n\n<p>Socialin\u0117s pedagogin\u0117s pagalbos teikimo vaikui ir mokiniui tvarkos apra\u0161as<br><a href=\"https:\/\/www.e-tar.lt\/portal\/lt\/legalAct\/624ea570a19111e69ad4c8713b612d0f\">https:\/\/www.e-tar.lt\/portal\/lt\/legalAct\/624ea570a19111e69ad4c8713b612d0f<\/a><\/p>\n\n\n\n<p>Rekomendacijos d\u0117l krizi\u0173 valdymo mokyklose<br><a href=\"https:\/\/www.e-tar.lt\/portal\/lt\/legalAct\/5824b5c022a111e88e8fef3b3f51dc2f\">https:\/\/www.e-tar.lt\/portal\/lt\/legalAct\/5824b5c022a111e88e8fef3b3f51dc2f<\/a><\/p>\n\n\n\n<p>Vaiko brandum\u0105 mokyklai, speciali\u0173j\u0173 ugdymosi poreiki\u0173 (i\u0161skyrus atsirandan\u010di\u0173 d\u0117l i\u0161skirtini\u0173 gabum\u0173) \u012fvertinim\u0105, specialiojo ugdymo ir (ar) specialiosios pedagogin\u0117s, psichologin\u0117s, socialin\u0117s pedagogin\u0117s pagalbos skyrim\u0105 mokiniams (vaikams) nuo gimimo iki 21 met\u0173 atlieka Vilniaus rajono pedagogin\u0117 psichologin\u0117 tarnyba <a href=\"https:\/\/ppt.vrsa.lt\">https:\/\/ppt.vrsa.lt<\/a><\/p>\n","protected":false},"excerpt":{"rendered":"<p>Psicholog\u0117 Simona El. pa\u0161tas: psichologas@bezdoniusauletekio.lt Mokyklos socialinis pedagogas MildaTel.: +370 5 2696422El. pa\u0161tas: pagrindine@sauletekio.vilniausr.lm.lt Mokyklos specialioji pedagog\u0117 JelenaTel.: +370 5 2696422El. pa\u0161tas: pagrindine@sauletekio.vilniausr.lm.ltSpec. pedagogo darbo laikas:Pirmadienis 8.55-12.40 val.Antradienis 8.00-12.40 val.Tre\u010diadienis 8.00-9.40 val.; 11.55-12.40 val.Penktadienis 8.00-8.45 val.; 10.55-11.40 val. Mokyklos specialioji pedagog\u0117 Sigita Tel.: +370 5 2696422El. pa\u0161tas: pagrindine@sauletekio.vilniausr.lm.lt Psichologin\u0117s pagalbos&#8230;<\/p>\n<p> <a class=\"continue-reading-link\" href=\"https:\/\/www.sauletekio.vilniausr.lm.lt\/?page_id=14901\"><span>T\u0119sti skaitym\u0105<\/span><i class=\"crycon-right-dir\"><\/i><\/a> <\/p>\n","protected":false},"author":1,"featured_media":0,"parent":1319,"menu_order":3,"comment_status":"closed","ping_status":"closed","template":"","meta":{"_uag_custom_page_level_css":"","advgb_blocks_editor_width":"","advgb_blocks_columns_visual_guide":"","ngg_post_thumbnail":0,"footnotes":""},"class_list":["post-14901","page","type-page","status-publish","hentry"],"uagb_featured_image_src":{"full":false,"thumbnail":false,"medium":false,"medium_large":false,"large":false,"1536x1536":false,"2048x2048":false,"post-thumbnail":false,"header":false,"slider":false,"columns":false,"custom":false},"uagb_author_info":{"display_name":"admin","author_link":"https:\/\/www.sauletekio.vilniausr.lm.lt\/?author=1"},"uagb_comment_info":0,"uagb_excerpt":"Psicholog\u0117 Simona El. pa\u0161tas: psichologas@bezdoniusauletekio.lt Mokyklos socialinis pedagogas MildaTel.: +370 5 2696422El. pa\u0161tas: pagrindine@sauletekio.vilniausr.lm.lt Mokyklos specialioji pedagog\u0117 JelenaTel.: +370 5 2696422El. pa\u0161tas: pagrindine@sauletekio.vilniausr.lm.ltSpec. pedagogo darbo laikas:Pirmadienis 8.55-12.40 val.Antradienis 8.00-12.40 val.Tre\u010diadienis 8.00-9.40 val.; 11.55-12.40 val.Penktadienis 8.00-8.45 val.; 10.55-11.40 val. Mokyklos specialioji pedagog\u0117 Sigita Tel.: +370 5 2696422El. pa\u0161tas: pagrindine@sauletekio.vilniausr.lm.lt Psichologin\u0117s pagalbos... T\u0119sti skaitym\u0105","coauthors":[],"author_meta":{"author_link":"https:\/\/www.sauletekio.vilniausr.lm.lt\/?author=1","display_name":"admin"},"relative_dates":{"created":"Posted 3 metai ago","modified":"Updated 1 metai ago"},"absolute_dates":{"created":"Posted on 2022-11-12","modified":"Updated on 2025-03-19"},"absolute_dates_time":{"created":"Posted on 2022-11-12 21:06","modified":"Updated on 2025-03-19 22:56"},"featured_img_caption":"","featured_img":false,"series_order":"","_links":{"self":[{"href":"https:\/\/www.sauletekio.vilniausr.lm.lt\/index.php?rest_route=\/wp\/v2\/pages\/14901","targetHints":{"allow":["GET"]}}],"collection":[{"href":"https:\/\/www.sauletekio.vilniausr.lm.lt\/index.php?rest_route=\/wp\/v2\/pages"}],"about":[{"href":"https:\/\/www.sauletekio.vilniausr.lm.lt\/index.php?rest_route=\/wp\/v2\/types\/page"}],"author":[{"embeddable":true,"href":"https:\/\/www.sauletekio.vilniausr.lm.lt\/index.php?rest_route=\/wp\/v2\/users\/1"}],"replies":[{"embeddable":true,"href":"https:\/\/www.sauletekio.vilniausr.lm.lt\/index.php?rest_route=%2Fwp%2Fv2%2Fcomments&post=14901"}],"version-history":[{"count":13,"href":"https:\/\/www.sauletekio.vilniausr.lm.lt\/index.php?rest_route=\/wp\/v2\/pages\/14901\/revisions"}],"predecessor-version":[{"id":20720,"href":"https:\/\/www.sauletekio.vilniausr.lm.lt\/index.php?rest_route=\/wp\/v2\/pages\/14901\/revisions\/20720"}],"up":[{"embeddable":true,"href":"https:\/\/www.sauletekio.vilniausr.lm.lt\/index.php?rest_route=\/wp\/v2\/pages\/1319"}],"wp:attachment":[{"href":"https:\/\/www.sauletekio.vilniausr.lm.lt\/index.php?rest_route=%2Fwp%2Fv2%2Fmedia&parent=14901"}],"curies":[{"name":"wp","href":"https:\/\/api.w.org\/{rel}","templated":true}]}}