{"id":14910,"date":"2022-11-12T21:15:17","date_gmt":"2022-11-12T19:15:17","guid":{"rendered":"https:\/\/www.sauletekio.vilniausr.lm.lt\/?page_id=14910"},"modified":"2023-05-23T20:45:40","modified_gmt":"2023-05-23T18:45:40","slug":"sveikatos-prieziura","status":"publish","type":"page","link":"https:\/\/www.sauletekio.vilniausr.lm.lt\/?page_id=14910","title":{"rendered":"Sveikatos prie\u017ei\u016bra"},"content":{"rendered":"<div class=\"fcbkbttn_buttons_block\" id=\"fcbkbttn_left\"><div class=\"fcbkbttn_like \"><fb:like href=\"https:\/\/www.sauletekio.vilniausr.lm.lt\/?page_id=14910\" action=\"like\" colorscheme=\"light\" layout=\"button_count\"  size=\"small\"><\/fb:like><\/div><div class=\"fb-share-button  \" data-href=\"https:\/\/www.sauletekio.vilniausr.lm.lt\/?page_id=14910\" data-type=\"button_count\" data-size=\"small\"><\/div><\/div>\n<p>Sveikatos prie\u017ei\u016bros mokykloje paskirtis \u2212 saugoti ir stiprinti mokini\u0173 sveikat\u0105,&nbsp;aktyviai&nbsp;bendradarbiaujant su j\u0173 t\u0117vais (glob\u0117jais, r\u016bpintojais).<\/p>\n\n\n\n<p>Sveikatos prie\u017ei\u016bra \u012fstaigoje vykdoma remiantis \u0161iais teis\u0117s aktais:<\/p>\n\n\n\n<p>Vilniaus r. Bezdoni\u0173 \u201eSaul\u0117tekio\u201c pagrindin\u0117s mokyklos pirmosios pagalbos teikimo mokykloje tvarkos apra\u0161as (<a href=\"https:\/\/www.sauletekio.vilniausr.lm.lt\/wp-content\/uploads\/2022\/03\/Pirmosios-pagalbos-organizavimo-tvarkos-aprasas.pdf\" target=\"_blank\" rel=\"noreferrer noopener\">pridedama<\/a>)<\/p>\n\n\n\n<p>Vilniaus r. Bezdoni\u0173 \u201eSaul\u0117tekio\u201c pagrindin\u0117s mokyklos pagalbos mokinio savir\u016bpai pagal gydytoj\u0173 rekomendacijas u\u017etikrinimo (vaist\u0173 laikymo, i\u0161davimo, naudojimo ir kt.), jeigu mokinys serga l\u0117tine neinfekcine liga, tvarkos apra\u0161as (<a href=\"https:\/\/www.sauletekio.vilniausr.lm.lt\/wp-content\/uploads\/2022\/03\/Pagalbos-mokinio-savirupai-pagal-gydytoju-rekomendacijas-uztikrinimo-tvarkos-aprasas.pdf\" target=\"_blank\" rel=\"noreferrer noopener\">pridedama<\/a>)<\/p>\n\n\n\n<p>Visuomen\u0117s sveikatos prie\u017ei\u016bros organizavimo mokykloje tvarkos apra\u0161as<br><a href=\"https:\/\/www.e-tar.lt\/portal\/lt\/legalAct\/TAR.D75E8D9BAEB0\/asr\">https:\/\/www.e-tar.lt\/portal\/lt\/legalAct\/TAR.D75E8D9BAEB0\/asr<\/a><\/p>\n\n\n\n<p>Lietuvos Respublikos visuomen\u0117s sveikatos prie\u017ei\u016bros \u012fstatymas<br><a href=\"https:\/\/www.e-tar.lt\/portal\/lt\/legalAct\/TAR.DD80CF948782\">https:\/\/www.e-tar.lt\/portal\/lt\/legalAct\/TAR.DD80CF948782<\/a><\/p>\n\n\n\n<p>Vilniaus visuomen\u0117s sveikatos biuras <a href=\"https:\/\/www.vilniussveikiau.lt\">https:\/\/www.vilniussveikiau.lt<\/a><\/p>\n\n\n\n<p>Vilniaus rajono centrin\u0117 poliklinika <a href=\"https:\/\/www.vrcp.lt\">https:\/\/www.vrcp.lt<\/a><\/p>\n\n\n\n<p>Vilniaus rajono centrin\u0117s poliklinikos ambulatorijos <a href=\"https:\/\/www.vrcp.lt\/ambulatorijos\">https:\/\/www.vrcp.lt\/ambulatorijos<\/a> Sveikatos prie\u017ei\u016bros paslaugos sutrikusios raidos ir elgesio vaikams ir j\u0173 \u0161eimoms teikiamos Vaiko raidos centre <a href=\"http:\/\/web.vaikuligonine.lt\/centrai\/vaiko-raidos-centras\/apie-16\">http:\/\/web.vaikuligonine.lt\/centrai\/vaiko-raidos-centras\/apie-16<\/a><\/p>\n","protected":false},"excerpt":{"rendered":"<p>Sveikatos prie\u017ei\u016bros mokykloje paskirtis \u2212 saugoti ir stiprinti mokini\u0173 sveikat\u0105,&nbsp;aktyviai&nbsp;bendradarbiaujant su j\u0173 t\u0117vais (glob\u0117jais, r\u016bpintojais). Sveikatos prie\u017ei\u016bra \u012fstaigoje vykdoma remiantis \u0161iais teis\u0117s aktais: Vilniaus r. Bezdoni\u0173 \u201eSaul\u0117tekio\u201c pagrindin\u0117s mokyklos pirmosios pagalbos teikimo mokykloje tvarkos apra\u0161as (pridedama) Vilniaus r. Bezdoni\u0173 \u201eSaul\u0117tekio\u201c pagrindin\u0117s mokyklos pagalbos mokinio savir\u016bpai pagal gydytoj\u0173 rekomendacijas u\u017etikrinimo (vaist\u0173&#8230;<\/p>\n<p> <a class=\"continue-reading-link\" href=\"https:\/\/www.sauletekio.vilniausr.lm.lt\/?page_id=14910\"><span>T\u0119sti skaitym\u0105<\/span><i class=\"crycon-right-dir\"><\/i><\/a> <\/p>\n","protected":false},"author":1,"featured_media":0,"parent":1319,"menu_order":5,"comment_status":"closed","ping_status":"closed","template":"","meta":{"_uag_custom_page_level_css":"","advgb_blocks_editor_width":"","advgb_blocks_columns_visual_guide":"","ngg_post_thumbnail":0,"footnotes":""},"class_list":["post-14910","page","type-page","status-publish","hentry"],"uagb_featured_image_src":{"full":false,"thumbnail":false,"medium":false,"medium_large":false,"large":false,"1536x1536":false,"2048x2048":false,"post-thumbnail":false,"header":false,"slider":false,"columns":false,"custom":false},"uagb_author_info":{"display_name":"admin","author_link":"https:\/\/www.sauletekio.vilniausr.lm.lt\/?author=1"},"uagb_comment_info":0,"uagb_excerpt":"Sveikatos prie\u017ei\u016bros mokykloje paskirtis \u2212 saugoti ir stiprinti mokini\u0173 sveikat\u0105,&nbsp;aktyviai&nbsp;bendradarbiaujant su j\u0173 t\u0117vais (glob\u0117jais, r\u016bpintojais). Sveikatos prie\u017ei\u016bra \u012fstaigoje vykdoma remiantis \u0161iais teis\u0117s aktais: Vilniaus r. Bezdoni\u0173 \u201eSaul\u0117tekio\u201c pagrindin\u0117s mokyklos pirmosios pagalbos teikimo mokykloje tvarkos apra\u0161as (pridedama) Vilniaus r. Bezdoni\u0173 \u201eSaul\u0117tekio\u201c pagrindin\u0117s mokyklos pagalbos mokinio savir\u016bpai pagal gydytoj\u0173 rekomendacijas u\u017etikrinimo (vaist\u0173... T\u0119sti skaitym\u0105","coauthors":[],"author_meta":{"author_link":"https:\/\/www.sauletekio.vilniausr.lm.lt\/?author=1","display_name":"admin"},"relative_dates":{"created":"Posted 3 metai ago","modified":"Updated 3 metai ago"},"absolute_dates":{"created":"Posted on 2022-11-12","modified":"Updated on 2023-05-23"},"absolute_dates_time":{"created":"Posted on 2022-11-12 21:15","modified":"Updated on 2023-05-23 20:45"},"featured_img_caption":"","featured_img":false,"series_order":"","_links":{"self":[{"href":"https:\/\/www.sauletekio.vilniausr.lm.lt\/index.php?rest_route=\/wp\/v2\/pages\/14910","targetHints":{"allow":["GET"]}}],"collection":[{"href":"https:\/\/www.sauletekio.vilniausr.lm.lt\/index.php?rest_route=\/wp\/v2\/pages"}],"about":[{"href":"https:\/\/www.sauletekio.vilniausr.lm.lt\/index.php?rest_route=\/wp\/v2\/types\/page"}],"author":[{"embeddable":true,"href":"https:\/\/www.sauletekio.vilniausr.lm.lt\/index.php?rest_route=\/wp\/v2\/users\/1"}],"replies":[{"embeddable":true,"href":"https:\/\/www.sauletekio.vilniausr.lm.lt\/index.php?rest_route=%2Fwp%2Fv2%2Fcomments&post=14910"}],"version-history":[{"count":2,"href":"https:\/\/www.sauletekio.vilniausr.lm.lt\/index.php?rest_route=\/wp\/v2\/pages\/14910\/revisions"}],"predecessor-version":[{"id":14913,"href":"https:\/\/www.sauletekio.vilniausr.lm.lt\/index.php?rest_route=\/wp\/v2\/pages\/14910\/revisions\/14913"}],"up":[{"embeddable":true,"href":"https:\/\/www.sauletekio.vilniausr.lm.lt\/index.php?rest_route=\/wp\/v2\/pages\/1319"}],"wp:attachment":[{"href":"https:\/\/www.sauletekio.vilniausr.lm.lt\/index.php?rest_route=%2Fwp%2Fv2%2Fmedia&parent=14910"}],"curies":[{"name":"wp","href":"https:\/\/api.w.org\/{rel}","templated":true}]}}