{"id":15045,"date":"2022-12-01T12:45:46","date_gmt":"2022-12-01T10:45:46","guid":{"rendered":"https:\/\/www.sauletekio.vilniausr.lm.lt\/?page_id=15045"},"modified":"2025-03-18T16:23:42","modified_gmt":"2025-03-18T13:23:42","slug":"pavezejimas","status":"publish","type":"page","link":"https:\/\/www.sauletekio.vilniausr.lm.lt\/?page_id=15045","title":{"rendered":"Pave\u017e\u0117jimas"},"content":{"rendered":"<div class=\"fcbkbttn_buttons_block\" id=\"fcbkbttn_left\"><div class=\"fcbkbttn_like \"><fb:like href=\"https:\/\/www.sauletekio.vilniausr.lm.lt\/?page_id=15045\" action=\"like\" colorscheme=\"light\" layout=\"button_count\"  size=\"small\"><\/fb:like><\/div><div class=\"fb-share-button  \" data-href=\"https:\/\/www.sauletekio.vilniausr.lm.lt\/?page_id=15045\" data-type=\"button_count\" data-size=\"small\"><\/div><\/div>\n<p>Mokiniai&nbsp;\u012f mokykl\u0105&nbsp;ve\u017eami keleiviniu transportu, mokykliniu autobusu arba kitu transportu.&nbsp;Siekiant u\u017etikrinti \u0161vietimo prieinamum\u0105,&nbsp;\u012f mokykl\u0105 ir atgal privalo b\u016bti&nbsp;ve\u017eami kaimuose, miesteliuose toliau kaip 3&nbsp;kilometrai nuo mokyklos gyvenantys mokiniai, kurie mokosi pagal prie\u0161mokyklinio ir bendrojo ugdymo programas, ir vaikai, kuriems paskirtas privalomas ikimokyklinis ugdymas.&nbsp;<\/p>\n\n\n\n<p>Mokini\u0173, kurie turi speciali\u0173j\u0173 ugdymosi poreiki\u0173 ir nepaj\u0117gia patys atvykti \u012f mokykl\u0105 mokytis pagal prie\u0161mokyklinio ugdymo ar bendrojo ugdymo programas (negali savaranki\u0161kai vaik\u0161\u010dioti, d\u0117l dideli\u0173 sutrikim\u0173 yra nesaug\u016bs gatv\u0117je), ve\u017eim\u0105 \u012f mokykl\u0105 ir atgal organizuoja savivaldyb\u0117 <a href=\"https:\/\/www.vrsa.lt\/svietimas\/svietimo-istaigu-paslaugos\/mokiniu-pavezejimas\/395\">https:\/\/www.vrsa.lt\/svietimas\/svietimo-istaigu-paslaugos\/mokiniu-pavezejimas\/395<\/a> &nbsp;<\/p>\n\n\n\n<p>Vilniaus rajono savivaldyb\u0117s \u0161vietimo \u012fstaig\u0173 mokyklini\u0173 autobus\u0173 naudojimo tvarkos apra\u0161as <a href=\"https:\/\/www.e-tar.lt\/portal\/lt\/legalAct\/6a61a8e04afb11e5a38cd6cdb94b0c51\">https:\/\/www.e-tar.lt\/portal\/lt\/legalAct\/6a61a8e04afb11e5a38cd6cdb94b0c51<\/a><\/p>\n\n\n\n<p>Mokini\u0173 pav\u0117\u017e\u0117jimo t\u0117v\u0173 (glob\u0117j\u0173, r\u016bpintoj\u0173), priva\u010diu transportu organizavimo ir kelion\u0117s i\u0161laid\u0173 kompensavimo tvarkos apra\u0161as<br><a href=\"https:\/\/www.e-tar.lt\/portal\/lt\/legalAct\/4495f8e1850611ecbd43a994b3e2e1cb\">https:\/\/www.e-tar.lt\/portal\/lt\/legalAct\/4495f8e1850611ecbd43a994b3e2e1cb<\/a><\/p>\n\n\n\n<p>Vilniaus rajono savivaldyb\u0117s teritorijoje esan\u010di\u0173 mokykl\u0173 mokini\u0173 ve\u017eiojimo reguliaraus susisiekimo, mokykliniais autobusais, keleiviniais traukiniais ir j\u0173 kelion\u0117s i\u0161laid\u0173 kompensavimo tvarkos apra\u0161as<\/p>\n\n\n\n<p><a href=\"https:\/\/www.e-tar.lt\/portal\/lt\/legalAct\/SAV.518884\">https:\/\/www.e-tar.lt\/portal\/lt\/legalAct\/SAV.518884<\/a><\/p>\n\n\n\n<p>D\u0117l teis\u0117s \u012fsigyti va\u017eiavimo biliet\u0105 su nuolaida mokiniams<\/p>\n\n\n\n<p><a href=\"https:\/\/www.e-tar.lt\/portal\/lt\/legalAct\/69fde250840211ecbd43a994b3e2e1cb\">https:\/\/www.e-tar.lt\/portal\/lt\/legalAct\/69fde250840211ecbd43a994b3e2e1cb<\/a> Mokini\u0173 va\u017eiavimo keleiviniu transportu lengvatas nustato Lietuvos Respublikos transporto lengvat\u0173 \u012fstatymas <a href=\"https:\/\/www.e-tar.lt\/portal\/lt\/legalAct\/TAR.033D686E8F1B\">https:\/\/www.e-tar.lt\/portal\/lt\/legalAct\/TAR.033D686E8F1B<\/a><\/p>\n","protected":false},"excerpt":{"rendered":"<p>Mokiniai&nbsp;\u012f mokykl\u0105&nbsp;ve\u017eami keleiviniu transportu, mokykliniu autobusu arba kitu transportu.&nbsp;Siekiant u\u017etikrinti \u0161vietimo prieinamum\u0105,&nbsp;\u012f mokykl\u0105 ir atgal privalo b\u016bti&nbsp;ve\u017eami kaimuose, miesteliuose toliau kaip 3&nbsp;kilometrai nuo mokyklos gyvenantys mokiniai, kurie mokosi pagal prie\u0161mokyklinio ir bendrojo ugdymo programas, ir vaikai, kuriems paskirtas privalomas ikimokyklinis ugdymas.&nbsp; Mokini\u0173, kurie turi speciali\u0173j\u0173 ugdymosi poreiki\u0173 ir nepaj\u0117gia patys&#8230;<\/p>\n<p> <a class=\"continue-reading-link\" href=\"https:\/\/www.sauletekio.vilniausr.lm.lt\/?page_id=15045\"><span>T\u0119sti skaitym\u0105<\/span><i class=\"crycon-right-dir\"><\/i><\/a> <\/p>\n","protected":false},"author":1,"featured_media":0,"parent":1319,"menu_order":8,"comment_status":"closed","ping_status":"closed","template":"","meta":{"_uag_custom_page_level_css":"","advgb_blocks_editor_width":"","advgb_blocks_columns_visual_guide":"","ngg_post_thumbnail":0,"footnotes":""},"class_list":["post-15045","page","type-page","status-publish","hentry"],"uagb_featured_image_src":{"full":false,"thumbnail":false,"medium":false,"medium_large":false,"large":false,"1536x1536":false,"2048x2048":false,"post-thumbnail":false,"header":false,"slider":false,"columns":false,"custom":false},"uagb_author_info":{"display_name":"admin","author_link":"https:\/\/www.sauletekio.vilniausr.lm.lt\/?author=1"},"uagb_comment_info":0,"uagb_excerpt":"Mokiniai&nbsp;\u012f mokykl\u0105&nbsp;ve\u017eami keleiviniu transportu, mokykliniu autobusu arba kitu transportu.&nbsp;Siekiant u\u017etikrinti \u0161vietimo prieinamum\u0105,&nbsp;\u012f mokykl\u0105 ir atgal privalo b\u016bti&nbsp;ve\u017eami kaimuose, miesteliuose toliau kaip 3&nbsp;kilometrai nuo mokyklos gyvenantys mokiniai, kurie mokosi pagal prie\u0161mokyklinio ir bendrojo ugdymo programas, ir vaikai, kuriems paskirtas privalomas ikimokyklinis ugdymas.&nbsp; Mokini\u0173, kurie turi speciali\u0173j\u0173 ugdymosi poreiki\u0173 ir nepaj\u0117gia patys... T\u0119sti skaitym\u0105","coauthors":[],"author_meta":{"author_link":"https:\/\/www.sauletekio.vilniausr.lm.lt\/?author=1","display_name":"admin"},"relative_dates":{"created":"Posted 3 metai ago","modified":"Updated 1 metai ago"},"absolute_dates":{"created":"Posted on 2022-12-01","modified":"Updated on 2025-03-18"},"absolute_dates_time":{"created":"Posted on 2022-12-01 12:45","modified":"Updated on 2025-03-18 16:23"},"featured_img_caption":"","featured_img":false,"series_order":"","_links":{"self":[{"href":"https:\/\/www.sauletekio.vilniausr.lm.lt\/index.php?rest_route=\/wp\/v2\/pages\/15045","targetHints":{"allow":["GET"]}}],"collection":[{"href":"https:\/\/www.sauletekio.vilniausr.lm.lt\/index.php?rest_route=\/wp\/v2\/pages"}],"about":[{"href":"https:\/\/www.sauletekio.vilniausr.lm.lt\/index.php?rest_route=\/wp\/v2\/types\/page"}],"author":[{"embeddable":true,"href":"https:\/\/www.sauletekio.vilniausr.lm.lt\/index.php?rest_route=\/wp\/v2\/users\/1"}],"replies":[{"embeddable":true,"href":"https:\/\/www.sauletekio.vilniausr.lm.lt\/index.php?rest_route=%2Fwp%2Fv2%2Fcomments&post=15045"}],"version-history":[{"count":5,"href":"https:\/\/www.sauletekio.vilniausr.lm.lt\/index.php?rest_route=\/wp\/v2\/pages\/15045\/revisions"}],"predecessor-version":[{"id":20708,"href":"https:\/\/www.sauletekio.vilniausr.lm.lt\/index.php?rest_route=\/wp\/v2\/pages\/15045\/revisions\/20708"}],"up":[{"embeddable":true,"href":"https:\/\/www.sauletekio.vilniausr.lm.lt\/index.php?rest_route=\/wp\/v2\/pages\/1319"}],"wp:attachment":[{"href":"https:\/\/www.sauletekio.vilniausr.lm.lt\/index.php?rest_route=%2Fwp%2Fv2%2Fmedia&parent=15045"}],"curies":[{"name":"wp","href":"https:\/\/api.w.org\/{rel}","templated":true}]}}