{"id":15058,"date":"2022-12-01T12:52:35","date_gmt":"2022-12-01T10:52:35","guid":{"rendered":"https:\/\/www.sauletekio.vilniausr.lm.lt\/?page_id=15058"},"modified":"2023-05-16T14:44:25","modified_gmt":"2023-05-16T12:44:25","slug":"atviri-duomenys","status":"publish","type":"page","link":"https:\/\/www.sauletekio.vilniausr.lm.lt\/?page_id=15058","title":{"rendered":"Atviri duomenys"},"content":{"rendered":"<div class=\"fcbkbttn_buttons_block\" id=\"fcbkbttn_left\"><div class=\"fcbkbttn_like \"><fb:like href=\"https:\/\/www.sauletekio.vilniausr.lm.lt\/?page_id=15058\" action=\"like\" colorscheme=\"light\" layout=\"button_count\"  size=\"small\"><\/fb:like><\/div><div class=\"fb-share-button  \" data-href=\"https:\/\/www.sauletekio.vilniausr.lm.lt\/?page_id=15058\" data-type=\"button_count\" data-size=\"small\"><\/div><\/div>\n<p>Atviri duomenys \u2013 laisvai prieinami institucijos veikloje ar dokumentuose u\u017efiksuoti duomenys, informacija ar jos dalis, nepaisant j\u0173 pateikimo b\u016bdo, formos ir laikmenos.<\/p>\n\n\n\n<p>\u012estaiga nesudaro pakartotinai naudoti skirt\u0173 duomen\u0173 rinkini\u0173.<\/p>\n\n\n\n<p>Lietuvos atvir\u0173 duomen\u0173 portalas <a href=\"https:\/\/data.gov.lt\" target=\"_blank\" rel=\"noreferrer noopener\">https:\/\/data.gov.lt<\/a><\/p>\n","protected":false},"excerpt":{"rendered":"<p>Atviri duomenys \u2013 laisvai prieinami institucijos veikloje ar dokumentuose u\u017efiksuoti duomenys, informacija ar jos dalis, nepaisant j\u0173 pateikimo b\u016bdo, formos ir laikmenos. \u012estaiga nesudaro pakartotinai naudoti skirt\u0173 duomen\u0173 rinkini\u0173. Lietuvos atvir\u0173 duomen\u0173 portalas https:\/\/data.gov.lt<\/p>\n<p> <a class=\"continue-reading-link\" href=\"https:\/\/www.sauletekio.vilniausr.lm.lt\/?page_id=15058\"><span>T\u0119sti skaitym\u0105<\/span><i class=\"crycon-right-dir\"><\/i><\/a> <\/p>\n","protected":false},"author":1,"featured_media":0,"parent":0,"menu_order":7,"comment_status":"closed","ping_status":"closed","template":"","meta":{"_uag_custom_page_level_css":"","advgb_blocks_editor_width":"","advgb_blocks_columns_visual_guide":"","ngg_post_thumbnail":0,"footnotes":""},"class_list":["post-15058","page","type-page","status-publish","hentry"],"uagb_featured_image_src":{"full":false,"thumbnail":false,"medium":false,"medium_large":false,"large":false,"1536x1536":false,"2048x2048":false,"post-thumbnail":false,"header":false,"slider":false,"columns":false,"custom":false},"uagb_author_info":{"display_name":"admin","author_link":"https:\/\/www.sauletekio.vilniausr.lm.lt\/?author=1"},"uagb_comment_info":0,"uagb_excerpt":"Atviri duomenys \u2013 laisvai prieinami institucijos veikloje ar dokumentuose u\u017efiksuoti duomenys, informacija ar jos dalis, nepaisant j\u0173 pateikimo b\u016bdo, formos ir laikmenos. \u012estaiga nesudaro pakartotinai naudoti skirt\u0173 duomen\u0173 rinkini\u0173. Lietuvos atvir\u0173 duomen\u0173 portalas https:\/\/data.gov.lt T\u0119sti skaitym\u0105","coauthors":[],"author_meta":{"author_link":"https:\/\/www.sauletekio.vilniausr.lm.lt\/?author=1","display_name":"admin"},"relative_dates":{"created":"Posted 3 metai ago","modified":"Updated 3 metai ago"},"absolute_dates":{"created":"Posted on 2022-12-01","modified":"Updated on 2023-05-16"},"absolute_dates_time":{"created":"Posted on 2022-12-01 12:52","modified":"Updated on 2023-05-16 14:44"},"featured_img_caption":"","featured_img":false,"series_order":"","_links":{"self":[{"href":"https:\/\/www.sauletekio.vilniausr.lm.lt\/index.php?rest_route=\/wp\/v2\/pages\/15058","targetHints":{"allow":["GET"]}}],"collection":[{"href":"https:\/\/www.sauletekio.vilniausr.lm.lt\/index.php?rest_route=\/wp\/v2\/pages"}],"about":[{"href":"https:\/\/www.sauletekio.vilniausr.lm.lt\/index.php?rest_route=\/wp\/v2\/types\/page"}],"author":[{"embeddable":true,"href":"https:\/\/www.sauletekio.vilniausr.lm.lt\/index.php?rest_route=\/wp\/v2\/users\/1"}],"replies":[{"embeddable":true,"href":"https:\/\/www.sauletekio.vilniausr.lm.lt\/index.php?rest_route=%2Fwp%2Fv2%2Fcomments&post=15058"}],"version-history":[{"count":2,"href":"https:\/\/www.sauletekio.vilniausr.lm.lt\/index.php?rest_route=\/wp\/v2\/pages\/15058\/revisions"}],"predecessor-version":[{"id":16396,"href":"https:\/\/www.sauletekio.vilniausr.lm.lt\/index.php?rest_route=\/wp\/v2\/pages\/15058\/revisions\/16396"}],"wp:attachment":[{"href":"https:\/\/www.sauletekio.vilniausr.lm.lt\/index.php?rest_route=%2Fwp%2Fv2%2Fmedia&parent=15058"}],"curies":[{"name":"wp","href":"https:\/\/api.w.org\/{rel}","templated":true}]}}