{"id":15222,"date":"2022-12-27T10:51:40","date_gmt":"2022-12-27T08:51:40","guid":{"rendered":"https:\/\/www.sauletekio.vilniausr.lm.lt\/?page_id=15222"},"modified":"2025-03-19T22:52:17","modified_gmt":"2025-03-19T19:52:17","slug":"pradinis-ugdymas-2","status":"publish","type":"page","link":"https:\/\/www.sauletekio.vilniausr.lm.lt\/?page_id=15222","title":{"rendered":"Pagrindinis ugdymas"},"content":{"rendered":"<div class=\"fcbkbttn_buttons_block\" id=\"fcbkbttn_left\"><div class=\"fcbkbttn_like \"><fb:like href=\"https:\/\/www.sauletekio.vilniausr.lm.lt\/?page_id=15222\" action=\"like\" colorscheme=\"light\" layout=\"button_count\"  size=\"small\"><\/fb:like><\/div><div class=\"fb-share-button  \" data-href=\"https:\/\/www.sauletekio.vilniausr.lm.lt\/?page_id=15222\" data-type=\"button_count\" data-size=\"small\"><\/div><\/div>\n<p>Pagrindinio ugdymo paskirtis \u2013 suteikti asmeniui dorin\u0117s, sociokult\u016brin\u0117s ir pilietin\u0117s<br>brandos pagrindus, bendr\u0105j\u012f ra\u0161tingum\u0105, technologinio ra\u0161tingumo pradmenis, ugdyti tautin\u012f<br>s\u0105moningum\u0105, i\u0161ugdyti siekim\u0105 ir geb\u0117jim\u0105 apsispr\u0119sti, pasirinkti ir mokytis toliau.<\/p>\n\n\n\n<p><a href=\"https:\/\/www.sauletekio.vilniausr.lm.lt\/wp-content\/uploads\/2024\/10\/Sauletekio-UP.pdf\" target=\"_blank\" rel=\"noreferrer noopener\">Vilniaus r. Bezdoni\u0173 \u201eSaul\u0117tekio\u201c pagrindin\u0117s mokyklos prie\u0161mokyklinio, pradinio ir<br>pagrindinio ugdymo program\u0173 ugdymo planas<\/a><\/p>\n\n\n\n<p><a rel=\"noreferrer noopener\" href=\"https:\/\/www.sauletekio.vilniausr.lm.lt\/wp-content\/uploads\/2023\/09\/Socialines-pedagogines-pagalbos-teikimo-vaikui-ir-mokiniui-tvarkos-aprasas.pdf\" data-type=\"link\" data-id=\"https:\/\/www.sauletekio.vilniausr.lm.lt\/wp-content\/uploads\/2023\/09\/Socialines-pedagogines-pagalbos-teikimo-vaikui-ir-mokiniui-tvarkos-aprasas.pdf\" target=\"_blank\">Vilniaus r. Bezdoni\u0173 \u201eSaul\u0117tekio\u201c pagrindin\u0117s mokyklos socialin\u0117s pedagogin\u0117s pagalbos teikimo vaikui ir mokiniui tvarkos apra\u0161as<\/a><\/p>\n\n\n\n<p><a href=\"https:\/\/www.sauletekio.vilniausr.lm.lt\/wp-content\/uploads\/2023\/10\/Socialines-pilietines-veiklos-organizavimo-tvarkos-aprasas.pdf\" target=\"_blank\" rel=\"noreferrer noopener\">Vilniaus r. Bezdoni\u0173 \u201eSaul\u0117tekio\u201c pagrindin\u0117s mokyklos socialin\u0117s-pilietin\u0117s veiklos<br>tvarkos apra\u0161as<\/a><\/p>\n\n\n\n<p>Pagrindinio ugdymo programa mokykloje \u012fgyvendinama remiantis Pagrindinio ugdymo<br>bendrosiomis programomis (<a href=\"https:\/\/www.e-tar.lt\/portal\/lt\/legalAct\/TAR.55FA64EA6862\/asr\" target=\"_blank\" rel=\"noreferrer noopener\">https:\/\/www.e-tar.lt\/portal\/lt\/legalAct\/TAR.55FA64EA6862\/asr<\/a>)<br>Daugiau informacijos apie pagrindin\u012f ugdym\u0105<br><a href=\"https:\/\/smsm.lrv.lt\/lt\/veiklos-sritys-1\/smm-svietimas\/svietimas-pagrindinis-ugdymas\" target=\"_blank\" rel=\"noreferrer noopener\">https:\/\/smsm.lrv.lt\/lt\/veiklos-sritys-1\/smm-svietimas\/svietimas-pagrindinis-ugdymas<\/a><\/p>\n\n\n\n<p><a href=\"https:\/\/www.sauletekio.vilniausr.lm.lt\/wp-content\/uploads\/2025\/03\/5-10-klasiu-tvarkarastis-.pdf\" target=\"_blank\" rel=\"noreferrer noopener\">Pamok\u0173 tvarkara\u0161tis<\/a><\/p>\n","protected":false},"excerpt":{"rendered":"<p>Pagrindinio ugdymo paskirtis \u2013 suteikti asmeniui dorin\u0117s, sociokult\u016brin\u0117s ir pilietin\u0117sbrandos pagrindus, bendr\u0105j\u012f ra\u0161tingum\u0105, technologinio ra\u0161tingumo pradmenis, ugdyti tautin\u012fs\u0105moningum\u0105, i\u0161ugdyti siekim\u0105 ir geb\u0117jim\u0105 apsispr\u0119sti, pasirinkti ir mokytis toliau. Vilniaus r. Bezdoni\u0173 \u201eSaul\u0117tekio\u201c pagrindin\u0117s mokyklos prie\u0161mokyklinio, pradinio irpagrindinio ugdymo program\u0173 ugdymo planas Vilniaus r. Bezdoni\u0173 \u201eSaul\u0117tekio\u201c pagrindin\u0117s mokyklos socialin\u0117s pedagogin\u0117s pagalbos teikimo&#8230;<\/p>\n<p> <a class=\"continue-reading-link\" href=\"https:\/\/www.sauletekio.vilniausr.lm.lt\/?page_id=15222\"><span>T\u0119sti skaitym\u0105<\/span><i class=\"crycon-right-dir\"><\/i><\/a> <\/p>\n","protected":false},"author":1,"featured_media":0,"parent":319,"menu_order":2,"comment_status":"closed","ping_status":"closed","template":"","meta":{"_uag_custom_page_level_css":"","advgb_blocks_editor_width":"","advgb_blocks_columns_visual_guide":"","ngg_post_thumbnail":0,"footnotes":""},"class_list":["post-15222","page","type-page","status-publish","hentry"],"uagb_featured_image_src":{"full":false,"thumbnail":false,"medium":false,"medium_large":false,"large":false,"1536x1536":false,"2048x2048":false,"post-thumbnail":false,"header":false,"slider":false,"columns":false,"custom":false},"uagb_author_info":{"display_name":"admin","author_link":"https:\/\/www.sauletekio.vilniausr.lm.lt\/?author=1"},"uagb_comment_info":0,"uagb_excerpt":"Pagrindinio ugdymo paskirtis \u2013 suteikti asmeniui dorin\u0117s, sociokult\u016brin\u0117s ir pilietin\u0117sbrandos pagrindus, bendr\u0105j\u012f ra\u0161tingum\u0105, technologinio ra\u0161tingumo pradmenis, ugdyti tautin\u012fs\u0105moningum\u0105, i\u0161ugdyti siekim\u0105 ir geb\u0117jim\u0105 apsispr\u0119sti, pasirinkti ir mokytis toliau. Vilniaus r. Bezdoni\u0173 \u201eSaul\u0117tekio\u201c pagrindin\u0117s mokyklos prie\u0161mokyklinio, pradinio irpagrindinio ugdymo program\u0173 ugdymo planas Vilniaus r. Bezdoni\u0173 \u201eSaul\u0117tekio\u201c pagrindin\u0117s mokyklos socialin\u0117s pedagogin\u0117s pagalbos teikimo... T\u0119sti skaitym\u0105","coauthors":[],"author_meta":{"author_link":"https:\/\/www.sauletekio.vilniausr.lm.lt\/?author=1","display_name":"admin"},"relative_dates":{"created":"Posted 3 metai ago","modified":"Updated 1 metai ago"},"absolute_dates":{"created":"Posted on 2022-12-27","modified":"Updated on 2025-03-19"},"absolute_dates_time":{"created":"Posted on 2022-12-27 10:51","modified":"Updated on 2025-03-19 22:52"},"featured_img_caption":"","featured_img":false,"series_order":"","_links":{"self":[{"href":"https:\/\/www.sauletekio.vilniausr.lm.lt\/index.php?rest_route=\/wp\/v2\/pages\/15222","targetHints":{"allow":["GET"]}}],"collection":[{"href":"https:\/\/www.sauletekio.vilniausr.lm.lt\/index.php?rest_route=\/wp\/v2\/pages"}],"about":[{"href":"https:\/\/www.sauletekio.vilniausr.lm.lt\/index.php?rest_route=\/wp\/v2\/types\/page"}],"author":[{"embeddable":true,"href":"https:\/\/www.sauletekio.vilniausr.lm.lt\/index.php?rest_route=\/wp\/v2\/users\/1"}],"replies":[{"embeddable":true,"href":"https:\/\/www.sauletekio.vilniausr.lm.lt\/index.php?rest_route=%2Fwp%2Fv2%2Fcomments&post=15222"}],"version-history":[{"count":11,"href":"https:\/\/www.sauletekio.vilniausr.lm.lt\/index.php?rest_route=\/wp\/v2\/pages\/15222\/revisions"}],"predecessor-version":[{"id":20716,"href":"https:\/\/www.sauletekio.vilniausr.lm.lt\/index.php?rest_route=\/wp\/v2\/pages\/15222\/revisions\/20716"}],"up":[{"embeddable":true,"href":"https:\/\/www.sauletekio.vilniausr.lm.lt\/index.php?rest_route=\/wp\/v2\/pages\/319"}],"wp:attachment":[{"href":"https:\/\/www.sauletekio.vilniausr.lm.lt\/index.php?rest_route=%2Fwp%2Fv2%2Fmedia&parent=15222"}],"curies":[{"name":"wp","href":"https:\/\/api.w.org\/{rel}","templated":true}]}}