{"id":15260,"date":"2022-12-27T12:04:47","date_gmt":"2022-12-27T10:04:47","guid":{"rendered":"https:\/\/www.sauletekio.vilniausr.lm.lt\/?page_id=15260"},"modified":"2023-05-23T20:26:16","modified_gmt":"2023-05-23T18:26:16","slug":"ugdymasis-seimoje","status":"publish","type":"page","link":"https:\/\/www.sauletekio.vilniausr.lm.lt\/?page_id=15260","title":{"rendered":"Ugdymasis \u0161eimoje"},"content":{"rendered":"<div class=\"fcbkbttn_buttons_block\" id=\"fcbkbttn_left\"><div class=\"fcbkbttn_like \"><fb:like href=\"https:\/\/www.sauletekio.vilniausr.lm.lt\/?page_id=15260\" action=\"like\" colorscheme=\"light\" layout=\"button_count\"  size=\"small\"><\/fb:like><\/div><div class=\"fb-share-button  \" data-href=\"https:\/\/www.sauletekio.vilniausr.lm.lt\/?page_id=15260\" data-type=\"button_count\" data-size=\"small\"><\/div><\/div>\n<p>Vaikas&nbsp;jo paties ir&nbsp;jo&nbsp;t\u0117v\u0173 (glob\u0117j\u0173, r\u016bpintoj\u0173) pageidavimu gali pagal prie\u0161mokyklinio, pradinio, pagrindinio ir vidurinio ugdymo bendr\u0105sias programas b\u016bti ugdomas (ugdytis) \u0161eimoje.&nbsp;Pasirinkus ugdym\u0105si \u0161eimoje, vaiko iki 14 met\u0173 t\u0117vai (glob\u0117jai, r\u016bpintojai) arba vaikas nuo 14 iki 18 met\u0173, tur\u0117damas t\u0117v\u0173 (r\u016bpintoj\u0173) ra\u0161ytin\u012f sutikim\u0105, ir mokykla sudaro mokymo sutart\u012f. Prie\u0161 sutarties d\u0117l vaiko ugdymosi \u0161eimoje sudarym\u0105 mokykla, pasitelkdama reikalingus specialistus, \u012fvertina ugdymosi \u0161eimoje s\u0105lygas, vaiko brandos ir \u017eini\u0173 lyg\u012f. Mokinius konsultuoja, mokom\u0105ja med\u017eiaga apr\u016bpina, mokymosi pa\u017eang\u0105 ir pasiekimus, socializacijos poreikio u\u017etikrinim\u0105 periodi\u0161kai vertina mokykla su kuria sudaryta mokymo sutartis.<\/p>\n\n\n\n<p>Ugdymosi \u0161eimoje \u012fgyvendinimo tvark\u0105 nustato Lietuvos Respublikos Vyriausyb\u0117s nutarimu patvirtintas Ugdymosi \u0161eimoje \u012fgyvendinimo tvarkos apra\u0161as<\/p>\n\n\n\n<p><a href=\"https:\/\/www.e-tar.lt\/portal\/lt\/legalAct\/ddd218f09b6411ea9515f752ff221ec9\">https:\/\/www.e-tar.lt\/portal\/lt\/legalAct\/ddd218f09b6411ea9515f752ff221ec9<\/a><\/p>\n","protected":false},"excerpt":{"rendered":"<p>Vaikas&nbsp;jo paties ir&nbsp;jo&nbsp;t\u0117v\u0173 (glob\u0117j\u0173, r\u016bpintoj\u0173) pageidavimu gali pagal prie\u0161mokyklinio, pradinio, pagrindinio ir vidurinio ugdymo bendr\u0105sias programas b\u016bti ugdomas (ugdytis) \u0161eimoje.&nbsp;Pasirinkus ugdym\u0105si \u0161eimoje, vaiko iki 14 met\u0173 t\u0117vai (glob\u0117jai, r\u016bpintojai) arba vaikas nuo 14 iki 18 met\u0173, tur\u0117damas t\u0117v\u0173 (r\u016bpintoj\u0173) ra\u0161ytin\u012f sutikim\u0105, ir mokykla sudaro mokymo sutart\u012f. Prie\u0161 sutarties d\u0117l vaiko&#8230;<\/p>\n<p> <a class=\"continue-reading-link\" href=\"https:\/\/www.sauletekio.vilniausr.lm.lt\/?page_id=15260\"><span>T\u0119sti skaitym\u0105<\/span><i class=\"crycon-right-dir\"><\/i><\/a> <\/p>\n","protected":false},"author":1,"featured_media":0,"parent":319,"menu_order":6,"comment_status":"closed","ping_status":"closed","template":"","meta":{"_uag_custom_page_level_css":"","advgb_blocks_editor_width":"","advgb_blocks_columns_visual_guide":"","ngg_post_thumbnail":0,"footnotes":""},"class_list":["post-15260","page","type-page","status-publish","hentry"],"uagb_featured_image_src":{"full":false,"thumbnail":false,"medium":false,"medium_large":false,"large":false,"1536x1536":false,"2048x2048":false,"post-thumbnail":false,"header":false,"slider":false,"columns":false,"custom":false},"uagb_author_info":{"display_name":"admin","author_link":"https:\/\/www.sauletekio.vilniausr.lm.lt\/?author=1"},"uagb_comment_info":0,"uagb_excerpt":"Vaikas&nbsp;jo paties ir&nbsp;jo&nbsp;t\u0117v\u0173 (glob\u0117j\u0173, r\u016bpintoj\u0173) pageidavimu gali pagal prie\u0161mokyklinio, pradinio, pagrindinio ir vidurinio ugdymo bendr\u0105sias programas b\u016bti ugdomas (ugdytis) \u0161eimoje.&nbsp;Pasirinkus ugdym\u0105si \u0161eimoje, vaiko iki 14 met\u0173 t\u0117vai (glob\u0117jai, r\u016bpintojai) arba vaikas nuo 14 iki 18 met\u0173, tur\u0117damas t\u0117v\u0173 (r\u016bpintoj\u0173) ra\u0161ytin\u012f sutikim\u0105, ir mokykla sudaro mokymo sutart\u012f. Prie\u0161 sutarties d\u0117l vaiko... T\u0119sti skaitym\u0105","coauthors":[],"author_meta":{"author_link":"https:\/\/www.sauletekio.vilniausr.lm.lt\/?author=1","display_name":"admin"},"relative_dates":{"created":"Posted 3 metai ago","modified":"Updated 3 metai ago"},"absolute_dates":{"created":"Posted on 2022-12-27","modified":"Updated on 2023-05-23"},"absolute_dates_time":{"created":"Posted on 2022-12-27 12:04","modified":"Updated on 2023-05-23 20:26"},"featured_img_caption":"","featured_img":false,"series_order":"","_links":{"self":[{"href":"https:\/\/www.sauletekio.vilniausr.lm.lt\/index.php?rest_route=\/wp\/v2\/pages\/15260","targetHints":{"allow":["GET"]}}],"collection":[{"href":"https:\/\/www.sauletekio.vilniausr.lm.lt\/index.php?rest_route=\/wp\/v2\/pages"}],"about":[{"href":"https:\/\/www.sauletekio.vilniausr.lm.lt\/index.php?rest_route=\/wp\/v2\/types\/page"}],"author":[{"embeddable":true,"href":"https:\/\/www.sauletekio.vilniausr.lm.lt\/index.php?rest_route=\/wp\/v2\/users\/1"}],"replies":[{"embeddable":true,"href":"https:\/\/www.sauletekio.vilniausr.lm.lt\/index.php?rest_route=%2Fwp%2Fv2%2Fcomments&post=15260"}],"version-history":[{"count":3,"href":"https:\/\/www.sauletekio.vilniausr.lm.lt\/index.php?rest_route=\/wp\/v2\/pages\/15260\/revisions"}],"predecessor-version":[{"id":16495,"href":"https:\/\/www.sauletekio.vilniausr.lm.lt\/index.php?rest_route=\/wp\/v2\/pages\/15260\/revisions\/16495"}],"up":[{"embeddable":true,"href":"https:\/\/www.sauletekio.vilniausr.lm.lt\/index.php?rest_route=\/wp\/v2\/pages\/319"}],"wp:attachment":[{"href":"https:\/\/www.sauletekio.vilniausr.lm.lt\/index.php?rest_route=%2Fwp%2Fv2%2Fmedia&parent=15260"}],"curies":[{"name":"wp","href":"https:\/\/api.w.org\/{rel}","templated":true}]}}