{"id":15265,"date":"2022-12-27T12:15:06","date_gmt":"2022-12-27T10:15:06","guid":{"rendered":"https:\/\/www.sauletekio.vilniausr.lm.lt\/?page_id=15265"},"modified":"2025-03-18T16:19:31","modified_gmt":"2025-03-18T13:19:31","slug":"popamokine-veikla","status":"publish","type":"page","link":"https:\/\/www.sauletekio.vilniausr.lm.lt\/?page_id=15265","title":{"rendered":"Popamokin\u0117 veikla"},"content":{"rendered":"<div class=\"fcbkbttn_buttons_block\" id=\"fcbkbttn_left\"><div class=\"fcbkbttn_like \"><fb:like href=\"https:\/\/www.sauletekio.vilniausr.lm.lt\/?page_id=15265\" action=\"like\" colorscheme=\"light\" layout=\"button_count\"  size=\"small\"><\/fb:like><\/div><div class=\"fb-share-button  \" data-href=\"https:\/\/www.sauletekio.vilniausr.lm.lt\/?page_id=15265\" data-type=\"button_count\" data-size=\"small\"><\/div><\/div>\n<p><strong>MOKYKLOS 2024\u20132025 MOKSLO MET\u0172 RENGINI\u0172 PLANAS<\/strong><\/p>\n\n\n\n<figure class=\"wp-block-table\"><table class=\"has-fixed-layout\"><tbody><tr><td><strong>Eil.<\/strong> <strong>Nr.<\/strong><\/td><td><strong>Priemon\u0117s<\/strong><\/td><td><strong>Laikas<\/strong><\/td><td><strong>Atsakingi vykdytojai,<\/strong> <strong>partneriai<\/strong><\/td><td><strong>Dalyviai<\/strong><\/td><\/tr><tr><td>\u00a01.<\/td><td>Mokslo ir \u017eini\u0173 \u0161vent\u0117<\/td><td>2024-09-02<\/td><td>Gintar\u0117, Inesa, Rasita, \u017dana <\/td><td>Prie\u0161mokyklinio ugdymo grup\u0117, 1\u201310 klasi\u0173 mokiniai, t\u0117vai (glob\u0117jais, r\u016bpintojais), sve\u010diai<\/td><\/tr><tr><td>\u00a02.<\/td><td>Europos kalb\u0173 diena &nbsp;<\/td><td>2024-09-26<\/td><td>Kalb\u0173 mokytojai<\/td><td>5\u201310 klasi\u0173 mokiniai<\/td><\/tr><tr><td>\u00a03.<\/td><td>Mokytoj\u0173 dienos \u0161vent\u0117<\/td><td>2024-10-04<\/td><td>Mokini\u0173 taryba, Mokytoj\u0173 klubas<\/td><td>Prie\u0161mokyklinio ugdymo grup\u0117, 1\u201310 klasi\u0173 mokiniai<\/td><\/tr><tr><td>\u00a04.<\/td><td>Konferencija ,,Skaitymo stebuklai\u201d<\/td><td>2024-10-29<\/td><td>\u0160iuolaikini\u0173 pamok\u0173 vedimo darbo grup\u0117<\/td><td>Mokytojai ir pagalbos mokiniui specialistai<\/td><\/tr><tr><td>\u00a05.<\/td><td>\u0116 raid\u0117s diena<\/td><td>2024-10<\/td><td>Vilma <\/td><td>Prie\u0161mokyklinio ugdymo grup\u0117, 1\u201310 klasi\u0173 mokiniai<\/td><\/tr><tr><td>\u00a06.<\/td><td>Pyrag\u0173 diena<\/td><td>2024-11-06<\/td><td>Mokini\u0173 taryba<\/td><td>Prie\u0161mokyklinio ugdymo grup\u0117, 1\u201310 klasi\u0173 mokiniai<\/td><\/tr><tr><td>\u00a07.<\/td><td>Tolerancijos diena &nbsp;<\/td><td>2024-11<\/td><td>Pagalbos mokiniui specialistai<\/td><td>Prie\u0161mokyklinio ugdymo grup\u0117, 1\u20134 klasi\u0173 mokiniai<\/td><\/tr><tr><td>\u00a08.<\/td><td>\u012edomieji chemijos bandymai<\/td><td>2024-11<\/td><td>Eurika, Loreta <\/td><td>5\u20136 klasi\u0173 mokiniai<\/td><\/tr><tr><td>\u00a09.<\/td><td>\u0160iurpnaktis<\/td><td>2024-10-25<\/td><td>Mokini\u0173 taryba<\/td><td>5\u201310 klasi\u0173 mokiniai &nbsp;<\/td><\/tr><tr><td>\u00a010.<\/td><td>\u0160lepe\u010di\u0173 diena<\/td><td>2024-12<\/td><td>Mokini\u0173 taryba<\/td><td>Prie\u0161mokyklinio ugdymo grup\u0117, 1\u201310 klasi\u0173 mokiniai<\/td><\/tr><tr><td>\u00a011.<\/td><td>Kal\u0117dinis renginys<\/td><td>2024-12-20<\/td><td>Gintar\u0117, Liudmila <\/td><td>Prie\u0161mokyklinio ugdymo grup\u0117, 1\u20134 klasi\u0173 mokiniai<\/td><\/tr><tr><td>\u00a012.<\/td><td>Kal\u0117d\u0173 gerumo stebuklai<\/td><td>2024-12-23<\/td><td>Klasi\u0173 vadovai, Rasita <\/td><td>5\u201310 klasi\u0173 mokiniai<\/td><\/tr><tr><td>\u00a013.<\/td><td>Sausio 13-oji \u2013 Laisv\u0117s gyn\u0117j\u0173 diena<\/td><td>2025-01-13<\/td><td>Milda, Justinas<\/td><td>Prie\u0161mokyklinio ugdymo grup\u0117, 1\u201310 klasi\u0173 mokiniai<\/td><\/tr><tr><td>\u00a014.<\/td><td>Vasario 16-osios min\u0117jimas. I\u0161vyka \u012f Medinink\u0173 pasienie\u010di\u0173 mokykl\u0105<\/td><td>2025-02-14<\/td><td>Milda, Sigita <\/td><td>5\u201310 klasi\u0173 mokiniai<\/td><\/tr><tr><td>15.<\/td><td>Meninio skaitymo konkursas<\/td><td>2025-02<\/td><td>\u017dana, Vilma <\/td><td>5\u201310 klasi\u0173 mokiniai<\/td><\/tr><tr><td>\u00a016.<\/td><td>Konferencija \u012ftraukiojo ugdymo&nbsp; patir\u010di\u0173 pristatymui<\/td><td>2025-02<\/td><td>\u012etraukiojo ugdymo darbo grup\u0117<\/td><td>Mokytojai ir pagalbos mokiniui specialistai<\/td><\/tr><tr><td>\u00a017.<\/td><td>Demokratijos pamokos<\/td><td>2025-02 \u20132025-04<\/td><td>Mokini\u0173 taryba<\/td><td>Prie\u0161mokyklinio ugdymo grup\u0117, 1\u201310 klasi\u0173 mokiniai<\/td><\/tr><tr><td>\u00a018.<\/td><td>Apjuoskime Lietuv\u0105<\/td><td>2025-03-10<\/td><td>Liuda, Gintar\u0117<\/td><td>Prie\u0161mokyklinio ugdymo grup\u0117, 1\u20134 klasi\u0173 mokiniai<\/td><\/tr><tr><td>\u00a019.<\/td><td>Kovo 11-osios min\u0117jimas<\/td><td>2025-03-10<\/td><td>Milda, \u017dana, Vilma, Rasita<\/td><td>5\u201310 klasi\u0173 mokiniai<\/td><\/tr><tr><td>20.\u00a0<\/td><td>Lietuvi\u0173 kalbos dienos<\/td><td>2025-02 \u2013 2025-03<\/td><td>\u017dana, Vilma<\/td><td>5\u201310 klasi\u0173 mokiniai<\/td><\/tr><tr><td>\u00a021.<\/td><td>Akcija ,,Ypatingi tarp m\u016bs\u0173\u201c<\/td><td>2025-03 \u2013 2025-04<\/td><td>Mokini\u0173 taryba<\/td><td>Prie\u0161mokyklinio ugdymo grup\u0117, 1\u201310 klasi\u0173 mokiniai<\/td><\/tr><tr><td>\u00a022.<\/td><td>Kaziuko mug\u0117<\/td><td>2025-03-04<\/td><td>Mokini\u0173 taryba, Klasi\u0173 vadovai, Ilona<\/td><td>Prie\u0161mokyklinio ugdymo grup\u0117, 1\u201310 klasi\u0173 mokiniai<\/td><\/tr><tr><td> 23.<\/td><td>\u017dem\u0117s diena<\/td><td>2025-03-20<\/td><td>Gamtos moksl\u0173 ir pradinio ugdymo mokytojai<\/td><td>Prie\u0161mokyklinio ugdymo grup\u0117, 1\u201310 klasi\u0173 mokiniai<\/td><\/tr><tr><td>24.<\/td><td>Savait\u0117 be paty\u010di\u0173<\/td><td>2025-04<\/td><td>Klasi\u0173 vadovai, Psichologas, Socialinis pedagogas<\/td><td>Prie\u0161mokyklinio ugdymo grup\u0117, 1\u201310 klasi\u0173 mokiniai<\/td><\/tr><tr><td>\u00a025.<\/td><td>Akcija \u201eDarom\u201c<\/td><td>2025-04<\/td><td>Klasi\u0173 vadovai<\/td><td>Prie\u0161mokyklinio ugdymo grup\u0117, 1\u201310 klasi\u0173 mokiniai<\/td><\/tr><tr><td>\u00a026.<\/td><td>Spalv\u0173 savait\u0117<\/td><td>2025-04<\/td><td>Mokini\u0173 taryba<\/td><td>Prie\u0161mokyklinio ugdymo grup\u0117, 1\u201310 klasi\u0173 mokiniai<\/td><\/tr><tr><td>\u00a027.<\/td><td>Sporto \u0161vent\u0117<\/td><td>2025-04<\/td><td>Inga, Inesa<\/td><td>1\u20134 klasi\u0173 mokiniai + prie\u0161mokyklinio ugdymo grup\u0117<\/td><\/tr><tr><td>\u00a028.<\/td><td>Velykinio atviruko paroda-konkursas<\/td><td>2025-04<\/td><td>Ilona <\/td><td>5\u20139 klasi\u0173 mokiniai<\/td><\/tr><tr><td>\u00a029.<\/td><td>Metodin\u0117 diena ,,Mokytojas \u2013 mokytojui\u201d<\/td><td>2025-04<\/td><td>Vilma <\/td><td>Mokytojai, pagalbos mokiniui specialistai<\/td><\/tr><tr><td>\u00a030.<\/td><td>\u017dingsniavimo var\u017eybos<\/td><td>2025-05<\/td><td>Mokini\u0173 taryba<\/td><td>Prie\u0161mokyklinio ugdymo grup\u0117, 1\u201310 klasi\u0173 mokiniai<\/td><\/tr><tr><td>31.<\/td><td>Bendruomen\u0117s diena<\/td><td>2025-05<\/td><td>\u017dana, Mokytojai, Mokini\u0173 taryba, Gintar\u0117, Rasita<\/td><td>Prie\u0161mokyklinio ugdymo grup\u0117, 1\u201310 klasi\u0173 mokiniai<\/td><\/tr><tr><td>\u00a032.<\/td><td>I\u0161vyka \u012f Klaip\u0117d\u0105 &nbsp;<\/td><td>2025-06<\/td><td>Milda, Sigita<\/td><td>5\u201310 klasi\u0173 mokiniai<\/td><\/tr><tr><td>\u00a033.<\/td><td>Mokslo met\u0173 pabaigos \u0161vent\u0117 &nbsp;<\/td><td>2025-06<\/td><td>Liudmila, Gintar\u0117<\/td><td>Prie\u0161mokyklinio ugdymo grup\u0117, 1\u20134 klasi\u0173 mokiniai, t\u0117vai (glob\u0117jais, r\u016bpintojais)<\/td><\/tr><tr><td>\u00a034.<\/td><td>Mokslo met\u0173 pabaigos \u0161vent\u0117 &nbsp;<\/td><td>2025-06<\/td><td>Eurika, \u017dana, Rasita<\/td><td>5\u201310 klasi\u0173 mokiniai, t\u0117vai (glob\u0117jais, r\u016bpintojais), t\u0117vai (glob\u0117jais, r\u016bpintojais), sve\u010diai<\/td><\/tr><\/tbody><\/table><\/figure>\n","protected":false},"excerpt":{"rendered":"<p>MOKYKLOS 2024\u20132025 MOKSLO MET\u0172 RENGINI\u0172 PLANAS Eil. Nr. Priemon\u0117s Laikas Atsakingi vykdytojai, partneriai Dalyviai \u00a01. Mokslo ir \u017eini\u0173 \u0161vent\u0117 2024-09-02 Gintar\u0117, Inesa, Rasita, \u017dana Prie\u0161mokyklinio ugdymo grup\u0117, 1\u201310 klasi\u0173 mokiniai, t\u0117vai (glob\u0117jais, r\u016bpintojais), sve\u010diai \u00a02. Europos kalb\u0173 diena &nbsp; 2024-09-26 Kalb\u0173 mokytojai 5\u201310 klasi\u0173 mokiniai \u00a03. Mokytoj\u0173 dienos \u0161vent\u0117 2024-10-04&#8230;<\/p>\n<p> <a class=\"continue-reading-link\" href=\"https:\/\/www.sauletekio.vilniausr.lm.lt\/?page_id=15265\"><span>T\u0119sti skaitym\u0105<\/span><i class=\"crycon-right-dir\"><\/i><\/a> <\/p>\n","protected":false},"author":1,"featured_media":0,"parent":319,"menu_order":9,"comment_status":"closed","ping_status":"closed","template":"","meta":{"_uag_custom_page_level_css":"","advgb_blocks_editor_width":"","advgb_blocks_columns_visual_guide":"","ngg_post_thumbnail":0,"footnotes":""},"class_list":["post-15265","page","type-page","status-publish","hentry"],"uagb_featured_image_src":{"full":false,"thumbnail":false,"medium":false,"medium_large":false,"large":false,"1536x1536":false,"2048x2048":false,"post-thumbnail":false,"header":false,"slider":false,"columns":false,"custom":false},"uagb_author_info":{"display_name":"admin","author_link":"https:\/\/www.sauletekio.vilniausr.lm.lt\/?author=1"},"uagb_comment_info":0,"uagb_excerpt":"MOKYKLOS 2024\u20132025 MOKSLO MET\u0172 RENGINI\u0172 PLANAS Eil. Nr. Priemon\u0117s Laikas Atsakingi vykdytojai, partneriai Dalyviai \u00a01. Mokslo ir \u017eini\u0173 \u0161vent\u0117 2024-09-02 Gintar\u0117, Inesa, Rasita, \u017dana Prie\u0161mokyklinio ugdymo grup\u0117, 1\u201310 klasi\u0173 mokiniai, t\u0117vai (glob\u0117jais, r\u016bpintojais), sve\u010diai \u00a02. Europos kalb\u0173 diena &nbsp; 2024-09-26 Kalb\u0173 mokytojai 5\u201310 klasi\u0173 mokiniai \u00a03. Mokytoj\u0173 dienos \u0161vent\u0117 2024-10-04... T\u0119sti skaitym\u0105","coauthors":[],"author_meta":{"author_link":"https:\/\/www.sauletekio.vilniausr.lm.lt\/?author=1","display_name":"admin"},"relative_dates":{"created":"Posted 3 metai ago","modified":"Updated 1 metai ago"},"absolute_dates":{"created":"Posted on 2022-12-27","modified":"Updated on 2025-03-18"},"absolute_dates_time":{"created":"Posted on 2022-12-27 12:15","modified":"Updated on 2025-03-18 16:19"},"featured_img_caption":"","featured_img":false,"series_order":"","_links":{"self":[{"href":"https:\/\/www.sauletekio.vilniausr.lm.lt\/index.php?rest_route=\/wp\/v2\/pages\/15265","targetHints":{"allow":["GET"]}}],"collection":[{"href":"https:\/\/www.sauletekio.vilniausr.lm.lt\/index.php?rest_route=\/wp\/v2\/pages"}],"about":[{"href":"https:\/\/www.sauletekio.vilniausr.lm.lt\/index.php?rest_route=\/wp\/v2\/types\/page"}],"author":[{"embeddable":true,"href":"https:\/\/www.sauletekio.vilniausr.lm.lt\/index.php?rest_route=\/wp\/v2\/users\/1"}],"replies":[{"embeddable":true,"href":"https:\/\/www.sauletekio.vilniausr.lm.lt\/index.php?rest_route=%2Fwp%2Fv2%2Fcomments&post=15265"}],"version-history":[{"count":5,"href":"https:\/\/www.sauletekio.vilniausr.lm.lt\/index.php?rest_route=\/wp\/v2\/pages\/15265\/revisions"}],"predecessor-version":[{"id":20706,"href":"https:\/\/www.sauletekio.vilniausr.lm.lt\/index.php?rest_route=\/wp\/v2\/pages\/15265\/revisions\/20706"}],"up":[{"embeddable":true,"href":"https:\/\/www.sauletekio.vilniausr.lm.lt\/index.php?rest_route=\/wp\/v2\/pages\/319"}],"wp:attachment":[{"href":"https:\/\/www.sauletekio.vilniausr.lm.lt\/index.php?rest_route=%2Fwp%2Fv2%2Fmedia&parent=15265"}],"curies":[{"name":"wp","href":"https:\/\/api.w.org\/{rel}","templated":true}]}}