{"id":1715,"date":"2014-11-04T08:21:54","date_gmt":"2014-11-04T06:21:54","guid":{"rendered":"https:\/\/www.sauletekio.vilniausr.lm.lt\/?page_id=1715"},"modified":"2022-10-10T14:25:20","modified_gmt":"2022-10-10T12:25:20","slug":"bibliotekos-darbo-laikas","status":"publish","type":"page","link":"https:\/\/www.sauletekio.vilniausr.lm.lt\/?page_id=1715","title":{"rendered":"Darbo laikas"},"content":{"rendered":"<div class=\"fcbkbttn_buttons_block\" id=\"fcbkbttn_left\"><div class=\"fcbkbttn_like \"><fb:like href=\"https:\/\/www.sauletekio.vilniausr.lm.lt\/?page_id=1715\" action=\"like\" colorscheme=\"light\" layout=\"button_count\"  size=\"small\"><\/fb:like><\/div><div class=\"fb-share-button  \" data-href=\"https:\/\/www.sauletekio.vilniausr.lm.lt\/?page_id=1715\" data-type=\"button_count\" data-size=\"small\"><\/div><\/div>\n<p><strong>Bibliotekinink\u0117<\/strong>\u00a0Lina Novicka<\/p>\n\n\n\n<p><strong>tel.:<\/strong> (8 5) 269 6422<\/p>\n\n\n\n<p><strong>el. pa\u0161tas:<\/strong>\u00a0<\/p>\n\n\n\n<p><strong>Bibliotekos darbo laikas:<\/strong><br>I. 8.00-16.00<br>II 8.00-16.00<br>III 8.00-16.00<br>IV 8.00-16.00<br>V 8.00-16.00<br>paskutinis m\u0117nesio penktadienis &#8211; sanitarin\u0117 diena<\/p>\n","protected":false},"excerpt":{"rendered":"<p>Bibliotekinink\u0117\u00a0Lina Novicka tel.: (8 5) 269 6422 el. pa\u0161tas:\u00a0 Bibliotekos darbo laikas:I. 8.00-16.00II 8.00-16.00III 8.00-16.00IV 8.00-16.00V 8.00-16.00paskutinis m\u0117nesio penktadienis &#8211; sanitarin\u0117 diena<\/p>\n<p> <a class=\"continue-reading-link\" href=\"https:\/\/www.sauletekio.vilniausr.lm.lt\/?page_id=1715\"><span>T\u0119sti skaitym\u0105<\/span><i class=\"crycon-right-dir\"><\/i><\/a> <\/p>\n","protected":false},"author":1,"featured_media":0,"parent":1337,"menu_order":0,"comment_status":"closed","ping_status":"closed","template":"","meta":{"_uag_custom_page_level_css":"","advgb_blocks_editor_width":"","advgb_blocks_columns_visual_guide":"","ngg_post_thumbnail":0,"footnotes":""},"class_list":["post-1715","page","type-page","status-publish","hentry"],"uagb_featured_image_src":{"full":false,"thumbnail":false,"medium":false,"medium_large":false,"large":false,"1536x1536":false,"2048x2048":false,"post-thumbnail":false,"header":false,"slider":false,"columns":false,"custom":false},"uagb_author_info":{"display_name":"admin","author_link":"https:\/\/www.sauletekio.vilniausr.lm.lt\/?author=1"},"uagb_comment_info":0,"uagb_excerpt":"Bibliotekinink\u0117\u00a0Lina Novicka tel.: (8 5) 269 6422 el. pa\u0161tas:\u00a0 Bibliotekos darbo laikas:I. 8.00-16.00II 8.00-16.00III 8.00-16.00IV 8.00-16.00V 8.00-16.00paskutinis m\u0117nesio penktadienis &#8211; sanitarin\u0117 diena T\u0119sti skaitym\u0105","coauthors":[],"author_meta":{"author_link":"https:\/\/www.sauletekio.vilniausr.lm.lt\/?author=1","display_name":"admin"},"relative_dates":{"created":"Posted 11 met\u0173 ago","modified":"Updated 4 metai ago"},"absolute_dates":{"created":"Posted on 2014-11-04","modified":"Updated on 2022-10-10"},"absolute_dates_time":{"created":"Posted on 2014-11-04 8:21","modified":"Updated on 2022-10-10 14:25"},"featured_img_caption":"","featured_img":false,"series_order":"","_links":{"self":[{"href":"https:\/\/www.sauletekio.vilniausr.lm.lt\/index.php?rest_route=\/wp\/v2\/pages\/1715","targetHints":{"allow":["GET"]}}],"collection":[{"href":"https:\/\/www.sauletekio.vilniausr.lm.lt\/index.php?rest_route=\/wp\/v2\/pages"}],"about":[{"href":"https:\/\/www.sauletekio.vilniausr.lm.lt\/index.php?rest_route=\/wp\/v2\/types\/page"}],"author":[{"embeddable":true,"href":"https:\/\/www.sauletekio.vilniausr.lm.lt\/index.php?rest_route=\/wp\/v2\/users\/1"}],"replies":[{"embeddable":true,"href":"https:\/\/www.sauletekio.vilniausr.lm.lt\/index.php?rest_route=%2Fwp%2Fv2%2Fcomments&post=1715"}],"version-history":[{"count":11,"href":"https:\/\/www.sauletekio.vilniausr.lm.lt\/index.php?rest_route=\/wp\/v2\/pages\/1715\/revisions"}],"predecessor-version":[{"id":14411,"href":"https:\/\/www.sauletekio.vilniausr.lm.lt\/index.php?rest_route=\/wp\/v2\/pages\/1715\/revisions\/14411"}],"up":[{"embeddable":true,"href":"https:\/\/www.sauletekio.vilniausr.lm.lt\/index.php?rest_route=\/wp\/v2\/pages\/1337"}],"wp:attachment":[{"href":"https:\/\/www.sauletekio.vilniausr.lm.lt\/index.php?rest_route=%2Fwp%2Fv2%2Fmedia&parent=1715"}],"curies":[{"name":"wp","href":"https:\/\/api.w.org\/{rel}","templated":true}]}}