{"id":17968,"date":"2024-02-29T08:48:35","date_gmt":"2024-02-29T06:48:35","guid":{"rendered":"https:\/\/www.sauletekio.vilniausr.lm.lt\/?page_id=17968"},"modified":"2025-07-02T12:49:56","modified_gmt":"2025-07-02T09:49:56","slug":"veiklos-kokybes-isivertinimas","status":"publish","type":"page","link":"https:\/\/www.sauletekio.vilniausr.lm.lt\/?page_id=17968","title":{"rendered":"Veiklos kokyb\u0117s \u012fsivertinimas"},"content":{"rendered":"<div class=\"fcbkbttn_buttons_block\" id=\"fcbkbttn_left\"><div class=\"fcbkbttn_like \"><fb:like href=\"https:\/\/www.sauletekio.vilniausr.lm.lt\/?page_id=17968\" action=\"like\" colorscheme=\"light\" layout=\"button_count\"  size=\"small\"><\/fb:like><\/div><div class=\"fb-share-button  \" data-href=\"https:\/\/www.sauletekio.vilniausr.lm.lt\/?page_id=17968\" data-type=\"button_count\" data-size=\"small\"><\/div><\/div>\n<ol class=\"wp-block-list\">\n<li><a href=\"https:\/\/www.sauletekio.vilniausr.lm.lt\/wp-content\/uploads\/2025\/03\/2024-metu-veiklos-ataskaita.pdf\" target=\"_blank\" rel=\"noreferrer noopener\">2024 met\u0173 veiklos ataskaita<\/a><\/li>\n\n\n\n<li><a href=\"https:\/\/www.sauletekio.vilniausr.lm.lt\/wp-content\/uploads\/2025\/01\/Mokyklos-veiklos-kokybes-isivertinimo-ataskaita-2023-2024-m.-m.pdf\" data-type=\"link\" data-id=\"https:\/\/www.sauletekio.vilniausr.lm.lt\/wp-content\/uploads\/2024\/09\/Veiklos-kokybes-isivertinimo-ataskaita.pdf\" target=\"_blank\" rel=\"noreferrer noopener\">Veiklos kokyb\u0117s \u012fsivertinimo ataskaita 2023-2024 m. m.<\/a><\/li>\n\n\n\n<li><a href=\"https:\/\/www.sauletekio.vilniausr.lm.lt\/wp-content\/uploads\/2025\/07\/GILUMINIS-MOKYKLOS-ISIVERTINIMAS-2025.pptx\" target=\"_blank\" rel=\"noreferrer noopener\">Giluminio veiklos kokyb\u0117s \u012fsivertinimo ataskaita 2024-2025 m. m.<\/a><\/li>\n\n\n\n<li><a href=\"https:\/\/www.sauletekio.vilniausr.lm.lt\/wp-content\/uploads\/2024\/02\/Giluminio-veiklos-kokybes-isivertinimo-ataskaita-2022-2023-m.-m.pdf\" target=\"_blank\" rel=\"noreferrer noopener\">Giluminio veiklos kokyb\u0117s \u012fsivertinimo ataskaita 2022-2023 m. m.<\/a><\/li>\n\n\n\n<li><a href=\"https:\/\/www.sauletekio.vilniausr.lm.lt\/wp-content\/uploads\/2024\/02\/Giluminio-veiklos-kokybes-isivertinimo-ataskaita-2021-2022-m.-m.pdf\" target=\"_blank\" rel=\"noreferrer noopener\">Giluminio veiklos kokyb\u0117s \u012fsivertinimo ataskaita 2021-2022 m. m.<\/a><\/li>\n\n\n\n<li><a href=\"https:\/\/www.sauletekio.vilniausr.lm.lt\/wp-content\/uploads\/2024\/02\/Veiklos-kokybes-giluminio-isivertinimo-ataskaita-2021-2022-m.-m.pdf\" target=\"_blank\" rel=\"noreferrer noopener\">Veiklos kokyb\u0117s giluminio \u012fsivertinimo ataskaita 2021-2022 m. m.<\/a><\/li>\n\n\n\n<li><a href=\"https:\/\/www.sauletekio.vilniausr.lm.lt\/wp-content\/uploads\/2024\/02\/Giluminis-veiklos-kokybes-isivertinimas-2020-2021-m.-m.pdf\" target=\"_blank\" rel=\"noreferrer noopener\">Giluminis veiklos kokyb\u0117s \u012fsivertinimas 2020-2021 m. m.<\/a><\/li>\n\n\n\n<li><a href=\"https:\/\/www.sauletekio.vilniausr.lm.lt\/wp-content\/uploads\/2024\/02\/Veiklos-kokybes-placiojo-isivertinimo-ataskaita-2020-2021-m.-m.pdf\" target=\"_blank\" rel=\"noreferrer noopener\">Veiklos kokyb\u0117s pla\u010diojo \u012fsivertinimo ataskaita 2020-2021 m. m.<\/a><\/li>\n\n\n\n<li><a rel=\"noreferrer noopener\" href=\"https:\/\/www.sauletekio.vilniausr.lm.lt\/wp-content\/uploads\/2021\/07\/Mokyklos-veiklos-kokybes-giluminio-isivertinimo-ataskaita-2019-2020-m..pdf\" target=\"_blank\">Mokyklos veiklos kokyb\u0117s pla\u010diojo \u012fsivertinimo ataskaita 2019-2020 m.m.<\/a><\/li>\n\n\n\n<li><a rel=\"noreferrer noopener\" href=\"https:\/\/www.sauletekio.vilniausr.lm.lt\/wp-content\/uploads\/2021\/07\/Mokyklos-veiklos-kokybes-giluminio-isivertinimo-ataskaita-2018-2019-m.-m..pdf\" target=\"_blank\">Mokyklos veiklos kokyb\u0117s pla\u010diojo \u012fsivertinimo ataskaita 2018-2019 m.m.<\/a><\/li>\n\n\n\n<li><a href=\"https:\/\/www.sauletekio.vilniausr.lm.lt\/wp-content\/uploads\/2018\/12\/VEIKLOS-KOKYB\u0116S-PLA\u010cIOJO-\u012eSIVERTINIMO-ATASKAITA-2017-2018-m.-m..pdf\" data-type=\"URL\" data-id=\"https:\/\/www.sauletekio.vilniausr.lm.lt\/wp-content\/uploads\/2018\/12\/VEIKLOS-KOKYB\u0116S-PLA\u010cIOJO-\u012eSIVERTINIMO-ATASKAITA-2017-2018-m.-m..pdf\" target=\"_blank\" rel=\"noreferrer noopener\">Mokyklos veiklos kokyb\u0117s pla\u010diojo \u012fsivertinimo ataskaita 2017-2018 m.m.<\/a><\/li>\n\n\n\n<li><a href=\"https:\/\/www.sauletekio.vilniausr.lm.lt\/wp-content\/uploads\/2016\/04\/placiojo-ataskaita15-16-1.doc\" target=\"_blank\" rel=\"noreferrer noopener\">Mokyklos veiklos kokyb\u0117s pla\u010diojo \u012fsivertinimo ataskaita 2015-2016 &nbsp;m. m.<\/a><\/li>\n\n\n\n<li><a href=\"https:\/\/www.sauletekio.vilniausr.lm.lt\/wp-content\/uploads\/2016\/04\/giluminis-ataskaita-14-15-1.docx\" target=\"_blank\" rel=\"noreferrer noopener\">Mokyklos veiklos kokyb\u0117s giluminio \u012fsivertinimo ataskaita 2014\/2015 m. m.<\/a><\/li>\n\n\n\n<li><a href=\"https:\/\/www.sauletekio.vilniausr.lm.lt\/wp-content\/uploads\/2014\/09\/giluminio-ataskaita-13-14-nauja.docx\" target=\"_blank\" rel=\"noreferrer noopener\">Mokyklos veiklos kokyb\u0117s giluminio \u012fsivertinimo<b> <\/b>ataskaita 2013-2014 m. m.<\/a><\/li>\n\n\n\n<li><a rel=\"noreferrer noopener\" href=\"https:\/\/www.sauletekio.vilniausr.lm.lt\/wp-content\/uploads\/2021\/07\/Platusis-isivertinimas-2020-2021-m.-m.-Bendra-ataskaita.pdf\" target=\"_blank\">Platusis \u012fsivertinimas 2020\u20132021. Bendra ataskaita.<\/a><\/li>\n\n\n\n<li><a rel=\"noreferrer noopener\" href=\"https:\/\/www.sauletekio.vilniausr.lm.lt\/wp-content\/uploads\/2021\/07\/Platusis-isivertinimas-2019-2020-m.-m.-Bendra-ataskaita.pdf\" target=\"_blank\">Platusis \u012fsivertinimas 2019\u20132020. Bendra ataskaita.<\/a><\/li>\n\n\n\n<li><a href=\"https:\/\/www.sauletekio.vilniausr.lm.lt\/wp-content\/uploads\/2018\/12\/Platusis-veiklos-kokyb\u0117s-\u012fsivertinimas-2017-2018-m.-m..pdf\" target=\"_blank\" rel=\"noreferrer noopener\">Platusis \u012fsivertinimas 2017\u20132018. Bendra ataskaita.<\/a><\/li>\n\n\n\n<li><a href=\"https:\/\/www.sauletekio.vilniausr.lm.lt\/wp-content\/uploads\/2017\/02\/Pla\u010diojo-\u012fsivertinimo-ataskaita-2017.ppt\" target=\"_blank\" rel=\"noreferrer noopener\">Platusis \u012fsivertinimas 2016\u20132017. Bendra ataskaita.<\/a><\/li>\n\n\n\n<li><a href=\"https:\/\/www.sauletekio.vilniausr.lm.lt\/wp-content\/uploads\/2016\/04\/Ataskaita_2016_04_20.pdf\" target=\"_blank\" rel=\"noreferrer noopener\">Platusis \u012fsivertinimas 2015\u20132016. Bendra ataskaita.<\/a><\/li>\n<\/ol>\n\n\n\n<p><\/p>\n","protected":false},"excerpt":{"rendered":"<p> <a class=\"continue-reading-link\" href=\"https:\/\/www.sauletekio.vilniausr.lm.lt\/?page_id=17968\"><span>T\u0119sti skaitym\u0105<\/span><i class=\"crycon-right-dir\"><\/i><\/a> <\/p>\n","protected":false},"author":1,"featured_media":0,"parent":15,"menu_order":0,"comment_status":"closed","ping_status":"closed","template":"","meta":{"_uag_custom_page_level_css":"","advgb_blocks_editor_width":"","advgb_blocks_columns_visual_guide":"","ngg_post_thumbnail":0,"footnotes":""},"class_list":["post-17968","page","type-page","status-publish","hentry"],"uagb_featured_image_src":{"full":false,"thumbnail":false,"medium":false,"medium_large":false,"large":false,"1536x1536":false,"2048x2048":false,"post-thumbnail":false,"header":false,"slider":false,"columns":false,"custom":false},"uagb_author_info":{"display_name":"admin","author_link":"https:\/\/www.sauletekio.vilniausr.lm.lt\/?author=1"},"uagb_comment_info":0,"uagb_excerpt":"T\u0119sti skaitym\u0105","coauthors":[],"author_meta":{"author_link":"https:\/\/www.sauletekio.vilniausr.lm.lt\/?author=1","display_name":"admin"},"relative_dates":{"created":"Posted 2 metai ago","modified":"Updated 9 m\u0117nesiai ago"},"absolute_dates":{"created":"Posted on 2024-02-29","modified":"Updated on 2025-07-02"},"absolute_dates_time":{"created":"Posted on 2024-02-29 8:48","modified":"Updated on 2025-07-02 12:49"},"featured_img_caption":"","featured_img":false,"series_order":"","_links":{"self":[{"href":"https:\/\/www.sauletekio.vilniausr.lm.lt\/index.php?rest_route=\/wp\/v2\/pages\/17968","targetHints":{"allow":["GET"]}}],"collection":[{"href":"https:\/\/www.sauletekio.vilniausr.lm.lt\/index.php?rest_route=\/wp\/v2\/pages"}],"about":[{"href":"https:\/\/www.sauletekio.vilniausr.lm.lt\/index.php?rest_route=\/wp\/v2\/types\/page"}],"author":[{"embeddable":true,"href":"https:\/\/www.sauletekio.vilniausr.lm.lt\/index.php?rest_route=\/wp\/v2\/users\/1"}],"replies":[{"embeddable":true,"href":"https:\/\/www.sauletekio.vilniausr.lm.lt\/index.php?rest_route=%2Fwp%2Fv2%2Fcomments&post=17968"}],"version-history":[{"count":7,"href":"https:\/\/www.sauletekio.vilniausr.lm.lt\/index.php?rest_route=\/wp\/v2\/pages\/17968\/revisions"}],"predecessor-version":[{"id":21484,"href":"https:\/\/www.sauletekio.vilniausr.lm.lt\/index.php?rest_route=\/wp\/v2\/pages\/17968\/revisions\/21484"}],"up":[{"embeddable":true,"href":"https:\/\/www.sauletekio.vilniausr.lm.lt\/index.php?rest_route=\/wp\/v2\/pages\/15"}],"wp:attachment":[{"href":"https:\/\/www.sauletekio.vilniausr.lm.lt\/index.php?rest_route=%2Fwp%2Fv2%2Fmedia&parent=17968"}],"curies":[{"name":"wp","href":"https:\/\/api.w.org\/{rel}","templated":true}]}}