{"id":2433,"date":"2015-04-07T16:39:00","date_gmt":"2015-04-07T14:39:00","guid":{"rendered":"https:\/\/www.sauletekio.vilniausr.lm.lt\/?page_id=2433"},"modified":"2017-03-27T18:33:31","modified_gmt":"2017-03-27T16:33:31","slug":"knygu-anotacijos","status":"publish","type":"page","link":"https:\/\/www.sauletekio.vilniausr.lm.lt\/?page_id=2433","title":{"rendered":"Knyg\u0173 anotacijos"},"content":{"rendered":"<div class=\"fcbkbttn_buttons_block\" id=\"fcbkbttn_left\"><div class=\"fcbkbttn_like \"><fb:like href=\"https:\/\/www.sauletekio.vilniausr.lm.lt\/?page_id=2433\" action=\"like\" colorscheme=\"light\" layout=\"button_count\"  size=\"small\"><\/fb:like><\/div><div class=\"fb-share-button  \" data-href=\"https:\/\/www.sauletekio.vilniausr.lm.lt\/?page_id=2433\" data-type=\"button_count\" data-size=\"small\"><\/div><\/div><p><b> Vytautas V. Landsbergis<br \/>\nAngel\u0173 pasakos (su CD)<\/b><\/p>\n<p><b>&nbsp;<\/b><\/p>\n<p><b>Anotacija:<\/b><\/p>\n<p>\u201eAngel\u0173 pasakos\u201c \u2013 viena i\u0161 keli\u0173 Vytauto V. Landsbergio knygeli\u0173, tapusi\u0173 bestseleriais, mielai skaitoma ne tik vaik\u0173, bet ir t\u0117veli\u0173. Knygos persona\u017eai \u2013 angelas Gabrielius ir arkangelas Mykolas \u2013 s\u0117d\u0117dami ant debesies kuria pasakas, kurios v\u0117liau \u012fsik\u016bnija \u017eem\u0117je. Savo istorijas kuria ir puol\u0119s angelas Liucipierius. Pasakos apie angelus skatina s\u0105moningai apsispr\u0119sti dalyvauti \u0161viesi\u0173j\u0173, kurian\u010di\u0173j\u0173 j\u0117g\u0173 \u017eaidimuose, suvokiant ir tamsos karalyst\u0117s d\u0117snius bei paslaptis.<br \/>\nKnyg\u0105 autorius perra\u0161\u0117, papild\u0117 ir atnaujino; j\u0105 iliustravo gerai jaunimo tarpe \u017einomas dailininkas Artur \u0160irin. Pagal \u201eAngel\u0173 pasakas\u201c statomas spektaklis, kuriame pagrindinius vaidmenis vaidina gerai pa\u017e\u012fstamas teatro aktorius, bardas Gediminas Storpir\u0161tis ir jo s\u016bnus Ainis, taipogi aktorius ir dainininkas. Prie \u0161ios knygos pridedamas ir CD \u201eAngel\u0173 pasakos\u201c, \u012fskaitytos ir \u012fdainuotos Gedimino ir Ainio Storpir\u0161\u010di\u0173.<\/p>\n<p>&nbsp;<\/p>\n<p>&nbsp;<\/p>\n<p><b>Frieser C. Oskaras ir dingusi\u0173 vaik\u0173 paslaptis. <\/b><\/p>\n<p><b>&nbsp;<\/b><\/p>\n<p><b>Anotacija:<\/b><\/p>\n<p>Knygos vir\u0161elis ir apra\u0161as apeliuoja manyti, jog knyga skirta skaityti gana jauno am\u017eiaus skaitytojams, ir pati tema bando \u012ftraukti \u012f nuotyk\u012f \u2013 apysakos herojus Oskaras gauna galimyb\u0119 nukeliauti laiko ma\u0161ina 500 met\u0173 atgal \u012f praeit\u012f, \u012f jo miest\u0105, tik egzistuojant\u012f viduram\u017eiais. Vis d\u0117lto vaiko kelion\u0117 laiku \u012f viduram\u017eius atskleid\u017eiama gal kiek nevaiki\u0161kai. Suprantu, viduram\u017eiai buvo <i>tamsus laikmetis,<\/i> ir autor\u0117 siek\u0117 perteikti laikme\u010dio \u012fvairov\u0119, tik gal kalb\u0117jimas apie nukirstas ant pagali\u0173 kaban\u010dias bep\u016bvan\u010dias nusikalt\u0117li\u0173 galvas, sunkius gimdymus ir k\u016bdiki\u0173 mirtis ne visai tinkami vaikui. Kita vertus \u2013 siu\u017eetas tikrai intriguojantis (skaitydama, nuolat pagaudavau save \u012fsivaizduojan\u010di\u0105, kad geras veiksmo filmas i\u0161eit\u0173, gal net suaugusiems labiau \u012fdomus), ple\u010diamos vaiko fantazij\u0173 pasaulio ribos. Pliusai \u2013 turite galimyb\u0119 \u012fsijausti ir pabandyti suprasti, ko labiausiai galima pasigesti atsid\u016brus praeityje? Kas ypa\u010d sukrei\u010da praeityje ir kod\u0117l vis d\u0117lto dvide\u0161imt pirmajame am\u017eiuje geriau.<\/p>\n<p>&nbsp;<\/p>\n<p>&nbsp;<\/p>\n<p><strong>Daci\u016bt\u0117, R. Kaper. Me\u0161ki\u0173 istorijos. Svajoni\u0173 sodas. \u2013 Vilnius: Tikra knyga, 2016. 56 p<\/strong><\/p>\n<p><img loading=\"lazy\" decoding=\"async\" class=\"aligncenter wp-image-4951 size-full\" src=\"https:\/\/www.sauletekio.vilniausr.lm.lt\/wp-content\/uploads\/2016\/12\/Svajoniu-sodas.jpg\" height=\"300\" width=\"297\"><\/p>\n<p>Ir i\u0161 ties\u0173, tai jau ketvirtoji knygel\u0117, kurioje pasakojama apie Did\u017eiojoje Girioje gyvenan\u010dius me\u0161kiukus, kuriems kiekvien\u0105 dien\u0105 nutinka ka\u017ekas \u012fdomaus, keisto, netik\u0117to. Tenka patirti \u012fvairiausi\u0173 jausm\u0173, spr\u0119sti problemas. Knygel\u0117s yra tematin\u0117s (apie \u0117jim\u0105 \u012f mokykl\u0105, apie jausmus\u2026). Taigi, \u0161i knygel\u0117 skirta labai gra\u017eiai temai \u2013 svajon\u0117ms. Apie tai, kaip kartais nelengva b\u016bna patik\u0117ti savimi, siekti savo svajon\u0117s, j\u0105 auginti ar kartais pripa\u017einti, kad svajon\u0117 i\u0161skrido nei\u0161sipild\u017eiusi.<\/p>\n<p>Pasakose stengtasi kaip galima atid\u017eiau pa\u017evelgti \u012f jausmus, \u012f svarbiausias ma\u017e\u0173 veik\u0117j\u0173 problemas. Ne kart\u0105 ir netiesiogiai, skaitydami nutikimus, suprantame, kaip svarbu b\u016bti s\u0105\u017einingiems, draugi\u0161kiems, kaip svarbu leisti augti savo svajonei, ja tik\u0117ti, net jeigu i\u0161 prad\u017ei\u0173 ir viskas vyksta ne visai taip, kaip nor\u0117tum. Mieli ir jauk\u016bs me\u0161ku\u010diai, tikiu, pad\u0117s vaikams pagalvoti apie savo svajones ir mokys jas auginti.<\/p>\n<p>&nbsp;<\/p>\n<p><strong>Matt Haig. Kaip Kal\u0117d\u0173 Berniukas t\u0117\u010dio ie\u0161kojo. Tikroji Kal\u0117d\u0173 Senelio istorija. I\u0161 angl\u0173 kalbos vert\u0117 Rasa Stamkauskien\u0117. \u2013 Vilnius: Tyto alba, 2016. \u2013 271 p.<\/strong><\/p>\n<p><a href=\"https:\/\/www.sauletekio.vilniausr.lm.lt\/wp-content\/uploads\/2016\/12\/kaip-kaledu-berniukas-tecio-ieskojo.jpg\"><img loading=\"lazy\" decoding=\"async\" class=\"aligncenter wp-image-4952\" src=\"https:\/\/www.sauletekio.vilniausr.lm.lt\/wp-content\/uploads\/2016\/12\/kaip-kaledu-berniukas-tecio-ieskojo.jpg\" alt=\"\" height=\"234\" width=\"151\" srcset=\"https:\/\/www.sauletekio.vilniausr.lm.lt\/wp-content\/uploads\/2016\/12\/kaip-kaledu-berniukas-tecio-ieskojo.jpg 582w, https:\/\/www.sauletekio.vilniausr.lm.lt\/wp-content\/uploads\/2016\/12\/kaip-kaledu-berniukas-tecio-ieskojo-194x300.jpg 194w\" sizes=\"auto, (max-width: 151px) 100vw, 151px\" \/><\/a><\/p>\n<p>Tai pati kal\u0117di\u0161kiausia \u0161io m\u0117nesio knyga vaikams. Tokia, kuri\u0105 norisi skaityti laukiant Kal\u0117d\u0173. Bei kiekvienais metais sukant galv\u0105, o kaip gi i\u0161 ties\u0173 vaikams papasakoti tikr\u0105j\u0105 Kal\u0117d\u0173 Senelio istorij\u0105? Juo labiau, kad vaikams t\u0173 klausim\u0173, susijusi\u0173 su Kal\u0117d\u0173 Seneliu, tikrai kyla.Beje, \u0161i knyga turi priera\u0161\u0105, toki\u0105 kaip ir skaitymo instrukcij\u0105 \u2013 j\u0105 galima skaityti tik stebuklais tikintiems \u017emon\u0117ms. Manau, kad tai labai gra\u017eus epigrafas, skirtas gal labiau suaugusiesiems, taip da\u017enai pamir\u0161tantiems kasdien nutinkan\u010dius ma\u017eus stebuklus ir vis da\u017eniau stebuklus vejantiems i\u0161 vaik\u0173 gyvenim\u0117li\u0173\u2026<\/p>\n<p>Tai pasakojimas apie Suomijoje gyvenant\u012f ma\u017e\u0105 ir labai neturting\u0105 berniuk\u0105 Nikol\u0105, visi\u0161kai prispaust\u0105 vargo ir \u0161al\u010dio, ta\u010diau turint\u012f i\u0161skirtin\u012f geb\u0117jim\u0105 d\u017eiaugtis visi\u0161kais ma\u017emo\u017eiais (vienintelis jo \u017eaislas \u2013 dabar jau mirusios jo mamyt\u0117s i\u0161 rop\u0117s i\u0161skaptuota l\u0117lyt\u0117). Tod\u0117l i\u0161keliavus t\u0117\u010diui ir ir ilgai jam negr\u012f\u017etant, Nikolas nusprend\u017eia vienas pats keliauti jo ie\u0161koti \u012f Laplandij\u0105. T\u0117tis i\u0161vyko ne \u0161iaip sau ka\u017ekur u\u017edarbiauti \u2013 o ie\u0161koti paslaptingojo elf\u0173 miesto, ir jei tik ras, i\u0161 Karaliaus gaus daug pinig\u0173. Ar Nikolui pavyks rasti t\u0117t\u012f? O elf\u0173 miest\u0105? Kaip jis taps Kal\u0117d\u0173 Seneliu ir ar atras tikr\u0105j\u012f savo pa\u0161aukim\u0105?<\/p>\n<p>Jautri. Jaudinanti. \u012ekvepianti.<\/p>\n","protected":false},"excerpt":{"rendered":"<p>Vytautas V. Landsbergis Angel\u0173 pasakos (su CD) &nbsp; Anotacija: \u201eAngel\u0173 pasakos\u201c \u2013 viena i\u0161 keli\u0173 Vytauto V. Landsbergio knygeli\u0173, tapusi\u0173 bestseleriais, mielai skaitoma ne tik vaik\u0173, bet ir t\u0117veli\u0173. Knygos persona\u017eai \u2013 angelas Gabrielius ir arkangelas Mykolas \u2013 s\u0117d\u0117dami ant debesies kuria pasakas, kurios v\u0117liau \u012fsik\u016bnija \u017eem\u0117je. Savo istorijas kuria&#8230;<\/p>\n<p> <a class=\"continue-reading-link\" href=\"https:\/\/www.sauletekio.vilniausr.lm.lt\/?page_id=2433\"><span>T\u0119sti skaitym\u0105<\/span><i class=\"crycon-right-dir\"><\/i><\/a> <\/p>\n","protected":false},"author":1,"featured_media":0,"parent":2437,"menu_order":3,"comment_status":"closed","ping_status":"closed","template":"","meta":{"_uag_custom_page_level_css":"","advgb_blocks_editor_width":"","advgb_blocks_columns_visual_guide":"","ngg_post_thumbnail":0,"footnotes":""},"class_list":["post-2433","page","type-page","status-publish","hentry"],"uagb_featured_image_src":{"full":false,"thumbnail":false,"medium":false,"medium_large":false,"large":false,"1536x1536":false,"2048x2048":false,"post-thumbnail":false,"header":false,"slider":false,"columns":false,"custom":false},"uagb_author_info":{"display_name":"admin","author_link":"https:\/\/www.sauletekio.vilniausr.lm.lt\/?author=1"},"uagb_comment_info":0,"uagb_excerpt":"Vytautas V. Landsbergis Angel\u0173 pasakos (su CD) &nbsp; Anotacija: \u201eAngel\u0173 pasakos\u201c \u2013 viena i\u0161 keli\u0173 Vytauto V. Landsbergio knygeli\u0173, tapusi\u0173 bestseleriais, mielai skaitoma ne tik vaik\u0173, bet ir t\u0117veli\u0173. Knygos persona\u017eai \u2013 angelas Gabrielius ir arkangelas Mykolas \u2013 s\u0117d\u0117dami ant debesies kuria pasakas, kurios v\u0117liau \u012fsik\u016bnija \u017eem\u0117je. Savo istorijas kuria... T\u0119sti skaitym\u0105","coauthors":[],"author_meta":{"author_link":"https:\/\/www.sauletekio.vilniausr.lm.lt\/?author=1","display_name":"admin"},"relative_dates":{"created":"Posted 11 met\u0173 ago","modified":"Updated 9 metai ago"},"absolute_dates":{"created":"Posted on 2015-04-07","modified":"Updated on 2017-03-27"},"absolute_dates_time":{"created":"Posted on 2015-04-07 16:39","modified":"Updated on 2017-03-27 18:33"},"featured_img_caption":"","featured_img":false,"series_order":"","_links":{"self":[{"href":"https:\/\/www.sauletekio.vilniausr.lm.lt\/index.php?rest_route=\/wp\/v2\/pages\/2433","targetHints":{"allow":["GET"]}}],"collection":[{"href":"https:\/\/www.sauletekio.vilniausr.lm.lt\/index.php?rest_route=\/wp\/v2\/pages"}],"about":[{"href":"https:\/\/www.sauletekio.vilniausr.lm.lt\/index.php?rest_route=\/wp\/v2\/types\/page"}],"author":[{"embeddable":true,"href":"https:\/\/www.sauletekio.vilniausr.lm.lt\/index.php?rest_route=\/wp\/v2\/users\/1"}],"replies":[{"embeddable":true,"href":"https:\/\/www.sauletekio.vilniausr.lm.lt\/index.php?rest_route=%2Fwp%2Fv2%2Fcomments&post=2433"}],"version-history":[{"count":4,"href":"https:\/\/www.sauletekio.vilniausr.lm.lt\/index.php?rest_route=\/wp\/v2\/pages\/2433\/revisions"}],"predecessor-version":[{"id":12667,"href":"https:\/\/www.sauletekio.vilniausr.lm.lt\/index.php?rest_route=\/wp\/v2\/pages\/2433\/revisions\/12667"}],"up":[{"embeddable":true,"href":"https:\/\/www.sauletekio.vilniausr.lm.lt\/index.php?rest_route=\/wp\/v2\/pages\/2437"}],"wp:attachment":[{"href":"https:\/\/www.sauletekio.vilniausr.lm.lt\/index.php?rest_route=%2Fwp%2Fv2%2Fmedia&parent=2433"}],"curies":[{"name":"wp","href":"https:\/\/api.w.org\/{rel}","templated":true}]}}