{"id":2439,"date":"2015-04-07T16:46:44","date_gmt":"2015-04-07T14:46:44","guid":{"rendered":"https:\/\/www.sauletekio.vilniausr.lm.lt\/?page_id=2439"},"modified":"2021-06-30T21:37:50","modified_gmt":"2021-06-30T19:37:50","slug":"skaitau-vadinasi-esu","status":"publish","type":"page","link":"https:\/\/www.sauletekio.vilniausr.lm.lt\/?page_id=2439","title":{"rendered":"SKAITAU, VADINASI, ESU"},"content":{"rendered":"<div class=\"fcbkbttn_buttons_block\" id=\"fcbkbttn_left\"><div class=\"fcbkbttn_like \"><fb:like href=\"https:\/\/www.sauletekio.vilniausr.lm.lt\/?page_id=2439\" action=\"like\" colorscheme=\"light\" layout=\"button_count\"  size=\"small\"><\/fb:like><\/div><div class=\"fb-share-button  \" data-href=\"https:\/\/www.sauletekio.vilniausr.lm.lt\/?page_id=2439\" data-type=\"button_count\" data-size=\"small\"><\/div><\/div><p>Lietuva dalyvavo <i>Organisation for Economic Co-operation and Development<\/i>&nbsp;(OECD) organizuojamuose tyrimuose&nbsp;<i>Programme for International Student Assessment&nbsp;<\/i>(PISA) . Vykusiame testavime daugiausia d\u0117mesio buvo skiriama skaitymo geb\u0117jimams \u012fvertinti. \u0160iame tyrime dalyvavo mokiniai, besimokantys lietuvi\u0173, rus\u0173 ir lenk\u0173 bendrojo lavinimo ir profesin\u0117se mokyklose. Buvo tiriami 7\u201311 klasi\u0173 4537 mokini\u0173 pasiekimai i\u0161 197 Lietuvos mokykl\u0173. Be mokini\u0173, tyrime dalyvavo ir 197 mokykl\u0173 direktoriai bei 4691 mokini\u0173 t\u0117vai.<\/p>\n<p>Lietuvos mokini\u0173 skaitymo geb\u0117jim\u0173 vidutiniai rezultatai tyrime yra 468 ta\u0161kai. PISA tyrimo tarptautinis skaitymo geb\u0117jim\u0173 rezultat\u0173 vidurkis yra 493 ta\u0161kai. Taigi Lietuvos mokini\u0173 pasiekimai yra \u017eemesni u\u017e tarptautin\u012f vidurk\u012f. (\u0161altinis: <a href=\"http:\/\/www.smm.lt\/\">www.smm.lt<\/a>).<\/p>\n<p>Kitas tyrimas, atliktas tyrim\u0173 bendrov\u0117s <i>Vilmorus<\/i>. Juo buvo siekiama i\u0161siai\u0161kinti Lietuvos pilie\u010di\u0173 skaitymo \u012fg\u016bd\u017eius bei \u012fpro\u010dius. Atlikus tyrimo analiz\u0119, buvo suformuluotos tokios i\u0161vados:<\/p>\n<ul>\n<li>ir suaugusi\u0173j\u0173, ir vaik\u0173 skaitymo geb\u0117jimai prast\u0117ja;<\/li>\n<li>daugiau nei pus\u0117 suaugusi\u0173j\u0173 visi\u0161kai neskaito;<\/li>\n<li>daugiau nei tre\u010ddalis vaik\u0173 (3\u201310 m.) visi\u0161kai neskaito;<\/li>\n<li>suaugusieji vidutini\u0161kai skaitymui skiria 17 minu\u010di\u0173 per dien\u0105;<\/li>\n<li>vaikai vidutini\u0161kai skaitymui skiria 22 minutes per dien\u0105;<\/li>\n<li>suaugusieji daugiausia laiko skiria televizoriaus \u017ei\u016br\u0117jimui;<\/li>\n<li>vaikai daugiausia laiko skiria televizoriau \u017ei\u016br\u0117jimui arba kompiuteriniams \u017eaidimams;<\/li>\n<li>t\u0117v\u0173 skaitymo \u012fpro\u010diai formuoja ir vaik\u0173 \u012fpro\u010dius \u2013 jei neskaito t\u0117vai, neskaito ir vaikai;<\/li>\n<li>96 % t\u0117v\u0173 teigia namuose vaiki\u0161k\u0173 knyg\u0173 turintys, ta\u010diau ketvirtadalis vaik\u0173 per pusmet\u012f j\u0173 neperskait\u0117 n\u0117 vienos;<\/li>\n<li>auk\u0161tojo arba auk\u0161tesniojo i\u0161silavinimo t\u0117v\u0173 vaikai skaito da\u017eniau.<\/li>\n<\/ul>\n<p>Lyginant Lietuvos ir kit\u0173 Europos \u0161ali\u0173 vaik\u0173 ir paaugli\u0173 skaitymo \u012fg\u016bd\u017eius matyti, jog lietuvi\u0173 vaik\u0173 skaitymo ir teksto suvokimo \u012fg\u016bd\u017eiai yra gan prasti. Kas penktas europietis ir kas ketvirtas lietuvis prastai suvokia skaitom\u0105 tekst\u0105.<\/p>\n<p>Lietuviai skiria kur kas ma\u017eiau laiko skaitymui nei kit\u0173 i\u0161sivys\u010diusi\u0173 Europos \u0161ali\u0173 pilie\u010diai. Lietuvoje per 6 metus skaitymui skiriamo laiko suma\u017e\u0117jo daugiau nei ketvirtadaliu.<\/p>\n<p>Aptarti nacionaliniai bei tarptautiniai tyrimai, rodantys lietuvi\u0173 skaitymo \u012fg\u016bd\u017eius bei \u012fpro\u010dius, kelia nerim\u0105 ir skatina, pasitelkus naujas priemones, skaitymo \u012fpro\u010dius prad\u0117ti ugdyti nuo ma\u017e\u0173 dien\u0173.<\/p>\n<p>Tyrim\u0173 bendrov\u0117s&nbsp;<i>Vilmorus<\/i>&nbsp;atlikto tyrimo i\u0161vadas der\u0117t\u0173 vertinti atsakingai. \u0160is tyrimas patvirtina, jog skatinant skaitym\u0105 t\u0117v\u0173 vaidmuo yra lemiamas: vaik\u0173 \u012fpro\u010diai formuojami \u0161eimoje. Vaikai m\u0117gd\u017eioja t\u0117v\u0173 elges\u012f, perima j\u0173 gyvensen\u0105 ir vertybes, m\u0117gsta leisti laisvalaik\u012f kartu (bendri \u017eaidimai, skaitymas, pie\u0161imas ir kt.). Tod\u0117l, leid\u0117j\u0173 nuomone, reik\u0117t\u0173 projektuoti efektyvias&nbsp;<i>Skaitymo skatinimo programos<\/i>&nbsp;priemones ir kreipti jas \u012f \u0161eimos skaitymo \u012fpro\u010di\u0173 ugdym\u0105 ir skaitymo populiarinim\u0105 \u0161eimoje. Norint paskatinti vaikus skaityti, reik\u0117t\u0173 sudaryti tokias s\u0105lygas:<\/p>\n<ol start=\"1\">\n<li>pad\u0117ti t\u0117vams suformuoti vaik\u0173 \u012fprot\u012f skaityti;<\/li>\n<li>pagelb\u0117ti t\u0117vams ugdant vaik\u0173 skaitymo \u012fg\u016bd\u017eius;<\/li>\n<li>pad\u0117ti t\u0117vams paversti skaitym\u0105 vaikams maloniu u\u017esi\u0117mimu;<\/li>\n<li>kelti skaitymo presti\u017e\u0105 visuomen\u0117je.<\/li>\n<\/ol>\n<p>Skaitymas \u2013 tiesiausias kelias, u\u017etikrinantis vaiko geb\u0117jimus siekti auk\u0161tesnio i\u0161silavinimo bei susikurti geresn\u0119 ateit\u012f. Tai patvirtina tokie faktai:<\/p>\n<ul>\n<li>5 % geriausiai besimokan\u010di\u0173 student\u0173 skaito 144 daugiau nei 5 % blogiausiai besimokan\u010di\u0173;<\/li>\n<li>25 % geriausiai besimokan\u010di\u0173 student\u0173 skiria 59 % daugiau laiko skaitymui nei 25 % blogiausiai besimokan\u010di\u0173.<\/li>\n<\/ul>\n<p>Svarbu \u012fvertinti ir fakt\u0105, kad skaitymas ple\u010dia \u017eodyn\u0105: perskaitydamas vien\u0105 knyg\u0105 studentas i\u0161moksta 45 naujus \u017eod\u017eius. Be to, skaitymas lavina ir ra\u0161ymo \u012fg\u016bd\u017eius \u2013 sakini\u0173 kompleksi\u0161kum\u0105 bei strukt\u016br\u0105.<\/p>\n","protected":false},"excerpt":{"rendered":"<p>Lietuva dalyvavo Organisation for Economic Co-operation and Development&nbsp;(OECD) organizuojamuose tyrimuose&nbsp;Programme for International Student Assessment&nbsp;(PISA) . Vykusiame testavime daugiausia d\u0117mesio buvo skiriama skaitymo geb\u0117jimams \u012fvertinti. \u0160iame tyrime dalyvavo mokiniai, besimokantys lietuvi\u0173, rus\u0173 ir lenk\u0173 bendrojo lavinimo ir profesin\u0117se mokyklose. Buvo tiriami 7\u201311 klasi\u0173 4537 mokini\u0173 pasiekimai i\u0161 197 Lietuvos mokykl\u0173. Be&#8230;<\/p>\n<p> <a class=\"continue-reading-link\" href=\"https:\/\/www.sauletekio.vilniausr.lm.lt\/?page_id=2439\"><span>T\u0119sti skaitym\u0105<\/span><i class=\"crycon-right-dir\"><\/i><\/a> <\/p>\n","protected":false},"author":1,"featured_media":0,"parent":2437,"menu_order":1,"comment_status":"closed","ping_status":"closed","template":"","meta":{"_uag_custom_page_level_css":"","advgb_blocks_editor_width":"","advgb_blocks_columns_visual_guide":"","ngg_post_thumbnail":0,"footnotes":""},"class_list":["post-2439","page","type-page","status-publish","hentry"],"uagb_featured_image_src":{"full":false,"thumbnail":false,"medium":false,"medium_large":false,"large":false,"1536x1536":false,"2048x2048":false,"post-thumbnail":false,"header":false,"slider":false,"columns":false,"custom":false},"uagb_author_info":{"display_name":"admin","author_link":"https:\/\/www.sauletekio.vilniausr.lm.lt\/?author=1"},"uagb_comment_info":0,"uagb_excerpt":"Lietuva dalyvavo Organisation for Economic Co-operation and Development&nbsp;(OECD) organizuojamuose tyrimuose&nbsp;Programme for International Student Assessment&nbsp;(PISA) . Vykusiame testavime daugiausia d\u0117mesio buvo skiriama skaitymo geb\u0117jimams \u012fvertinti. \u0160iame tyrime dalyvavo mokiniai, besimokantys lietuvi\u0173, rus\u0173 ir lenk\u0173 bendrojo lavinimo ir profesin\u0117se mokyklose. Buvo tiriami 7\u201311 klasi\u0173 4537 mokini\u0173 pasiekimai i\u0161 197 Lietuvos mokykl\u0173. Be... T\u0119sti skaitym\u0105","coauthors":[],"author_meta":{"author_link":"https:\/\/www.sauletekio.vilniausr.lm.lt\/?author=1","display_name":"admin"},"relative_dates":{"created":"Posted 11 met\u0173 ago","modified":"Updated 5 metai ago"},"absolute_dates":{"created":"Posted on 2015-04-07","modified":"Updated on 2021-06-30"},"absolute_dates_time":{"created":"Posted on 2015-04-07 16:46","modified":"Updated on 2021-06-30 21:37"},"featured_img_caption":"","featured_img":false,"series_order":"","_links":{"self":[{"href":"https:\/\/www.sauletekio.vilniausr.lm.lt\/index.php?rest_route=\/wp\/v2\/pages\/2439","targetHints":{"allow":["GET"]}}],"collection":[{"href":"https:\/\/www.sauletekio.vilniausr.lm.lt\/index.php?rest_route=\/wp\/v2\/pages"}],"about":[{"href":"https:\/\/www.sauletekio.vilniausr.lm.lt\/index.php?rest_route=\/wp\/v2\/types\/page"}],"author":[{"embeddable":true,"href":"https:\/\/www.sauletekio.vilniausr.lm.lt\/index.php?rest_route=\/wp\/v2\/users\/1"}],"replies":[{"embeddable":true,"href":"https:\/\/www.sauletekio.vilniausr.lm.lt\/index.php?rest_route=%2Fwp%2Fv2%2Fcomments&post=2439"}],"version-history":[{"count":3,"href":"https:\/\/www.sauletekio.vilniausr.lm.lt\/index.php?rest_route=\/wp\/v2\/pages\/2439\/revisions"}],"predecessor-version":[{"id":12405,"href":"https:\/\/www.sauletekio.vilniausr.lm.lt\/index.php?rest_route=\/wp\/v2\/pages\/2439\/revisions\/12405"}],"up":[{"embeddable":true,"href":"https:\/\/www.sauletekio.vilniausr.lm.lt\/index.php?rest_route=\/wp\/v2\/pages\/2437"}],"wp:attachment":[{"href":"https:\/\/www.sauletekio.vilniausr.lm.lt\/index.php?rest_route=%2Fwp%2Fv2%2Fmedia&parent=2439"}],"curies":[{"name":"wp","href":"https:\/\/api.w.org\/{rel}","templated":true}]}}