{"id":2845,"date":"2015-09-18T08:24:42","date_gmt":"2015-09-18T06:24:42","guid":{"rendered":"https:\/\/www.sauletekio.vilniausr.lm.lt\/?page_id=2845"},"modified":"2021-06-30T21:38:55","modified_gmt":"2021-06-30T19:38:55","slug":"knygos-vaikams","status":"publish","type":"page","link":"https:\/\/www.sauletekio.vilniausr.lm.lt\/?page_id=2845","title":{"rendered":"Knygos vaikams"},"content":{"rendered":"<div class=\"fcbkbttn_buttons_block\" id=\"fcbkbttn_left\"><div class=\"fcbkbttn_like \"><fb:like href=\"https:\/\/www.sauletekio.vilniausr.lm.lt\/?page_id=2845\" action=\"like\" colorscheme=\"light\" layout=\"button_count\"  size=\"small\"><\/fb:like><\/div><div class=\"fb-share-button  \" data-href=\"https:\/\/www.sauletekio.vilniausr.lm.lt\/?page_id=2845\" data-type=\"button_count\" data-size=\"small\"><\/div><\/div><p><b>Emilija Liegut\u0117. Inga. Knyga vaikams Paulius Juodi\u0161ius. Amar\u0117lio pyragas. Vabal\u0117li\u0173 nuotykiai <\/b><\/p>\n<p style=\"text-align: justify;\"><a href=\"https:\/\/www.sauletekio.vilniausr.lm.lt\/wp-content\/uploads\/2015\/09\/kn1.png\"><img loading=\"lazy\" decoding=\"async\" class=\"alignleft size-full wp-image-2847\" src=\"https:\/\/www.sauletekio.vilniausr.lm.lt\/wp-content\/uploads\/2015\/09\/kn1.png\" alt=\"kn1\" width=\"151\" height=\"202\" srcset=\"https:\/\/www.sauletekio.vilniausr.lm.lt\/wp-content\/uploads\/2015\/09\/kn1.png 151w, https:\/\/www.sauletekio.vilniausr.lm.lt\/wp-content\/uploads\/2015\/09\/kn1-150x202.png 150w\" sizes=\"auto, (max-width: 151px) 100vw, 151px\" \/><\/a>\u201eNuo kalnelio tek\u0117jo upelis. Prie upelio augo mi\u0161kelis. Mi\u0161kelio vidury \u017ealiavo pievel\u0117. Pievel\u0117je augo g\u0117lyt\u0117s. daug daug gra\u017ei\u0173 g\u0117ly\u010di\u0173. O vienoje g\u0117lyt\u0117je gyveno vabal\u0117lis Amar\u0117lis.\u201c \u201eAmar\u0117lio pyragas\u201c \u2013 tai linksmas pasakojimas apie vabal\u0117li\u0173, panorusi\u0173 i\u0161sikepti i\u0161 gr\u016bdo gard\u0173 pyrag\u0105, ir jiems \u012f pagalb\u0105 atskub\u0117jusi\u0173 vik\u0161ro, \u0161imtakojo, sraig\u0117s, skruzdelyt\u0117s, slieko ir karkvabalio nuotykiai. Veiksmas vyksta paprastoje pievel\u0117je, kurioje auga visiems pa\u017e\u012fstami augalai, ta\u010diau autorius priver\u010dia pa\u017evelgti \u012f \u0161i\u0105 aplink\u0105 ma\u017eo vabal\u0117lio akimis. Spalvingi ir ry\u0161k\u016bs pie\u0161iniai pad\u0117s pamatyti stebuklus \u012fprastuose dalykuose. Knyga \u201eAmar\u0117lio pyragas\u201c moko vaikus nebijoti sunkum\u0173, ie\u0161koti nauj\u0173 \u017eini\u0173, daug klausin\u0117ti ir dirbti kartu. Dailininkas Paulius Juodi\u0161ius<\/p>\n<p>&nbsp;<\/p>\n<p><b>Vakar\u0117 Aleksandravi\u010di\u016bt\u0117. Gugeliukai <\/b><\/p>\n<p style=\"text-align: justify;\"><a href=\"https:\/\/www.sauletekio.vilniausr.lm.lt\/wp-content\/uploads\/2015\/09\/kn2.png\"><img loading=\"lazy\" decoding=\"async\" class=\"alignleft size-full wp-image-2848\" src=\"https:\/\/www.sauletekio.vilniausr.lm.lt\/wp-content\/uploads\/2015\/09\/kn2.png\" alt=\"kn2\" width=\"151\" height=\"202\" srcset=\"https:\/\/www.sauletekio.vilniausr.lm.lt\/wp-content\/uploads\/2015\/09\/kn2.png 151w, https:\/\/www.sauletekio.vilniausr.lm.lt\/wp-content\/uploads\/2015\/09\/kn2-150x202.png 150w\" sizes=\"auto, (max-width: 151px) 100vw, 151px\" \/><\/a>Vakar\u0117s Aleksandravi\u010di\u016bt\u0117s knygel\u0117 \u201eGugeliukai\u201c skirta 5\u201312 met\u0173 vaikams \u2013 tiems, nuo kuri\u0173 po\u017ei\u016brio \u012f gamt\u0105 ir santykio su aplinka priklausys m\u016bs\u0173 mi\u0161k\u0173 ir upi\u0173, e\u017eer\u0173 ir pelki\u0173 likimas. Tai \u012ftaigus pasakojimas apie paslaptingus mi\u0161ko gyventojus Gugeliukus, kurie nuo kenk\u0117ji\u0161kos \u017emoni\u0173 veiklos nori apsaugoti savo namus \u2013 \u017eali\u0105j\u012f mi\u0161k\u0105 ir jo gyventojus. Original\u016bs, knygos autor\u0117s i\u0161 molio sukurti Gugeliukai teigia am\u017einas, bet kiekvienai kartai i\u0161 naujo atrandamas tiesas \u2013 tik kurdamas, o ne griaudamas, tik saugodamas, o ne naikindamas gali b\u016bti vieningas su gamta ir \u0161itaip atrasti gyvenimo pilnatv\u0119. Vaizdinga ir \u017eodinga knygos kalba kupina \u0161maik\u0161\u010di\u0173 liaudi\u0161k\u0173 posaki\u0173, o gausiame veik\u0117j\u0173 rate skaitytojas b\u016btinai atras \u201esavo favorit\u0105\u201c. Intensyvus siu\u017eeto veiksmas i\u0161laiko ma\u017eojo skaitytojo d\u0117mes\u012f bei skatina j\u012f susim\u0105styti: \u201eKuo a\u0161 gal\u0117\u010diau pad\u0117ti Gugeliukams?\u201c Perskai\u010dius \u0161i\u0105 knygel\u0119 savaime kyla noras veikti. Nuotaiking\u0105 pasakojim\u0105 apie pagrindinio herojaus teisyb\u0117s paie\u0161kas iliustruoja unikalios iliustracijos: pa\u010dios autor\u0117s ir Nemuno kilp\u0173 regioninio parko vyr. ekologo Renato Jakai\u010dio pauk\u0161\u010di\u0173, \u017ev\u0117ri\u0173 bei gamtovaizd\u017ei\u0173 fotografijos. \u0160i knyga turi ne tik aukl\u0117jam\u0105j\u0105, bet ir pa\u017eintin\u0119 vert\u0119 \u2013 vaikai gali su\u017einoti, kaip atrodo juodoji meleta, kiaun\u0117, bried\u012f palyginti su elniu, stirna ir pan. Tai 200 psl. knyga atspausdinta ant ekologi\u0161ko, 100 % perdirbtos makulat\u016bros. Autor\u0117 viliasi, kad knyga susidom\u0117s ne tik vaikai, bet ir j\u0173 t\u0117veliai ir ji taps naujo \u0161eimos po\u017ei\u016brio \u012f gamt\u0105 prie\u017eastimi.<\/p>\n<p><b>Antanas Pivoras. V\u0117j\u016bn\u0117s svajos ir meil\u0117s paslaptys (su CD) <\/b><\/p>\n<p style=\"text-align: justify;\"><a href=\"https:\/\/www.sauletekio.vilniausr.lm.lt\/wp-content\/uploads\/2015\/09\/kn3.png\"><img loading=\"lazy\" decoding=\"async\" class=\"alignleft size-full wp-image-2849\" src=\"https:\/\/www.sauletekio.vilniausr.lm.lt\/wp-content\/uploads\/2015\/09\/kn3.png\" alt=\"kn3\" width=\"151\" height=\"202\" srcset=\"https:\/\/www.sauletekio.vilniausr.lm.lt\/wp-content\/uploads\/2015\/09\/kn3.png 151w, https:\/\/www.sauletekio.vilniausr.lm.lt\/wp-content\/uploads\/2015\/09\/kn3-150x202.png 150w\" sizes=\"auto, (max-width: 151px) 100vw, 151px\" \/><\/a>Apysakos pagrindin\u0117 veik\u0117ja V\u0117j\u016bn\u0117 augo ir brendo fantastini\u0173 ir mistini\u0173 aplinkybi\u0173 s\u0105lygomis. \u0160i mergait\u0117, \u0161e\u0161iolikmet\u0117 V\u0117j\u016bn\u0117, savo gyvenime patiria tyr\u0105, skais\u010di\u0105 meil\u0119.<\/p>\n<p style=\"text-align: justify;\">Knygoje susipina dabartis ir praeitis, tikrov\u0117 ir fantazija. Susi\u017eav\u0117jusi kilniais vaidilut\u0117s idealais, juos puosel\u0117dama, V\u0117j\u016bn\u0117 i\u0161gyvena ne tik savo, bet ir kit\u0173 veik\u0117j\u0173 meil\u0119, ir patiria nuotyki\u0173, su\u017eino paslap\u010di\u0173.<\/p>\n<p style=\"text-align: justify;\">Apysaka skiriama jaunuomenei, m\u0117gstan\u010diai skaityti knygas apie meil\u0119.<\/p>\n<p style=\"text-align: justify;\">Pridedama kompaktin\u0117 plok\u0161tel\u0117 \u201eV\u0117j\u016bn\u0117 \u2013 skraidanti raganait\u0117\u201c.<\/p>\n<p>Autorius Antanas Pivoras, kompozitorius Andrius Kulikauskas, dain\u0173 tekst\u0173 autor\u0117 Nijol\u0117 Navikien\u0117, skaito aktorius D\u017eiugas Siaurusaitis, dainuoja Neringa Bulotait\u0117, Algirdas Gradauskas, Vaidotas Martinaitis, Rasa Rapalyt\u0117.<\/p>\n<p style=\"text-align: justify;\"><a href=\"https:\/\/www.sauletekio.vilniausr.lm.lt\/wp-content\/uploads\/2015\/09\/kn4.png\"><img loading=\"lazy\" decoding=\"async\" class=\"alignleft size-full wp-image-2850\" src=\"https:\/\/www.sauletekio.vilniausr.lm.lt\/wp-content\/uploads\/2015\/09\/kn4.png\" alt=\"kn4\" width=\"142\" height=\"160\"><\/a>Knyga \u201eInga\u201c skirta ikimokyklinukams ir pradini\u0173 klasi\u0173 mokiniams. Tai linksmas, nuotaikingas pasakojimas, susidedantis i\u0161 ma\u017e\u0173 vaizdeli\u0173. Kiekviename vaizdelyje skaitytojai sutiks pagrindin\u0119 knygel\u0117s veik\u0117j\u0105 Ing\u0105, su\u017einos apie jos nuotykius kaime pas mo\u010diut\u0119, laik\u0105 praleist\u0105 su naminiais gyvul\u0117liais. Inga \u2013 gudruol\u0117, ji i\u0161sisuka i\u0161 kebliausi\u0173 situacij\u0173, o jos atsakymai \u2013 \u0161maik\u0161t\u016bs, juokingi. Nenuostabu, kad ma\u017eieji skaitytojai \u0161ios knygel\u0117s nenori paleisti i\u0161 rank\u0173.<\/p>\n<p>&nbsp;<\/p>\n<p>&nbsp;<\/p>\n<p><b>Jurga \u0160eduikyt\u0117. Pasaka apie sliek\u0105 ir jo draug\u0105 Pa\u0161iau\u0161t\u0105 <\/b><\/p>\n<p style=\"text-align: justify;\"><a href=\"https:\/\/www.sauletekio.vilniausr.lm.lt\/wp-content\/uploads\/2015\/09\/kn51.png\"><img loading=\"lazy\" decoding=\"async\" class=\"alignleft size-full wp-image-2856\" src=\"https:\/\/www.sauletekio.vilniausr.lm.lt\/wp-content\/uploads\/2015\/09\/kn51.png\" alt=\"kn5\" width=\"148\" height=\"200\"><\/a>Jurga \u0160eduikyt\u0117 \u2013 \u017einoma Lietuvos atlik\u0117ja ir dain\u0173 autor\u0117, 2008 m. pelniusi Met\u0173 tolerancijos, Met\u0173 moters, Met\u0173 atlik\u0117jos,&nbsp;<i>MTV Best Baltic Act<\/i>&nbsp;ir daugyb\u0119 kit\u0173 apdovanojim\u0173. \u201ePasaka apie Sliek\u0105 ir jo draug\u0105 Pa\u0161iau\u0161t\u0105\u201c \u2013 pirmoji autor\u0117s pasak\u0173 knyga apie du keistuolius \u2013 \u017eal\u010diuk\u0105 Sliek\u0105 bei \u017eali\u0105 katin\u0117l\u012f Pa\u0161iau\u0161t\u0105 ir j\u0173 nuotykius Gyv\u016bn\u0173 Mi\u0161ke. Filosofiniai Slieko pam\u0105stymai, \u017eaismingos Pa\u0161iau\u0161to mintys ir nenusp\u0117jama fabula nukelia skaitytoj\u0105 \u012f jauk\u0173 ir \u0161ilt\u0105 autor\u0117s fantazij\u0173 pasaul\u012f.<\/p>\n<p>&nbsp;<\/p>\n<p>&nbsp;<\/p>\n<p>&nbsp;<\/p>\n<p>&nbsp;<\/p>\n<p><b>Sigitas Geda. Aukso karietait\u0117. Eil\u0117ra\u0161\u010diai <\/b><\/p>\n<p>Tai knyga, ne<a href=\"https:\/\/www.sauletekio.vilniausr.lm.lt\/wp-content\/uploads\/2015\/09\/kn61.png\"><img loading=\"lazy\" decoding=\"async\" class=\"alignleft size-full wp-image-2857\" src=\"https:\/\/www.sauletekio.vilniausr.lm.lt\/wp-content\/uploads\/2015\/09\/kn61.png\" alt=\"kn6\" width=\"148\" height=\"200\"><\/a>pana\u0161i \u012f kitas \u0161io poeto knygas tiek forma, tiek turiniu, nors \u010dia m\u0117ginama atskleisti sena tiesa \u2013 kaip prasideda pasaulis, i\u0161 ko kuriami daiktai, o ir pati poezija.<\/p>\n<p>&nbsp;<\/p>\n<p>&nbsp;<\/p>\n<p>&nbsp;<\/p>\n<p>&nbsp;<\/p>\n<p>&nbsp;<\/p>\n<p>&nbsp;<\/p>\n<p>&nbsp;<\/p>\n<p><b>Sigitas Geda. Strazdelio dainos <\/b><\/p>\n<p style=\"text-align: justify;\"><a href=\"https:\/\/www.sauletekio.vilniausr.lm.lt\/wp-content\/uploads\/2015\/09\/kn71.png\"><img loading=\"lazy\" decoding=\"async\" class=\"alignleft size-full wp-image-2858\" src=\"https:\/\/www.sauletekio.vilniausr.lm.lt\/wp-content\/uploads\/2015\/09\/kn71.png\" alt=\"kn7\" width=\"148\" height=\"200\"><\/a>Sigito Gedos knygel\u0117je \u201eStazdelio dainos\u201c&nbsp;sud\u0117ti rinktiniai eil\u0117ra\u0161\u010diai, para\u0161yti 1983\u20131989 metais. \u017dinoma, yra atklyd\u0117li\u0173\u2026 Svarbiausia, kad knyga turi savo veik\u0117jus: didvyrius ir paprastus \u017eem\u0117s vabalus, ai\u0161k\u0173 siu\u017eet\u0105, kur\u012f skaitytojas gali prat\u0119sti savo vaizduot\u0117je po to, kai perskaitys visk\u0105 iki galo.<\/p>\n<p>&nbsp;<\/p>\n<p>&nbsp;<\/p>\n<p>&nbsp;<\/p>\n<p>&nbsp;<\/p>\n<p>&nbsp;<\/p>\n<p><b>Vytautas V. Landsbergis. Briedis Eugenijus: pasakos apie meil\u0119 ir kitus nesusipratimus <\/b><\/p>\n<p style=\"text-align: justify;\"><a href=\"https:\/\/www.sauletekio.vilniausr.lm.lt\/wp-content\/uploads\/2015\/09\/kn81.png\"><img loading=\"lazy\" decoding=\"async\" class=\"alignleft size-full wp-image-2859\" src=\"https:\/\/www.sauletekio.vilniausr.lm.lt\/wp-content\/uploads\/2015\/09\/kn81.png\" alt=\"kn8\" width=\"148\" height=\"200\"><\/a>\u0160ioje knygoje autorius lieka i\u0161tikimas pam\u0117gtam \u017eanrui \u2013 absurdo pasakait\u0117ms, kupinoms i\u0161minties ir humoro, m\u0117gstamoms ne tik vaik\u0173, bet ir suaugusi\u0173j\u0173.<\/p>\n<p style=\"text-align: justify;\">\u0160is leidinys \u2013 tarsi meil\u0117s situacij\u0173 enciklopedija, kurioje aistringai santykius ai\u0161kinasi, pykstasi ir ker\u0161ija, li\u016bdi ir d\u017eiaugiasi briedis Eugenijus, lak\u0161tingala Izabel\u0117 ir kar\u0161tai bried\u012f pamilusi lydeka Ifigenija. Knygel\u0117 kupina \u017eaisming\u0173 meil\u0117s trikampi\u0173 ir keturkampi\u0173, lengvai suprantama ir pradinukui, ir studentui.<\/p>\n<p style=\"text-align: justify;\">2008 m. IBBY apdovanojimas u\u017e iliustracijas.<\/p>\n<p style=\"text-align: justify;\">Kvie\u010diame ir rekomenduojame &nbsp;perskaityti Stepheno R. Covey\u2019aus i\u0161skirtin\u0119 psichologin\u0119 &nbsp;elektronin\u0119 knyg\u0105 \u201e7 s\u0117km\u0117s lydim\u0173 \u017emoni\u0173 \u012fpro\u010diai\u201c arba kitaip \u201eAsmenyb\u0117s poky\u010di\u0173 pamokos\u201c. Knyg\u0105 galite skaityti internete arba atsisi\u0173sti:http:\/\/www.scribd.com\/doc\/169893425\/Stephen-R-covey-7-Sekmes-lydimu-zmoniu-iprociai-2006-LT ). \u0160i knyga \u2013 kiekvieno \u017emogaus s\u0117km\u0117s raktas, nesvarbu, koks b\u016bt\u0173 jo gyvenimo tikslas. Autorius pateikia 7 patarimus, kaip tapti savo gyvenimo \u0161eimininku ir darnia asmenybe. &nbsp;Patarimai energizuoja, \u012fkvepia, padeda siekti s\u0117km\u0117s versle, darbe ir gyvenime apskritai. Tai knyga, raginanti m\u0105styti.<\/p>\n<h4>&nbsp;<\/h4>\n\n\n<p><\/p>\n","protected":false},"excerpt":{"rendered":"<p>Emilija Liegut\u0117. Inga. Knyga vaikams Paulius Juodi\u0161ius. Amar\u0117lio pyragas. Vabal\u0117li\u0173 nuotykiai \u201eNuo kalnelio tek\u0117jo upelis. Prie upelio augo mi\u0161kelis. Mi\u0161kelio vidury \u017ealiavo pievel\u0117. Pievel\u0117je augo g\u0117lyt\u0117s. daug daug gra\u017ei\u0173 g\u0117ly\u010di\u0173. O vienoje g\u0117lyt\u0117je gyveno vabal\u0117lis Amar\u0117lis.\u201c \u201eAmar\u0117lio pyragas\u201c \u2013 tai linksmas pasakojimas apie vabal\u0117li\u0173, panorusi\u0173 i\u0161sikepti i\u0161 gr\u016bdo gard\u0173 pyrag\u0105,&#8230;<\/p>\n<p> <a class=\"continue-reading-link\" href=\"https:\/\/www.sauletekio.vilniausr.lm.lt\/?page_id=2845\"><span>T\u0119sti skaitym\u0105<\/span><i class=\"crycon-right-dir\"><\/i><\/a> <\/p>\n","protected":false},"author":1,"featured_media":0,"parent":2437,"menu_order":2,"comment_status":"closed","ping_status":"closed","template":"","meta":{"_uag_custom_page_level_css":"","advgb_blocks_editor_width":"","advgb_blocks_columns_visual_guide":"","ngg_post_thumbnail":0,"footnotes":""},"class_list":["post-2845","page","type-page","status-publish","hentry"],"uagb_featured_image_src":{"full":false,"thumbnail":false,"medium":false,"medium_large":false,"large":false,"1536x1536":false,"2048x2048":false,"post-thumbnail":false,"header":false,"slider":false,"columns":false,"custom":false},"uagb_author_info":{"display_name":"admin","author_link":"https:\/\/www.sauletekio.vilniausr.lm.lt\/?author=1"},"uagb_comment_info":0,"uagb_excerpt":"Emilija Liegut\u0117. Inga. Knyga vaikams Paulius Juodi\u0161ius. Amar\u0117lio pyragas. Vabal\u0117li\u0173 nuotykiai \u201eNuo kalnelio tek\u0117jo upelis. Prie upelio augo mi\u0161kelis. Mi\u0161kelio vidury \u017ealiavo pievel\u0117. Pievel\u0117je augo g\u0117lyt\u0117s. daug daug gra\u017ei\u0173 g\u0117ly\u010di\u0173. O vienoje g\u0117lyt\u0117je gyveno vabal\u0117lis Amar\u0117lis.\u201c \u201eAmar\u0117lio pyragas\u201c \u2013 tai linksmas pasakojimas apie vabal\u0117li\u0173, panorusi\u0173 i\u0161sikepti i\u0161 gr\u016bdo gard\u0173 pyrag\u0105,... T\u0119sti skaitym\u0105","coauthors":[],"author_meta":{"author_link":"https:\/\/www.sauletekio.vilniausr.lm.lt\/?author=1","display_name":"admin"},"relative_dates":{"created":"Posted 11 met\u0173 ago","modified":"Updated 5 metai ago"},"absolute_dates":{"created":"Posted on 2015-09-18","modified":"Updated on 2021-06-30"},"absolute_dates_time":{"created":"Posted on 2015-09-18 8:24","modified":"Updated on 2021-06-30 21:38"},"featured_img_caption":"","featured_img":false,"series_order":"","_links":{"self":[{"href":"https:\/\/www.sauletekio.vilniausr.lm.lt\/index.php?rest_route=\/wp\/v2\/pages\/2845","targetHints":{"allow":["GET"]}}],"collection":[{"href":"https:\/\/www.sauletekio.vilniausr.lm.lt\/index.php?rest_route=\/wp\/v2\/pages"}],"about":[{"href":"https:\/\/www.sauletekio.vilniausr.lm.lt\/index.php?rest_route=\/wp\/v2\/types\/page"}],"author":[{"embeddable":true,"href":"https:\/\/www.sauletekio.vilniausr.lm.lt\/index.php?rest_route=\/wp\/v2\/users\/1"}],"replies":[{"embeddable":true,"href":"https:\/\/www.sauletekio.vilniausr.lm.lt\/index.php?rest_route=%2Fwp%2Fv2%2Fcomments&post=2845"}],"version-history":[{"count":10,"href":"https:\/\/www.sauletekio.vilniausr.lm.lt\/index.php?rest_route=\/wp\/v2\/pages\/2845\/revisions"}],"predecessor-version":[{"id":12406,"href":"https:\/\/www.sauletekio.vilniausr.lm.lt\/index.php?rest_route=\/wp\/v2\/pages\/2845\/revisions\/12406"}],"up":[{"embeddable":true,"href":"https:\/\/www.sauletekio.vilniausr.lm.lt\/index.php?rest_route=\/wp\/v2\/pages\/2437"}],"wp:attachment":[{"href":"https:\/\/www.sauletekio.vilniausr.lm.lt\/index.php?rest_route=%2Fwp%2Fv2%2Fmedia&parent=2845"}],"curies":[{"name":"wp","href":"https:\/\/api.w.org\/{rel}","templated":true}]}}