{"id":3104,"date":"2015-11-10T10:16:37","date_gmt":"2015-11-10T08:16:37","guid":{"rendered":"https:\/\/www.sauletekio.vilniausr.lm.lt\/?page_id=3104"},"modified":"2020-03-10T09:24:29","modified_gmt":"2020-03-10T07:24:29","slug":"programa-iveikiame-kartu","status":"publish","type":"page","link":"https:\/\/www.sauletekio.vilniausr.lm.lt\/?page_id=3104","title":{"rendered":"Programa \u201e\u012eveikiame kartu\u201c"},"content":{"rendered":"<div class=\"fcbkbttn_buttons_block\" id=\"fcbkbttn_left\"><div class=\"fcbkbttn_like \"><fb:like href=\"https:\/\/www.sauletekio.vilniausr.lm.lt\/?page_id=3104\" action=\"like\" colorscheme=\"light\" layout=\"button_count\"  size=\"small\"><\/fb:like><\/div><div class=\"fb-share-button  \" data-href=\"https:\/\/www.sauletekio.vilniausr.lm.lt\/?page_id=3104\" data-type=\"button_count\" data-size=\"small\"><\/div><\/div><p>Jau nuo \u0161i\u0173 mokslo met\u0173 m\u016bs\u0173 mokykla dalyvauja programoje \u201e\u012eveikiame kartu \u201c, kurios&nbsp; tikslas \u2013 ugdant pozityvius vaik\u0173 bendravimo ir problem\u0173 sprendimo \u012fg\u016bd\u017eius, u\u017ekirsti keli\u0105 priklausomyb\u0117s nuo alkoholio ir narkotini\u0173 med\u017eiag\u0173 atsiradimui, kitoms destruktyvaus ir savidestruktyvaus elgesio formoms bei gerinti bendr\u0105 emocin\u0119 vaiko savijaut\u0105.<\/p>\n<p>\u0160i ankstyvosios prevencijos programa skirta 7 \u2013 9 met\u0173 vaik\u0173 socialini\u0173 ir sunkum\u0173 \u012fveikimo \u012fg\u016bd\u017ei\u0173 lavinimui ir gali b\u016bti vykdoma vis\u0173 tip\u0173 mokykl\u0173 pradin\u0117se klas\u0117se.<\/p>\n<p>Dalyvaudami programoje<b><i> <\/i><\/b><a href=\"http:\/\/www.vaikolabui.lt\/?page_id=721\"><b><i>vaikai mokosi<\/i><\/b><\/a><b><i> <\/i><\/b>susivokti savo jausmuose, \u012f\u017evelgti sunkius jausmus suk\u0117lusias prie\u017eastis, savaranki\u0161kai rasti i\u0161eitis kebliose situacijose, neu\u017esiskl\u0119sti savyje, mokosi nes\u0117km\u0117s pri\u0117mimo ir \u012fveikimo b\u016bd\u0173, atpa\u017einti ir i\u0161taisyti netinkam\u0105 savo elges\u012f bei pra\u0161yti ir teikti pagalb\u0105.<\/p>\n<p>Programa kvie\u010dia <a href=\"http:\/\/www.vaikolabui.lt\/?page_id=257\"><b><i>t\u0117vus ir pedagogus<\/i><\/b><\/a> b\u016bti&nbsp;kartu su vaiku \u0161iuo pilnu i\u0161\u0161\u016bki\u0173 jo gyvenimo laikotarpiu. Ji moko t\u0117vus ir pedagogus emocini\u0173 ir elgesio problem\u0173 ankstyvosios prevencijos b\u016bd\u0173, padeda geriau pa\u017einti vaik\u0105, \u012fgalina pad\u0117ti vaikui pasijusti geriau.<\/p>\n<p><a href=\"https:\/\/www.sauletekio.vilniausr.lm.lt\/wp-content\/uploads\/2015\/11\/D_kartu_1.png\"><img loading=\"lazy\" decoding=\"async\" class=\"alignleft size-full wp-image-3102\" src=\"https:\/\/www.sauletekio.vilniausr.lm.lt\/wp-content\/uploads\/2015\/11\/D_kartu_1.png\" alt=\"D_kartu_1\" width=\"121\" height=\"176\"><\/a><\/p>\n<p>&nbsp;<\/p>\n<p>&nbsp;<\/p>\n<p>&nbsp;<\/p>\n<p>&nbsp;<\/p>\n<p>&nbsp;<\/p>\n<p>Mokykloje pagal \u0161i\u0105 program\u0105 dirba <b>&nbsp;<\/b>(pradinio ugdymo vyresnioji mokytoja Liudmila \u0160varcien\u0117 ir mokyklos psicholog\u0117 Ernesta Remouchamps)<\/p>\n","protected":false},"excerpt":{"rendered":"<p>Jau nuo \u0161i\u0173 mokslo met\u0173 m\u016bs\u0173 mokykla dalyvauja programoje \u201e\u012eveikiame kartu \u201c, kurios&nbsp; tikslas \u2013 ugdant pozityvius vaik\u0173 bendravimo ir problem\u0173 sprendimo \u012fg\u016bd\u017eius, u\u017ekirsti keli\u0105 priklausomyb\u0117s nuo alkoholio ir narkotini\u0173 med\u017eiag\u0173 atsiradimui, kitoms destruktyvaus ir savidestruktyvaus elgesio formoms bei gerinti bendr\u0105 emocin\u0119 vaiko savijaut\u0105. \u0160i ankstyvosios prevencijos programa skirta 7&#8230;<\/p>\n<p> <a class=\"continue-reading-link\" href=\"https:\/\/www.sauletekio.vilniausr.lm.lt\/?page_id=3104\"><span>T\u0119sti skaitym\u0105<\/span><i class=\"crycon-right-dir\"><\/i><\/a> <\/p>\n","protected":false},"author":1,"featured_media":0,"parent":268,"menu_order":0,"comment_status":"closed","ping_status":"closed","template":"","meta":{"_uag_custom_page_level_css":"","advgb_blocks_editor_width":"","advgb_blocks_columns_visual_guide":"","ngg_post_thumbnail":0,"footnotes":""},"class_list":["post-3104","page","type-page","status-publish","hentry"],"uagb_featured_image_src":{"full":false,"thumbnail":false,"medium":false,"medium_large":false,"large":false,"1536x1536":false,"2048x2048":false,"post-thumbnail":false,"header":false,"slider":false,"columns":false,"custom":false},"uagb_author_info":{"display_name":"admin","author_link":"https:\/\/www.sauletekio.vilniausr.lm.lt\/?author=1"},"uagb_comment_info":0,"uagb_excerpt":"Jau nuo \u0161i\u0173 mokslo met\u0173 m\u016bs\u0173 mokykla dalyvauja programoje \u201e\u012eveikiame kartu \u201c, kurios&nbsp; tikslas \u2013 ugdant pozityvius vaik\u0173 bendravimo ir problem\u0173 sprendimo \u012fg\u016bd\u017eius, u\u017ekirsti keli\u0105 priklausomyb\u0117s nuo alkoholio ir narkotini\u0173 med\u017eiag\u0173 atsiradimui, kitoms destruktyvaus ir savidestruktyvaus elgesio formoms bei gerinti bendr\u0105 emocin\u0119 vaiko savijaut\u0105. \u0160i ankstyvosios prevencijos programa skirta 7... T\u0119sti skaitym\u0105","coauthors":[],"author_meta":{"author_link":"https:\/\/www.sauletekio.vilniausr.lm.lt\/?author=1","display_name":"admin"},"relative_dates":{"created":"Posted 10 met\u0173 ago","modified":"Updated 6 metai ago"},"absolute_dates":{"created":"Posted on 2015-11-10","modified":"Updated on 2020-03-10"},"absolute_dates_time":{"created":"Posted on 2015-11-10 10:16","modified":"Updated on 2020-03-10 9:24"},"featured_img_caption":"","featured_img":false,"series_order":"","_links":{"self":[{"href":"https:\/\/www.sauletekio.vilniausr.lm.lt\/index.php?rest_route=\/wp\/v2\/pages\/3104","targetHints":{"allow":["GET"]}}],"collection":[{"href":"https:\/\/www.sauletekio.vilniausr.lm.lt\/index.php?rest_route=\/wp\/v2\/pages"}],"about":[{"href":"https:\/\/www.sauletekio.vilniausr.lm.lt\/index.php?rest_route=\/wp\/v2\/types\/page"}],"author":[{"embeddable":true,"href":"https:\/\/www.sauletekio.vilniausr.lm.lt\/index.php?rest_route=\/wp\/v2\/users\/1"}],"replies":[{"embeddable":true,"href":"https:\/\/www.sauletekio.vilniausr.lm.lt\/index.php?rest_route=%2Fwp%2Fv2%2Fcomments&post=3104"}],"version-history":[{"count":3,"href":"https:\/\/www.sauletekio.vilniausr.lm.lt\/index.php?rest_route=\/wp\/v2\/pages\/3104\/revisions"}],"predecessor-version":[{"id":5583,"href":"https:\/\/www.sauletekio.vilniausr.lm.lt\/index.php?rest_route=\/wp\/v2\/pages\/3104\/revisions\/5583"}],"up":[{"embeddable":true,"href":"https:\/\/www.sauletekio.vilniausr.lm.lt\/index.php?rest_route=\/wp\/v2\/pages\/268"}],"wp:attachment":[{"href":"https:\/\/www.sauletekio.vilniausr.lm.lt\/index.php?rest_route=%2Fwp%2Fv2%2Fmedia&parent=3104"}],"curies":[{"name":"wp","href":"https:\/\/api.w.org\/{rel}","templated":true}]}}