{"id":319,"date":"2013-10-09T17:03:46","date_gmt":"2013-10-09T15:03:46","guid":{"rendered":"http:\/\/www2109.vu.lt\/?page_id=319"},"modified":"2022-10-13T09:20:19","modified_gmt":"2022-10-13T07:20:19","slug":"veikla","status":"publish","type":"page","link":"https:\/\/www.sauletekio.vilniausr.lm.lt\/?page_id=319","title":{"rendered":"Veiklos sritys"},"content":{"rendered":"<div class=\"fcbkbttn_buttons_block\" id=\"fcbkbttn_left\"><div class=\"fcbkbttn_like \"><fb:like href=\"https:\/\/www.sauletekio.vilniausr.lm.lt\/?page_id=319\" action=\"like\" colorscheme=\"light\" layout=\"button_count\"  size=\"small\"><\/fb:like><\/div><div class=\"fb-share-button  \" data-href=\"https:\/\/www.sauletekio.vilniausr.lm.lt\/?page_id=319\" data-type=\"button_count\" data-size=\"small\"><\/div><\/div><p><strong>\n<!-- Page-list plugin v.5.9 wordpress.org\/plugins\/page-list\/ -->\n<ul class=\"page-list subpages-page-list \">\n<li class=\"page_item page-item-14529\"><a href=\"https:\/\/www.sauletekio.vilniausr.lm.lt\/?page_id=14529\">Prie\u0161mokyklinis ugdymas<\/a><\/li>\n<li class=\"page_item page-item-14532\"><a href=\"https:\/\/www.sauletekio.vilniausr.lm.lt\/?page_id=14532\">Pradinis ugdymas<\/a><\/li>\n<li class=\"page_item page-item-15222\"><a href=\"https:\/\/www.sauletekio.vilniausr.lm.lt\/?page_id=15222\">Pagrindinis ugdymas<\/a><\/li>\n<li class=\"page_item page-item-14769\"><a href=\"https:\/\/www.sauletekio.vilniausr.lm.lt\/?page_id=14769\">Speciali\u0173j\u0173 ugdymosi poreiki\u0173 mokini\u0173 ugdymas<\/a><\/li>\n<li class=\"page_item page-item-75\"><a href=\"https:\/\/www.sauletekio.vilniausr.lm.lt\/?page_id=75\">Neformalusis  \u0161vietimas<\/a><\/li>\n<li class=\"page_item page-item-11016\"><a href=\"https:\/\/www.sauletekio.vilniausr.lm.lt\/?page_id=11016\">Nuotolinis ugdymas<\/a><\/li>\n<li class=\"page_item page-item-15260\"><a href=\"https:\/\/www.sauletekio.vilniausr.lm.lt\/?page_id=15260\">Ugdymasis \u0161eimoje<\/a><\/li>\n<li class=\"page_item page-item-13006\"><a href=\"https:\/\/www.sauletekio.vilniausr.lm.lt\/?page_id=13006\">UTA<\/a><\/li>\n<li class=\"page_item page-item-14714\"><a href=\"https:\/\/www.sauletekio.vilniausr.lm.lt\/?page_id=14714\">Pasiekim\u0173 patikrinimas<\/a><\/li>\n<li class=\"page_item page-item-15265\"><a href=\"https:\/\/www.sauletekio.vilniausr.lm.lt\/?page_id=15265\">Popamokin\u0117 veikla<\/a><\/li>\n<li class=\"page_item page-item-14781\"><a href=\"https:\/\/www.sauletekio.vilniausr.lm.lt\/?page_id=14781\">Prevencin\u0117 veikla<\/a><\/li>\n<li class=\"page_item page-item-14785\"><a href=\"https:\/\/www.sauletekio.vilniausr.lm.lt\/?page_id=14785\">Projektin\u0117 veikla<\/a><\/li>\n\n<\/ul><\/strong><\/p>\n","protected":false},"excerpt":{"rendered":"<p> <a class=\"continue-reading-link\" href=\"https:\/\/www.sauletekio.vilniausr.lm.lt\/?page_id=319\"><span>T\u0119sti skaitym\u0105<\/span><i class=\"crycon-right-dir\"><\/i><\/a> <\/p>\n","protected":false},"author":1,"featured_media":0,"parent":0,"menu_order":2,"comment_status":"closed","ping_status":"closed","template":"","meta":{"_uag_custom_page_level_css":"","advgb_blocks_editor_width":"","advgb_blocks_columns_visual_guide":"","ngg_post_thumbnail":0,"footnotes":""},"class_list":["post-319","page","type-page","status-publish","hentry"],"uagb_featured_image_src":{"full":false,"thumbnail":false,"medium":false,"medium_large":false,"large":false,"1536x1536":false,"2048x2048":false,"post-thumbnail":false,"header":false,"slider":false,"columns":false,"custom":false},"uagb_author_info":{"display_name":"admin","author_link":"https:\/\/www.sauletekio.vilniausr.lm.lt\/?author=1"},"uagb_comment_info":0,"uagb_excerpt":"T\u0119sti skaitym\u0105","coauthors":[],"author_meta":{"author_link":"https:\/\/www.sauletekio.vilniausr.lm.lt\/?author=1","display_name":"admin"},"relative_dates":{"created":"Posted 13 met\u0173 ago","modified":"Updated 4 metai ago"},"absolute_dates":{"created":"Posted on 2013-10-09","modified":"Updated on 2022-10-13"},"absolute_dates_time":{"created":"Posted on 2013-10-09 17:03","modified":"Updated on 2022-10-13 9:20"},"featured_img_caption":"","featured_img":false,"series_order":"","_links":{"self":[{"href":"https:\/\/www.sauletekio.vilniausr.lm.lt\/index.php?rest_route=\/wp\/v2\/pages\/319","targetHints":{"allow":["GET"]}}],"collection":[{"href":"https:\/\/www.sauletekio.vilniausr.lm.lt\/index.php?rest_route=\/wp\/v2\/pages"}],"about":[{"href":"https:\/\/www.sauletekio.vilniausr.lm.lt\/index.php?rest_route=\/wp\/v2\/types\/page"}],"author":[{"embeddable":true,"href":"https:\/\/www.sauletekio.vilniausr.lm.lt\/index.php?rest_route=\/wp\/v2\/users\/1"}],"replies":[{"embeddable":true,"href":"https:\/\/www.sauletekio.vilniausr.lm.lt\/index.php?rest_route=%2Fwp%2Fv2%2Fcomments&post=319"}],"version-history":[{"count":3,"href":"https:\/\/www.sauletekio.vilniausr.lm.lt\/index.php?rest_route=\/wp\/v2\/pages\/319\/revisions"}],"predecessor-version":[{"id":14525,"href":"https:\/\/www.sauletekio.vilniausr.lm.lt\/index.php?rest_route=\/wp\/v2\/pages\/319\/revisions\/14525"}],"wp:attachment":[{"href":"https:\/\/www.sauletekio.vilniausr.lm.lt\/index.php?rest_route=%2Fwp%2Fv2%2Fmedia&parent=319"}],"curies":[{"name":"wp","href":"https:\/\/api.w.org\/{rel}","templated":true}]}}