{"id":42,"date":"2011-01-25T18:13:15","date_gmt":"2011-01-25T16:13:15","guid":{"rendered":"http:\/\/127.0.0.1\/wordpress\/wordpress\/?page_id=42"},"modified":"2023-06-06T10:03:19","modified_gmt":"2023-06-06T08:03:19","slug":"istorija","status":"publish","type":"page","link":"https:\/\/www.sauletekio.vilniausr.lm.lt\/?page_id=42","title":{"rendered":"Mokyklos istorija"},"content":{"rendered":"<div class=\"fcbkbttn_buttons_block\" id=\"fcbkbttn_left\"><div class=\"fcbkbttn_like \"><fb:like href=\"https:\/\/www.sauletekio.vilniausr.lm.lt\/?page_id=42\" action=\"like\" colorscheme=\"light\" layout=\"button_count\"  size=\"small\"><\/fb:like><\/div><div class=\"fb-share-button  \" data-href=\"https:\/\/www.sauletekio.vilniausr.lm.lt\/?page_id=42\" data-type=\"button_count\" data-size=\"small\"><\/div><\/div>\n<p>1937 m. Bezdonyse Juzefo Pilsudskio l\u0117\u0161omis buvo pastatytas \u0161iandienin\u0117s mokyklos medinis pastatas ir \u012fkurta pradin\u0117 mokykla. Tai buvo 100-oji lenki\u0161ka mokykla i\u0161 projekto \u201e100-tas lenki\u0161k\u0173 mokykl\u0173 Vilniaus kra\u0161te\u201c. 1939 m. Lietuvai atgavus Vilniaus kra\u0161t\u0105, \u0161ioje mokykloje buvo prad\u0117ta mokyti lietuvi\u0173 kalbos vaikus ir suaugusius.<\/p>\n\n\n\n<p>Po antrojo pasaulinio karo Bezdonyse veik\u0117 mokykla, kurioje buvo mokoma lenk\u0173 ir rus\u0173 kalbomis. Septintame de\u0161imtmetyje vietos lietuvi\u0173 iniciatyva mi\u0161rioje mokykloje buvo \u012fsteigtos lietuvi\u0161kos klas\u0117s. 1990 m. kovo 11 d., Lietuvai paskelbus valstyb\u0117s atk\u016brim\u0105, susidar\u0117 s\u0105lygos steigti savaranki\u0161k\u0105 mokykl\u0105 lietuvi\u0173 d\u0117stom\u0105ja kalba. Taip 1992 m. sausio 1 d. senose pradin\u0117s mokyklos patalpose \u012fsik\u016br\u0117 ir iki \u0161iol veikia nuo mi\u0161rios mokyklos atsiskyrusi m\u016bs\u0173 \u201eSaul\u0117tekio\u201c pagrindin\u0117 mokykla, kuriai vadovavo direktor\u0117 Au\u0161rel\u0117 \u0160atien\u0117. Mokykloje tada mok\u0117si 36 mokiniai.<\/p>\n\n\n\n<p>1997 m. t\u0117v\u0173 pageidavimu Vilniaus apskrities vir\u0161ininko administracija \u012fsteig\u0117 vidurin\u0117s mokyklos klases. 2015 m. Bezdoni\u0173 vidurin\u0117 mokykla buvo panaikinta.<\/p>\n\n\n\n<p>Nuo 2006 m. gruod\u017eio m\u0117nesio Bezdoni\u0173 \u201eSaul\u0117tekio\u201c pagrindinei mokyklai vadovauti prad\u0117jo ir iki \u0161iol vadovauja direktorius Algimantas Baranauskas. 2008 m. rugs\u0117jo 1 d. prie mokyklos buvo prijungti Mosti\u0161ki\u0173 ir Buivyd\u017ei\u0173 pradinio ugdymo skyriai. Nuo 2009 m. rugs\u0117jo 1 d. Mosti\u0161ki\u0173 pradinio ugdymo skyrius buvo u\u017edarytas. Nuo 2013 m. rugs\u0117jo 1 d. buvo u\u017edarytas ir Buivyd\u017ei\u0173 pradinio ugdymo skyrius.<\/p>\n\n\n\n<p>2018 m. Vilniaus rajono savivaldyb\u0117s l\u0117\u0161omis buvo prad\u0117ta mokyklos renovacija ir 2019 m. vasario 26 dien\u0105 ji buvo baigta. Naujame mokyklos priestate \u012fsik\u016br\u0117 7 kabinetai \/ klas\u0117s, mokyklos valgykla, sporto \/ akt\u0173 sal\u0117, du\u0161ai, r\u016bbin\u0117s ir administracijos kabinetai. Nuo 2019 m. mokykloje prad\u0117jo veikti ir prie\u0161mokyklinio ugdymo grup\u0117. 2021 m. mokykla \u012fsigijo mokyklin\u012f autobus\u0105, kurio atsiradimas pa\u012fvairino mokini\u0173 ugdym\u0105 ir savi\u0161viet\u0105. &nbsp;<br><br><\/p>\n\n\n\n<p><em>Mokykla turi savo himn\u0105, \u017eenkl\u0105, v\u0117liav\u0105, kurios pagaminim\u0105 finansavo tuomet <\/em>Amerikoje gyvenusi ir \u012f Lietuv\u0105 sugr\u012f\u017eusi a. a. Eugenija Bulotien\u0117.<\/p>\n","protected":false},"excerpt":{"rendered":"<p>1937 m. Bezdonyse Juzefo Pilsudskio l\u0117\u0161omis buvo pastatytas \u0161iandienin\u0117s mokyklos medinis pastatas ir \u012fkurta pradin\u0117 mokykla. Tai buvo 100-oji lenki\u0161ka mokykla i\u0161 projekto \u201e100-tas lenki\u0161k\u0173 mokykl\u0173 Vilniaus kra\u0161te\u201c. 1939 m. Lietuvai atgavus Vilniaus kra\u0161t\u0105, \u0161ioje mokykloje buvo prad\u0117ta mokyti lietuvi\u0173 kalbos vaikus ir suaugusius. Po antrojo pasaulinio karo Bezdonyse veik\u0117&#8230;<\/p>\n<p> <a class=\"continue-reading-link\" href=\"https:\/\/www.sauletekio.vilniausr.lm.lt\/?page_id=42\"><span>T\u0119sti skaitym\u0105<\/span><i class=\"crycon-right-dir\"><\/i><\/a> <\/p>\n","protected":false},"author":1,"featured_media":0,"parent":2,"menu_order":0,"comment_status":"closed","ping_status":"closed","template":"","meta":{"_uag_custom_page_level_css":"","advgb_blocks_editor_width":"","advgb_blocks_columns_visual_guide":"","ngg_post_thumbnail":0,"footnotes":""},"class_list":["post-42","page","type-page","status-publish","hentry"],"uagb_featured_image_src":{"full":false,"thumbnail":false,"medium":false,"medium_large":false,"large":false,"1536x1536":false,"2048x2048":false,"post-thumbnail":false,"header":false,"slider":false,"columns":false,"custom":false},"uagb_author_info":{"display_name":"admin","author_link":"https:\/\/www.sauletekio.vilniausr.lm.lt\/?author=1"},"uagb_comment_info":0,"uagb_excerpt":"1937 m. Bezdonyse Juzefo Pilsudskio l\u0117\u0161omis buvo pastatytas \u0161iandienin\u0117s mokyklos medinis pastatas ir \u012fkurta pradin\u0117 mokykla. Tai buvo 100-oji lenki\u0161ka mokykla i\u0161 projekto \u201e100-tas lenki\u0161k\u0173 mokykl\u0173 Vilniaus kra\u0161te\u201c. 1939 m. Lietuvai atgavus Vilniaus kra\u0161t\u0105, \u0161ioje mokykloje buvo prad\u0117ta mokyti lietuvi\u0173 kalbos vaikus ir suaugusius. Po antrojo pasaulinio karo Bezdonyse veik\u0117... T\u0119sti skaitym\u0105","coauthors":[],"author_meta":{"author_link":"https:\/\/www.sauletekio.vilniausr.lm.lt\/?author=1","display_name":"admin"},"relative_dates":{"created":"Posted 15 met\u0173 ago","modified":"Updated 3 metai ago"},"absolute_dates":{"created":"Posted on 2011-01-25","modified":"Updated on 2023-06-06"},"absolute_dates_time":{"created":"Posted on 2011-01-25 18:13","modified":"Updated on 2023-06-06 10:03"},"featured_img_caption":"","featured_img":false,"series_order":"","_links":{"self":[{"href":"https:\/\/www.sauletekio.vilniausr.lm.lt\/index.php?rest_route=\/wp\/v2\/pages\/42","targetHints":{"allow":["GET"]}}],"collection":[{"href":"https:\/\/www.sauletekio.vilniausr.lm.lt\/index.php?rest_route=\/wp\/v2\/pages"}],"about":[{"href":"https:\/\/www.sauletekio.vilniausr.lm.lt\/index.php?rest_route=\/wp\/v2\/types\/page"}],"author":[{"embeddable":true,"href":"https:\/\/www.sauletekio.vilniausr.lm.lt\/index.php?rest_route=\/wp\/v2\/users\/1"}],"replies":[{"embeddable":true,"href":"https:\/\/www.sauletekio.vilniausr.lm.lt\/index.php?rest_route=%2Fwp%2Fv2%2Fcomments&post=42"}],"version-history":[{"count":21,"href":"https:\/\/www.sauletekio.vilniausr.lm.lt\/index.php?rest_route=\/wp\/v2\/pages\/42\/revisions"}],"predecessor-version":[{"id":16632,"href":"https:\/\/www.sauletekio.vilniausr.lm.lt\/index.php?rest_route=\/wp\/v2\/pages\/42\/revisions\/16632"}],"up":[{"embeddable":true,"href":"https:\/\/www.sauletekio.vilniausr.lm.lt\/index.php?rest_route=\/wp\/v2\/pages\/2"}],"wp:attachment":[{"href":"https:\/\/www.sauletekio.vilniausr.lm.lt\/index.php?rest_route=%2Fwp%2Fv2%2Fmedia&parent=42"}],"curies":[{"name":"wp","href":"https:\/\/api.w.org\/{rel}","templated":true}]}}