{"id":49,"date":"2011-01-25T18:19:30","date_gmt":"2011-01-25T16:19:30","guid":{"rendered":"http:\/\/127.0.0.1\/wordpress\/wordpress\/?page_id=49"},"modified":"2026-01-20T15:08:40","modified_gmt":"2026-01-20T12:08:40","slug":"mokytojai","status":"publish","type":"page","link":"https:\/\/www.sauletekio.vilniausr.lm.lt\/?page_id=49","title":{"rendered":"Mokytojai ir pagalbos mokiniui specialistai"},"content":{"rendered":"<div class=\"fcbkbttn_buttons_block\" id=\"fcbkbttn_left\"><div class=\"fcbkbttn_like \"><fb:like href=\"https:\/\/www.sauletekio.vilniausr.lm.lt\/?page_id=49\" action=\"like\" colorscheme=\"light\" layout=\"button_count\"  size=\"small\"><\/fb:like><\/div><div class=\"fb-share-button  \" data-href=\"https:\/\/www.sauletekio.vilniausr.lm.lt\/?page_id=49\" data-type=\"button_count\" data-size=\"small\"><\/div><\/div>\n<p class=\"has-text-align-center\"><strong>BEZDONI\u0172 \u201eSAUL\u0116TEKIO\u201c PAGRINDIN\u0116S MOKYKLOS MOKYTOJAI IR PAGALBOS MOKINIUI SPECIALISTAI<\/strong><\/p>\n\n\n\n<figure class=\"wp-block-table is-style-stripes\"><table><tbody><tr><td><strong>Mokytojo vardas, pavard\u0117<\/strong><\/td><td><strong>Mokomasis dalykas<\/strong><\/td><td><strong>I\u0161silavinimas \/ kvalifikacin\u0117 kategorija<\/strong><\/td><td><strong>Pareigyb\u0117s apra\u0161ymas<\/strong><\/td><td><strong>Tel. numeris<\/strong><\/td><td><strong>el. pa\u0161to adresas<\/strong><\/td><\/tr><tr><td>Algimantas <\/td><td>\u017dmogaus sauga<\/td><td>Auk\u0161tasis \/ rus\u0173 kalbos ir vokie\u010di\u0173 kalbos vyresn. mokytojas<\/td><td><a href=\"https:\/\/www.sauletekio.vilniausr.lm.lt\/wp-content\/uploads\/2022\/10\/Nr.-16-Zmogaus-saugos-mokytojas.pdf\" target=\"_blank\" rel=\"noreferrer noopener\">Pareigyb\u0117s apra\u0161ymas<\/a><\/td><td>(0 5) 2696422<\/td><td>pagrindine@sauletekio.vilniausr.lm.lt<\/td><\/tr><tr><td>Vilma <\/td><td>Lietuvi\u0173 kalba ir literat\u016bra<\/td><td>Auk\u0161tasis \/ Lietuvi\u0173 kalbos<br>vyresn. mokytoja<\/td><td><a href=\"https:\/\/www.sauletekio.vilniausr.lm.lt\/wp-content\/uploads\/2022\/10\/Nr.-7-Lietuviu-kalbos-ir-literaturos-mokytojas-V.-P..pdf\" target=\"_blank\" rel=\"noreferrer noopener\">Pareigyb\u0117s apra\u0161ymas<\/a><\/td><td>(0 5) 2696422<\/td><td>pagrindine@sauletekio.vilniausr.lm.lt<\/td><\/tr><tr><td>\u017dana <\/td><td>Lietuvi\u0173 kalba ir literat\u016bra<\/td><td>Auk\u0161tasis \/ Lietuvi\u0173 kalbos mokytoja metodinink\u0117<\/td><td><a href=\"https:\/\/www.sauletekio.vilniausr.lm.lt\/wp-content\/uploads\/2022\/10\/Nr.-7-Lietuviu-kalbos-ir-literaturos-mokytojas-Z.-C..pdf\" target=\"_blank\" rel=\"noreferrer noopener\">Pareigyb\u0117s apra\u0161ymas<\/a><\/td><td>(0 5) 2696422<\/td><td>pagrindine@sauletekio.vilniausr.lm.lt<\/td><\/tr><tr><td>Ingrida <\/td><td>Angl\u0173 kalba<\/td><td>Auk\u0161tasis \/ Angl\u0173 kalbos mokytoja metodinink\u0117<\/td><td><a href=\"https:\/\/www.sauletekio.vilniausr.lm.lt\/wp-content\/uploads\/2022\/10\/Nr.-1-Anglu-kalbos-mokytojas.pdf\" target=\"_blank\" rel=\"noreferrer noopener\">Pareigyb\u0117s apra\u0161ymas<\/a><\/td><td>(0 5) 2696422<\/td><td>pagrindine@sauletekio.vilniausr.lm.lt<\/td><\/tr><tr><td>Au\u0161ra<\/td><td>Angl\u0173 kalba<\/td><td>Auk\u0161tasis \/ Angl\u0173 kalbos mokytoja metodinink\u0117<\/td><td><a rel=\"noreferrer noopener\" href=\"https:\/\/www.sauletekio.vilniausr.lm.lt\/wp-content\/uploads\/2022\/10\/Nr.-1-Anglu-kalbos-mokytojas.pdf\" target=\"_blank\">Pareigyb\u0117s apra\u0161ymas<\/a><\/td><td>(0 5) 2696422<\/td><td>pagrindine@sauletekio.vilniausr.lm.lt<\/td><\/tr><tr><td>Jelena <\/td><td>Rus\u0173 kalba\/spec. pedagog\u0117<\/td><td>Auk\u0161tasis \/ Rus\u0173 kalbos vyresn. mokytoja<\/td><td><a href=\"https:\/\/www.sauletekio.vilniausr.lm.lt\/wp-content\/uploads\/2022\/10\/Nr.-11-Rusu-k.-mokytoja.pdf\" target=\"_blank\" rel=\"noreferrer noopener\">Pareigyb\u0117s apra\u0161ymas<\/a> <a href=\"https:\/\/www.sauletekio.vilniausr.lm.lt\/wp-content\/uploads\/2022\/10\/8-Spec.-pedagogas.pdf\" target=\"_blank\" rel=\"noreferrer noopener\">Spec. pedagogo pareigyb\u0117s apra\u0161ymas<\/a><\/td><td>(0 5) 2696422<\/td><td>pagrindine@sauletekio.vilniausr.lm.lt<\/td><\/tr><tr><td>Eurika <\/td><td>Biologija, gamta ir \u017emogus, gyvenimo \u012fg\u016bd\u017eiai, mokinio pad\u0117j\u0117ja<\/td><td>Auk\u0161tasis \/Biologijos mokytoja<\/td><td>Pareigyb\u0117s apra\u0161ymas<\/td><td>(0 5) 2696422<\/td><td>pagrindine@sauletekio.vilniausr.lm.lt<\/td><\/tr><tr><td>Stas\u0117 <\/td><td>Matematika<\/td><td>Auk\u0161tasis \/ Matematikos vyresn. mokytoja<\/td><td><a href=\"https:\/\/www.sauletekio.vilniausr.lm.lt\/wp-content\/uploads\/2022\/10\/Nr.-9-Matematikos-mokytojas-S.-G..pdf\" target=\"_blank\" rel=\"noreferrer noopener\">Pareigyb\u0117s apra\u0161ymas<\/a><\/td><td>(0 5) 2696422<\/td><td>pagrindine@sauletekio.vilniausr.lm.lt<\/td><\/tr><tr><td>Raimonda<\/td><td>Matematika<\/td><td>Auk\u0161tasis \/ Matematikos mokytoja<\/td><td><a href=\"https:\/\/www.sauletekio.vilniausr.lm.lt\/wp-content\/uploads\/2022\/10\/Nr.-9-Matematikos-mokytojas-S.-G..pdf\" target=\"_blank\" rel=\"noreferrer noopener\">Pareigyb\u0117s apra\u0161ymas<\/a><\/td><td>(0 5) 2696422<\/td><td>pagrindine@sauletekio.vilniausr.lm.lt<\/td><\/tr><tr><td>Miroslav <\/td><td>Informacin\u0117s<br>technologijos<\/td><td>Auk\u0161tasis \/ informacini\u0173<br>technologij\u0173 mokytojas<br>metodininkas<\/td><td><a href=\"https:\/\/www.sauletekio.vilniausr.lm.lt\/wp-content\/uploads\/2022\/10\/Nr.-8-Informaciniu-technologiju-mokytojas.pdf\" target=\"_blank\" rel=\"noreferrer noopener\">Pareigyb\u0117s apra\u0161ymas<\/a><\/td><td>(0 5) 2696422<\/td><td>pagrindine@sauletekio.vilniausr.lm.lt<\/td><\/tr><tr><td>Sigita <\/td><td>Geografija, biologija, gamta ir \u017emogus, ekonomika, spe. pedagog\u0117<\/td><td>Auk\u0161tasis \/ Geografijos ir biologijos vyresn. mokytoja<\/td><td><a href=\"https:\/\/www.sauletekio.vilniausr.lm.lt\/wp-content\/uploads\/2022\/10\/Nr.-13-Biologijos-geografijos-gamta-ir-zmogusekonomikos-ir-verslumo-mokytojos.pdf\" target=\"_blank\" rel=\"noreferrer noopener\">Pareigyb\u0117s apra\u0161ymas<\/a><\/td><td>(0 5) 2696422<\/td><td>pagrindine@sauletekio.vilniausr.lm.lt<\/td><\/tr><tr><td>Milda <\/td><td>Istorija, pilieti\u0161kumo pagrindai, soc. pedagog\u0117<\/td><td>Auk\u0161tasis \/ Istorijos vyresn. mokytoja<\/td><td><a rel=\"noreferrer noopener\" href=\"https:\/\/www.sauletekio.vilniausr.lm.lt\/wp-content\/uploads\/2022\/10\/Nr.-5-Istorijos-mokytojas.pdf\" target=\"_blank\">Pareigyb\u0117s apra\u0161ymas<\/a><br><a rel=\"noreferrer noopener\" href=\"https:\/\/www.sauletekio.vilniausr.lm.lt\/wp-content\/uploads\/2022\/10\/9-Socialinis-pedagogas.pdf\" target=\"_blank\">Soc. pedagogo pareigyb\u0117s apra\u0161ymas<\/a><\/td><td>(0 5) 2696422<\/td><td>pagrindine@sauletekio.vilniausr.lm.lt<\/td><\/tr><tr><td>Raimonda <\/td><td>Fizika<\/td><td>Auk\u0161tasis \/ Fizikos vyresn. mokytoja<\/td><td><a href=\"https:\/\/www.sauletekio.vilniausr.lm.lt\/wp-content\/uploads\/2022\/10\/Nr.-4-Fizikos-mokytojas.pdf\" target=\"_blank\" rel=\"noreferrer noopener\">Pareigyb\u0117s apra\u0161ymas<\/a><\/td><td>(0 5) 2696422<\/td><td>pagrindine@sauletekio.vilniausr.lm.lt<\/td><\/tr><tr><td>Loreta <\/td><td>Chemija<\/td><td>Auk\u0161tasis \/ Chemijos vyresn. mokytoja<\/td><td><a href=\"https:\/\/www.sauletekio.vilniausr.lm.lt\/wp-content\/uploads\/2022\/10\/Nr.-2-Chemijos-mokytojas.pdf\" target=\"_blank\" rel=\"noreferrer noopener\">Pareigyb\u0117s apra\u0161ymas<\/a><\/td><td>(0 5) 2696422<\/td><td>pagrindine@sauletekio.vilniausr.lm.lt<\/td><\/tr><tr><td>Ilona <\/td><td>Dail\u0117 ir technologijos<\/td><td>Auk\u0161tasis \/ Dail\u0117s vyresn. mokytoja<\/td><td><a href=\"https:\/\/www.sauletekio.vilniausr.lm.lt\/wp-content\/uploads\/2022\/10\/Nr.-3-Dailes-ir-technologiju-mokytojas.pdf\" target=\"_blank\" rel=\"noreferrer noopener\">Pareigyb\u0117s apra\u0161ymas<\/a><\/td><td>(0 5) 2696422<\/td><td>pagrindine@sauletekio.vilniausr.lm.lt<\/td><\/tr><tr><td>Justyn <\/td><td>Fizinis ugdymas<\/td><td>Auk\u0161tasis \/ K\u016bno kult\u016bros vyresn. mokytojas<\/td><td><a href=\"https:\/\/www.sauletekio.vilniausr.lm.lt\/wp-content\/uploads\/2022\/10\/Nr.-6-Fizinio-ugdymo-mokytojas.pdf\" target=\"_blank\" rel=\"noreferrer noopener\">Pareigyb\u0117s apra\u0161ymas<\/a><\/td><td>(0 5) 2696422<\/td><td>pagrindine@sauletekio.vilniausr.lm.lt<\/td><\/tr><tr><td>Gra\u017eina <\/td><td>Tikyba, etika<\/td><td>Auk\u0161tasis \/ Tikybos vyresn. mokytoja<\/td><td><a href=\"https:\/\/www.sauletekio.vilniausr.lm.lt\/wp-content\/uploads\/2022\/10\/Nr.-12-Tikybos-mokytoja.pdf\" target=\"_blank\" rel=\"noreferrer noopener\">Pareigyb\u0117s apra\u0161ymas<\/a><\/td><td>(0 5) 2696422<\/td><td>pagrindine@sauletekio.vilniausr.lm.lt<\/td><\/tr><tr><td>Diana <\/td><td>Prie\u0161mokyklinis ugdymas<\/td><td>Auk\u0161tasis \/ Prie\u0161mokyklinio ugdymo vyresn. mokytoja<\/td><td><a href=\"https:\/\/www.sauletekio.vilniausr.lm.lt\/wp-content\/uploads\/2022\/10\/Nr.-14-Priesmokyklinio-ugdymo-mokytoja-Diana.pdf\">Pareigyb\u0117s apra\u0161ymas<\/a><\/td><td>(0 5) 2696422<\/td><td>pagrindine@sauletekio.vilniausr.lm.lt<\/td><\/tr><tr><td>Danguol\u0117<\/td><td>Prie\u0161mokyklinis ugdymas<\/td><td>Prie\u0161mokyklinio ugdymo mokytoja<\/td><td><a href=\"https:\/\/www.sauletekio.vilniausr.lm.lt\/wp-content\/uploads\/2022\/10\/Nr.-14-Priesmokyklinio-ugdymo-mokytoja-Diana.pdf\">Pareigyb\u0117s apra\u0161ymas<\/a><\/td><td>(0 5) 2696422<\/td><td>pagrindine@sauletekio.vilniausr.lm.lt<\/td><\/tr><tr><td>Liudmila <\/td><td>Pradinis ugdymas<\/td><td>Auk\u0161tasis \/ Pradinio ugdymo mokytoja metodinink\u0117<\/td><td><a href=\"https:\/\/www.sauletekio.vilniausr.lm.lt\/wp-content\/uploads\/2022\/10\/Nr.-10-Pradinio-ugdymo-mokytoja-Liuda.pdf\" target=\"_blank\" rel=\"noreferrer noopener\">Pareigyb\u0117s apra\u0161ymas<\/a><\/td><td>(0 5) 2696422<\/td><td>pagrindine@sauletekio.vilniausr.lm.lt<\/td><\/tr><tr><td>Inga <\/td><td>Pradinis ugdymas<\/td><td>Auk\u0161tasis \/ Pradinio ugdymo vyresn. mokytoja<\/td><td><a href=\"https:\/\/www.sauletekio.vilniausr.lm.lt\/wp-content\/uploads\/2022\/10\/Nr.-10-Pradinio-ugdymo-mokytoja-Inga.pdf\" target=\"_blank\" rel=\"noreferrer noopener\">Pareigyb\u0117s apra\u0161ymas<\/a><\/td><td>(0 5) 2696422<\/td><td><\/td><\/tr><tr><td>Inesa <\/td><td>Pradinis ugdymas<\/td><td>Pradinio ugdymo mokytoja <\/td><td><a href=\"https:\/\/www.sauletekio.vilniausr.lm.lt\/wp-content\/uploads\/2022\/10\/Nr.-10-Pradinio-ugdymo-mokytoja-Renata.pdf\" target=\"_blank\" rel=\"noreferrer noopener\">Pareigyb\u0117s apra\u0161ymas<\/a><\/td><td>(0 5) 2696422<\/td><td>pagrindine@sauletekio.vilniausr.lm.lt<\/td><\/tr><tr><td>Gintar\u0117 <\/td><td>Pradinis ugdymas ir muzika<\/td><td>Auk\u0161tasis \/ Pradinio ugdymo mokytoja metodinink\u0117<\/td><td><a href=\"https:\/\/www.sauletekio.vilniausr.lm.lt\/wp-content\/uploads\/2022\/10\/Nr.-10-Pradinio-ugdymo-mokytoja-Gintare.pdf\" target=\"_blank\" rel=\"noreferrer noopener\">Pareigyb\u0117s apra\u0161ymas<\/a><\/td><td>(0 5) 2696422<\/td><td><\/td><\/tr><tr><td>Rasita <\/td><td>Muzika<\/td><td>Auk\u0161tasis \/ Muzikos vyresn. mokytoja<\/td><td><a href=\"https:\/\/www.sauletekio.vilniausr.lm.lt\/wp-content\/uploads\/2022\/10\/Nr.-15-Muzikos-mokytojos.pdf\" target=\"_blank\" rel=\"noreferrer noopener\">Pareigyb\u0117s apra\u0161ymas<\/a><\/td><td>(0 5) 2696422<\/td><td>pagrindine@sauletekio.vilniausr.lm.lt<\/td><\/tr><tr><td>Justyna <\/td><td>Angl\u0173 kalba<\/td><td>Auk\u0161tasis \/ angl\u0173 kalbos vyresn. mokytoja<\/td><td><a href=\"https:\/\/www.sauletekio.vilniausr.lm.lt\/wp-content\/uploads\/2022\/10\/Nr.-1-Anglu-kalbos-mokytojas.pdf\" target=\"_blank\" rel=\"noreferrer noopener\">Pareigyb\u0117s apra\u0161ymas<\/a><\/td><td>(0 5) 2696422<\/td><td>pagrindine@sauletekio.vilniausr.lm.lt<\/td><\/tr><\/tbody><\/table><\/figure>\n","protected":false},"excerpt":{"rendered":"<p>BEZDONI\u0172 \u201eSAUL\u0116TEKIO\u201c PAGRINDIN\u0116S MOKYKLOS MOKYTOJAI IR PAGALBOS MOKINIUI SPECIALISTAI Mokytojo vardas, pavard\u0117 Mokomasis dalykas I\u0161silavinimas \/ kvalifikacin\u0117 kategorija Pareigyb\u0117s apra\u0161ymas Tel. numeris el. pa\u0161to adresas Algimantas \u017dmogaus sauga Auk\u0161tasis \/ rus\u0173 kalbos ir vokie\u010di\u0173 kalbos vyresn. mokytojas Pareigyb\u0117s apra\u0161ymas (0 5) 2696422 pagrindine@sauletekio.vilniausr.lm.lt Vilma Lietuvi\u0173 kalba ir literat\u016bra Auk\u0161tasis \/&#8230;<\/p>\n<p> <a class=\"continue-reading-link\" href=\"https:\/\/www.sauletekio.vilniausr.lm.lt\/?page_id=49\"><span>T\u0119sti skaitym\u0105<\/span><i class=\"crycon-right-dir\"><\/i><\/a> <\/p>\n","protected":false},"author":1,"featured_media":0,"parent":14403,"menu_order":0,"comment_status":"closed","ping_status":"closed","template":"templates\/template-onecolumn.php","meta":{"_uag_custom_page_level_css":"","advgb_blocks_editor_width":"","advgb_blocks_columns_visual_guide":"","ngg_post_thumbnail":0,"footnotes":""},"class_list":["post-49","page","type-page","status-publish","hentry"],"uagb_featured_image_src":{"full":false,"thumbnail":false,"medium":false,"medium_large":false,"large":false,"1536x1536":false,"2048x2048":false,"post-thumbnail":false,"header":false,"slider":false,"columns":false,"custom":false},"uagb_author_info":{"display_name":"admin","author_link":"https:\/\/www.sauletekio.vilniausr.lm.lt\/?author=1"},"uagb_comment_info":0,"uagb_excerpt":"BEZDONI\u0172 \u201eSAUL\u0116TEKIO\u201c PAGRINDIN\u0116S MOKYKLOS MOKYTOJAI IR PAGALBOS MOKINIUI SPECIALISTAI Mokytojo vardas, pavard\u0117 Mokomasis dalykas I\u0161silavinimas \/ kvalifikacin\u0117 kategorija Pareigyb\u0117s apra\u0161ymas Tel. numeris el. pa\u0161to adresas Algimantas \u017dmogaus sauga Auk\u0161tasis \/ rus\u0173 kalbos ir vokie\u010di\u0173 kalbos vyresn. mokytojas Pareigyb\u0117s apra\u0161ymas (0 5) 2696422 pagrindine@sauletekio.vilniausr.lm.lt Vilma Lietuvi\u0173 kalba ir literat\u016bra Auk\u0161tasis \/... T\u0119sti skaitym\u0105","coauthors":[],"author_meta":{"author_link":"https:\/\/www.sauletekio.vilniausr.lm.lt\/?author=1","display_name":"admin"},"relative_dates":{"created":"Posted 15 met\u0173 ago","modified":"Updated 3 m\u0117nesiai ago"},"absolute_dates":{"created":"Posted on 2011-01-25","modified":"Updated on 2026-01-20"},"absolute_dates_time":{"created":"Posted on 2011-01-25 18:19","modified":"Updated on 2026-01-20 15:08"},"featured_img_caption":"","featured_img":false,"series_order":"","_links":{"self":[{"href":"https:\/\/www.sauletekio.vilniausr.lm.lt\/index.php?rest_route=\/wp\/v2\/pages\/49","targetHints":{"allow":["GET"]}}],"collection":[{"href":"https:\/\/www.sauletekio.vilniausr.lm.lt\/index.php?rest_route=\/wp\/v2\/pages"}],"about":[{"href":"https:\/\/www.sauletekio.vilniausr.lm.lt\/index.php?rest_route=\/wp\/v2\/types\/page"}],"author":[{"embeddable":true,"href":"https:\/\/www.sauletekio.vilniausr.lm.lt\/index.php?rest_route=\/wp\/v2\/users\/1"}],"replies":[{"embeddable":true,"href":"https:\/\/www.sauletekio.vilniausr.lm.lt\/index.php?rest_route=%2Fwp%2Fv2%2Fcomments&post=49"}],"version-history":[{"count":73,"href":"https:\/\/www.sauletekio.vilniausr.lm.lt\/index.php?rest_route=\/wp\/v2\/pages\/49\/revisions"}],"predecessor-version":[{"id":22237,"href":"https:\/\/www.sauletekio.vilniausr.lm.lt\/index.php?rest_route=\/wp\/v2\/pages\/49\/revisions\/22237"}],"up":[{"embeddable":true,"href":"https:\/\/www.sauletekio.vilniausr.lm.lt\/index.php?rest_route=\/wp\/v2\/pages\/14403"}],"wp:attachment":[{"href":"https:\/\/www.sauletekio.vilniausr.lm.lt\/index.php?rest_route=%2Fwp%2Fv2%2Fmedia&parent=49"}],"curies":[{"name":"wp","href":"https:\/\/api.w.org\/{rel}","templated":true}]}}