{"id":5560,"date":"2017-03-28T12:17:36","date_gmt":"2017-03-28T10:17:36","guid":{"rendered":"https:\/\/www.sauletekio.vilniausr.lm.lt\/?page_id=5560"},"modified":"2021-10-19T21:56:37","modified_gmt":"2021-10-19T19:56:37","slug":"svetaines-medis-2","status":"publish","type":"page","link":"https:\/\/www.sauletekio.vilniausr.lm.lt\/?page_id=5560","title":{"rendered":"Svetain\u0117s medis"},"content":{"rendered":"<div class=\"fcbkbttn_buttons_block\" id=\"fcbkbttn_left\"><div class=\"fcbkbttn_like \"><fb:like href=\"https:\/\/www.sauletekio.vilniausr.lm.lt\/?page_id=5560\" action=\"like\" colorscheme=\"light\" layout=\"button_count\"  size=\"small\"><\/fb:like><\/div><div class=\"fb-share-button  \" data-href=\"https:\/\/www.sauletekio.vilniausr.lm.lt\/?page_id=5560\" data-type=\"button_count\" data-size=\"small\"><\/div><\/div>\n<p> <code>\n<!-- Page-list plugin v.5.9 wordpress.org\/plugins\/page-list\/ -->\n<ul class=\"page-list \">\n<li class=\"page_item page-item-632 page_item_has_children\"><a href=\"https:\/\/www.sauletekio.vilniausr.lm.lt\/?page_id=632\">Strukt\u016bra ir kontaktai<\/a>\n<ul class='children'>\n\t<li class=\"page_item page-item-112\"><a href=\"https:\/\/www.sauletekio.vilniausr.lm.lt\/?page_id=112\">Mokyklos kontaktin\u0117 informacija<\/a><\/li>\n\t<li class=\"page_item page-item-14394\"><a href=\"https:\/\/www.sauletekio.vilniausr.lm.lt\/?page_id=14394\">Mokyklos valdymo strukt\u016bros schema<\/a><\/li>\n\t<li class=\"page_item page-item-45\"><a href=\"https:\/\/www.sauletekio.vilniausr.lm.lt\/?page_id=45\">Mokyklos vadovai<\/a><\/li>\n\t<li class=\"page_item page-item-14403 page_item_has_children\"><a href=\"https:\/\/www.sauletekio.vilniausr.lm.lt\/?page_id=14403\">Mokyklos darbuotojai<\/a>\n\t<ul class='children'>\n\t\t<li class=\"page_item page-item-49\"><a href=\"https:\/\/www.sauletekio.vilniausr.lm.lt\/?page_id=49\">Mokytojai ir pagalbos mokiniui specialistai<\/a><\/li>\n\t\t<li class=\"page_item page-item-14386\"><a href=\"https:\/\/www.sauletekio.vilniausr.lm.lt\/?page_id=14386\">Klasi\u0173 vadovai<\/a><\/li>\n\t\t<li class=\"page_item page-item-14445\"><a href=\"https:\/\/www.sauletekio.vilniausr.lm.lt\/?page_id=14445\">Kiti darbuotojai<\/a><\/li>\n\t<\/ul>\n<\/li>\n\t<li class=\"page_item page-item-14406\"><a href=\"https:\/\/www.sauletekio.vilniausr.lm.lt\/?page_id=14406\">Komisijos ir darbo grup\u0117s<\/a><\/li>\n\t<li class=\"page_item page-item-14412\"><a href=\"https:\/\/www.sauletekio.vilniausr.lm.lt\/?page_id=14412\">Savivalda<\/a><\/li>\n\t<li class=\"page_item page-item-2 page_item_has_children\"><a href=\"https:\/\/www.sauletekio.vilniausr.lm.lt\/?page_id=2\">Apie mus<\/a>\n\t<ul class='children'>\n\t\t<li class=\"page_item page-item-42\"><a href=\"https:\/\/www.sauletekio.vilniausr.lm.lt\/?page_id=42\">Mokyklos istorija<\/a><\/li>\n\t\t<li class=\"page_item page-item-14482\"><a href=\"https:\/\/www.sauletekio.vilniausr.lm.lt\/?page_id=14482\">Mokykla \u0161iandien<\/a><\/li>\n\t\t<li class=\"page_item page-item-14485\"><a href=\"https:\/\/www.sauletekio.vilniausr.lm.lt\/?page_id=14485\">ES projektai<\/a><\/li>\n\t\t<li class=\"page_item page-item-78\"><a href=\"https:\/\/www.sauletekio.vilniausr.lm.lt\/?page_id=78\">Tradicijos<\/a><\/li>\n\t<\/ul>\n<\/li>\n<\/ul>\n<\/li>\n<li class=\"page_item page-item-1309 page_item_has_children\"><a href=\"https:\/\/www.sauletekio.vilniausr.lm.lt\/?page_id=1309\">Metodin\u0117 veikla<\/a>\n<ul class='children'>\n\t<li class=\"page_item page-item-2451\"><a href=\"https:\/\/www.sauletekio.vilniausr.lm.lt\/?page_id=2451\">Mokini\u0173 adaptacija<\/a><\/li>\n<\/ul>\n<\/li>\n<li class=\"page_item page-item-9859 page_item_has_children\"><a href=\"https:\/\/www.sauletekio.vilniausr.lm.lt\/?page_id=9859\">Teisin\u0117 informacija<\/a>\n<ul class='children'>\n\t<li class=\"page_item page-item-14493 page_item_has_children\"><a href=\"https:\/\/www.sauletekio.vilniausr.lm.lt\/?page_id=14493\">Teis\u0117s aktai<\/a>\n\t<ul class='children'>\n\t\t<li class=\"page_item page-item-14496\"><a href=\"https:\/\/www.sauletekio.vilniausr.lm.lt\/?page_id=14496\">Lietuvos Respublikos teis\u0117s aktai, reglamentuojantys \u0161vietim\u0105<\/a><\/li>\n\t\t<li class=\"page_item page-item-14502\"><a href=\"https:\/\/www.sauletekio.vilniausr.lm.lt\/?page_id=14502\">Savivaldyb\u0117s teis\u0117s aktai, reglamentuojantys \u0161vietim\u0105<\/a><\/li>\n\t\t<li class=\"page_item page-item-14508\"><a href=\"https:\/\/www.sauletekio.vilniausr.lm.lt\/?page_id=14508\">Mokyklos tvarkos bei taisykl\u0117s<\/a><\/li>\n\t<\/ul>\n<\/li>\n\t<li class=\"page_item page-item-14511\"><a href=\"https:\/\/www.sauletekio.vilniausr.lm.lt\/?page_id=14511\">Teis\u0117s akt\u0173 projektai<\/a><\/li>\n\t<li class=\"page_item page-item-14514\"><a href=\"https:\/\/www.sauletekio.vilniausr.lm.lt\/?page_id=14514\">Tyrimai ir analiz\u0117s<\/a><\/li>\n\t<li class=\"page_item page-item-14517\"><a href=\"https:\/\/www.sauletekio.vilniausr.lm.lt\/?page_id=14517\">Teis\u0117s akt\u0173 pa\u017eeidimai<\/a><\/li>\n\t<li class=\"page_item page-item-14520\"><a href=\"https:\/\/www.sauletekio.vilniausr.lm.lt\/?page_id=14520\">Galiojan\u010dio teisinio reguliavimo poveikio ex post vertinimas<\/a><\/li>\n<\/ul>\n<\/li>\n<li class=\"page_item page-item-11436\"><a href=\"https:\/\/www.sauletekio.vilniausr.lm.lt\/?page_id=11436\">Vidaus darbo tvarkos taisykl\u0117s<\/a><\/li>\n<li class=\"page_item page-item-1347 page_item_has_children\"><a href=\"https:\/\/www.sauletekio.vilniausr.lm.lt\/?page_id=1347\">Mokyklos \u012fsivertinimas<\/a>\n<ul class='children'>\n\t<li class=\"page_item page-item-3999\"><a href=\"https:\/\/www.sauletekio.vilniausr.lm.lt\/?page_id=3999\">Direktoriaus ataskaita<\/a><\/li>\n\t<li class=\"page_item page-item-1528\"><a href=\"https:\/\/www.sauletekio.vilniausr.lm.lt\/?page_id=1528\">\u012esivertinimo ataskaitos<\/a><\/li>\n<\/ul>\n<\/li>\n<li class=\"page_item page-item-319 page_item_has_children\"><a href=\"https:\/\/www.sauletekio.vilniausr.lm.lt\/?page_id=319\">Veiklos sritys<\/a>\n<ul class='children'>\n\t<li class=\"page_item page-item-14529\"><a href=\"https:\/\/www.sauletekio.vilniausr.lm.lt\/?page_id=14529\">Prie\u0161mokyklinis ugdymas<\/a><\/li>\n\t<li class=\"page_item page-item-14532\"><a href=\"https:\/\/www.sauletekio.vilniausr.lm.lt\/?page_id=14532\">Pradinis ugdymas<\/a><\/li>\n\t<li class=\"page_item page-item-15222\"><a href=\"https:\/\/www.sauletekio.vilniausr.lm.lt\/?page_id=15222\">Pagrindinis ugdymas<\/a><\/li>\n\t<li class=\"page_item page-item-14769\"><a href=\"https:\/\/www.sauletekio.vilniausr.lm.lt\/?page_id=14769\">Speciali\u0173j\u0173 ugdymosi poreiki\u0173 mokini\u0173 ugdymas<\/a><\/li>\n\t<li class=\"page_item page-item-75\"><a href=\"https:\/\/www.sauletekio.vilniausr.lm.lt\/?page_id=75\">Neformalusis  \u0161vietimas<\/a><\/li>\n\t<li class=\"page_item page-item-11016\"><a href=\"https:\/\/www.sauletekio.vilniausr.lm.lt\/?page_id=11016\">Nuotolinis ugdymas<\/a><\/li>\n\t<li class=\"page_item page-item-15260\"><a href=\"https:\/\/www.sauletekio.vilniausr.lm.lt\/?page_id=15260\">Ugdymasis \u0161eimoje<\/a><\/li>\n\t<li class=\"page_item page-item-13006\"><a href=\"https:\/\/www.sauletekio.vilniausr.lm.lt\/?page_id=13006\">UTA<\/a><\/li>\n\t<li class=\"page_item page-item-14714\"><a href=\"https:\/\/www.sauletekio.vilniausr.lm.lt\/?page_id=14714\">Pasiekim\u0173 patikrinimas<\/a><\/li>\n\t<li class=\"page_item page-item-15265\"><a href=\"https:\/\/www.sauletekio.vilniausr.lm.lt\/?page_id=15265\">Popamokin\u0117 veikla<\/a><\/li>\n\t<li class=\"page_item page-item-14781\"><a href=\"https:\/\/www.sauletekio.vilniausr.lm.lt\/?page_id=14781\">Prevencin\u0117 veikla<\/a><\/li>\n\t<li class=\"page_item page-item-14785\"><a href=\"https:\/\/www.sauletekio.vilniausr.lm.lt\/?page_id=14785\">Projektin\u0117 veikla<\/a><\/li>\n<\/ul>\n<\/li>\n<li class=\"page_item page-item-5066\"><a href=\"https:\/\/www.sauletekio.vilniausr.lm.lt\/?page_id=5066\">Mokyklos tarybos veiklos planas<\/a><\/li>\n<li class=\"page_item page-item-14842\"><a href=\"https:\/\/www.sauletekio.vilniausr.lm.lt\/?page_id=14842\">Prane\u0161\u0117j\u0173 apsauga<\/a><\/li>\n<li class=\"page_item page-item-268 page_item_has_children\"><a href=\"https:\/\/www.sauletekio.vilniausr.lm.lt\/?page_id=268\">Projektai<\/a>\n<ul class='children'>\n\t<li class=\"page_item page-item-11335\"><a href=\"https:\/\/www.sauletekio.vilniausr.lm.lt\/?page_id=11335\">\u201eMokykl\u0173 apr\u016bpinimas gamtos ir technologini\u0173 moksl\u0173 priemon\u0117mis\u201c<\/a><\/li>\n\t<li class=\"page_item page-item-3104\"><a href=\"https:\/\/www.sauletekio.vilniausr.lm.lt\/?page_id=3104\">Programa \u201e\u012eveikiame kartu\u201c<\/a><\/li>\n\t<li class=\"page_item page-item-1030\"><a href=\"https:\/\/www.sauletekio.vilniausr.lm.lt\/?page_id=1030\">Muzikos festivalis \u201eLiejas malon\u0117\u201c<\/a><\/li>\n\t<li class=\"page_item page-item-13355\"><a href=\"https:\/\/www.sauletekio.vilniausr.lm.lt\/?page_id=13355\">Sveika Mokykla &#8211; sveikas vaikas<\/a><\/li>\n<\/ul>\n<\/li>\n<li class=\"page_item page-item-9882\"><a href=\"https:\/\/www.sauletekio.vilniausr.lm.lt\/?page_id=9882\">Korupcijos prevencija<\/a><\/li>\n<li class=\"page_item page-item-9878 page_item_has_children\"><a href=\"https:\/\/www.sauletekio.vilniausr.lm.lt\/?page_id=9878\">Administracin\u0117 informacija<\/a>\n<ul class='children'>\n\t<li class=\"page_item page-item-1345\"><a href=\"https:\/\/www.sauletekio.vilniausr.lm.lt\/?page_id=1345\">Nuostatai<\/a><\/li>\n\t<li class=\"page_item page-item-15 page_item_has_children\"><a href=\"https:\/\/www.sauletekio.vilniausr.lm.lt\/?page_id=15\">Planavimo dokumentai<\/a>\n\t<ul class='children'>\n\t\t<li class=\"page_item page-item-17968\"><a href=\"https:\/\/www.sauletekio.vilniausr.lm.lt\/?page_id=17968\">Veiklos kokyb\u0117s \u012fsivertinimas<\/a><\/li>\n\t\t<li class=\"page_item page-item-68\"><a href=\"https:\/\/www.sauletekio.vilniausr.lm.lt\/?page_id=68\">Veiklos planas<\/a><\/li>\n\t\t<li class=\"page_item page-item-62\"><a href=\"https:\/\/www.sauletekio.vilniausr.lm.lt\/?page_id=62\">Ugdymo planai<\/a><\/li>\n\t\t<li class=\"page_item page-item-1522\"><a href=\"https:\/\/www.sauletekio.vilniausr.lm.lt\/?page_id=1522\">Strateginis planas<\/a><\/li>\n\t<\/ul>\n<\/li>\n\t<li class=\"page_item page-item-1307\"><a href=\"https:\/\/www.sauletekio.vilniausr.lm.lt\/?page_id=1307\">Darbo u\u017emokestis<\/a><\/li>\n\t<li class=\"page_item page-item-11168\"><a href=\"https:\/\/www.sauletekio.vilniausr.lm.lt\/?page_id=11168\">Darbo skelbimai<\/a><\/li>\n\t<li class=\"page_item page-item-14852\"><a href=\"https:\/\/www.sauletekio.vilniausr.lm.lt\/?page_id=14852\">Paskatinimai ir apdovanojimai<\/a><\/li>\n\t<li class=\"page_item page-item-634\"><a href=\"https:\/\/www.sauletekio.vilniausr.lm.lt\/?page_id=634\">Vie\u0161ieji pirkimai<\/a><\/li>\n\t<li class=\"page_item page-item-19869\"><a href=\"https:\/\/www.sauletekio.vilniausr.lm.lt\/?page_id=19869\">Mokyklos metin\u0117s ataskaitos<\/a><\/li>\n\t<li class=\"page_item page-item-14857\"><a href=\"https:\/\/www.sauletekio.vilniausr.lm.lt\/?page_id=14857\">Biud\u017eeto vykdymo ataskait\u0173 rinkiniai<\/a><\/li>\n\t<li class=\"page_item page-item-14862\"><a href=\"https:\/\/www.sauletekio.vilniausr.lm.lt\/?page_id=14862\">Finansini\u0173 ataskait\u0173 rinkiniai<\/a><\/li>\n\t<li class=\"page_item page-item-14867\"><a href=\"https:\/\/www.sauletekio.vilniausr.lm.lt\/?page_id=14867\">\u016akio subjekt\u0173 prie\u017ei\u016bra<\/a><\/li>\n\t<li class=\"page_item page-item-14871\"><a href=\"https:\/\/www.sauletekio.vilniausr.lm.lt\/?page_id=14871\">Tarnybiniai lengvieji automobiliai<\/a><\/li>\n\t<li class=\"page_item page-item-14875\"><a href=\"https:\/\/www.sauletekio.vilniausr.lm.lt\/?page_id=14875\">L\u0117\u0161os veiklai vie\u0161inti<\/a><\/li>\n<\/ul>\n<\/li>\n<li class=\"page_item page-item-407\"><a href=\"https:\/\/www.sauletekio.vilniausr.lm.lt\/?page_id=407\">El. dienyno tvarkymo nuostatai<\/a><\/li>\n<li class=\"page_item page-item-1319 page_item_has_children\"><a href=\"https:\/\/www.sauletekio.vilniausr.lm.lt\/?page_id=1319\">Paslaugos<\/a>\n<ul class='children'>\n\t<li class=\"page_item page-item-14886\"><a href=\"https:\/\/www.sauletekio.vilniausr.lm.lt\/?page_id=14886\">Vaik\u0173 pri\u0117mimas \u012f mokykl\u0105<\/a><\/li>\n\t<li class=\"page_item page-item-14893\"><a href=\"https:\/\/www.sauletekio.vilniausr.lm.lt\/?page_id=14893\">I\u0161silavinimo pa\u017eym\u0117jim\u0173 ir j\u0173 dublikat\u0173 i\u0161davimas<\/a><\/li>\n\t<li class=\"page_item page-item-14896\"><a href=\"https:\/\/www.sauletekio.vilniausr.lm.lt\/?page_id=14896\">Mokinio pa\u017eym\u0117jimo i\u0161davimas<\/a><\/li>\n\t<li class=\"page_item page-item-14901\"><a href=\"https:\/\/www.sauletekio.vilniausr.lm.lt\/?page_id=14901\">\u0160vietimo pagalba mokiniui<\/a><\/li>\n\t<li class=\"page_item page-item-14906\"><a href=\"https:\/\/www.sauletekio.vilniausr.lm.lt\/?page_id=14906\">Mokymosi pagalba (konsultacijos)<\/a><\/li>\n\t<li class=\"page_item page-item-14910\"><a href=\"https:\/\/www.sauletekio.vilniausr.lm.lt\/?page_id=14910\">Sveikatos prie\u017ei\u016bra<\/a><\/li>\n\t<li class=\"page_item page-item-1337 page_item_has_children\"><a href=\"https:\/\/www.sauletekio.vilniausr.lm.lt\/?page_id=1337\">Biblioteka<\/a>\n\t<ul class='children'>\n\t\t<li class=\"page_item page-item-1715\"><a href=\"https:\/\/www.sauletekio.vilniausr.lm.lt\/?page_id=1715\">Darbo laikas<\/a><\/li>\n\t\t<li class=\"page_item page-item-1717\"><a href=\"https:\/\/www.sauletekio.vilniausr.lm.lt\/?page_id=1717\">Naudojimosi taisykl\u0117s<\/a><\/li>\n\t\t<li class=\"page_item page-item-4955\"><a href=\"https:\/\/www.sauletekio.vilniausr.lm.lt\/?page_id=4955\">Skelbimai<\/a><\/li>\n\t\t<li class=\"page_item page-item-2437 page_item_has_children\"><a href=\"https:\/\/www.sauletekio.vilniausr.lm.lt\/?page_id=2437\">Skaitymo skatinimas<\/a><\/li>\n\t\t<li class=\"page_item page-item-10998\"><a href=\"https:\/\/www.sauletekio.vilniausr.lm.lt\/?page_id=10998\">\u012esigytos mokymo priemon\u0117s ir inventorius<\/a><\/li>\n\t<\/ul>\n<\/li>\n\t<li class=\"page_item page-item-15049\"><a href=\"https:\/\/www.sauletekio.vilniausr.lm.lt\/?page_id=15049\">Maitinimas<\/a><\/li>\n\t<li class=\"page_item page-item-15045\"><a href=\"https:\/\/www.sauletekio.vilniausr.lm.lt\/?page_id=15045\">Pave\u017e\u0117jimas<\/a><\/li>\n<\/ul>\n<\/li>\n<li class=\"page_item page-item-6515\"><a href=\"https:\/\/www.sauletekio.vilniausr.lm.lt\/?page_id=6515\">Vaik\u0173 turizmo rengini\u0173 organizavimo apra\u0161as<\/a><\/li>\n<li class=\"page_item page-item-15058\"><a href=\"https:\/\/www.sauletekio.vilniausr.lm.lt\/?page_id=15058\">Atviri duomenys<\/a><\/li>\n<li class=\"page_item page-item-10040\"><a href=\"https:\/\/www.sauletekio.vilniausr.lm.lt\/?page_id=10040\">Mokini\u0173 lankomumo tvarkos apra\u0161as<\/a><\/li>\n<li class=\"page_item page-item-9970\"><a href=\"https:\/\/www.sauletekio.vilniausr.lm.lt\/?page_id=9970\">Asmens duomen\u0173 apsauga<\/a><\/li>\n<li class=\"page_item page-item-5347\"><a href=\"https:\/\/www.sauletekio.vilniausr.lm.lt\/?page_id=5347\">Mokini\u0173 pa\u017eangos ir pasiekim\u0173 vertinimo tvarkos apra\u0161as<\/a><\/li>\n<li class=\"page_item page-item-1322\"><a href=\"https:\/\/www.sauletekio.vilniausr.lm.lt\/?page_id=1322\">Nuorodos<\/a><\/li>\n<li class=\"page_item page-item-16502\"><a href=\"https:\/\/www.sauletekio.vilniausr.lm.lt\/?page_id=16502\">Da\u017eniausiai u\u017eduodami klausimai<\/a><\/li>\n<li class=\"page_item page-item-16505\"><a href=\"https:\/\/www.sauletekio.vilniausr.lm.lt\/?page_id=16505\">Konsultavimasis su visuomene<\/a><\/li>\n\n<\/ul><\/code> <\/p>\n","protected":false},"excerpt":{"rendered":"<p> <a class=\"continue-reading-link\" href=\"https:\/\/www.sauletekio.vilniausr.lm.lt\/?page_id=5560\"><span>T\u0119sti skaitym\u0105<\/span><i class=\"crycon-right-dir\"><\/i><\/a> <\/p>\n","protected":false},"author":1,"featured_media":0,"parent":0,"menu_order":8,"comment_status":"closed","ping_status":"closed","template":"","meta":{"_uag_custom_page_level_css":"","advgb_blocks_editor_width":"","advgb_blocks_columns_visual_guide":"","ngg_post_thumbnail":0,"footnotes":""},"class_list":["post-5560","page","type-page","status-publish","hentry"],"uagb_featured_image_src":{"full":false,"thumbnail":false,"medium":false,"medium_large":false,"large":false,"1536x1536":false,"2048x2048":false,"post-thumbnail":false,"header":false,"slider":false,"columns":false,"custom":false},"uagb_author_info":{"display_name":"admin","author_link":"https:\/\/www.sauletekio.vilniausr.lm.lt\/?author=1"},"uagb_comment_info":0,"uagb_excerpt":"T\u0119sti skaitym\u0105","coauthors":[],"author_meta":{"author_link":"https:\/\/www.sauletekio.vilniausr.lm.lt\/?author=1","display_name":"admin"},"relative_dates":{"created":"Posted 9 metai ago","modified":"Updated 5 metai ago"},"absolute_dates":{"created":"Posted on 2017-03-28","modified":"Updated on 2021-10-19"},"absolute_dates_time":{"created":"Posted on 2017-03-28 12:17","modified":"Updated on 2021-10-19 21:56"},"featured_img_caption":"","featured_img":false,"series_order":"","_links":{"self":[{"href":"https:\/\/www.sauletekio.vilniausr.lm.lt\/index.php?rest_route=\/wp\/v2\/pages\/5560","targetHints":{"allow":["GET"]}}],"collection":[{"href":"https:\/\/www.sauletekio.vilniausr.lm.lt\/index.php?rest_route=\/wp\/v2\/pages"}],"about":[{"href":"https:\/\/www.sauletekio.vilniausr.lm.lt\/index.php?rest_route=\/wp\/v2\/types\/page"}],"author":[{"embeddable":true,"href":"https:\/\/www.sauletekio.vilniausr.lm.lt\/index.php?rest_route=\/wp\/v2\/users\/1"}],"replies":[{"embeddable":true,"href":"https:\/\/www.sauletekio.vilniausr.lm.lt\/index.php?rest_route=%2Fwp%2Fv2%2Fcomments&post=5560"}],"version-history":[{"count":42,"href":"https:\/\/www.sauletekio.vilniausr.lm.lt\/index.php?rest_route=\/wp\/v2\/pages\/5560\/revisions"}],"predecessor-version":[{"id":12732,"href":"https:\/\/www.sauletekio.vilniausr.lm.lt\/index.php?rest_route=\/wp\/v2\/pages\/5560\/revisions\/12732"}],"wp:attachment":[{"href":"https:\/\/www.sauletekio.vilniausr.lm.lt\/index.php?rest_route=%2Fwp%2Fv2%2Fmedia&parent=5560"}],"curies":[{"name":"wp","href":"https:\/\/api.w.org\/{rel}","templated":true}]}}