{"id":583,"date":"2013-10-14T10:45:20","date_gmt":"2013-10-14T08:45:20","guid":{"rendered":"http:\/\/www2109.vu.lt\/?page_id=583"},"modified":"2025-12-03T12:56:03","modified_gmt":"2025-12-03T09:56:03","slug":"pirmokams","status":"publish","type":"page","link":"https:\/\/www.sauletekio.vilniausr.lm.lt\/?page_id=583","title":{"rendered":"Pri\u0117mimas \u012f mokykl\u0105"},"content":{"rendered":"<div class=\"fcbkbttn_buttons_block\" id=\"fcbkbttn_left\"><div class=\"fcbkbttn_like \"><fb:like href=\"https:\/\/www.sauletekio.vilniausr.lm.lt\/?page_id=583\" action=\"like\" colorscheme=\"light\" layout=\"button_count\"  size=\"small\"><\/fb:like><\/div><div class=\"fb-share-button  \" data-href=\"https:\/\/www.sauletekio.vilniausr.lm.lt\/?page_id=583\" data-type=\"button_count\" data-size=\"small\"><\/div><\/div>\n<h4 class=\"wp-block-heading\" id=\"dokumentai\">Dokumentai<\/h4>\n\n\n\n<div class=\"wp-block-file\"><a id=\"wp-block-file--media-26103dda-066c-47dc-9220-9dd291487b37\" href=\"https:\/\/www.sauletekio.vilniausr.lm.lt\/wp-content\/uploads\/2025\/02\/Prasymas-del-priemimo-i-mokykla.docx\">Pra\u0161ymas d\u0117l pri\u0117mimo \u012f mokykl\u0105<\/a><a href=\"https:\/\/www.sauletekio.vilniausr.lm.lt\/wp-content\/uploads\/2025\/02\/Prasymas-del-priemimo-i-mokykla.docx\" class=\"wp-block-file__button wp-element-button\" download aria-describedby=\"wp-block-file--media-26103dda-066c-47dc-9220-9dd291487b37\">Parsisi\u0173sti<\/a><\/div>\n\n\n\n<div class=\"wp-block-file\"><a id=\"wp-block-file--media-00ced29f-3041-4067-a773-872f60c2b5bc\" href=\"https:\/\/www.sauletekio.vilniausr.lm.lt\/wp-content\/uploads\/2021\/04\/Prasymas-i-priesmokykline-grupe.docx\">Pra\u0161ymas priimti \u012f prie\u0161mokyklin\u0119 grup\u0119<\/a><a href=\"https:\/\/www.sauletekio.vilniausr.lm.lt\/wp-content\/uploads\/2021\/04\/Prasymas-i-priesmokykline-grupe.docx\" class=\"wp-block-file__button wp-element-button\" download aria-describedby=\"wp-block-file--media-00ced29f-3041-4067-a773-872f60c2b5bc\">Parsisi\u0173sti<\/a><\/div>\n\n\n\n<p>Nuotrauka (3&#215;4)<\/p>\n\n\n\n<p>Gimimo liudijimo kopija<\/p>\n\n\n<div class=\"wp-block-uagb-faq uagb-faq__outer-wrap uagb-block-71b1613a uagb-faq-icon-row uagb-faq-layout-accordion uagb-faq-expand-first-true uagb-faq-inactive-other-true uagb-faq__wrap uagb-buttons-layout-wrap uagb-faq-equal-height     \" data-faqtoggle=\"true\" role=\"tablist\"><div class=\"wp-block-uagb-faq-child uagb-faq-child__outer-wrap uagb-faq-item uagb-block-5c50903f \" role=\"tab\" tabindex=\"0\"><div class=\"uagb-faq-questions-button uagb-faq-questions\">\t\t\t<span class=\"uagb-icon uagb-faq-icon-wrap\">\n\t\t\t\t\t\t\t\t<svg xmlns=\"https:\/\/www.w3.org\/2000\/svg\" viewBox= \"0 0 448 512\"><path d=\"M432 256c0 17.69-14.33 32.01-32 32.01H256v144c0 17.69-14.33 31.99-32 31.99s-32-14.3-32-31.99v-144H48c-17.67 0-32-14.32-32-32.01s14.33-31.99 32-31.99H192v-144c0-17.69 14.33-32.01 32-32.01s32 14.32 32 32.01v144h144C417.7 224 432 238.3 432 256z\"><\/path><\/svg>\n\t\t\t\t\t\t\t<\/span>\n\t\t\t\t\t\t<span class=\"uagb-icon-active uagb-faq-icon-wrap\">\n\t\t\t\t\t\t\t\t<svg xmlns=\"https:\/\/www.w3.org\/2000\/svg\" viewBox= \"0 0 448 512\"><path d=\"M400 288h-352c-17.69 0-32-14.32-32-32.01s14.31-31.99 32-31.99h352c17.69 0 32 14.3 32 31.99S417.7 288 400 288z\"><\/path><\/svg>\n\t\t\t\t\t\t\t<\/span>\n\t\t\t<span class=\"uagb-question\">Mokini\u0173 pri\u0117mimo \u012f mokykl\u0105 apra\u0161ai<\/span><\/div><div class=\"uagb-faq-content\"><p><strong><a href=\"https:\/\/www.sauletekio.vilniausr.lm.lt\/wp-content\/uploads\/2021\/04\/Mokiniu-vaiku-priemimo-i-mokykla-tvarkos-aprasas.pdf\" target=\"_blank\" rel=\"noreferrer noopener\">Mokini\u0173 pri\u0117mimo \u012f mokykl\u0105 tvarkos apra\u0161as.<\/a><\/strong><br><strong><a href=\"https:\/\/www.sauletekio.vilniausr.lm.lt\/wp-content\/uploads\/2021\/04\/Mokiniu-vaiku-priemimo-i-mokykla-komisijos-darbo-tvarkos-aprasas.pdf\" target=\"_blank\" rel=\"noreferrer noopener\">Mokini\u0173 pri\u0117mimo \u012f mokykl\u0105 komisijos darbo tvarkos apra\u0161as.<\/a><\/strong><\/p><\/div><\/div><div class=\"wp-block-uagb-faq-child uagb-faq-child__outer-wrap uagb-faq-item uagb-block-9765f1d2 \" role=\"tab\" tabindex=\"0\"><div class=\"uagb-faq-questions-button uagb-faq-questions\">\t\t\t<span class=\"uagb-icon uagb-faq-icon-wrap\">\n\t\t\t\t\t\t\t\t<svg xmlns=\"https:\/\/www.w3.org\/2000\/svg\" viewBox= \"0 0 448 512\"><path d=\"M432 256c0 17.69-14.33 32.01-32 32.01H256v144c0 17.69-14.33 31.99-32 31.99s-32-14.3-32-31.99v-144H48c-17.67 0-32-14.32-32-32.01s14.33-31.99 32-31.99H192v-144c0-17.69 14.33-32.01 32-32.01s32 14.32 32 32.01v144h144C417.7 224 432 238.3 432 256z\"><\/path><\/svg>\n\t\t\t\t\t\t\t<\/span>\n\t\t\t\t\t\t<span class=\"uagb-icon-active uagb-faq-icon-wrap\">\n\t\t\t\t\t\t\t\t<svg xmlns=\"https:\/\/www.w3.org\/2000\/svg\" viewBox= \"0 0 448 512\"><path d=\"M400 288h-352c-17.69 0-32-14.32-32-32.01s14.31-31.99 32-31.99h352c17.69 0 32 14.3 32 31.99S417.7 288 400 288z\"><\/path><\/svg>\n\t\t\t\t\t\t\t<\/span>\n\t\t\t<span class=\"uagb-question\">Pirmokui reikalingos mokymo priemon\u0117s<\/span><\/div><div class=\"uagb-faq-content\"><p>1. Matematikos ir lietuvi\u0173 kalbos s\u0105siuviniai I kl. (po 5 vnt.)<br>2. Aplankalai knygoms ir s\u0105siuviniams.<br>3. U\u017era\u0161\u0173 knygel\u0117.<br>4. 2 ra\u0161aliniai parkeriai.<br>5. M\u0117lyno ra\u0161alo kapsul\u0117s.<br>6. Spalvoti pie\u0161tukai.<br>7. Paprasti pie\u0161tukai<br>8. Va\u0161kin\u0117s kreidel\u0117s.<br>9. Flomasteriai.<br>10. Trintukas.<br>11. Dro\u017etukas.<br>12. Sausi klijai.<br>13. \u017dirkl\u0117s bukais galais.<br>14. Spalvotas dvipusis popierius.<br>15. Spalvotas kartonas.<br>16. Pie\u0161imo s\u0105siuviniai (storais lapais) A4 formato.<br>17. Liniuot\u0117 (20 cm ).<br>18. Sportin\u0117 apranga ir sportiniai bateliai.<br>19. Kuprin\u0117, penalas.<br>20. Gua\u0161as, teptukai.<br>21. Plastilinas.<\/p><\/div><\/div><div class=\"wp-block-uagb-faq-child uagb-faq-child__outer-wrap uagb-faq-item uagb-block-428f641d \" role=\"tab\" tabindex=\"0\"><div class=\"uagb-faq-questions-button uagb-faq-questions\">\t\t\t<span class=\"uagb-icon uagb-faq-icon-wrap\">\n\t\t\t\t\t\t\t\t<svg xmlns=\"https:\/\/www.w3.org\/2000\/svg\" viewBox= \"0 0 448 512\"><path d=\"M432 256c0 17.69-14.33 32.01-32 32.01H256v144c0 17.69-14.33 31.99-32 31.99s-32-14.3-32-31.99v-144H48c-17.67 0-32-14.32-32-32.01s14.33-31.99 32-31.99H192v-144c0-17.69 14.33-32.01 32-32.01s32 14.32 32 32.01v144h144C417.7 224 432 238.3 432 256z\"><\/path><\/svg>\n\t\t\t\t\t\t\t<\/span>\n\t\t\t\t\t\t<span class=\"uagb-icon-active uagb-faq-icon-wrap\">\n\t\t\t\t\t\t\t\t<svg xmlns=\"https:\/\/www.w3.org\/2000\/svg\" viewBox= \"0 0 448 512\"><path d=\"M400 288h-352c-17.69 0-32-14.32-32-32.01s14.31-31.99 32-31.99h352c17.69 0 32 14.3 32 31.99S417.7 288 400 288z\"><\/path><\/svg>\n\t\t\t\t\t\t\t<\/span>\n\t\t\t<span class=\"uagb-question\">Laisvos vietos<\/span><\/div><div class=\"uagb-faq-content\"><p>PUG &#8211; n\u0117ra;<br>1 klas\u0117 &#8211; n\u0117ra;<br>2 klas\u0117 &#8211; yra;<br>3 klas\u0117 &#8211; n\u0117ra;<br>4 klas\u0117 &#8211; yra;<br>5 klas\u0117 &#8211; yra;<br>6 klas\u0117 &#8211; n\u0117ra;<br>7 klas\u0117 &#8211; n\u0117ra;<br>8 klas\u0117 &#8211; yra;<br>9 klas\u0117 &#8211; yra;<br>10 klas\u0117 &#8211; yra.<\/p><\/div><\/div><div class=\"wp-block-uagb-faq-child uagb-faq-child__outer-wrap uagb-faq-item uagb-block-71eefd20 \" role=\"tab\" tabindex=\"0\"><div class=\"uagb-faq-questions-button uagb-faq-questions\">\t\t\t<span class=\"uagb-icon uagb-faq-icon-wrap\">\n\t\t\t\t\t\t\t\t<svg xmlns=\"https:\/\/www.w3.org\/2000\/svg\" viewBox= \"0 0 448 512\"><path d=\"M432 256c0 17.69-14.33 32.01-32 32.01H256v144c0 17.69-14.33 31.99-32 31.99s-32-14.3-32-31.99v-144H48c-17.67 0-32-14.32-32-32.01s14.33-31.99 32-31.99H192v-144c0-17.69 14.33-32.01 32-32.01s32 14.32 32 32.01v144h144C417.7 224 432 238.3 432 256z\"><\/path><\/svg>\n\t\t\t\t\t\t\t<\/span>\n\t\t\t\t\t\t<span class=\"uagb-icon-active uagb-faq-icon-wrap\">\n\t\t\t\t\t\t\t\t<svg xmlns=\"https:\/\/www.w3.org\/2000\/svg\" viewBox= \"0 0 448 512\"><path d=\"M400 288h-352c-17.69 0-32-14.32-32-32.01s14.31-31.99 32-31.99h352c17.69 0 32 14.3 32 31.99S417.7 288 400 288z\"><\/path><\/svg>\n\t\t\t\t\t\t\t<\/span>\n\t\t\t<span class=\"uagb-question\">Dokumentai<\/span><\/div><div class=\"uagb-faq-content\"><p><a href=\"https:\/\/www.sauletekio.vilniausr.lm.lt\/wp-content\/uploads\/2025\/02\/Sprendimas-del-priemimo-tvarkos-panaikinimo-2025-02-21.pdf\" data-type=\"link\" data-id=\"https:\/\/www.sauletekio.vilniausr.lm.lt\/wp-content\/uploads\/2025\/02\/Sprendimas-del-priemimo-tvarkos-panaikinimo-2025-02-21.pdf\" target=\"_blank\" rel=\"noreferrer noopener\">Sprendimas d\u0117l pri\u0117mimo tvarkos panaikinimo<\/a><br><a href=\"https:\/\/www.sauletekio.vilniausr.lm.lt\/wp-content\/uploads\/2025\/02\/Del-priemimo-tvarkos-patvirtinimo-2025-02-27.pdf\" target=\"_blank\" rel=\"noreferrer noopener\">D\u0117l pri\u0117mimo tvarkos patvirtinimo<\/a><\/p><\/div><\/div><\/div>\n\n\n<p><\/p>\n","protected":false},"excerpt":{"rendered":"<p>Dokumentai Nuotrauka (3&#215;4) Gimimo liudijimo kopija<\/p>\n<p> <a class=\"continue-reading-link\" href=\"https:\/\/www.sauletekio.vilniausr.lm.lt\/?page_id=583\"><span>T\u0119sti skaitym\u0105<\/span><i class=\"crycon-right-dir\"><\/i><\/a> <\/p>\n","protected":false},"author":1,"featured_media":0,"parent":184,"menu_order":7,"comment_status":"closed","ping_status":"closed","template":"","meta":{"_uag_custom_page_level_css":"","advgb_blocks_editor_width":"","advgb_blocks_columns_visual_guide":"","ngg_post_thumbnail":0,"footnotes":""},"class_list":["post-583","page","type-page","status-publish","hentry"],"uagb_featured_image_src":{"full":false,"thumbnail":false,"medium":false,"medium_large":false,"large":false,"1536x1536":false,"2048x2048":false,"post-thumbnail":false,"header":false,"slider":false,"columns":false,"custom":false},"uagb_author_info":{"display_name":"admin","author_link":"https:\/\/www.sauletekio.vilniausr.lm.lt\/?author=1"},"uagb_comment_info":0,"uagb_excerpt":"Dokumentai Nuotrauka (3&#215;4) Gimimo liudijimo kopija T\u0119sti skaitym\u0105","coauthors":[],"author_meta":{"author_link":"https:\/\/www.sauletekio.vilniausr.lm.lt\/?author=1","display_name":"admin"},"relative_dates":{"created":"Posted 13 met\u0173 ago","modified":"Updated 4 m\u0117nesiai ago"},"absolute_dates":{"created":"Posted on 2013-10-14","modified":"Updated on 2025-12-03"},"absolute_dates_time":{"created":"Posted on 2013-10-14 10:45","modified":"Updated on 2025-12-03 12:56"},"featured_img_caption":"","featured_img":false,"series_order":"","_links":{"self":[{"href":"https:\/\/www.sauletekio.vilniausr.lm.lt\/index.php?rest_route=\/wp\/v2\/pages\/583","targetHints":{"allow":["GET"]}}],"collection":[{"href":"https:\/\/www.sauletekio.vilniausr.lm.lt\/index.php?rest_route=\/wp\/v2\/pages"}],"about":[{"href":"https:\/\/www.sauletekio.vilniausr.lm.lt\/index.php?rest_route=\/wp\/v2\/types\/page"}],"author":[{"embeddable":true,"href":"https:\/\/www.sauletekio.vilniausr.lm.lt\/index.php?rest_route=\/wp\/v2\/users\/1"}],"replies":[{"embeddable":true,"href":"https:\/\/www.sauletekio.vilniausr.lm.lt\/index.php?rest_route=%2Fwp%2Fv2%2Fcomments&post=583"}],"version-history":[{"count":20,"href":"https:\/\/www.sauletekio.vilniausr.lm.lt\/index.php?rest_route=\/wp\/v2\/pages\/583\/revisions"}],"predecessor-version":[{"id":21979,"href":"https:\/\/www.sauletekio.vilniausr.lm.lt\/index.php?rest_route=\/wp\/v2\/pages\/583\/revisions\/21979"}],"up":[{"embeddable":true,"href":"https:\/\/www.sauletekio.vilniausr.lm.lt\/index.php?rest_route=\/wp\/v2\/pages\/184"}],"wp:attachment":[{"href":"https:\/\/www.sauletekio.vilniausr.lm.lt\/index.php?rest_route=%2Fwp%2Fv2%2Fmedia&parent=583"}],"curies":[{"name":"wp","href":"https:\/\/api.w.org\/{rel}","templated":true}]}}