{"id":62,"date":"2011-01-25T18:30:10","date_gmt":"2011-01-25T16:30:10","guid":{"rendered":"http:\/\/127.0.0.1\/wordpress\/wordpress\/?page_id=62"},"modified":"2026-01-20T15:35:41","modified_gmt":"2026-01-20T12:35:41","slug":"ugdymo-planas","status":"publish","type":"page","link":"https:\/\/www.sauletekio.vilniausr.lm.lt\/?page_id=62","title":{"rendered":"Ugdymo planai"},"content":{"rendered":"<div class=\"fcbkbttn_buttons_block\" id=\"fcbkbttn_left\"><div class=\"fcbkbttn_like \"><fb:like href=\"https:\/\/www.sauletekio.vilniausr.lm.lt\/?page_id=62\" action=\"like\" colorscheme=\"light\" layout=\"button_count\"  size=\"small\"><\/fb:like><\/div><div class=\"fb-share-button  \" data-href=\"https:\/\/www.sauletekio.vilniausr.lm.lt\/?page_id=62\" data-type=\"button_count\" data-size=\"small\"><\/div><\/div>\n<p><a href=\"https:\/\/www.sauletekio.vilniausr.lm.lt\/wp-content\/uploads\/2026\/01\/UGDYMO-PLANAS-2025-2026.pdf\" target=\"_blank\" rel=\"noreferrer noopener\">2025-2026 m.m. prie\u0161mokyklinio, pradinio ir pagrindinio ugdymo planas.<\/a><\/p>\n\n\n\n<p><a href=\"https:\/\/www.sauletekio.vilniausr.lm.lt\/wp-content\/uploads\/2024\/10\/Sauletekio-UP.pdf\" target=\"_blank\" rel=\"noreferrer noopener\">2024-2025 m.m. prie\u0161mokyklinio, pradinio ir pagrindinio ugdymo planas.<\/a><\/p>\n\n\n\n<p><a href=\"https:\/\/www.sauletekio.vilniausr.lm.lt\/wp-content\/uploads\/2023\/10\/2023-2024-m-m.-priesmokyklinio-pradinio-ir-pagrindinio-ugdymo-planas.pdf\" target=\"_blank\" rel=\"noreferrer noopener\">2023-2024 m.m. prie\u0161mokyklinio, pradinio ir pagrindinio ugdymo planas.<\/a><\/p>\n\n\n\n<p><a rel=\"noreferrer noopener\" href=\"https:\/\/www.sauletekio.vilniausr.lm.lt\/wp-content\/uploads\/2022\/12\/UGDYMO-PLANAS-2022-2023-m..pdf\" target=\"_blank\">2022-2023 m.m. prie\u0161mokyklinio, pradinio ir pagrindinio ugdymo planas.<\/a><\/p>\n\n\n\n<p><a rel=\"noreferrer noopener\" href=\"https:\/\/www.sauletekio.vilniausr.lm.lt\/wp-content\/uploads\/2021\/09\/UGDYMO-PLANAS-2021-2022-M.-M..pdf\" target=\"_blank\">2021-2022 m.m. prie\u0161mokyklinio, pradinio ir pagrindinio ugdymo planas.<\/a><\/p>\n\n\n\n<p><a rel=\"noreferrer noopener\" href=\"https:\/\/www.sauletekio.vilniausr.lm.lt\/wp-content\/uploads\/2021\/09\/Mokymosi-praradimu-del-COVID-19-pandemijos-kompensavimo-planas-.pdf\" target=\"_blank\">Mokymosi praradim\u0173 d\u0117l COVID-19 pandemijos kompensavimo planas.<\/a><\/p>\n\n\n\n<p><a href=\"https:\/\/www.sauletekio.vilniausr.lm.lt\/wp-content\/uploads\/2020\/09\/Ugdymo-planas-2020-2021-m.m.pdf\" target=\"_blank\" rel=\"noopener noreferrer\">2020-2021 m.m. pradinio ir pagrindinio ugdymo planas.<\/a><\/p>\n\n\n\n<p><a href=\"https:\/\/www.sauletekio.vilniausr.lm.lt\/wp-content\/uploads\/2020\/02\/Ugdymo-planas-2019-2020-m.m..pdf\" target=\"_blank\" rel=\"noopener noreferrer\">2019-2020 m.m. pradinio ir pagrindinio ugdymo planas.<\/a><\/p>\n\n\n\n<p><a href=\"https:\/\/www.sauletekio.vilniausr.lm.lt\/wp-content\/uploads\/2020\/02\/Prie\u0161mokyklinio-ugdymo-planas-2019-m..pdf\" target=\"_blank\" rel=\"noopener noreferrer\">2019-2020 m.m. prie\u0161mokyklinio ugdymo planas.<\/a><\/p>\n\n\n\n<p><a rel=\"noopener noreferrer\" href=\"https:\/\/www.sauletekio.vilniausr.lm.lt\/wp-content\/uploads\/2019\/01\/Ugdymo-planas-2018-2019-m.m..pdf\" target=\"_blank\">2018-2019 m.m. pradinio ir pagrindinio ugdymo planas.<\/a><\/p>\n\n\n\n<p><\/p>\n","protected":false},"excerpt":{"rendered":"<p>2025-2026 m.m. prie\u0161mokyklinio, pradinio ir pagrindinio ugdymo planas. 2024-2025 m.m. prie\u0161mokyklinio, pradinio ir pagrindinio ugdymo planas. 2023-2024 m.m. prie\u0161mokyklinio, pradinio ir pagrindinio ugdymo planas. 2022-2023 m.m. prie\u0161mokyklinio, pradinio ir pagrindinio ugdymo planas. 2021-2022 m.m. prie\u0161mokyklinio, pradinio ir pagrindinio ugdymo planas. Mokymosi praradim\u0173 d\u0117l COVID-19 pandemijos kompensavimo planas. 2020-2021 m.m. pradinio&#8230;<\/p>\n<p> <a class=\"continue-reading-link\" href=\"https:\/\/www.sauletekio.vilniausr.lm.lt\/?page_id=62\"><span>T\u0119sti skaitym\u0105<\/span><i class=\"crycon-right-dir\"><\/i><\/a> <\/p>\n","protected":false},"author":1,"featured_media":0,"parent":15,"menu_order":1,"comment_status":"closed","ping_status":"closed","template":"","meta":{"_uag_custom_page_level_css":"","advgb_blocks_editor_width":"","advgb_blocks_columns_visual_guide":"","ngg_post_thumbnail":0,"footnotes":""},"class_list":["post-62","page","type-page","status-publish","hentry"],"uagb_featured_image_src":{"full":false,"thumbnail":false,"medium":false,"medium_large":false,"large":false,"1536x1536":false,"2048x2048":false,"post-thumbnail":false,"header":false,"slider":false,"columns":false,"custom":false},"uagb_author_info":{"display_name":"admin","author_link":"https:\/\/www.sauletekio.vilniausr.lm.lt\/?author=1"},"uagb_comment_info":0,"uagb_excerpt":"2025-2026 m.m. prie\u0161mokyklinio, pradinio ir pagrindinio ugdymo planas. 2024-2025 m.m. prie\u0161mokyklinio, pradinio ir pagrindinio ugdymo planas. 2023-2024 m.m. prie\u0161mokyklinio, pradinio ir pagrindinio ugdymo planas. 2022-2023 m.m. prie\u0161mokyklinio, pradinio ir pagrindinio ugdymo planas. 2021-2022 m.m. prie\u0161mokyklinio, pradinio ir pagrindinio ugdymo planas. Mokymosi praradim\u0173 d\u0117l COVID-19 pandemijos kompensavimo planas. 2020-2021 m.m. pradinio... T\u0119sti skaitym\u0105","coauthors":[],"author_meta":{"author_link":"https:\/\/www.sauletekio.vilniausr.lm.lt\/?author=1","display_name":"admin"},"relative_dates":{"created":"Posted 15 met\u0173 ago","modified":"Updated 3 m\u0117nesiai ago"},"absolute_dates":{"created":"Posted on 2011-01-25","modified":"Updated on 2026-01-20"},"absolute_dates_time":{"created":"Posted on 2011-01-25 18:30","modified":"Updated on 2026-01-20 15:35"},"featured_img_caption":"","featured_img":false,"series_order":"","_links":{"self":[{"href":"https:\/\/www.sauletekio.vilniausr.lm.lt\/index.php?rest_route=\/wp\/v2\/pages\/62","targetHints":{"allow":["GET"]}}],"collection":[{"href":"https:\/\/www.sauletekio.vilniausr.lm.lt\/index.php?rest_route=\/wp\/v2\/pages"}],"about":[{"href":"https:\/\/www.sauletekio.vilniausr.lm.lt\/index.php?rest_route=\/wp\/v2\/types\/page"}],"author":[{"embeddable":true,"href":"https:\/\/www.sauletekio.vilniausr.lm.lt\/index.php?rest_route=\/wp\/v2\/users\/1"}],"replies":[{"embeddable":true,"href":"https:\/\/www.sauletekio.vilniausr.lm.lt\/index.php?rest_route=%2Fwp%2Fv2%2Fcomments&post=62"}],"version-history":[{"count":30,"href":"https:\/\/www.sauletekio.vilniausr.lm.lt\/index.php?rest_route=\/wp\/v2\/pages\/62\/revisions"}],"predecessor-version":[{"id":22248,"href":"https:\/\/www.sauletekio.vilniausr.lm.lt\/index.php?rest_route=\/wp\/v2\/pages\/62\/revisions\/22248"}],"up":[{"embeddable":true,"href":"https:\/\/www.sauletekio.vilniausr.lm.lt\/index.php?rest_route=\/wp\/v2\/pages\/15"}],"wp:attachment":[{"href":"https:\/\/www.sauletekio.vilniausr.lm.lt\/index.php?rest_route=%2Fwp%2Fv2%2Fmedia&parent=62"}],"curies":[{"name":"wp","href":"https:\/\/api.w.org\/{rel}","templated":true}]}}