{"id":634,"date":"2013-10-18T07:23:32","date_gmt":"2013-10-18T05:23:32","guid":{"rendered":"https:\/\/www.sauletekio.vilniausr.lm.lt\/?page_id=634"},"modified":"2026-01-20T15:38:41","modified_gmt":"2026-01-20T12:38:41","slug":"vieseji-pirkimai","status":"publish","type":"page","link":"https:\/\/www.sauletekio.vilniausr.lm.lt\/?page_id=634","title":{"rendered":"Vie\u0161ieji pirkimai"},"content":{"rendered":"<div class=\"fcbkbttn_buttons_block\" id=\"fcbkbttn_left\"><div class=\"fcbkbttn_like \"><fb:like href=\"https:\/\/www.sauletekio.vilniausr.lm.lt\/?page_id=634\" action=\"like\" colorscheme=\"light\" layout=\"button_count\"  size=\"small\"><\/fb:like><\/div><div class=\"fb-share-button  \" data-href=\"https:\/\/www.sauletekio.vilniausr.lm.lt\/?page_id=634\" data-type=\"button_count\" data-size=\"small\"><\/div><\/div>\n<p>Lietuvos Respublikos vie\u0161\u0173j\u0173 pirkim\u0173 \u012fstatymas<br><a href=\"https:\/\/www.e-tar.lt\/portal\/lt\/legalAct\/TAR.C54AFFAA7622\">https:\/\/www.e-tar.lt\/portal\/lt\/legalAct\/TAR.C54AFFAA7622<\/a> <\/p>\n\n\n\n<p>Vilniaus r. Bezdoni\u0173 \u201eSaul\u0117tekio\u201c pagrindin\u0117 mokykla ma\u017eos vert\u0117s vie\u0161ieji pirkimai organizuojami vadovaujantis Vie\u0161\u0173j\u0173 pirkim\u0173 tarnybos direktoriaus patvirtintu Ma\u017eos vert\u0117s pirkim\u0173 tvarkos apra\u0161u <a href=\"https:\/\/www.e-tar.lt\/portal\/lt\/legalAct\/a0f25f005ca411e79198ffdb108a3753\">https:\/\/www.e-tar.lt\/portal\/lt\/legalAct\/a0f25f005ca411e79198ffdb108a3753<\/a><\/p>\n\n\n\n<p><a href=\"https:\/\/www.sauletekio.vilniausr.lm.lt\/wp-content\/uploads\/2023\/04\/Viesuju-pirkimu-organizavimo-tvarka.pdf\" target=\"_blank\" rel=\"noreferrer noopener\">VIE\u0160\u0172J\u0172 PIRKIM\u0172 ORGANIZAVIMO TVARKA<\/a><\/p>\n\n\n\n<p><\/p>\n","protected":false},"excerpt":{"rendered":"<p>Lietuvos Respublikos vie\u0161\u0173j\u0173 pirkim\u0173 \u012fstatymashttps:\/\/www.e-tar.lt\/portal\/lt\/legalAct\/TAR.C54AFFAA7622 Vilniaus r. Bezdoni\u0173 \u201eSaul\u0117tekio\u201c pagrindin\u0117 mokykla ma\u017eos vert\u0117s vie\u0161ieji pirkimai organizuojami vadovaujantis Vie\u0161\u0173j\u0173 pirkim\u0173 tarnybos direktoriaus patvirtintu Ma\u017eos vert\u0117s pirkim\u0173 tvarkos apra\u0161u https:\/\/www.e-tar.lt\/portal\/lt\/legalAct\/a0f25f005ca411e79198ffdb108a3753 VIE\u0160\u0172J\u0172 PIRKIM\u0172 ORGANIZAVIMO TVARKA<\/p>\n<p> <a class=\"continue-reading-link\" href=\"https:\/\/www.sauletekio.vilniausr.lm.lt\/?page_id=634\"><span>T\u0119sti skaitym\u0105<\/span><i class=\"crycon-right-dir\"><\/i><\/a> <\/p>\n","protected":false},"author":1,"featured_media":0,"parent":9878,"menu_order":5,"comment_status":"closed","ping_status":"closed","template":"","meta":{"_uag_custom_page_level_css":"","advgb_blocks_editor_width":"","advgb_blocks_columns_visual_guide":"","ngg_post_thumbnail":0,"footnotes":""},"class_list":["post-634","page","type-page","status-publish","hentry"],"uagb_featured_image_src":{"full":false,"thumbnail":false,"medium":false,"medium_large":false,"large":false,"1536x1536":false,"2048x2048":false,"post-thumbnail":false,"header":false,"slider":false,"columns":false,"custom":false},"uagb_author_info":{"display_name":"admin","author_link":"https:\/\/www.sauletekio.vilniausr.lm.lt\/?author=1"},"uagb_comment_info":0,"uagb_excerpt":"Lietuvos Respublikos vie\u0161\u0173j\u0173 pirkim\u0173 \u012fstatymashttps:\/\/www.e-tar.lt\/portal\/lt\/legalAct\/TAR.C54AFFAA7622 Vilniaus r. Bezdoni\u0173 \u201eSaul\u0117tekio\u201c pagrindin\u0117 mokykla ma\u017eos vert\u0117s vie\u0161ieji pirkimai organizuojami vadovaujantis Vie\u0161\u0173j\u0173 pirkim\u0173 tarnybos direktoriaus patvirtintu Ma\u017eos vert\u0117s pirkim\u0173 tvarkos apra\u0161u https:\/\/www.e-tar.lt\/portal\/lt\/legalAct\/a0f25f005ca411e79198ffdb108a3753 VIE\u0160\u0172J\u0172 PIRKIM\u0172 ORGANIZAVIMO TVARKA T\u0119sti skaitym\u0105","coauthors":[],"author_meta":{"author_link":"https:\/\/www.sauletekio.vilniausr.lm.lt\/?author=1","display_name":"admin"},"relative_dates":{"created":"Posted 12 met\u0173 ago","modified":"Updated 3 m\u0117nesiai ago"},"absolute_dates":{"created":"Posted on 2013-10-18","modified":"Updated on 2026-01-20"},"absolute_dates_time":{"created":"Posted on 2013-10-18 7:23","modified":"Updated on 2026-01-20 15:38"},"featured_img_caption":"","featured_img":false,"series_order":"","_links":{"self":[{"href":"https:\/\/www.sauletekio.vilniausr.lm.lt\/index.php?rest_route=\/wp\/v2\/pages\/634","targetHints":{"allow":["GET"]}}],"collection":[{"href":"https:\/\/www.sauletekio.vilniausr.lm.lt\/index.php?rest_route=\/wp\/v2\/pages"}],"about":[{"href":"https:\/\/www.sauletekio.vilniausr.lm.lt\/index.php?rest_route=\/wp\/v2\/types\/page"}],"author":[{"embeddable":true,"href":"https:\/\/www.sauletekio.vilniausr.lm.lt\/index.php?rest_route=\/wp\/v2\/users\/1"}],"replies":[{"embeddable":true,"href":"https:\/\/www.sauletekio.vilniausr.lm.lt\/index.php?rest_route=%2Fwp%2Fv2%2Fcomments&post=634"}],"version-history":[{"count":22,"href":"https:\/\/www.sauletekio.vilniausr.lm.lt\/index.php?rest_route=\/wp\/v2\/pages\/634\/revisions"}],"predecessor-version":[{"id":22249,"href":"https:\/\/www.sauletekio.vilniausr.lm.lt\/index.php?rest_route=\/wp\/v2\/pages\/634\/revisions\/22249"}],"up":[{"embeddable":true,"href":"https:\/\/www.sauletekio.vilniausr.lm.lt\/index.php?rest_route=\/wp\/v2\/pages\/9878"}],"wp:attachment":[{"href":"https:\/\/www.sauletekio.vilniausr.lm.lt\/index.php?rest_route=%2Fwp%2Fv2%2Fmedia&parent=634"}],"curies":[{"name":"wp","href":"https:\/\/api.w.org\/{rel}","templated":true}]}}