{"id":6853,"date":"2017-12-18T19:43:14","date_gmt":"2017-12-18T17:43:14","guid":{"rendered":"https:\/\/www.sauletekio.vilniausr.lm.lt\/?page_id=6853"},"modified":"2022-01-10T12:34:27","modified_gmt":"2022-01-10T10:34:27","slug":"naujos-knygos-musu-bibliotekoje","status":"publish","type":"page","link":"https:\/\/www.sauletekio.vilniausr.lm.lt\/?page_id=6853","title":{"rendered":"Naujos knygos m\u016bs\u0173 bibliotekoje"},"content":{"rendered":"<div class=\"fcbkbttn_buttons_block\" id=\"fcbkbttn_left\"><div class=\"fcbkbttn_like \"><fb:like href=\"https:\/\/www.sauletekio.vilniausr.lm.lt\/?page_id=6853\" action=\"like\" colorscheme=\"light\" layout=\"button_count\"  size=\"small\"><\/fb:like><\/div><div class=\"fb-share-button  \" data-href=\"https:\/\/www.sauletekio.vilniausr.lm.lt\/?page_id=6853\" data-type=\"button_count\" data-size=\"small\"><\/div><\/div>\n<p><strong>2021 m. nupirktos knygos<\/strong><\/p>\n\n\n\n<figure class=\"wp-block-table\"><table><tbody><tr><td>Eil.Nr.<\/td><td>Autorius<\/td><td>Knygos pavadinimas<\/td><td><\/td><\/tr><tr><td>1<\/td><td>J.Baltrukonyt\u0117<\/td><td>&#8222;Keksiukas po pagalve&#8221;<\/td><td><\/td><\/tr><tr><td>2<\/td><td>C.Beauvais<\/td><td>&#8222;Kiaulyst\u0117s d\u0117snis&nbsp; kiaul\u0117ms negalioja&#8221;<\/td><td>Apdovanota knyga<\/td><\/tr><tr><td>3<\/td><td>K.Brooks<\/td><td>&#8222;Dienora\u0161tis i\u0161 bunkerio&#8221;<\/td><td>Apdovanota CARNEGIE Medal<\/td><\/tr><tr><td>4<\/td><td>M.Burgess<\/td><td>&#8222;Heroinas&#8221;<\/td><td><\/td><\/tr><tr><td>5<\/td><td>C.Cazemier, M.Letterie<\/td><td>&#8222;Made by Indira. Mada &#8211; bet kokia kaina?&#8221;<\/td><td>Apdovanota knyga<\/td><\/tr><tr><td>6<\/td><td>Ezopas<\/td><td>&#8222;Ezopo pasak\u0117\u010dios&#8221;<\/td><td><\/td><\/tr><tr><td>7<\/td><td>M.Golabek, L.Cohen<\/td><td>&#8222;Pianist\u0117 i\u0161 Vienos&#8221;<\/td><td><\/td><\/tr><tr><td>8<\/td><td>W.Golding<\/td><td>&#8222;Paveld\u0117tojai&#8221;<\/td><td><\/td><\/tr><tr><td>9<\/td><td>K.Grahame<\/td><td>&#8222;V\u0117jas gluosniuose&#8221;<\/td><td>H.Ch.Anderseno medalis<\/td><\/tr><tr><td>10<\/td><td>P.Forde<\/td><td>&#8222;\u017dod\u017ei\u0173 s\u0105ra\u0161as&#8221;<\/td><td><\/td><\/tr><tr><td>11<\/td><td>D.Fischerova<\/td><td>&#8222;Blogykla&#8221;<\/td><td>Apdovanota knyga<\/td><\/tr><tr><td>12<\/td><td>S.Kozlov<\/td><td>&#8222;E\u017eiukas r\u016bke&#8221;<\/td><td><\/td><\/tr><tr><td>13<\/td><td>A.Lindgren<\/td><td>&#8222;Lota i\u0161 Pramu\u0161tgalvi\u0173 gatv\u0117s&#8221;<\/td><td><\/td><\/tr><tr><td>14<\/td><td>A.Lindgren<\/td><td>&#8222;Ronja pl\u0117\u0161iko dukt\u0117&#8221;<\/td><td><\/td><\/tr><tr><td>15<\/td><td>L.Lowry<\/td><td>&#8222;Siunt\u0117jas&#8221;<\/td><td><\/td><\/tr><tr><td>16<\/td><td>L.Lowry<\/td><td>&#8222;M\u0117lyna sruoga&#8221; 2-oji kn.<\/td><td><\/td><\/tr><tr><td>17<\/td><td>L.Lowry<\/td><td>&#8222;\u017diniane\u0161ys&#8221; 3-oji kn.<\/td><td><\/td><\/tr><tr><td>18<\/td><td>L.Lowry<\/td><td>&#8222;S\u016bnus&#8221; 4-oji kn.<\/td><td><\/td><\/tr><tr><td>19<\/td><td>A.Marshal<\/td><td>&#8222;A\u0161 moku \u0161okin\u0117ti per balas&#8221;<\/td><td><\/td><\/tr><tr><td>20<\/td><td>G.Mork\u016bnas<\/td><td>&#8222;Blusyno pasakojimai&#8221;<\/td><td><\/td><\/tr><tr><td>21<\/td><td>M.Morpurgo<\/td><td>&#8222;Karo \u017eirgas&#8221;<\/td><td><\/td><\/tr><tr><td>22<\/td><td>E.Minkuvien\u0117, A.Did\u017egalvien\u0117<\/td><td>&#8222;Kelion\u0117 po Lietuv\u0105&#8221; enciklopedija vaikams<\/td><td><\/td><\/tr><tr><td>23<\/td><td>S.Paltanavi\u010dius<\/td><td>&#8222;Ma\u017ei e\u017eiuko sapnai&#8221;<\/td><td><\/td><\/tr><tr><td>24<\/td><td>S.Paltanavi\u010dius<\/td><td>&#8222;Eime \u012f gamt\u0105&#8221;<\/td><td><\/td><\/tr><tr><td>25<\/td><td>S.Paltanavi\u010dius<\/td><td>&#8222;Pa\u017einkime Lietuvos gyv\u016bnus&#8221;<\/td><td><\/td><\/tr><tr><td>26<\/td><td>S.Paltanavi\u010dius<\/td><td>&#8222;Gamtos met\u0173 ratas&#8221;<\/td><td><\/td><\/tr><tr><td>27<\/td><td>S.Paltanavi\u010dius<\/td><td>&#8222;Lietuvos gyv\u016bn\u0173 did\u017eioji knyga&#8221;<\/td><td><\/td><\/tr><tr><td>28<\/td><td>K.Paterson<\/td><td>&#8222;Tiltas \u012f Terabitij\u0105&#8221;<\/td><td><\/td><\/tr><tr><td>29<\/td><td>M.Pressler<\/td><td>&#8222;Natanas ir jo vaikai&#8221;<\/td><td><\/td><\/tr><tr><td>30<\/td><td>O.Preusler<\/td><td>&#8222;Raganiuk\u0117&#8221;<\/td><td><\/td><\/tr><tr><td>31<\/td><td>O.Preusler<\/td><td>&#8222;Vaiduokliukas&#8221;<\/td><td><\/td><\/tr><tr><td>32<\/td><td>E.Ramo\u0161kait\u0117<\/td><td>&#8222;Ne tik geri, ne tik blogi&#8221;<\/td><td><\/td><\/tr><tr><td>33<\/td><td>J.D.Salinger<\/td><td>&#8222;Fran\u0117 ir Zujis&#8221;<\/td><td><\/td><\/tr><tr><td>34<\/td><td>J.D.Salinger<\/td><td>&#8222;Rugiuose prie bedugn\u0117s&#8221;<\/td><td><\/td><\/tr><tr><td>35<\/td><td>C.Santos<\/td><td>&#8222;Melas&#8221;<\/td><td>Apdovanota knyga<\/td><\/tr><tr><td>36<\/td><td>N.Vaitkut\u0117<\/td><td>&#8222;Klampyni\u0173 kronikos 3&#8221; Pamir\u0161ti dievai<\/td><td><\/td><\/tr><tr><td>37<\/td><td>N.Vaitkut\u0117<\/td><td>&#8222;Klampyni\u0173 kronikos 2&#8221; Neramios dienos<\/td><td><\/td><\/tr><tr><td>38<\/td><td>J.Wieslander, S.Nordvist<\/td><td>&#8222;Gra\u017eiausios mamul\u0117s M\u016b ir varnos istorijos&#8221;<\/td><td><\/td><\/tr><tr><td>39<\/td><td>I.Zarambait\u0117<\/td><td>&#8222;Juodavandeniai&#8221;<\/td><td><\/td><\/tr><tr><td>40<\/td><td>K.Zyl\u0117<\/td><td>&#8222;Did\u017eioji b\u016btybi\u0173 knyga&#8221;<\/td><td><\/td><\/tr><tr><td>41<\/td><td>L.\u017dutaut\u0117<\/td><td>&#8222;Ferdinandas ir P\u016a&#8221;<\/td><td><\/td><\/tr><\/tbody><\/table><\/figure>\n","protected":false},"excerpt":{"rendered":"<p>2021 m. nupirktos knygos Eil.Nr. Autorius Knygos pavadinimas 1 J.Baltrukonyt\u0117 &#8222;Keksiukas po pagalve&#8221; 2 C.Beauvais &#8222;Kiaulyst\u0117s d\u0117snis&nbsp; kiaul\u0117ms negalioja&#8221; Apdovanota knyga 3 K.Brooks &#8222;Dienora\u0161tis i\u0161 bunkerio&#8221; Apdovanota CARNEGIE Medal 4 M.Burgess &#8222;Heroinas&#8221; 5 C.Cazemier, M.Letterie &#8222;Made by Indira. Mada &#8211; bet kokia kaina?&#8221; Apdovanota knyga 6 Ezopas &#8222;Ezopo pasak\u0117\u010dios&#8221; 7&#8230;<\/p>\n<p> <a class=\"continue-reading-link\" href=\"https:\/\/www.sauletekio.vilniausr.lm.lt\/?page_id=6853\"><span>T\u0119sti skaitym\u0105<\/span><i class=\"crycon-right-dir\"><\/i><\/a> <\/p>\n","protected":false},"author":1,"featured_media":0,"parent":2437,"menu_order":6,"comment_status":"closed","ping_status":"closed","template":"","meta":{"_uag_custom_page_level_css":"","advgb_blocks_editor_width":"","advgb_blocks_columns_visual_guide":"","ngg_post_thumbnail":0,"footnotes":""},"class_list":["post-6853","page","type-page","status-publish","hentry"],"uagb_featured_image_src":{"full":false,"thumbnail":false,"medium":false,"medium_large":false,"large":false,"1536x1536":false,"2048x2048":false,"post-thumbnail":false,"header":false,"slider":false,"columns":false,"custom":false},"uagb_author_info":{"display_name":"admin","author_link":"https:\/\/www.sauletekio.vilniausr.lm.lt\/?author=1"},"uagb_comment_info":0,"uagb_excerpt":"2021 m. nupirktos knygos Eil.Nr. Autorius Knygos pavadinimas 1 J.Baltrukonyt\u0117 &#8222;Keksiukas po pagalve&#8221; 2 C.Beauvais &#8222;Kiaulyst\u0117s d\u0117snis&nbsp; kiaul\u0117ms negalioja&#8221; Apdovanota knyga 3 K.Brooks &#8222;Dienora\u0161tis i\u0161 bunkerio&#8221; Apdovanota CARNEGIE Medal 4 M.Burgess &#8222;Heroinas&#8221; 5 C.Cazemier, M.Letterie &#8222;Made by Indira. Mada &#8211; bet kokia kaina?&#8221; Apdovanota knyga 6 Ezopas &#8222;Ezopo pasak\u0117\u010dios&#8221; 7... T\u0119sti skaitym\u0105","coauthors":[],"author_meta":{"author_link":"https:\/\/www.sauletekio.vilniausr.lm.lt\/?author=1","display_name":"admin"},"relative_dates":{"created":"Posted 8 metai ago","modified":"Updated 4 metai ago"},"absolute_dates":{"created":"Posted on 2017-12-18","modified":"Updated on 2022-01-10"},"absolute_dates_time":{"created":"Posted on 2017-12-18 19:43","modified":"Updated on 2022-01-10 12:34"},"featured_img_caption":"","featured_img":false,"series_order":"","_links":{"self":[{"href":"https:\/\/www.sauletekio.vilniausr.lm.lt\/index.php?rest_route=\/wp\/v2\/pages\/6853","targetHints":{"allow":["GET"]}}],"collection":[{"href":"https:\/\/www.sauletekio.vilniausr.lm.lt\/index.php?rest_route=\/wp\/v2\/pages"}],"about":[{"href":"https:\/\/www.sauletekio.vilniausr.lm.lt\/index.php?rest_route=\/wp\/v2\/types\/page"}],"author":[{"embeddable":true,"href":"https:\/\/www.sauletekio.vilniausr.lm.lt\/index.php?rest_route=\/wp\/v2\/users\/1"}],"replies":[{"embeddable":true,"href":"https:\/\/www.sauletekio.vilniausr.lm.lt\/index.php?rest_route=%2Fwp%2Fv2%2Fcomments&post=6853"}],"version-history":[{"count":8,"href":"https:\/\/www.sauletekio.vilniausr.lm.lt\/index.php?rest_route=\/wp\/v2\/pages\/6853\/revisions"}],"predecessor-version":[{"id":13160,"href":"https:\/\/www.sauletekio.vilniausr.lm.lt\/index.php?rest_route=\/wp\/v2\/pages\/6853\/revisions\/13160"}],"up":[{"embeddable":true,"href":"https:\/\/www.sauletekio.vilniausr.lm.lt\/index.php?rest_route=\/wp\/v2\/pages\/2437"}],"wp:attachment":[{"href":"https:\/\/www.sauletekio.vilniausr.lm.lt\/index.php?rest_route=%2Fwp%2Fv2%2Fmedia&parent=6853"}],"curies":[{"name":"wp","href":"https:\/\/api.w.org\/{rel}","templated":true}]}}