{"id":75,"date":"2011-01-25T18:48:25","date_gmt":"2011-01-25T16:48:25","guid":{"rendered":"http:\/\/127.0.0.1\/wordpress\/wordpress\/?page_id=75"},"modified":"2024-10-14T10:40:26","modified_gmt":"2024-10-14T07:40:26","slug":"bureliai","status":"publish","type":"page","link":"https:\/\/www.sauletekio.vilniausr.lm.lt\/?page_id=75","title":{"rendered":"Neformalusis  \u0161vietimas"},"content":{"rendered":"<div class=\"fcbkbttn_buttons_block\" id=\"fcbkbttn_left\"><div class=\"fcbkbttn_like \"><fb:like href=\"https:\/\/www.sauletekio.vilniausr.lm.lt\/?page_id=75\" action=\"like\" colorscheme=\"light\" layout=\"button_count\"  size=\"small\"><\/fb:like><\/div><div class=\"fb-share-button  \" data-href=\"https:\/\/www.sauletekio.vilniausr.lm.lt\/?page_id=75\" data-type=\"button_count\" data-size=\"small\"><\/div><\/div>\n<p>Neformaliojo vaik\u0173 \u0161vietimo paskirtis \u2013 tenkinti mokini\u0173 pa\u017einimo, ugdymosi ir savirai\u0161kos poreikius, pad\u0117ti jiems tapti aktyviais visuomen\u0117s nariais.<strong><\/strong><\/p>\n\n\n\n<p><strong>Mokyklos neformaliojo \u0161vietimo grup\u0117s<\/strong><\/p>\n\n\n\n<p>Mokini\u0173 pa\u017einimo, ugdymosi ir savirai\u0161kos poreikiams ugdyti mokykloje veikia muzikos, sporto, technin\u0117s k\u016brybos, kalb\u0173, sveikos gyvensenos, technologij\u0173 neformaliojo \u0161vietimo b\u016breliai.<\/p>\n\n\n\n<p><strong>Neformaliojo vaik\u0173 \u0161vietimo (NV\u0160) programos<\/strong><\/p>\n\n\n\n<p>Siekiant sudaryti s\u0105lygas mokini\u0173 k\u016brybi\u0161kumo ir savirai\u0161kos poreikiams tenkinti bei padidinti neformaliojo vaik\u0173 \u0161vietimo paslaug\u0173 prieinamum\u0105, savivaldyb\u0117je \u012fgyvendinamas projektas \u201e<strong>Neformaliojo vaik\u0173 \u0161vietimo paslaug\u0173 pl\u0117tra<\/strong>\u201c, leid\u017eiantis mokiniams papildomai rinktis neformaliojo vaik\u0173 \u0161vietimo veiklas ir gauti iki 15 Eur per m\u0117nes\u012f kompensacij\u0105 lankomam b\u016breliui.&nbsp;<\/p>\n\n\n\n<p><a href=\"https:\/\/www.sauletekio.vilniausr.lm.lt\/wp-content\/uploads\/2024\/10\/Neformaliojo-svietimo-uzsiemimu-tvarkarastis-2024-2025-m.-m.pdf\" target=\"_blank\" rel=\"noreferrer noopener\">Mokyklos patalpose vykdomos Neformaliojo vaik\u0173 \u0161vietimo (NV\u0160) programos, tvarkara\u0161tis.<\/a><\/p>\n\n\n\n<p>Vilniaus rajono savivaldyb\u0117je vykdom\u0173 Neformaliojo vaik\u0173 \u0161vietimo (NV\u0160) program\u0173 pagal projekt\u0105 ,,Neformaliojo vaik\u0173 \u0161vietimo paslaug\u0173 pl\u0117tra\u201c s\u0105ra\u0161as <a href=\"https:\/\/www.emokykla.lt\/neformalus\/edukacija\/programos-mokiniams\/vilniaus-r-sav\/462?1=1\">https:\/\/www.emokykla.lt\/neformalus\/edukacija\/programos-mokiniams\/vilniaus-r-sav\/462?1=1<\/a><\/p>\n\n\n\n<p>Be to, mokykloje visi mokiniai gali pasinaudoti Kult\u016bros paso paslauga (12 Eur vienam mokiniui per metus) kult\u016bros pa\u017einimo \u012fpro\u010diams ugdyti bei kult\u016bros patir\u010diai pl\u0117sti.&nbsp;<\/p>\n\n\n\n<p>Kult\u016bros pasas <a href=\"https:\/\/kulturospasas.emokykla.lt\/renginiai\">https:\/\/kulturospasas.emokykla.lt\/renginiai<\/a><\/p>\n\n\n\n<p>Daugiau informacijos apie neformal\u0173j\u012f vaik\u0173 \u0161vietim\u0105<\/p>\n\n\n\n<p><a href=\"https:\/\/smsm.lrv.lt\/lt\/veiklos-sritys-1\/smm-svietimas\/svietimas-neformalusis\">https:\/\/smsm.lrv.lt\/lt\/veiklos-sritys-1\/smm-svietimas\/svietimas-neformalusis<\/a><\/p>\n\n\n\n<p>Neformaliojo vaik\u0173 \u0161vietimo koncepcija<\/p>\n\n\n\n<p><a href=\"https:\/\/www.e-tar.lt\/portal\/lt\/legalAct\/TAR.07DF6A456513\/asr\">https:\/\/www.e-tar.lt\/portal\/lt\/legalAct\/TAR.07DF6A456513\/asr<\/a><\/p>\n","protected":false},"excerpt":{"rendered":"<p>Neformaliojo vaik\u0173 \u0161vietimo paskirtis \u2013 tenkinti mokini\u0173 pa\u017einimo, ugdymosi ir savirai\u0161kos poreikius, pad\u0117ti jiems tapti aktyviais visuomen\u0117s nariais. Mokyklos neformaliojo \u0161vietimo grup\u0117s Mokini\u0173 pa\u017einimo, ugdymosi ir savirai\u0161kos poreikiams ugdyti mokykloje veikia muzikos, sporto, technin\u0117s k\u016brybos, kalb\u0173, sveikos gyvensenos, technologij\u0173 neformaliojo \u0161vietimo b\u016breliai. Neformaliojo vaik\u0173 \u0161vietimo (NV\u0160) programos Siekiant sudaryti s\u0105lygas&#8230;<\/p>\n<p> <a class=\"continue-reading-link\" href=\"https:\/\/www.sauletekio.vilniausr.lm.lt\/?page_id=75\"><span>T\u0119sti skaitym\u0105<\/span><i class=\"crycon-right-dir\"><\/i><\/a> <\/p>\n","protected":false},"author":1,"featured_media":0,"parent":319,"menu_order":4,"comment_status":"closed","ping_status":"closed","template":"","meta":{"_uag_custom_page_level_css":"","advgb_blocks_editor_width":"","advgb_blocks_columns_visual_guide":"","ngg_post_thumbnail":0,"footnotes":""},"class_list":["post-75","page","type-page","status-publish","hentry"],"uagb_featured_image_src":{"full":false,"thumbnail":false,"medium":false,"medium_large":false,"large":false,"1536x1536":false,"2048x2048":false,"post-thumbnail":false,"header":false,"slider":false,"columns":false,"custom":false},"uagb_author_info":{"display_name":"admin","author_link":"https:\/\/www.sauletekio.vilniausr.lm.lt\/?author=1"},"uagb_comment_info":0,"uagb_excerpt":"Neformaliojo vaik\u0173 \u0161vietimo paskirtis \u2013 tenkinti mokini\u0173 pa\u017einimo, ugdymosi ir savirai\u0161kos poreikius, pad\u0117ti jiems tapti aktyviais visuomen\u0117s nariais. Mokyklos neformaliojo \u0161vietimo grup\u0117s Mokini\u0173 pa\u017einimo, ugdymosi ir savirai\u0161kos poreikiams ugdyti mokykloje veikia muzikos, sporto, technin\u0117s k\u016brybos, kalb\u0173, sveikos gyvensenos, technologij\u0173 neformaliojo \u0161vietimo b\u016breliai. Neformaliojo vaik\u0173 \u0161vietimo (NV\u0160) programos Siekiant sudaryti s\u0105lygas... T\u0119sti skaitym\u0105","coauthors":[],"author_meta":{"author_link":"https:\/\/www.sauletekio.vilniausr.lm.lt\/?author=1","display_name":"admin"},"relative_dates":{"created":"Posted 15 met\u0173 ago","modified":"Updated 1 metai ago"},"absolute_dates":{"created":"Posted on 2011-01-25","modified":"Updated on 2024-10-14"},"absolute_dates_time":{"created":"Posted on 2011-01-25 18:48","modified":"Updated on 2024-10-14 10:40"},"featured_img_caption":"","featured_img":false,"series_order":"","_links":{"self":[{"href":"https:\/\/www.sauletekio.vilniausr.lm.lt\/index.php?rest_route=\/wp\/v2\/pages\/75","targetHints":{"allow":["GET"]}}],"collection":[{"href":"https:\/\/www.sauletekio.vilniausr.lm.lt\/index.php?rest_route=\/wp\/v2\/pages"}],"about":[{"href":"https:\/\/www.sauletekio.vilniausr.lm.lt\/index.php?rest_route=\/wp\/v2\/types\/page"}],"author":[{"embeddable":true,"href":"https:\/\/www.sauletekio.vilniausr.lm.lt\/index.php?rest_route=\/wp\/v2\/users\/1"}],"replies":[{"embeddable":true,"href":"https:\/\/www.sauletekio.vilniausr.lm.lt\/index.php?rest_route=%2Fwp%2Fv2%2Fcomments&post=75"}],"version-history":[{"count":30,"href":"https:\/\/www.sauletekio.vilniausr.lm.lt\/index.php?rest_route=\/wp\/v2\/pages\/75\/revisions"}],"predecessor-version":[{"id":19448,"href":"https:\/\/www.sauletekio.vilniausr.lm.lt\/index.php?rest_route=\/wp\/v2\/pages\/75\/revisions\/19448"}],"up":[{"embeddable":true,"href":"https:\/\/www.sauletekio.vilniausr.lm.lt\/index.php?rest_route=\/wp\/v2\/pages\/319"}],"wp:attachment":[{"href":"https:\/\/www.sauletekio.vilniausr.lm.lt\/index.php?rest_route=%2Fwp%2Fv2%2Fmedia&parent=75"}],"curies":[{"name":"wp","href":"https:\/\/api.w.org\/{rel}","templated":true}]}}